{"id":18174,"date":"2026-03-18T09:39:21","date_gmt":"2026-03-18T09:39:21","guid":{"rendered":"https:\/\/soydeaqui.ddns.net\/pachuca\/index.php\/producto\/charola-de-empalme-lightverse-para-fibra-ptica-24-empalmes-diseo-apilable\/"},"modified":"2026-03-18T09:39:22","modified_gmt":"2026-03-18T09:39:22","slug":"charola-de-empalme-lightverse-para-fibra-ptica-24-empalmes-diseo-apilable","status":"publish","type":"product","link":"https:\/\/soydeaqui.ddns.net\/pachuca\/index.php\/producto\/charola-de-empalme-lightverse-para-fibra-ptica-24-empalmes-diseo-apilable\/","title":{"rendered":"Charola de Empalme LightVerse para Fibra ?ptica, 24 Empalmes, Dise?o Apilable"},"content":{"rendered":"<div style='width: 100%; max-width: 1200px; margin: 0 auto; font-family: sans-serif; line-height: 1.6; color: inherit; background-color: transparent;'>\n<div style='display: flex; flex-direction: column; gap: 30px;'> <img style='width: 100%; height: auto; border: 1px solid rgba(150&comma;150&comma;150&comma;0.3); border-radius: 8px;' src='https:\/\/ftp3.syscom.mx\/usuarios\/fotos\/TRAYHD1A\/209110-siemonarriba.jpg' alt=''> <\/p>\n<p style='font-size: 15px; margin: 0; color: inherit;'> Las bandejas de empalme <strong style='color: inherit;'>LightVerse<\/strong> son un dise\u00f1o revolucionario que permite una proporci\u00f3n de 1 a 1 de empalmes a conectores. Hechas de pl\u00e1stico resistente y transl\u00facido&comma; cada bandeja de empalme puede soportar hasta 24 fibras y tambi\u00e9n se pueden apilar hasta 4 veces (96 fibras) en un solo espacio de 1U&comma; lo que proporciona la escalabilidad y el control que los usuarios necesitan para sus necesidades. <\/p>\n<p> <img style='width: 100%; height: auto; border: 1px solid rgba(150&comma;150&comma;150&comma;0.3); border-radius: 8px;' src='https:\/\/ftp3.syscom.mx\/usuarios\/fotos\/TRAYHD1A\/209110-informaci\u00f3n_de_charola_de_empalme_ligthverse.jpg' alt=''> <\/p>\n<div style='display: flex; flex-direction: column; gap: 15px;'>\n<div style='border: 1px solid rgba(150&comma; 150&comma; 150&comma; 0.4); border-radius: 8px; padding: 15px;'> <strong style='font-size: 15px; color: inherit;'>Compatible con distribuidores de Fibra \u00f3ptica LightVerse Core&comma; Plus y Pro<\/strong> <\/div>\n<\/p><\/div>\n<p> <img style='width: 100%; height: auto; border: 1px solid rgba(150&comma;150&comma;150&comma;0.3); border-radius: 8px;' src='https:\/\/ftp3.syscom.mx\/usuarios\/fotos\/TRAYHD1A\/209110-siemonabajo.png' alt=''> <\/div>\n<\/p><\/div>\n","protected":false},"excerpt":{"rendered":"<p>Charola de Empalme LightVerse para Fibra ?ptica, 24 Empalmes, Dise?o Apilable<\/p>\n","protected":false},"featured_media":18173,"comment_status":"open","ping_status":"closed","template":"","meta":[],"product_brand":[],"product_cat":[621],"product_tag":[622,611,600],"class_list":{"0":"post-18174","1":"product","2":"type-product","3":"status-publish","4":"has-post-thumbnail","6":"product_cat-distribuidores-de-fibra-optica","7":"product_tag-distribuidores-de-fibra-optica","8":"product_tag-fibra-optica","9":"product_tag-siemon","11":"first","12":"instock","13":"sale","14":"shipping-taxable","15":"purchasable","16":"product-type-simple"},"_links":{"self":[{"href":"https:\/\/soydeaqui.ddns.net\/pachuca\/index.php\/wp-json\/wp\/v2\/product\/18174","targetHints":{"allow":["GET"]}}],"collection":[{"href":"https:\/\/soydeaqui.ddns.net\/pachuca\/index.php\/wp-json\/wp\/v2\/product"}],"about":[{"href":"https:\/\/soydeaqui.ddns.net\/pachuca\/index.php\/wp-json\/wp\/v2\/types\/product"}],"replies":[{"embeddable":true,"href":"https:\/\/soydeaqui.ddns.net\/pachuca\/index.php\/wp-json\/wp\/v2\/comments?post=18174"}],"wp:featuredmedia":[{"embeddable":true,"href":"https:\/\/soydeaqui.ddns.net\/pachuca\/index.php\/wp-json\/wp\/v2\/media\/18173"}],"wp:attachment":[{"href":"https:\/\/soydeaqui.ddns.net\/pachuca\/index.php\/wp-json\/wp\/v2\/media?parent=18174"}],"wp:term":[{"taxonomy":"product_brand","embeddable":true,"href":"https:\/\/soydeaqui.ddns.net\/pachuca\/index.php\/wp-json\/wp\/v2\/product_brand?post=18174"},{"taxonomy":"product_cat","embeddable":true,"href":"https:\/\/soydeaqui.ddns.net\/pachuca\/index.php\/wp-json\/wp\/v2\/product_cat?post=18174"},{"taxonomy":"product_tag","embeddable":true,"href":"https:\/\/soydeaqui.ddns.net\/pachuca\/index.php\/wp-json\/wp\/v2\/product_tag?post=18174"}],"curies":[{"name":"wp","href":"https:\/\/api.w.org\/{rel}","templated":true}]}}