{"id":18162,"date":"2026-03-18T09:39:10","date_gmt":"2026-03-18T09:39:10","guid":{"rendered":"https:\/\/soydeaqui.ddns.net\/pachuca\/index.php\/producto\/mdulo-plug-play-lightverse-hasta-24-fibras-base-8-hembra-shuttered-lc-upc-para-fibra-monomodo-std-loss\/"},"modified":"2026-03-18T09:39:11","modified_gmt":"2026-03-18T09:39:11","slug":"mdulo-plug-play-lightverse-hasta-24-fibras-base-8-hembra-shuttered-lc-upc-para-fibra-monomodo-std-loss","status":"publish","type":"product","link":"https:\/\/soydeaqui.ddns.net\/pachuca\/index.php\/producto\/mdulo-plug-play-lightverse-hasta-24-fibras-base-8-hembra-shuttered-lc-upc-para-fibra-monomodo-std-loss\/","title":{"rendered":"M?dulo Plug &#038; Play LightVerse, Hasta 24 Fibras, Base 8 Hembra, Shuttered LC\/UPC para Fibra Monomodo, STD Loss"},"content":{"rendered":"<div style='width: 100%; max-width: 1200px; margin: 0 auto; font-family: sans-serif; line-height: 1.6; color: inherit; background-color: transparent;'>\n<div style='display: flex; flex-wrap: wrap; gap: 30px; margin-bottom: 30px;'>\n<div style='flex: 1 1 300px; min-width: 280px;'>\n<h3 style='font-size: 22px; border-bottom: 2px solid currentColor; padding-bottom: 5px; margin-top: 0; color: inherit; opacity: 0.8;'>Caracter\u00edsticas Principales<\/h3>\n<ul style='padding-left: 20px; font-size: 15px; color: inherit;'>\n<li style='margin-bottom: 5px;'>M\u00f3dulo Plug &#038; Play para fibra \u00f3ptica<\/li>\n<li style='margin-bottom: 5px;'>Soporta hasta 24 fibras<\/li>\n<li style='margin-bottom: 5px;'>Interfaz Base 8 hembra<\/li>\n<li style='margin-bottom: 5px;'>Conectores LC\/UPC con obturador (&#8216;Shuttered&#8217;)<\/li>\n<li style='margin-bottom: 5px;'>Fibra Monomodo (SM-LWP&comma; OS1\/OS2)<\/li>\n<li style='margin-bottom: 5px;'>P\u00e9rdida est\u00e1ndar (Standard Loss)<\/li>\n<li style='margin-bottom: 5px;'>Color: Violeta Erika (Erika Violet)<\/li>\n<li style='margin-bottom: 5px;'>Conector MTP hembra<\/li>\n<\/ul>\n<\/div>\n<div style='flex: 1 1 300px; min-width: 280px;'>\n<h3 style='font-size: 22px; border-bottom: 2px solid currentColor; padding-bottom: 5px; margin-top: 0; color: inherit; opacity: 0.8;'>Especificaciones T\u00e9cnicas<\/h3>\n<ul style='padding-left: 20px; font-size: 15px; color: inherit;'>\n<li style='margin-bottom: 5px;'><strong>P\u00e9rdida de Inserci\u00f3n M\u00e1x.:<\/strong> 0.60 dB (MTP)&comma; 0.40 dB (LC)<\/li>\n<li style='margin-bottom: 5px;'><strong>M\u00ednima P\u00e9rdida de Retorno:<\/strong> 60 dB (MTP)&comma; 55 dB (LC UPC \/ 65 dB APC)<\/li>\n<li style='margin-bottom: 5px;'><strong>Est\u00e1ndar:<\/strong> XGLO<\/li>\n<li style='margin-bottom: 5px;'><strong>Construcci\u00f3n:<\/strong> Pl\u00e1stico moldeado<\/li>\n<li style='margin-bottom: 5px;'><strong>Funcionalidad:<\/strong> Agregaci\u00f3n\/Breakout<\/li>\n<li style='margin-bottom: 5px;'><strong>Soporte de Polaridad:<\/strong> Universal (patente licenciada)<\/li>\n<li style='margin-bottom: 5px;'><strong>Instalaci\u00f3n:<\/strong> Frontal o trasera con pesta\u00f1a de extracci\u00f3n integrada<\/li>\n<\/ul>\n<\/div>\n<\/div>\n<div style='display: flex; flex-wrap: wrap; gap: 20px; margin-bottom: 30px;'>\n<div style='flex: 1 1 250px; border: 1px solid rgba(150&comma; 150&comma; 150&comma; 0.4); border-radius: 8px; overflow: hidden; display: flex; flex-direction: column;'>\n<div style='padding: 15px; border-bottom: 1px solid rgba(150&comma; 150&comma; 150&comma; 0.2); font-weight: bold; font-size: 18px; color: inherit;'>Aplicaciones<\/div>\n<div style='padding: 15px; color: inherit;'>\n<ul style='padding-left: 20px; margin: 0; font-size: 14px; list-style-type: disc;'>\n<li style='margin-bottom: 5px;'>Transici\u00f3n de cables MTP backbone a conectividad LC simplex<\/li>\n<li style='margin-bottom: 5px;'>Despliegues de alta densidad<\/li>\n<li style='margin-bottom: 5px;'>Redes de datos de alto rendimiento<\/li>\n<li style='margin-bottom: 5px;'>Centros de datos modernos<\/li>\n<\/ul>\n<\/div>\n<\/div>\n<div style='flex: 1 1 250px; border: 1px solid rgba(150&comma; 150&comma; 150&comma; 0.4); border-radius: 8px; overflow: hidden; display: flex; flex-direction: column;'>\n<div style='padding: 15px; border-bottom: 1px solid rgba(150&comma; 150&comma; 150&comma; 0.2); font-weight: bold; font-size: 18px; color: inherit;'>Beneficios<\/div>\n<div style='padding: 15px; color: inherit;'>\n<ul style='padding-left: 20px; margin: 0; font-size: 14px; list-style-type: disc;'>\n<li style='margin-bottom: 5px;'>Instalaci\u00f3n r\u00e1pida y sencilla (Plug &#038; Play)<\/li>\n<li style='margin-bottom: 5px;'>Soporte para configuraciones Base-8 y Base-12<\/li>\n<li style='margin-bottom: 5px;'>Dise\u00f1o compacto para uso eficiente del espacio<\/li>\n<li style='margin-bottom: 5px;'>Protecci\u00f3n integrada para conectores LC<\/li>\n<li style='margin-bottom: 5px;'>Compatibilidad con est\u00e1ndares industriales<\/li>\n<\/ul>\n<\/div>\n<\/div>\n<\/div>\n<hr style='border: 0; border-top: 1px solid rgba(150&comma; 150&comma; 150&comma; 0.3); margin: 30px 0;'><\/div>\n<\/div>\n","protected":false},"excerpt":{"rendered":"<p>M?dulo Plug &#038; Play LightVerse, Hasta 24 Fibras, Base 8 Hembra, Shuttered LC\/UPC para Fibra Monomodo, STD Loss<\/p>\n","protected":false},"featured_media":18161,"comment_status":"open","ping_status":"closed","template":"","meta":[],"product_brand":[],"product_cat":[621],"product_tag":[622,611,600],"class_list":{"0":"post-18162","1":"product","2":"type-product","3":"status-publish","4":"has-post-thumbnail","6":"product_cat-distribuidores-de-fibra-optica","7":"product_tag-distribuidores-de-fibra-optica","8":"product_tag-fibra-optica","9":"product_tag-siemon","11":"first","12":"outofstock","13":"sale","14":"shipping-taxable","15":"purchasable","16":"product-type-simple"},"_links":{"self":[{"href":"https:\/\/soydeaqui.ddns.net\/pachuca\/index.php\/wp-json\/wp\/v2\/product\/18162","targetHints":{"allow":["GET"]}}],"collection":[{"href":"https:\/\/soydeaqui.ddns.net\/pachuca\/index.php\/wp-json\/wp\/v2\/product"}],"about":[{"href":"https:\/\/soydeaqui.ddns.net\/pachuca\/index.php\/wp-json\/wp\/v2\/types\/product"}],"replies":[{"embeddable":true,"href":"https:\/\/soydeaqui.ddns.net\/pachuca\/index.php\/wp-json\/wp\/v2\/comments?post=18162"}],"wp:featuredmedia":[{"embeddable":true,"href":"https:\/\/soydeaqui.ddns.net\/pachuca\/index.php\/wp-json\/wp\/v2\/media\/18161"}],"wp:attachment":[{"href":"https:\/\/soydeaqui.ddns.net\/pachuca\/index.php\/wp-json\/wp\/v2\/media?parent=18162"}],"wp:term":[{"taxonomy":"product_brand","embeddable":true,"href":"https:\/\/soydeaqui.ddns.net\/pachuca\/index.php\/wp-json\/wp\/v2\/product_brand?post=18162"},{"taxonomy":"product_cat","embeddable":true,"href":"https:\/\/soydeaqui.ddns.net\/pachuca\/index.php\/wp-json\/wp\/v2\/product_cat?post=18162"},{"taxonomy":"product_tag","embeddable":true,"href":"https:\/\/soydeaqui.ddns.net\/pachuca\/index.php\/wp-json\/wp\/v2\/product_tag?post=18162"}],"curies":[{"name":"wp","href":"https:\/\/api.w.org\/{rel}","templated":true}]}}