{"id":18156,"date":"2026-03-18T09:39:05","date_gmt":"2026-03-18T09:39:05","guid":{"rendered":"https:\/\/soydeaqui.ddns.net\/pachuca\/index.php\/producto\/cassette-para-empalme-fusin-lightverse-hasta-12-fibras-conectores-lc-upc-shuttered-para-fibra-multimodo-om4-900um-1-metro-3-28-pies\/"},"modified":"2026-03-18T09:39:06","modified_gmt":"2026-03-18T09:39:06","slug":"cassette-para-empalme-fusin-lightverse-hasta-12-fibras-conectores-lc-upc-shuttered-para-fibra-multimodo-om4-900um-1-metro-3-28-pies","status":"publish","type":"product","link":"https:\/\/soydeaqui.ddns.net\/pachuca\/index.php\/producto\/cassette-para-empalme-fusin-lightverse-hasta-12-fibras-conectores-lc-upc-shuttered-para-fibra-multimodo-om4-900um-1-metro-3-28-pies\/","title":{"rendered":"Cassette para Empalme (Fusi?n) LightVerse, Hasta 12 Fibras, Conectores LC\/UPC Shuttered, para Fibra Multimodo OM4, 900um, 1 Metro (3.28 Pies)"},"content":{"rendered":"<div style='width: 100%; max-width: 1200px; margin: 0 auto; font-family: sans-serif; line-height: 1.6; color: inherit; background-color: transparent;'>\n<div style='display: flex; flex-wrap: wrap; gap: 30px; margin-bottom: 30px;'>\n<div style='flex: 1 1 300px; min-width: 280px;'>\n<h3 style='font-size: 22px; border-bottom: 2px solid currentColor; padding-bottom: 5px; margin-top: 0; color: inherit; opacity: 0.8;'>Descripci\u00f3n<\/h3>\n<p style='font-size: 15px; color: inherit; margin: 0 0 15px 0;'>Los casetes de empalme LightVerse presentan un tama\u00f1o compacto que admite hasta 24 fibras por casete con conectores LC o SC. Cuando se combinan con gabinetes LightVerse&comma; permiten hasta 96 empalmes de fibra por 1U.<\/p>\n<p style='font-size: 15px; color: inherit; margin: 0 0 15px 0;'>Los casetes de empalme LightVerse cuentan con un dise\u00f1o de dos capas en el que el bucle de almacenamiento integrado con bandeja de separaci\u00f3n extra\u00edble permite a los usuarios gestionar f\u00e1cilmente las conexiones de fibra.<\/p>\n<p style='font-size: 15px; color: inherit; margin: 0 0 15px 0;'>El chip de empalme apilable es compatible tanto con la fusi\u00f3n masiva como con los empalmes individuales&comma; lo que brinda a los usuarios la m\u00e1xima flexibilidad. El s\u00f3lido material transl\u00facido proporciona una visibilidad excepcional para facilitar las pruebas y la verificaci\u00f3n.<\/p>\n<p style='font-size: 15px; color: inherit; margin: 0 0 15px 0;'>Todos los cassettes incluyen una correa de tracci\u00f3n integrada que admite una extracci\u00f3n trasera r\u00e1pida y llegan precargados con adaptadores y coletas que permiten una implementaci\u00f3n m\u00e1s r\u00e1pida en el sitio.<\/p>\n<\/p><\/div>\n<\/p><\/div>\n<div style='display: flex; flex-wrap: wrap; gap: 20px; margin-bottom: 30px;'>\n<div style='flex: 1 1 250px; border: 1px solid rgba(150&comma; 150&comma; 150&comma; 0.4); border-radius: 8px; overflow: hidden; display: flex; flex-direction: column;'>\n<div style='padding: 15px; border-bottom: 1px solid rgba(150&comma; 150&comma; 150&comma; 0.2); font-weight: bold; font-size: 18px; color: inherit;'>Caracter\u00edsticas<\/div>\n<div style='padding: 15px; color: inherit;'>\n<ul style='padding-left: 20px; margin: 0; font-size: 14px; list-style-type: disc; color: inherit;'>\n<li style='margin-bottom: 5px;'>Dise\u00f1o de dos capas con bucle de almacenamiento integrado<\/li>\n<li style='margin-bottom: 5px;'>Bandeja de separaci\u00f3n extra\u00edble<\/li>\n<li style='margin-bottom: 5px;'>Chip de empalme apilable<\/li>\n<li style='margin-bottom: 5px;'>Material transl\u00facido para mejor visibilidad<\/li>\n<li style='margin-bottom: 5px;'>Correa de tracci\u00f3n integrada para extracci\u00f3n trasera<\/li>\n<\/ul><\/div>\n<\/p><\/div>\n<div style='flex: 1 1 250px; border: 1px solid rgba(150&comma; 150&comma; 150&comma; 0.4); border-radius: 8px; overflow: hidden; display: flex; flex-direction: column;'>\n<div style='padding: 15px; border-bottom: 1px solid rgba(150&comma; 150&comma; 150&comma; 0.2); font-weight: bold; font-size: 18px; color: inherit;'>Aplicaciones<\/div>\n<div style='padding: 15px; color: inherit;'>\n<ul style='padding-left: 20px; margin: 0; font-size: 14px; list-style-type: disc; color: inherit;'>\n<li style='margin-bottom: 5px;'>Soporta hasta 24 fibras por casete con conectores LC o SC<\/li>\n<li style='margin-bottom: 5px;'>Hasta 96 empalmes de fibra por 1U con gabinetes LightVerse<\/li>\n<li style='margin-bottom: 5px;'>Compatible con fusi\u00f3n masiva e individual<\/li>\n<li style='margin-bottom: 5px;'>Precargados con adaptadores y coletas<\/li>\n<li style='margin-bottom: 5px;'>Compatibilidad con Paneles de Fibra \u00f3ptica LightVerse Core&comma; Plus y Pro<\/li>\n<\/ul><\/div>\n<\/p><\/div>\n<\/p><\/div>\n<hr style='border: 0; border-top: 1px solid rgba(150&comma; 150&comma; 150&comma; 0.3); margin: 30px 0;'> <\/div>\n","protected":false},"excerpt":{"rendered":"<p>Cassette para Empalme (Fusi?n) LightVerse, Hasta 12 Fibras, Conectores LC\/UPC Shuttered, para Fibra Multimodo OM4, 900um, 1 Metro (3.28 Pies)<\/p>\n","protected":false},"featured_media":18155,"comment_status":"open","ping_status":"closed","template":"","meta":[],"product_brand":[],"product_cat":[621],"product_tag":[622,611,600],"class_list":{"0":"post-18156","1":"product","2":"type-product","3":"status-publish","4":"has-post-thumbnail","6":"product_cat-distribuidores-de-fibra-optica","7":"product_tag-distribuidores-de-fibra-optica","8":"product_tag-fibra-optica","9":"product_tag-siemon","11":"first","12":"outofstock","13":"sale","14":"shipping-taxable","15":"purchasable","16":"product-type-simple"},"_links":{"self":[{"href":"https:\/\/soydeaqui.ddns.net\/pachuca\/index.php\/wp-json\/wp\/v2\/product\/18156","targetHints":{"allow":["GET"]}}],"collection":[{"href":"https:\/\/soydeaqui.ddns.net\/pachuca\/index.php\/wp-json\/wp\/v2\/product"}],"about":[{"href":"https:\/\/soydeaqui.ddns.net\/pachuca\/index.php\/wp-json\/wp\/v2\/types\/product"}],"replies":[{"embeddable":true,"href":"https:\/\/soydeaqui.ddns.net\/pachuca\/index.php\/wp-json\/wp\/v2\/comments?post=18156"}],"wp:featuredmedia":[{"embeddable":true,"href":"https:\/\/soydeaqui.ddns.net\/pachuca\/index.php\/wp-json\/wp\/v2\/media\/18155"}],"wp:attachment":[{"href":"https:\/\/soydeaqui.ddns.net\/pachuca\/index.php\/wp-json\/wp\/v2\/media?parent=18156"}],"wp:term":[{"taxonomy":"product_brand","embeddable":true,"href":"https:\/\/soydeaqui.ddns.net\/pachuca\/index.php\/wp-json\/wp\/v2\/product_brand?post=18156"},{"taxonomy":"product_cat","embeddable":true,"href":"https:\/\/soydeaqui.ddns.net\/pachuca\/index.php\/wp-json\/wp\/v2\/product_cat?post=18156"},{"taxonomy":"product_tag","embeddable":true,"href":"https:\/\/soydeaqui.ddns.net\/pachuca\/index.php\/wp-json\/wp\/v2\/product_tag?post=18156"}],"curies":[{"name":"wp","href":"https:\/\/api.w.org\/{rel}","templated":true}]}}