{"id":18142,"date":"2026-03-18T09:38:50","date_gmt":"2026-03-18T09:38:50","guid":{"rendered":"https:\/\/soydeaqui.ddns.net\/pachuca\/index.php\/producto\/cassette-para-empalme-fusin-lightverse-hasta-12-fibras-conectores-sc-upc-shuttered-para-fibra-multimodo-om4-900um-1-metro-3-28-pies\/"},"modified":"2026-03-18T09:38:51","modified_gmt":"2026-03-18T09:38:51","slug":"cassette-para-empalme-fusin-lightverse-hasta-12-fibras-conectores-sc-upc-shuttered-para-fibra-multimodo-om4-900um-1-metro-3-28-pies","status":"publish","type":"product","link":"https:\/\/soydeaqui.ddns.net\/pachuca\/index.php\/producto\/cassette-para-empalme-fusin-lightverse-hasta-12-fibras-conectores-sc-upc-shuttered-para-fibra-multimodo-om4-900um-1-metro-3-28-pies\/","title":{"rendered":"Cassette para Empalme (Fusi?n) LightVerse, Hasta 12 Fibras, Conectores SC\/UPC Shuttered, para Fibra Multimodo OM4, 900um, 1 Metro (3.28 Pies)"},"content":{"rendered":"<div style='width: 100%; max-width: 1200px; margin: 0 auto; font-family: sans-serif; line-height: 1.6; color: inherit; background-color: transparent;'>\n<div style='display: flex; flex-wrap: wrap; gap: 30px; margin-bottom: 30px;'>\n<div style='flex: 1 1 300px; min-width: 280px;'>\n<p style='font-size: 15px; color: inherit; margin: 0;'>Los casetes de empalme <strong style='color: inherit;'>LightVerse<\/strong> presentan un tama\u00f1o compacto que admite hasta 24 fibras por casete con conectores LC o SC. Cuando se combinan con gabinetes LightVerse&comma; permiten hasta 96 empalmes de fibra por 1U. Los casetes de empalme LightVerse cuentan con un dise\u00f1o de dos capas en el que el bucle de almacenamiento integrado con bandeja de separaci\u00f3n extra\u00edble permite a los usuarios gestionar f\u00e1cilmente las conexiones de fibra. El chip de empalme apilable es compatible tanto con la fusi\u00f3n masiva como con los empalmes individuales&comma; lo que brinda a los usuarios la m\u00e1xima flexibilidad. El s\u00f3lido material transl\u00facido proporciona una visibilidad excepcional para facilitar las pruebas y la verificaci\u00f3n. Todos los cassettes incluyen una correa de tracci\u00f3n integrada que admite una extracci\u00f3n trasera r\u00e1pida y llegan precargados con adaptadores y coletas que permiten una implementaci\u00f3n m\u00e1s r\u00e1pida en el sitio.<\/p>\n<p style='font-size: 15px; color: inherit; margin: 20px 0 0 0;'><strong style='color: inherit;'>Compatible con Paneles de Fibra \u00f3ptica LightVerse Core&comma; Plus y Pro<\/strong><\/p>\n<\/div>\n<\/div>\n<\/div>\n","protected":false},"excerpt":{"rendered":"<p>Cassette para Empalme (Fusi?n) LightVerse, Hasta 12 Fibras, Conectores SC\/UPC Shuttered, para Fibra Multimodo OM4, 900um, 1 Metro (3.28 Pies)<\/p>\n","protected":false},"featured_media":18141,"comment_status":"open","ping_status":"closed","template":"","meta":[],"product_brand":[],"product_cat":[621],"product_tag":[622,611,600],"class_list":{"0":"post-18142","1":"product","2":"type-product","3":"status-publish","4":"has-post-thumbnail","6":"product_cat-distribuidores-de-fibra-optica","7":"product_tag-distribuidores-de-fibra-optica","8":"product_tag-fibra-optica","9":"product_tag-siemon","11":"first","12":"outofstock","13":"sale","14":"shipping-taxable","15":"purchasable","16":"product-type-simple"},"_links":{"self":[{"href":"https:\/\/soydeaqui.ddns.net\/pachuca\/index.php\/wp-json\/wp\/v2\/product\/18142","targetHints":{"allow":["GET"]}}],"collection":[{"href":"https:\/\/soydeaqui.ddns.net\/pachuca\/index.php\/wp-json\/wp\/v2\/product"}],"about":[{"href":"https:\/\/soydeaqui.ddns.net\/pachuca\/index.php\/wp-json\/wp\/v2\/types\/product"}],"replies":[{"embeddable":true,"href":"https:\/\/soydeaqui.ddns.net\/pachuca\/index.php\/wp-json\/wp\/v2\/comments?post=18142"}],"wp:featuredmedia":[{"embeddable":true,"href":"https:\/\/soydeaqui.ddns.net\/pachuca\/index.php\/wp-json\/wp\/v2\/media\/18141"}],"wp:attachment":[{"href":"https:\/\/soydeaqui.ddns.net\/pachuca\/index.php\/wp-json\/wp\/v2\/media?parent=18142"}],"wp:term":[{"taxonomy":"product_brand","embeddable":true,"href":"https:\/\/soydeaqui.ddns.net\/pachuca\/index.php\/wp-json\/wp\/v2\/product_brand?post=18142"},{"taxonomy":"product_cat","embeddable":true,"href":"https:\/\/soydeaqui.ddns.net\/pachuca\/index.php\/wp-json\/wp\/v2\/product_cat?post=18142"},{"taxonomy":"product_tag","embeddable":true,"href":"https:\/\/soydeaqui.ddns.net\/pachuca\/index.php\/wp-json\/wp\/v2\/product_tag?post=18142"}],"curies":[{"name":"wp","href":"https:\/\/api.w.org\/{rel}","templated":true}]}}