{"id":1811,"date":"2026-03-18T05:50:07","date_gmt":"2026-03-18T05:50:07","guid":{"rendered":"https:\/\/soydeaqui.ddns.net\/pachuca\/index.php\/producto\/altavoz-de-montaje-en-pared-5w-10w-20w-40w-80w\/"},"modified":"2026-03-18T05:50:12","modified_gmt":"2026-03-18T05:50:12","slug":"altavoz-de-montaje-en-pared-5w-10w-20w-40w-80w","status":"publish","type":"product","link":"https:\/\/soydeaqui.ddns.net\/pachuca\/index.php\/producto\/altavoz-de-montaje-en-pared-5w-10w-20w-40w-80w\/","title":{"rendered":"Altavoz de Montaje en Pared | 5W, 10W, 20W, 40W, 80W"},"content":{"rendered":"<div style='width: 100%; max-width: 1200px; margin: 0 auto; font-family: sans-serif; line-height: 1.6; color: inherit; background-color: transparent;'> <!-- Video y imagen principal --> <\/p>\n<div style='display: flex; flex-wrap: wrap; gap: 20px; justify-content: center; margin-bottom: 30px;'>\n<div style='flex: 1 1 500px; min-width: 300px;'>\n<div style='position: relative; padding-bottom: 56.25%; height: 0; overflow: hidden;'>   <\/div>\n<\/p><\/div>\n<div style='flex: 1 1 500px; min-width: 300px;'> <img style='width: 100%; height: auto; border: 1px solid rgba(150&comma;150&comma;150&comma;0.3); border-radius: 8px;' src='https:\/\/ftp3.syscom.mx\/usuarios\/fotos\/SF778PW\/196009-sf-778pw.jpg' alt=''> <\/div>\n<\/p><\/div>\n<p> <!-- Descripci\u00f3n general --> <\/p>\n<div style='margin-bottom: 30px;'>\n<h2 style='font-size: 24px; border-bottom: 2px solid currentColor; padding-bottom: 5px; margin-top: 0; color: inherit; opacity: 0.8; text-align: center;'>Altavoz de Montaje en Pared<\/h2>\n<p style='font-size: 15px; color: inherit; text-align: center; margin-top: 15px; margin-bottom: 15px;'>Con un transformador incorporado de 70V y 100V. La tecnolog\u00eda del transformador reduce las p\u00e9rdidas de l\u00ednea en mayor distancia y permite una f\u00e1cil conexi\u00f3n en paralelo de m\u00faltiples altavoces. Con un dise\u00f1o est\u00e9tico es ideal para reproducir m\u00fasica ambiental y voceo inteligible de alta calidad para interior.<\/p>\n<\/p><\/div>\n<p> <!-- Aplicaciones --> <\/p>\n<div style='margin-bottom: 30px;'>\n<h3 style='font-size: 22px; border-bottom: 2px solid currentColor; padding-bottom: 5px; margin-top: 0; color: inherit; opacity: 0.8;'>Aplicaciones<\/h3>\n<ul style='display: flex; flex-wrap: wrap; list-style-type: disc; padding-left: 20px; margin-top: 15px;'>\n<li style='flex: 1 1 30%; min-width: 200px; margin-bottom: 8px;'><span style='color: inherit; font-size: 15px;'>Restaurantes<\/span><\/li>\n<li style='flex: 1 1 30%; min-width: 200px; margin-bottom: 8px;'><span style='color: inherit; font-size: 15px;'>Bares<\/span><\/li>\n<li style='flex: 1 1 30%; min-width: 200px; margin-bottom: 8px;'><span style='color: inherit; font-size: 15px;'>Gimnasios<\/span><\/li>\n<li style='flex: 1 1 30%; min-width: 200px; margin-bottom: 8px;'><span style='color: inherit; font-size: 15px;'>Oficinas<\/span><\/li>\n<li style='flex: 1 1 30%; min-width: 200px; margin-bottom: 8px;'><span style='color: inherit; font-size: 15px;'>Salas de junta<\/span><\/li>\n<li style='flex: 1 1 30%; min-width: 200px; margin-bottom: 8px;'><span style='color: inherit; font-size: 15px;'>Salas de espera<\/span><\/li>\n<li style='flex: 1 1 30%; min-width: 200px; margin-bottom: 8px;'><span style='color: inherit; font-size: 15px;'>Almacenes<\/span><\/li>\n<\/ul><\/div>\n<p> <!-- Caracter\u00edsticas --> <\/p>\n<div style='margin-bottom: 30px;'>\n<h3 style='font-size: 22px; border-bottom: 2px solid currentColor; padding-bottom: 5px; margin-top: 0; color: inherit; opacity: 0.8;'>Caracter\u00edsticas<\/h3>\n<ul style='padding-left: 20px; font-size: 15px; color: inherit; margin-top: 15px;'>\n<li style='margin-bottom: 8px;'><strong>Entradas 100V:<\/strong> 5W&comma; 10W&comma; 20W&comma; 40W&comma; 80W<\/li>\n<li style='margin-bottom: 8px;'><strong>Entradas 70V:<\/strong> 2.5W&comma; 5W&comma; 10W&comma; 20W&comma; 40W<\/li>\n<li style='margin-bottom: 8px;'><strong>SPL (1W\/1M):<\/strong> 94dB<\/li>\n<li style='margin-bottom: 8px;'><strong>Max. SPL (Rated W\/1M):<\/strong> 113dB<\/li>\n<li style='margin-bottom: 8px;'><strong>Dimensiones:<\/strong> 380 x 277 x 218 mm<\/li>\n<\/ul><\/div>\n<p> <!-- Imagen adicional --> <\/p>\n<div style='margin-bottom: 30px;'> <img style='width: 100%; height: auto; border: 1px solid rgba(150&comma;150&comma;150&comma;0.3); border-radius: 8px;' src='https:\/\/ftp3.syscom.mx\/usuarios\/fotos\/SF804\/196020-sf778pw..jpg' alt=''> <\/div>\n<\/p><\/div>\n","protected":false},"excerpt":{"rendered":"<p>Altavoz de Montaje en Pared | 5W, 10W, 20W, 40W, 80W<\/p>\n","protected":false},"featured_media":1810,"comment_status":"open","ping_status":"closed","template":"","meta":[],"product_brand":[],"product_cat":[108],"product_tag":[110,109],"class_list":{"0":"post-1811","1":"product","2":"type-product","3":"status-publish","4":"has-post-thumbnail","6":"product_cat-epcom-proaudio","7":"product_tag-epcom-proaudio","8":"product_tag-megafonia-y-audioevacuacion","10":"first","11":"instock","12":"sale","13":"shipping-taxable","14":"purchasable","15":"product-type-simple"},"_links":{"self":[{"href":"https:\/\/soydeaqui.ddns.net\/pachuca\/index.php\/wp-json\/wp\/v2\/product\/1811","targetHints":{"allow":["GET"]}}],"collection":[{"href":"https:\/\/soydeaqui.ddns.net\/pachuca\/index.php\/wp-json\/wp\/v2\/product"}],"about":[{"href":"https:\/\/soydeaqui.ddns.net\/pachuca\/index.php\/wp-json\/wp\/v2\/types\/product"}],"replies":[{"embeddable":true,"href":"https:\/\/soydeaqui.ddns.net\/pachuca\/index.php\/wp-json\/wp\/v2\/comments?post=1811"}],"wp:featuredmedia":[{"embeddable":true,"href":"https:\/\/soydeaqui.ddns.net\/pachuca\/index.php\/wp-json\/wp\/v2\/media\/1810"}],"wp:attachment":[{"href":"https:\/\/soydeaqui.ddns.net\/pachuca\/index.php\/wp-json\/wp\/v2\/media?parent=1811"}],"wp:term":[{"taxonomy":"product_brand","embeddable":true,"href":"https:\/\/soydeaqui.ddns.net\/pachuca\/index.php\/wp-json\/wp\/v2\/product_brand?post=1811"},{"taxonomy":"product_cat","embeddable":true,"href":"https:\/\/soydeaqui.ddns.net\/pachuca\/index.php\/wp-json\/wp\/v2\/product_cat?post=1811"},{"taxonomy":"product_tag","embeddable":true,"href":"https:\/\/soydeaqui.ddns.net\/pachuca\/index.php\/wp-json\/wp\/v2\/product_tag?post=1811"}],"curies":[{"name":"wp","href":"https:\/\/api.w.org\/{rel}","templated":true}]}}