{"id":18044,"date":"2026-03-18T09:37:12","date_gmt":"2026-03-18T09:37:12","guid":{"rendered":"https:\/\/soydeaqui.ddns.net\/pachuca\/index.php\/producto\/cable-de-conexin-en-campo-jack-a-plug-rj45-categora-6a-cmp-plenum-0-5-metros-1-64-pies-color-blanco\/"},"modified":"2026-03-18T09:37:13","modified_gmt":"2026-03-18T09:37:13","slug":"cable-de-conexin-en-campo-jack-a-plug-rj45-categora-6a-cmp-plenum-0-5-metros-1-64-pies-color-blanco","status":"publish","type":"product","link":"https:\/\/soydeaqui.ddns.net\/pachuca\/index.php\/producto\/cable-de-conexin-en-campo-jack-a-plug-rj45-categora-6a-cmp-plenum-0-5-metros-1-64-pies-color-blanco\/","title":{"rendered":"Cable de Conexi?n en Campo Jack a Plug RJ45, Categor?a 6A, CMP (Plenum), 0.5 Metros (1.64 Pies), Color Blanco"},"content":{"rendered":"<div style='width: 100%; max-width: 1200px; margin: 0 auto; font-family: sans-serif; line-height: 1.6; color: inherit; background-color: transparent;'>\n<div style='display: flex; flex-wrap: wrap; gap: 30px; margin-bottom: 30px;'>\n<div style='flex: 1 1 300px; min-width: 280px;'>\n<h3 style='font-size: 22px; border-bottom: 2px solid currentColor; padding-bottom: 5px; margin-top: 0; color: inherit; opacity: 0.8;'>Descripci\u00f3n General<\/h3>\n<p style='font-size: 15px; color: inherit; margin-bottom: 15px;'>El cable TX6A\u2122 UTP FieldCord\u2122 es una soluci\u00f3n de conexi\u00f3n simple para casi cualquier dispositivo de red con puerto RJ45. Combina un novedoso empalme compatible con el cable de par trenzado UTP 23 AWG de categor\u00eda 6A con el di\u00e1metro m\u00e1s peque\u00f1o de la industria y un plug RJ45 ultracompacto.<\/p>\n<p style='font-size: 15px; color: inherit; margin-bottom: 15px;'>Permite la conexi\u00f3n a dispositivos con los espacios de puertos m\u00e1s peque\u00f1os y las rutas de enrutamiento de cables m\u00e1s confinadas. Tambi\u00e9n proporciona un rendimiento de Categor\u00eda 6A y es compatible con los sistemas UTP de Categor\u00eda 6 y 5e.<\/p>\n<\/p><\/div>\n<\/p><\/div>\n<div style='display: flex; flex-wrap: wrap; gap: 30px; margin-bottom: 30px;'>\n<div style='flex: 1 1 300px; min-width: 280px;'>\n<h3 style='font-size: 22px; border-bottom: 2px solid currentColor; padding-bottom: 5px; margin-top: 0; color: inherit; opacity: 0.8;'>Especificaciones T\u00e9cnicas<\/h3>\n<ul style='padding-left: 20px; font-size: 15px; color: inherit;'>\n<li style='margin-bottom: 5px;'><strong>Nivel de rendimiento:<\/strong> Categor\u00eda 6A<\/li>\n<li style='margin-bottom: 5px;'><strong>Esquema de cableado:<\/strong> T568A\/T568B<\/li>\n<li style='margin-bottom: 5px;'><strong>Longitud total (pulg.):<\/strong> 19.7<\/li>\n<li style='margin-bottom: 5px;'><strong>Longitud total (mm):<\/strong> 500<\/li>\n<li style='margin-bottom: 5px;'><strong>Temperatura m\u00e1xima de funcionamiento (\u00b0C):<\/strong> 65<\/li>\n<li style='margin-bottom: 5px;'><strong>Temperatura m\u00e1xima de funcionamiento (\u00b0F):<\/strong> 149<\/li>\n<li style='margin-bottom: 5px;'><strong>Temperatura m\u00ednima de funcionamiento (\u00b0C):<\/strong> -10<\/li>\n<li style='margin-bottom: 5px;'><strong>Temperatura m\u00ednima de funcionamiento (\u00b0F):<\/strong> 14<\/li>\n<li style='margin-bottom: 5px;'><strong>Calibre de cable compatible (AWG):<\/strong> 22-26<\/li>\n<li style='margin-bottom: 5px;'><strong>Color:<\/strong> Azul<\/li>\n<li style='margin-bottom: 5px;'><strong>Cumple con:<\/strong> RoHS<\/li>\n<li style='margin-bottom: 5px;'><strong>Clasificaci\u00f3n IP:<\/strong> IP20<\/li>\n<li style='margin-bottom: 5px;'><strong>Clasificaci\u00f3n de inflamabilidad:<\/strong> UL94V-0<\/li>\n<\/ul><\/div>\n<\/p><\/div>\n<div style='display: flex; flex-wrap: wrap; gap: 30px; margin-bottom: 30px;'>\n<div style='flex: 1 1 300px; min-width: 280px;'>\n<h3 style='font-size: 22px; border-bottom: 2px solid currentColor; padding-bottom: 5px; margin-top: 0; color: inherit; opacity: 0.8;'>Certificaciones y Compatibilidad<\/h3>\n<p style='font-size: 15px; color: inherit; margin-bottom: 15px;'>Supera los requisitos de rendimiento ANSI\/TIA Categor\u00eda 6A e ISO Clase EA cuando se termina correctamente en cable de cobre UTP Categor\u00eda 6A de Panduit. Cumple con ANSI\/TIA-1096-A (anteriormente FCC Parte 68)&comma; IEC-60603-7.<\/p>\n<p style='font-size: 15px; color: inherit; margin-bottom: 15px;'>Admite PoE&comma; PoE+ y aplicaciones PoE++ Tipo 3 y 4 hasta 100 W.<\/p>\n<\/p><\/div>\n<\/p><\/div>\n<div style='display: flex; flex-wrap: wrap; gap: 30px; margin-bottom: 30px;'>\n<div style='flex: 1 1 100%;'>\n<h3 style='font-size: 22px; border-bottom: 2px solid currentColor; padding-bottom: 5px; margin-top: 0; color: inherit; opacity: 0.8;'>Video Explicativo<\/h3>\n<div style='position: relative; padding-bottom: 56.25%; height: 0; overflow: hidden; margin-bottom: 30px;'>   <\/div>\n<\/p><\/div>\n<\/p><\/div>\n<hr style='border: 0; border-top: 1px solid rgba(150&comma; 150&comma; 150&comma; 0.3); margin: 30px 0;'> <\/div>\n","protected":false},"excerpt":{"rendered":"<p>Cable de Conexi?n en Campo Jack a Plug RJ45, Categor?a 6A, CMP (Plenum), 0.5 Metros (1.64 Pies), Color Blanco<\/p>\n","protected":false},"featured_media":18043,"comment_status":"open","ping_status":"closed","template":"","meta":[],"product_brand":[],"product_cat":[668],"product_tag":[488,669,445],"class_list":{"0":"post-18044","1":"product","2":"type-product","3":"status-publish","4":"has-post-thumbnail","6":"product_cat-categoria-6a","7":"product_tag-cables-y-conectores","8":"product_tag-categoria-6a","9":"product_tag-panduit","11":"first","12":"outofstock","13":"sale","14":"shipping-taxable","15":"purchasable","16":"product-type-simple"},"_links":{"self":[{"href":"https:\/\/soydeaqui.ddns.net\/pachuca\/index.php\/wp-json\/wp\/v2\/product\/18044","targetHints":{"allow":["GET"]}}],"collection":[{"href":"https:\/\/soydeaqui.ddns.net\/pachuca\/index.php\/wp-json\/wp\/v2\/product"}],"about":[{"href":"https:\/\/soydeaqui.ddns.net\/pachuca\/index.php\/wp-json\/wp\/v2\/types\/product"}],"replies":[{"embeddable":true,"href":"https:\/\/soydeaqui.ddns.net\/pachuca\/index.php\/wp-json\/wp\/v2\/comments?post=18044"}],"wp:featuredmedia":[{"embeddable":true,"href":"https:\/\/soydeaqui.ddns.net\/pachuca\/index.php\/wp-json\/wp\/v2\/media\/18043"}],"wp:attachment":[{"href":"https:\/\/soydeaqui.ddns.net\/pachuca\/index.php\/wp-json\/wp\/v2\/media?parent=18044"}],"wp:term":[{"taxonomy":"product_brand","embeddable":true,"href":"https:\/\/soydeaqui.ddns.net\/pachuca\/index.php\/wp-json\/wp\/v2\/product_brand?post=18044"},{"taxonomy":"product_cat","embeddable":true,"href":"https:\/\/soydeaqui.ddns.net\/pachuca\/index.php\/wp-json\/wp\/v2\/product_cat?post=18044"},{"taxonomy":"product_tag","embeddable":true,"href":"https:\/\/soydeaqui.ddns.net\/pachuca\/index.php\/wp-json\/wp\/v2\/product_tag?post=18044"}],"curies":[{"name":"wp","href":"https:\/\/api.w.org\/{rel}","templated":true}]}}