{"id":18027,"date":"2026-03-18T09:36:53","date_gmt":"2026-03-18T09:36:53","guid":{"rendered":"https:\/\/soydeaqui.ddns.net\/pachuca\/index.php\/producto\/conector-jack-rj45-cat6-de-repuesto-estilo-110-de-impacto-para-patch-panel-dp-de-panduit\/"},"modified":"2026-03-18T09:36:57","modified_gmt":"2026-03-18T09:36:57","slug":"conector-jack-rj45-cat6-de-repuesto-estilo-110-de-impacto-para-patch-panel-dp-de-panduit","status":"publish","type":"product","link":"https:\/\/soydeaqui.ddns.net\/pachuca\/index.php\/producto\/conector-jack-rj45-cat6-de-repuesto-estilo-110-de-impacto-para-patch-panel-dp-de-panduit\/","title":{"rendered":"Conector Jack RJ45 Cat6 de Repuesto, Estilo 110 (De Impacto), Para Patch Panel DP de Panduit"},"content":{"rendered":"<div style='width: 100%; max-width: 1200px; margin: 0 auto; font-family: sans-serif; line-height: 1.6; color: inherit; background-color: transparent;'> <!-- Secci\u00f3n de descripci\u00f3n principal --> <\/p>\n<div style='margin-bottom: 30px; font-size: 15px; color: inherit;'>\n<p style='margin: 0 0 15px; color: inherit;'>Los paneles de conexi\u00f3n de impacto Categor\u00eda 6\/Clase E&comma; se deben terminar con cables de par trenzado sin blindaje de 100 ohms&comma; 22-26 AWG&comma; de 4 pares con una herramienta de impacto 110. Los paneles de conexi\u00f3n deben incluyen una etiqueta universal codificada para los esquemas de cableado T568A y T568B y montarse en Racks o Gabinetes de 19in. Los paneles de conexi\u00f3n son f\u00e1ciles de identificar con n\u00fameros preimpresos&comma; \u00e1reas de escritura y kits de etiquetas opcionales.<\/p>\n<\/p><\/div>\n<p> <!-- Secci\u00f3n de especificaciones --> <\/p>\n<div style='display: flex; flex-wrap: wrap; gap: 20px; margin-bottom: 30px;'>\n<div style='flex: 1 1 250px; border: 1px solid rgba(150&comma; 150&comma; 150&comma; 0.4); border-radius: 8px; overflow: hidden; display: flex; flex-direction: column;'>\n<div style='padding: 15px; border-bottom: 1px solid rgba(150&comma; 150&comma; 150&comma; 0.2); font-weight: bold; font-size: 18px; color: inherit;'>Especificaciones T\u00e9cnicas<\/div>\n<div style='padding: 15px; color: inherit;'>\n<ul style='padding-left: 20px; margin: 0; font-size: 14px; list-style-type: disc; color: inherit;'>\n<li style='margin-bottom: 5px; color: inherit;'>Supera los requisitos de canal de las normas ANSI \/ TIA-568-C.2 Categor\u00eda 6 e ISO 11801 Clase E en frecuencias barridas de 1 a 250 MHz<\/li>\n<li style='margin-bottom: 5px; color: inherit;'>Cumplimiento FCC y ANSI: Cumple con todos los requisitos ANSI \/ TIA-968-A aplicables; contactos chapados con 50 micras de oro para un rendimiento superior<\/li>\n<li style='margin-bottom: 5px; color: inherit;'>Cumplimiento IEC: Cumple con IEC 60603-7<\/li>\n<li style='margin-bottom: 5px; color: inherit;'>Cumplimiento PoE: Soporta IEEE 802.3af&comma; 802.3at e IEEE 802.3bt tipo 3 y 4 para aplicaciones PoE de hasta 100 W<\/li>\n<li style='margin-bottom: 5px; color: inherit;'>Rango de contuctor: Compatible con cable s\u00f3lido o multifilar 22 &#8211; 26 AWG con di\u00e1metros de aislamiento del conductor de 0.048 pulg.<\/li>\n<li style='margin-bottom: 5px; color: inherit;'>Opci\u00f3n de Montaje: Se monta en bastidores EIA est\u00e1ndar de 19in. La versi\u00f3n de 12 puertos se puede montar en la pared con el soporte opcional 89D<\/li>\n<li style='margin-bottom: 5px; color: inherit;'>Incluye torilleria M6 y #12-24 para montaje en Rack<\/li>\n<\/ul><\/div>\n<\/p><\/div>\n<\/p><\/div>\n<p> <!-- Separador --> <\/p>\n<hr style='border: 0; border-top: 1px solid rgba(150&comma; 150&comma; 150&comma; 0.3); margin: 30px 0;'> <\/div>\n","protected":false},"excerpt":{"rendered":"<p>Conector Jack RJ45 Cat6 de Repuesto, Estilo 110 (De Impacto), Para Patch Panel DP de Panduit<\/p>\n","protected":false},"featured_media":18026,"comment_status":"open","ping_status":"closed","template":"","meta":[],"product_brand":[],"product_cat":[595],"product_tag":[586,596,445],"class_list":{"0":"post-18027","1":"product","2":"type-product","3":"status-publish","4":"has-post-thumbnail","6":"product_cat-jacks-plugs","7":"product_tag-cableado-de-cobre","8":"product_tag-jacks-plugs","9":"product_tag-panduit","11":"first","12":"instock","13":"sale","14":"shipping-taxable","15":"purchasable","16":"product-type-simple"},"_links":{"self":[{"href":"https:\/\/soydeaqui.ddns.net\/pachuca\/index.php\/wp-json\/wp\/v2\/product\/18027","targetHints":{"allow":["GET"]}}],"collection":[{"href":"https:\/\/soydeaqui.ddns.net\/pachuca\/index.php\/wp-json\/wp\/v2\/product"}],"about":[{"href":"https:\/\/soydeaqui.ddns.net\/pachuca\/index.php\/wp-json\/wp\/v2\/types\/product"}],"replies":[{"embeddable":true,"href":"https:\/\/soydeaqui.ddns.net\/pachuca\/index.php\/wp-json\/wp\/v2\/comments?post=18027"}],"wp:featuredmedia":[{"embeddable":true,"href":"https:\/\/soydeaqui.ddns.net\/pachuca\/index.php\/wp-json\/wp\/v2\/media\/18026"}],"wp:attachment":[{"href":"https:\/\/soydeaqui.ddns.net\/pachuca\/index.php\/wp-json\/wp\/v2\/media?parent=18027"}],"wp:term":[{"taxonomy":"product_brand","embeddable":true,"href":"https:\/\/soydeaqui.ddns.net\/pachuca\/index.php\/wp-json\/wp\/v2\/product_brand?post=18027"},{"taxonomy":"product_cat","embeddable":true,"href":"https:\/\/soydeaqui.ddns.net\/pachuca\/index.php\/wp-json\/wp\/v2\/product_cat?post=18027"},{"taxonomy":"product_tag","embeddable":true,"href":"https:\/\/soydeaqui.ddns.net\/pachuca\/index.php\/wp-json\/wp\/v2\/product_tag?post=18027"}],"curies":[{"name":"wp","href":"https:\/\/api.w.org\/{rel}","templated":true}]}}