{"id":17992,"date":"2026-03-18T09:36:13","date_gmt":"2026-03-18T09:36:13","guid":{"rendered":"https:\/\/soydeaqui.ddns.net\/pachuca\/index.php\/producto\/kit-comprobador-basico-de-resistencia-de-tierra-fisica-geo\/"},"modified":"2026-03-18T09:36:14","modified_gmt":"2026-03-18T09:36:14","slug":"kit-comprobador-basico-de-resistencia-de-tierra-fisica-geo","status":"publish","type":"product","link":"https:\/\/soydeaqui.ddns.net\/pachuca\/index.php\/producto\/kit-comprobador-basico-de-resistencia-de-tierra-fisica-geo\/","title":{"rendered":"KIT Comprobador B\u00e1sico de Resistencia de Tierra F\u00edsica GEO"},"content":{"rendered":"<div style='width: 100%; max-width: 1200px; margin: 0 auto; font-family: sans-serif; line-height: 1.6; color: inherit; background-color: transparent;'>\n<div style='display: flex; flex-wrap: wrap; gap: 30px; margin-bottom: 30px;'>\n<div style='flex: 1 1 300px; min-width: 280px;'>\n<h3 style='font-size: 22px; border-bottom: 2px solid currentColor; padding-bottom: 5px; margin-top: 0; color: inherit; opacity: 0.8;'>Caracter\u00edsticas principales<\/h3>\n<ul style='padding-left: 20px; font-size: 15px; color: inherit;'>\n<li style='margin-bottom: 5px;'><strong>Medici\u00f3n sin picas<\/strong><\/li>\n<li style='margin-bottom: 5px;'>El comprobador de puesta a tierra Fluke 1623-2 puede medir resistencias de bucle de puesta a tierra usando solo pinzas. Con este m\u00e9todo&comma; se ubican dos pinzas alrededor de la varilla de puesta a tierra y cada una se conecta al comprobador. No se usa ninguna pica de tierra. Con una de las pinzas se induce un voltaje fijo conocido&comma; mientras que con la otra se mide la corriente. Luego el comprobador determina autom\u00e1ticamente la resistencia de la varilla de puesta tierra. Este m\u00e9todo de medici\u00f3n solo funciona si el edificio o estructura en donde se realiza la medici\u00f3n cuenta con un sistema de puesta a tierra&comma; aunque la mayor\u00eda lo tiene. Si solo hay una ruta a tierra&comma; como en muchas aplicaciones residenciales&comma; el m\u00e9todo sin picas no proporcionar\u00e1 un valor aceptable y se deber\u00e1 usar el m\u00e9todo de prueba de ca\u00edda de potencial.<\/li>\n<li style='margin-bottom: 5px;'>Con el m\u00e9todo sin picas&comma; no es necesario desconectar la varilla de puesta a tierra&comma; por lo que no se altera el sistema de puesta a tierra existente durante la medici\u00f3n. Ya no es necesario dedicar tiempo a colocar y conectar picas para cada varilla de puesta a tierra de su sistema&comma; con lo que se ahorra mucho tiempo. Tambi\u00e9n puede efectuar mediciones de puesta a tierra en lugares que antes no hubiese considerado: dentro de edificios&comma; en torres de alto voltaje o en cualquier lugar donde no haya contacto directo con el suelo.<\/li>\n<li style='margin-bottom: 5px;'><strong>El comprobador m\u00e1s completo<\/strong><\/li>\n<li style='margin-bottom: 5px;'>El Fluke 1623-2 es un comprobador de puesta a tierra \u00fanico que puede realizar los cuatro tipos de medici\u00f3n de puesta a tierra.<\/li>\n<\/ul><\/div>\n<\/p><\/div>\n<div style='display: flex; flex-wrap: wrap; gap: 20px; margin-bottom: 30px;'>\n<div style='flex: 1 1 250px; border: 1px solid rgba(150&comma; 150&comma; 150&comma; 0.4); border-radius: 8px; overflow: hidden; display: flex; flex-direction: column;'>\n<div style='padding: 15px; border-bottom: 1px solid rgba(150&comma; 150&comma; 150&comma; 0.2); font-weight: bold; font-size: 18px; color: inherit;'>Tipos de medici\u00f3n<\/div>\n<div style='padding: 15px; color: inherit;'>\n<ul style='padding-left: 20px; margin: 0; font-size: 14px; list-style-type: disc;'>\n<li style='margin-bottom: 5px;'>Ca\u00edda de potencial de 3 y 4 hilos (usando picas)<\/li>\n<li style='margin-bottom: 5px;'>Comprobaci\u00f3n de resistividad del terreno de 4 hilos (usando picas)<\/li>\n<li style='margin-bottom: 5px;'>Comprobaci\u00f3n selectiva (usando 1 pinza y picas)<\/li>\n<li style='margin-bottom: 5px;'>Comprobaci\u00f3n sin picas (usando solo 2 pinzas)<\/li>\n<\/ul><\/div>\n<\/p><\/div>\n<\/p><\/div>\n<div style='display: flex; flex-wrap: wrap; gap: 30px; margin-bottom: 30px;'>\n<div style='flex: 1 1 300px; min-width: 280px;'>\n<h3 style='font-size: 22px; border-bottom: 2px solid currentColor; padding-bottom: 5px; margin-top: 0; color: inherit; opacity: 0.8;'>Incluye<\/h3>\n<ul style='padding-left: 20px; font-size: 15px; color: inherit;'>\n<li style='margin-bottom: 5px;'>GEO Probador de tierra f\u00edsica<\/li>\n<li style='margin-bottom: 5px;'>Manual de Usuario<\/li>\n<li style='margin-bottom: 5px;'>Bater\u00edas 6 AA<\/li>\n<li style='margin-bottom: 5px;'>Gu\u00eda de referencia<\/li>\n<li style='margin-bottom: 5px;'>Cable USB<\/li>\n<li style='margin-bottom: 5px;'>2 Pinzas<\/li>\n<li style='margin-bottom: 5px;'>C1620 Estuche profesional<\/li>\n<li style='margin-bottom: 5px;'>4 Estacas<\/li>\n<li style='margin-bottom: 5px;'>3 Carrretes de Cable<\/li>\n<\/ul><\/div>\n<\/p><\/div>\n<div style='display: flex; flex-wrap: wrap; gap: 30px; margin-bottom: 30px;'>\n<div style='flex: 1 1 300px; min-width: 280px;'> <img style='width: 100%; height: auto; border: 1px solid rgba(150&comma;150&comma;150&comma;0.3); border-radius: 8px;' src='https:\/\/ftp3.syscom.mx\/usuarios\/fotos\/FLUKE16232KIT\/203122-captura_de_pantalla_2022-10-19_a_la(s)_15.30.15.png' alt=''> <\/div>\n<\/p><\/div>\n<hr style='border: 0; border-top: 1px solid rgba(150&comma; 150&comma; 150&comma; 0.3); margin: 30px 0;'> <\/div>\n","protected":false},"excerpt":{"rendered":"<p>KIT Comprobador B\u00e1sico de Resistencia de Tierra F\u00edsica GEO<\/p>\n","protected":false},"featured_media":17991,"comment_status":"open","ping_status":"closed","template":"","meta":[],"product_brand":[],"product_cat":[130],"product_tag":[393,25,131],"class_list":{"0":"post-17992","1":"product","2":"type-product","3":"status-publish","4":"has-post-thumbnail","6":"product_cat-herramientas-electricas","7":"product_tag-fluke","8":"product_tag-herramientas","9":"product_tag-herramientas-electricas","11":"first","12":"outofstock","13":"sale","14":"shipping-taxable","15":"purchasable","16":"product-type-simple"},"_links":{"self":[{"href":"https:\/\/soydeaqui.ddns.net\/pachuca\/index.php\/wp-json\/wp\/v2\/product\/17992","targetHints":{"allow":["GET"]}}],"collection":[{"href":"https:\/\/soydeaqui.ddns.net\/pachuca\/index.php\/wp-json\/wp\/v2\/product"}],"about":[{"href":"https:\/\/soydeaqui.ddns.net\/pachuca\/index.php\/wp-json\/wp\/v2\/types\/product"}],"replies":[{"embeddable":true,"href":"https:\/\/soydeaqui.ddns.net\/pachuca\/index.php\/wp-json\/wp\/v2\/comments?post=17992"}],"wp:featuredmedia":[{"embeddable":true,"href":"https:\/\/soydeaqui.ddns.net\/pachuca\/index.php\/wp-json\/wp\/v2\/media\/17991"}],"wp:attachment":[{"href":"https:\/\/soydeaqui.ddns.net\/pachuca\/index.php\/wp-json\/wp\/v2\/media?parent=17992"}],"wp:term":[{"taxonomy":"product_brand","embeddable":true,"href":"https:\/\/soydeaqui.ddns.net\/pachuca\/index.php\/wp-json\/wp\/v2\/product_brand?post=17992"},{"taxonomy":"product_cat","embeddable":true,"href":"https:\/\/soydeaqui.ddns.net\/pachuca\/index.php\/wp-json\/wp\/v2\/product_cat?post=17992"},{"taxonomy":"product_tag","embeddable":true,"href":"https:\/\/soydeaqui.ddns.net\/pachuca\/index.php\/wp-json\/wp\/v2\/product_tag?post=17992"}],"curies":[{"name":"wp","href":"https:\/\/api.w.org\/{rel}","templated":true}]}}