{"id":17945,"date":"2026-03-18T09:35:17","date_gmt":"2026-03-18T09:35:17","guid":{"rendered":"https:\/\/soydeaqui.ddns.net\/pachuca\/index.php\/producto\/verificador-de-red-microscanner2-para-comprobacin-de-redes-de-voz-datos-y-video-con-pantalla-lcd-retroiluminada\/"},"modified":"2026-03-18T09:35:22","modified_gmt":"2026-03-18T09:35:22","slug":"verificador-de-red-microscanner2-para-comprobacin-de-redes-de-voz-datos-y-video-con-pantalla-lcd-retroiluminada","status":"publish","type":"product","link":"https:\/\/soydeaqui.ddns.net\/pachuca\/index.php\/producto\/verificador-de-red-microscanner2-para-comprobacin-de-redes-de-voz-datos-y-video-con-pantalla-lcd-retroiluminada\/","title":{"rendered":"Verificador de Red MicroScanner2, para Comprobaci?n de Redes de Voz, Datos y Video, con Pantalla LCD Retroiluminada"},"content":{"rendered":"<div style='width: 100%; max-width: 1200px; margin: 0 auto; font-family: sans-serif; line-height: 1.6; color: inherit; background-color: transparent;'>\n<div style='display: flex; flex-wrap: wrap; gap: 30px; margin-bottom: 30px;'>\n<div style='flex: 1 1 300px; min-width: 280px;'>\n<p style='font-size: 15px; color: inherit; margin: 0 0 15px 0;'>Los verificadores de cable de la serie MicroScanner2 simplifican la comprobaci\u00f3n de cable de voz&comma; datos y video. En primer lugar&comma; recoge lo que antes eran los resultados de cuatro modos de comprobaci\u00f3n diferentes y los muestra todos a la vez: mapa de cableado gr\u00e1fico&comma; longitud de los pares&comma; distancia hasta los fallos&comma; identificaci\u00f3n de cables y dispositivos en el extremo lejano del cable. Adem\u00e1s&comma; admite pr\u00e1cticamente cualquier tipo de comprobaci\u00f3n de cable de bajo voltaje sin necesidad de adaptadores inc\u00f3modos. Como resultado&comma; se reduce el tiempo de comprobaci\u00f3n y los errores. Asimismo&comma; las instalaciones de alta calidad son ahora m\u00e1s eficientes que nunca.<\/p>\n<h3 style='font-size: 20px; border-bottom: 2px solid currentColor; padding-bottom: 5px; margin-top: 25px; margin-bottom: 15px; color: inherit; opacity: 0.8;'>El Equipo Incluye<\/h3>\n<ul style='padding-left: 20px; font-size: 15px; color: inherit; margin: 0 0 20px 0;'>\n<li style='margin-bottom: 5px;'>MicroScanner2 Cable Verifier con adaptador principal WireMap<\/li>\n<li style='margin-bottom: 5px;'>Gu\u00eda de introducci\u00f3n en varios idiomas<\/li>\n<li style='margin-bottom: 5px;'>Bater\u00edas<\/li>\n<li style='margin-bottom: 5px;'>Funda de transporte de Fluke Networks<\/li>\n<\/ul><\/div>\n<\/p><\/div>\n<div style='display: flex; flex-wrap: wrap; gap: 20px; margin-bottom: 30px;'>\n<div style='flex: 1 1 250px; border: 1px solid rgba(150&comma; 150&comma; 150&comma; 0.4); border-radius: 8px; overflow: hidden; display: flex; flex-direction: column;'>\n<div style='padding: 15px; border-bottom: 1px solid rgba(150&comma; 150&comma; 150&comma; 0.2); font-weight: bold; font-size: 18px; color: inherit;'>Par trenzado (RJ-11&comma; RJ-45)<\/div>\n<div style='padding: 15px; color: inherit;'>\n<ul style='padding-left: 20px; margin: 0; font-size: 14px; list-style-type: disc;'>\n<li style='margin-bottom: 8px;'><strong>Mapa de cableado:<\/strong> \u2713<\/li>\n<li style='margin-bottom: 8px;'><strong>Longitud \/ Distancia al fallo:<\/strong> \u2713<\/li>\n<li style='margin-bottom: 8px;'><strong>Coaxial:<\/strong> \u2713<\/li>\n<\/ul><\/div>\n<\/p><\/div>\n<div style='flex: 1 1 250px; border: 1px solid rgba(150&comma; 150&comma; 150&comma; 0.4); border-radius: 8px; overflow: hidden; display: flex; flex-direction: column;'>\n<div style='padding: 15px; border-bottom: 1px solid rgba(150&comma; 150&comma; 150&comma; 0.2); font-weight: bold; font-size: 18px; color: inherit;'>Identificaci\u00f3n del servicio<\/div>\n<div style='padding: 15px; color: inherit;'>\n<ul style='padding-left: 20px; margin: 0; font-size: 14px; list-style-type: disc;'>\n<li style='margin-bottom: 8px;'><strong>Informa de la clase de potencia m\u00e1xima:<\/strong> \u2713<\/li>\n<li style='margin-bottom: 8px;'><strong>10\/100\/1000BASE-T:<\/strong> \u2713<\/li>\n<li style='margin-bottom: 8px;'><strong>2.5GBASE-T&comma; 5GBASE-T&comma; 10GBASE-T:<\/strong> \u2713<\/li>\n<li style='margin-bottom: 8px;'><strong>Potencia sobre Ethernet:<\/strong> Detecta 802.3af \/ Informa de la clase y la potencia para 802.3af&comma; .3at y .3bt<\/li>\n<li style='margin-bottom: 8px;'><strong>Generaci\u00f3n de tonos anal\u00f3gicos y digitales:<\/strong> \u2713<\/li>\n<li style='margin-bottom: 8px;'><strong>Identificadores remotos opcionales:<\/strong> \u2713<\/li>\n<\/ul><\/div>\n<\/p><\/div>\n<\/p><\/div>\n<div style='display: flex; flex-wrap: wrap; gap: 30px; margin-bottom: 30px;'>\n<div style='flex: 1 1 300px; min-width: 280px;'>\n<h3 style='font-size: 20px; border-bottom: 2px solid currentColor; padding-bottom: 5px; margin-top: 25px; margin-bottom: 15px; color: inherit; opacity: 0.8;'>Modelos<\/h3>\n<ul style='padding-left: 20px; font-size: 15px; color: inherit; margin: 0;'>\n<li style='margin-bottom: 5px;'><strong>MicroScanner2:<\/strong> \u2713<\/li>\n<li style='margin-bottom: 5px;'><strong>MicroScanner PoE:<\/strong> \u2713<\/li>\n<\/ul><\/div>\n<\/p><\/div>\n<div style='display: flex; flex-wrap: wrap; gap: 30px; margin-bottom: 30px;'>\n<div style='flex: 1 1 300px; min-width: 280px;'> <img style='width: 100%; height: auto; border: 1px solid rgba(150&comma;150&comma;150&comma;0.3); border-radius: 8px;' src='https:\/\/es.flukenetworks.com\/sites\/default\/files\/18253_microscanner2_0.png' alt=''> <\/div>\n<\/p><\/div>\n<hr style='border: 0; border-top: 1px solid rgba(150&comma; 150&comma; 150&comma; 0.3); margin: 30px 0;'> <\/div>\n","protected":false},"excerpt":{"rendered":"<p>Verificador de Red MicroScanner2, para Comprobaci?n de Redes de Voz, Datos y Video, con Pantalla LCD Retroiluminada<\/p>\n","protected":false},"featured_media":17944,"comment_status":"open","ping_status":"closed","template":"","meta":[],"product_brand":[],"product_cat":[608],"product_tag":[586,730,25],"class_list":{"0":"post-17945","1":"product","2":"type-product","3":"status-publish","4":"has-post-thumbnail","6":"product_cat-herramientas-cableado-de-cobre","7":"product_tag-cableado-de-cobre","8":"product_tag-fluke-networks","9":"product_tag-herramientas","11":"first","12":"instock","13":"sale","14":"shipping-taxable","15":"purchasable","16":"product-type-simple"},"_links":{"self":[{"href":"https:\/\/soydeaqui.ddns.net\/pachuca\/index.php\/wp-json\/wp\/v2\/product\/17945","targetHints":{"allow":["GET"]}}],"collection":[{"href":"https:\/\/soydeaqui.ddns.net\/pachuca\/index.php\/wp-json\/wp\/v2\/product"}],"about":[{"href":"https:\/\/soydeaqui.ddns.net\/pachuca\/index.php\/wp-json\/wp\/v2\/types\/product"}],"replies":[{"embeddable":true,"href":"https:\/\/soydeaqui.ddns.net\/pachuca\/index.php\/wp-json\/wp\/v2\/comments?post=17945"}],"wp:featuredmedia":[{"embeddable":true,"href":"https:\/\/soydeaqui.ddns.net\/pachuca\/index.php\/wp-json\/wp\/v2\/media\/17944"}],"wp:attachment":[{"href":"https:\/\/soydeaqui.ddns.net\/pachuca\/index.php\/wp-json\/wp\/v2\/media?parent=17945"}],"wp:term":[{"taxonomy":"product_brand","embeddable":true,"href":"https:\/\/soydeaqui.ddns.net\/pachuca\/index.php\/wp-json\/wp\/v2\/product_brand?post=17945"},{"taxonomy":"product_cat","embeddable":true,"href":"https:\/\/soydeaqui.ddns.net\/pachuca\/index.php\/wp-json\/wp\/v2\/product_cat?post=17945"},{"taxonomy":"product_tag","embeddable":true,"href":"https:\/\/soydeaqui.ddns.net\/pachuca\/index.php\/wp-json\/wp\/v2\/product_tag?post=17945"}],"curies":[{"name":"wp","href":"https:\/\/api.w.org\/{rel}","templated":true}]}}