{"id":17913,"date":"2026-03-18T09:34:43","date_gmt":"2026-03-18T09:34:43","guid":{"rendered":"https:\/\/soydeaqui.ddns.net\/pachuca\/index.php\/producto\/cierre-de-empalme-interior-exterior-para-12-fusiones-ip68-4-puertos\/"},"modified":"2026-03-18T09:34:48","modified_gmt":"2026-03-18T09:34:48","slug":"cierre-de-empalme-interior-exterior-para-12-fusiones-ip68-4-puertos","status":"publish","type":"product","link":"https:\/\/soydeaqui.ddns.net\/pachuca\/index.php\/producto\/cierre-de-empalme-interior-exterior-para-12-fusiones-ip68-4-puertos\/","title":{"rendered":"Cierre de Empalme Interior\/Exterior para 12 Fusiones, IP68, 4 Puertos"},"content":{"rendered":"<div style='width: 100%; max-width: 1200px; margin: 0 auto; font-family: sans-serif; line-height: 1.6; color: inherit; background-color: transparent;'> <!-- Imagen principal --> <\/p>\n<div style='display: flex; justify-content: center; margin-bottom: 30px;'> <img style='width: 100%; max-width: 270px; height: auto; border: 1px solid rgba(150&comma;150&comma;150&comma;0.3); border-radius: 8px;' src='https:\/\/ftp3.syscom.mx\/usuarios\/orobles\/GREENLEE\/TEMPO-COMMUNICATIONS-lg.jpg' alt=''> <\/div>\n<p> <!-- Descripci\u00f3n principal --> <\/p>\n<div style='margin-bottom: 30px;'>\n<p style='margin: 0 0 15px; font-size: 15px; color: inherit;'>El cierre de empalme DFE101 se utiliza para facilitar las reparaciones de cables de fibra \u00f3ptica. Los tama\u00f1os de fibra comunes de cables rectangulares de 8&comma;1 mm&comma; 5&comma;4 mm y 5&comma;1 mm y cables redondos de 3&comma;0 mm y 5&comma;1 mm se acomodan con las gl\u00e1ndulas de sellado suministradas.<\/p>\n<p style='margin: 0 0 15px; font-size: 15px; color: inherit;'>Admite un total de 12 empalmes por fusi\u00f3n y 2 empalmes mec\u00e1nicos que se colocan de forma segura dentro del cierre con protecci\u00f3n al ingreso IP68. El DFE104 se puede enterrar permanentemente o montarse en el lateral de un edificio.<\/p>\n<p style='margin: 0 0 15px; font-size: 15px; color: inherit;'>El DFE101 proporciona una ubicaci\u00f3n de punto de empalme dentro de la construcci\u00f3n de la red&comma; as\u00ed como un punto de demarcaci\u00f3n en las instalaciones.<\/p>\n<\/p><\/div>\n<p> <!-- Caracter\u00edsticas --> <\/p>\n<div style='display: flex; flex-wrap: wrap; gap: 20px; margin-bottom: 30px;'>\n<div style='flex: 1 1 250px; border: 1px solid rgba(150&comma; 150&comma; 150&comma; 0.4); border-radius: 8px; overflow: hidden; display: flex; flex-direction: column;'>\n<div style='padding: 15px; border-bottom: 1px solid rgba(150&comma; 150&comma; 150&comma; 0.2); font-weight: bold; font-size: 18px; color: inherit;'>Caracter\u00edsticas<\/div>\n<div style='padding: 15px; color: inherit;'>\n<ul style='padding-left: 20px; margin: 0; font-size: 14px; list-style-type: disc;'>\n<li style='margin-bottom: 5px;'><strong>Protecci\u00f3n:<\/strong> IP68 para aplicaciones en enterrado directo<\/li>\n<li style='margin-bottom: 5px;'><strong>Puertos:<\/strong> 4 laterales para cable de fibra \u00f3ptica<\/li>\n<li style='margin-bottom: 5px;'><strong>Capacidad:<\/strong> Hasta 12 fibras<\/li>\n<li style='margin-bottom: 5px;'><strong>Compatibilidad:<\/strong> Gl\u00e1ndulas para cables rectangulares de 8.1&comma; 5.4 y 5.1 mm y redondos de 3.0 y 5.1 mm<\/li>\n<li style='margin-bottom: 5px;'><strong>Instalaci\u00f3n:<\/strong> Montaje r\u00e1pido con herramientas habituales<\/li>\n<li style='margin-bottom: 5px;'><strong>Tama\u00f1o:<\/strong> 225 x 120 x 34 mm (8.85&#8242; x 4.72&#8242; x 1.34&#8242;)<\/li>\n<li style='margin-bottom: 5px;'><strong>Peso:<\/strong> 0.3kg (0.66 lb)<\/li>\n<li style='margin-bottom: 5px;'><strong>Material:<\/strong> ABS con policarbonato (resistente a los rayos UV)<\/li>\n<li style='margin-bottom: 5px;'><strong>Color:<\/strong> Negro<\/li>\n<li style='margin-bottom: 5px;'><strong>Temperatura de Operaci\u00f3n:<\/strong> -40 a +80\u00baC<\/li>\n<li style='margin-bottom: 5px;'><strong>Temperatura de Almacenamiento:<\/strong> -40 a +80\u00baC<\/li>\n<li style='margin-bottom: 5px;'><strong>Aplicaci\u00f3n:<\/strong> Interior\/Exterior<\/li>\n<\/ul><\/div>\n<\/p><\/div>\n<\/p><\/div>\n<p> <!-- Video --> <\/p>\n<div style='margin-bottom: 30px;'>\n<div style='position: relative; padding-bottom: 56.25%; height: 0; overflow: hidden;'>   <\/div>\n<\/p><\/div>\n<\/p><\/div>\n","protected":false},"excerpt":{"rendered":"<p>Cierre de Empalme Interior\/Exterior para 12 Fusiones, IP68, 4 Puertos<\/p>\n","protected":false},"featured_media":17912,"comment_status":"open","ping_status":"closed","template":"","meta":[],"product_brand":[],"product_cat":[621],"product_tag":[622,611,658],"class_list":{"0":"post-17913","1":"product","2":"type-product","3":"status-publish","4":"has-post-thumbnail","6":"product_cat-distribuidores-de-fibra-optica","7":"product_tag-distribuidores-de-fibra-optica","8":"product_tag-fibra-optica","9":"product_tag-tempo","11":"first","12":"outofstock","13":"sale","14":"shipping-taxable","15":"purchasable","16":"product-type-simple"},"_links":{"self":[{"href":"https:\/\/soydeaqui.ddns.net\/pachuca\/index.php\/wp-json\/wp\/v2\/product\/17913","targetHints":{"allow":["GET"]}}],"collection":[{"href":"https:\/\/soydeaqui.ddns.net\/pachuca\/index.php\/wp-json\/wp\/v2\/product"}],"about":[{"href":"https:\/\/soydeaqui.ddns.net\/pachuca\/index.php\/wp-json\/wp\/v2\/types\/product"}],"replies":[{"embeddable":true,"href":"https:\/\/soydeaqui.ddns.net\/pachuca\/index.php\/wp-json\/wp\/v2\/comments?post=17913"}],"wp:featuredmedia":[{"embeddable":true,"href":"https:\/\/soydeaqui.ddns.net\/pachuca\/index.php\/wp-json\/wp\/v2\/media\/17912"}],"wp:attachment":[{"href":"https:\/\/soydeaqui.ddns.net\/pachuca\/index.php\/wp-json\/wp\/v2\/media?parent=17913"}],"wp:term":[{"taxonomy":"product_brand","embeddable":true,"href":"https:\/\/soydeaqui.ddns.net\/pachuca\/index.php\/wp-json\/wp\/v2\/product_brand?post=17913"},{"taxonomy":"product_cat","embeddable":true,"href":"https:\/\/soydeaqui.ddns.net\/pachuca\/index.php\/wp-json\/wp\/v2\/product_cat?post=17913"},{"taxonomy":"product_tag","embeddable":true,"href":"https:\/\/soydeaqui.ddns.net\/pachuca\/index.php\/wp-json\/wp\/v2\/product_tag?post=17913"}],"curies":[{"name":"wp","href":"https:\/\/api.w.org\/{rel}","templated":true}]}}