{"id":17905,"date":"2026-03-18T09:34:32","date_gmt":"2026-03-18T09:34:32","guid":{"rendered":"https:\/\/soydeaqui.ddns.net\/pachuca\/index.php\/producto\/calificador-de-red-cableiq-para-medicion-de-capacidades-en-redes-10-100-1000-base-t-y-compatibilidad-con-voip-datos-y-video\/"},"modified":"2026-03-18T09:34:38","modified_gmt":"2026-03-18T09:34:38","slug":"calificador-de-red-cableiq-para-medicion-de-capacidades-en-redes-10-100-1000-base-t-y-compatibilidad-con-voip-datos-y-video","status":"publish","type":"product","link":"https:\/\/soydeaqui.ddns.net\/pachuca\/index.php\/producto\/calificador-de-red-cableiq-para-medicion-de-capacidades-en-redes-10-100-1000-base-t-y-compatibilidad-con-voip-datos-y-video\/","title":{"rendered":"Calificador de Red CableIQ\u2122, para Medici\u00f3n de Capacidades en Redes 10\/100\/1000 Base-T, y Compatibilidad con VoIP, Datos y V\u00eddeo"},"content":{"rendered":"<div style='width: 100%; max-width: 1200px; margin: 0 auto; font-family: sans-serif; line-height: 1.6; color: inherit; background-color: transparent;'>\n<div style='display: flex; flex-wrap: wrap; gap: 30px; margin-bottom: 30px;'>\n<div style='flex: 1 1 300px; min-width: 280px;'>\n<h3 style='font-size: 22px; border-bottom: 2px solid currentColor; padding-bottom: 5px; margin-top: 0; color: inherit; opacity: 0.8;'>Descripci\u00f3n<\/h3>\n<p style='font-size: 15px; color: inherit;'>El comprobante de calificaci\u00f3n CableIQ es el primer comprobante de ancho de banda de cableado para t\u00e9cnicos de redes. Este comprobador de cable de red Ethernet brinda incluso a los t\u00e9cnicos m\u00e1s novatos la visi\u00f3n de ver qu\u00e9 velocidades puede soportar el cableado existente&comma; aislar r\u00e1pidamente el cableado de los problemas de la red y descubrir qu\u00e9 hay al otro lado de cualquier cable. Gracias a ello&comma; los t\u00e9cnicos de redes pueden cerrar con mayor rapidez las notificaciones de problemas&comma; reducir el tiempo de llamada y ahorrar dinero mediante una mejor utilizaci\u00f3n de la infraestructura existente.<\/p>\n<\/p><\/div>\n<\/p><\/div>\n<div style='display: flex; flex-wrap: wrap; gap: 20px; margin-bottom: 30px;'>\n<div style='flex: 1 1 250px; border: 1px solid rgba(150&comma; 150&comma; 150&comma; 0.4); border-radius: 8px; overflow: hidden; display: flex; flex-direction: column;'>\n<div style='padding: 15px; border-bottom: 1px solid rgba(150&comma; 150&comma; 150&comma; 0.2); font-weight: bold; font-size: 18px; color: inherit;'>Incluye<\/div>\n<div style='padding: 15px; color: inherit;'>\n<ul style='padding-left: 20px; margin: 0; font-size: 14px; list-style-type: disc;'>\n<li style='margin-bottom: 5px;'>CableIQ con adaptador remoto<\/li>\n<li style='margin-bottom: 5px;'>2 Patch Cord RJ45-RJ45<\/li>\n<li style='margin-bottom: 5px;'>Cable USB<\/li>\n<li style='margin-bottom: 5px;'>Adaptador coaxial &#8216;F&#8217;<\/li>\n<li style='margin-bottom: 5px;'>Gu\u00eda de inicio r\u00e1pido<\/li>\n<li style='margin-bottom: 5px;'>4 pilas AA<\/li>\n<li style='margin-bottom: 5px;'>Malet\u00edn de transporte<\/li>\n<\/ul><\/div>\n<\/p><\/div>\n<div style='flex: 1 1 250px; border: 1px solid rgba(150&comma; 150&comma; 150&comma; 0.4); border-radius: 8px; overflow: hidden; display: flex; flex-direction: column;'>\n<div style='padding: 15px; border-bottom: 1px solid rgba(150&comma; 150&comma; 150&comma; 0.2); font-weight: bold; font-size: 18px; color: inherit;'>Especificaciones T\u00e9cnicas<\/div>\n<div style='padding: 15px; color: inherit;'>\n<ul style='padding-left: 20px; margin: 0; font-size: 14px; list-style-type: disc;'>\n<li style='margin-bottom: 5px;'><strong>Tipos de cable admitidos:<\/strong> UTP&comma; STP&comma; FTP&comma; SSTP&comma; RG6&comma; RG59&comma; audio y seguridad<\/li>\n<li style='margin-bottom: 5px;'><strong>Autopruebas de calificaci\u00f3n:<\/strong> 1000BASE-T&comma; 100BASE-TX&comma; 10BASE-T&comma; VoIP&comma; 1394b S100&comma; TELCO&comma; mapa de cableado solamente&comma; coaxial<\/li>\n<li style='margin-bottom: 5px;'><strong>Pruebas admitidas:<\/strong> Mapa de cableado&comma; longitud&comma; rendimiento de la se\u00f1al del cable&comma; emisor de tonos digital&comma; emisor de tonos anal\u00f3gico&comma; detecci\u00f3n e identificaci\u00f3n de puertos Ethernet&comma; detecci\u00f3n de tel\u00e9fonos anal\u00f3gicos&comma; parpadeo de luz de puerto&comma; continuidad&comma; prueba de altavoz&comma; detecci\u00f3n de fallos en cables&comma; detecci\u00f3n de se\u00f1ales de v\u00eddeo.<\/li>\n<li style='margin-bottom: 5px;'><strong>Mapa de cableado:<\/strong> Puede detectar fallos en un solo cable y admite el modo MultiMap con hasta siete identificadores remotos. Muestra la longitud proporcional del cable hasta las roturas. Detecta pares divididos.<\/li>\n<li style='margin-bottom: 5px;'><strong>B\u00fasqueda de fallos:<\/strong> Mide la diafon\u00eda y la impedancia y las compara con los l\u00edmites adecuados bas\u00e1ndose en la prueba de calificaci\u00f3n seleccionada. Detecta la localizaci\u00f3n de grandes fuentes puntuales adem\u00e1s de fuentes distribuidas en el cableado si son suficientes para descalificar la aplicaci\u00f3n<\/li>\n<li style='margin-bottom: 5px;'><strong>Almacenamiento de los resultados:<\/strong> Hasta 250 resultados de calificaci\u00f3n<\/li>\n<li style='margin-bottom: 5px;'><strong>Alimentaci\u00f3n:<\/strong> 4 bater\u00edas alcalinas AA (NEDA 15A&comma; IEC LR6)<\/li>\n<li style='margin-bottom: 5px;'><strong>Duraci\u00f3n de la pila:<\/strong> 20 horas de uso medio&comma; sin retroiluminaci\u00f3n<\/li>\n<li style='margin-bottom: 5px;'><strong>Otros tipos de bater\u00edas admitidos:<\/strong> 4 pilas AA fotogr\u00e1ficas de litio&comma; NIMH&comma; NICAD<\/li>\n<li style='margin-bottom: 5px;'><strong>Dimensiones y peso:<\/strong> 17.8 cm x 8.9 cm x 4.5 cm (7 in x 3.5 in x 1.75 in) 0.55 kg (1.2 libras)<\/li>\n<\/ul><\/div>\n<\/p><\/div>\n<\/p><\/div>\n<hr style='border: 0; border-top: 1px solid rgba(150&comma; 150&comma; 150&comma; 0.3); margin: 30px 0;'> <\/div>\n","protected":false},"excerpt":{"rendered":"<p>Calificador de Red CableIQ\u2122, para Medici\u00f3n de Capacidades en Redes 10\/100\/1000 Base-T, y Compatibilidad con VoIP, Datos y V\u00eddeo<\/p>\n","protected":false},"featured_media":17904,"comment_status":"open","ping_status":"closed","template":"","meta":[],"product_brand":[],"product_cat":[608],"product_tag":[586,730,25],"class_list":{"0":"post-17905","1":"product","2":"type-product","3":"status-publish","4":"has-post-thumbnail","6":"product_cat-herramientas-cableado-de-cobre","7":"product_tag-cableado-de-cobre","8":"product_tag-fluke-networks","9":"product_tag-herramientas","11":"first","12":"outofstock","13":"sale","14":"shipping-taxable","15":"purchasable","16":"product-type-simple"},"_links":{"self":[{"href":"https:\/\/soydeaqui.ddns.net\/pachuca\/index.php\/wp-json\/wp\/v2\/product\/17905","targetHints":{"allow":["GET"]}}],"collection":[{"href":"https:\/\/soydeaqui.ddns.net\/pachuca\/index.php\/wp-json\/wp\/v2\/product"}],"about":[{"href":"https:\/\/soydeaqui.ddns.net\/pachuca\/index.php\/wp-json\/wp\/v2\/types\/product"}],"replies":[{"embeddable":true,"href":"https:\/\/soydeaqui.ddns.net\/pachuca\/index.php\/wp-json\/wp\/v2\/comments?post=17905"}],"wp:featuredmedia":[{"embeddable":true,"href":"https:\/\/soydeaqui.ddns.net\/pachuca\/index.php\/wp-json\/wp\/v2\/media\/17904"}],"wp:attachment":[{"href":"https:\/\/soydeaqui.ddns.net\/pachuca\/index.php\/wp-json\/wp\/v2\/media?parent=17905"}],"wp:term":[{"taxonomy":"product_brand","embeddable":true,"href":"https:\/\/soydeaqui.ddns.net\/pachuca\/index.php\/wp-json\/wp\/v2\/product_brand?post=17905"},{"taxonomy":"product_cat","embeddable":true,"href":"https:\/\/soydeaqui.ddns.net\/pachuca\/index.php\/wp-json\/wp\/v2\/product_cat?post=17905"},{"taxonomy":"product_tag","embeddable":true,"href":"https:\/\/soydeaqui.ddns.net\/pachuca\/index.php\/wp-json\/wp\/v2\/product_tag?post=17905"}],"curies":[{"name":"wp","href":"https:\/\/api.w.org\/{rel}","templated":true}]}}