{"id":17865,"date":"2026-03-18T09:33:49","date_gmt":"2026-03-18T09:33:49","guid":{"rendered":"https:\/\/soydeaqui.ddns.net\/pachuca\/index.php\/producto\/kit-de-extensin-de-mdulos-dsx-5000-para-certificar-cable-de-cobre-cat6a-precisin-de-nivel-v-1-ghz\/"},"modified":"2026-03-18T09:33:49","modified_gmt":"2026-03-18T09:33:49","slug":"kit-de-extensin-de-mdulos-dsx-5000-para-certificar-cable-de-cobre-cat6a-precisin-de-nivel-v-1-ghz","status":"publish","type":"product","link":"https:\/\/soydeaqui.ddns.net\/pachuca\/index.php\/producto\/kit-de-extensin-de-mdulos-dsx-5000-para-certificar-cable-de-cobre-cat6a-precisin-de-nivel-v-1-ghz\/","title":{"rendered":"Kit de Extensi?n de M?dulos DSX-5000, para Certificar Cable de Cobre Cat6A, Precisi?n de Nivel V (1 GHz)"},"content":{"rendered":"<div style='width: 100%; max-width: 1200px; margin: 0 auto; font-family: sans-serif; line-height: 1.6; color: inherit; background-color: transparent;'>\n<div style='display: flex; flex-wrap: wrap; gap: 30px; margin-bottom: 30px;'>\n<div style='flex: 1 1 300px; min-width: 280px;'> <img style='width: 100%; height: auto; border: 1px solid rgba(150&comma;150&comma;150&comma;0.3); border-radius: 8px;' src='http:\/\/ftp3.syscom.mx\/usuarios\/ftp\/2025\/12\/27\/2739\/197948fnet_white_blue_box_x_rgb.png_froala_69501b2aab6ca' alt=''> <\/div>\n<div style='flex: 1 1 300px; min-width: 280px;'>\n<h3 style='font-size: 22px; border-bottom: 2px solid currentColor; padding-bottom: 5px; margin-top: 0; color: inherit; opacity: 0.8;'>Descripci\u00f3n<\/h3>\n<p style='font-size: 15px; color: inherit;'>La serie DSX CableAnalyzer\u2122 es la soluci\u00f3n de certificaci\u00f3n de cobre de la familia de productos de certificaci\u00f3n de cableado Versiv\u2122. La serie DSX incluye el DSX-8000&comma; que puede certificar hasta cableado de Cat 8\/2 GHz&comma; y el DSX-5000&comma; que puede certificar hasta Cat 6A\/Clase FA\/1 GHz. La l\u00ednea de productos Versiv tambi\u00e9n incluye los m\u00f3dulos de certificaci\u00f3n OLTS de la fibra&comma; OTDR y de inspecci\u00f3n de la fibra Versiv reduce los costes totales de certificaci\u00f3n hasta en 2\/3&comma; sumando hasta un 10 % al balance final de cada proyecto. Aparte del tiempo de prueba m\u00e1s r\u00e1pido (8 segundos para Cat 6A)&comma; que juega su papel&comma; el sistema est\u00e1 dise\u00f1ado desde cero para reducir errores y optimizar la certificaci\u00f3n. La integraci\u00f3n completa con el servicio en la nube LinkWare Live le permite al administrador de proyectos configurar los comprobadores de forma remota&comma; monitorizar el avance del trabajo e incluso localizar el comprobador desde cualquier dispositivo inteligente.<\/p>\n<\/p><\/div>\n<\/p><\/div>\n<div style='display: flex; flex-wrap: wrap; gap: 30px; margin-bottom: 30px;'>\n<div style='flex: 1 1 300px; min-width: 280px;'>\n<h3 style='font-size: 22px; border-bottom: 2px solid currentColor; padding-bottom: 5px; margin-top: 0; color: inherit; opacity: 0.8;'>Incluye<\/h3>\n<ul style='padding-left: 20px; font-size: 15px; color: inherit;'>\n<li style='margin-bottom: 5px;'>2 m\u00f3dulos DSX-5000 CableAnalyzer<\/li>\n<li style='margin-bottom: 5px;'>Juego de adaptadores de enlace permanente de Cat 6A \/ clase EA<\/li>\n<li style='margin-bottom: 5px;'>Juego de adaptadores de canal de Cat 6A \/ clase EA<\/li>\n<li style='margin-bottom: 5px;'>2 auriculares<\/li>\n<li style='margin-bottom: 5px;'>2 correas de mano<\/li>\n<li style='margin-bottom: 5px;'>2 correas de hombro<\/li>\n<li style='margin-bottom: 5px;'>Malet\u00edn de transporte<\/li>\n<li style='margin-bottom: 5px;'>1 cargador de CA&comma;<\/li>\n<li style='margin-bottom: 5px;'>2 acopladores universales&comma;<\/li>\n<li style='margin-bottom: 5px;'>Declaraci\u00f3n de calibraci\u00f3n y gu\u00eda de introducci\u00f3n<\/li>\n<\/ul><\/div>\n<\/p><\/div>\n<div style='display: flex; flex-wrap: wrap; gap: 20px; margin-bottom: 30px;'>\n<div style='flex: 1 1 250px; border: 1px solid rgba(150&comma; 150&comma; 150&comma; 0.4); border-radius: 8px; overflow: hidden; display: flex; flex-direction: column;'>\n<div style='padding: 15px; border-bottom: 1px solid rgba(150&comma; 150&comma; 150&comma; 0.2); font-weight: bold; font-size: 18px; color: inherit;'>Certificaci\u00f3n de Cobre<\/div>\n<div style='padding: 15px; color: inherit;'>\n<ul style='padding-left: 20px; margin: 0; font-size: 14px; list-style-type: disc;'>\n<li style='margin-bottom: 5px;'><strong>Certificaci\u00f3n:<\/strong> Cat 6A \/ Clase FA \/ 1 GHz<\/li>\n<li style='margin-bottom: 5px;'><strong>Tiempo de prueba:<\/strong> 10 segundos<\/li>\n<li style='margin-bottom: 5px;'><strong>Memoria interna:<\/strong> \u2248 12.000 Cat 6A con parcelas<\/li>\n<li style='margin-bottom: 5px;'><strong>Precisi\u00f3n:<\/strong> Nivel V (1 GHz)<\/li>\n<li style='margin-bottom: 5px;'><strong>Mediciones:<\/strong> HDTDX\/HDTDR&comma; desequilibrio de resistencia&comma; integridad del escudo&comma; TCL&comma; ELTCTL&comma; CDNEXT&comma; CMRL&comma; Alien XTalk<\/li>\n<\/ul><\/div>\n<\/p><\/div>\n<div style='flex: 1 1 250px; border: 1px solid rgba(150&comma; 150&comma; 150&comma; 0.4); border-radius: 8px; overflow: hidden; display: flex; flex-direction: column;'>\n<div style='padding: 15px; border-bottom: 1px solid rgba(150&comma; 150&comma; 150&comma; 0.2); font-weight: bold; font-size: 18px; color: inherit;'>Caracter\u00edsticas Avanzadas<\/div>\n<div style='padding: 15px; color: inherit;'>\n<ul style='padding-left: 20px; margin: 0; font-size: 14px; list-style-type: disc;'>\n<li style='margin-bottom: 5px;'>Sistema Versiv\u2122 para reducir costes totales de certificaci\u00f3n<\/li>\n<li style='margin-bottom: 5px;'>Integraci\u00f3n con servicio en la nube LinkWare Live<\/li>\n<li style='margin-bottom: 5px;'>Permite configuraci\u00f3n remota de comprobadores<\/li>\n<li style='margin-bottom: 5px;'>Monitorizaci\u00f3n del avance del trabajo<\/li>\n<li style='margin-bottom: 5px;'>Localizaci\u00f3n de comprobadores desde dispositivos inteligentes<\/li>\n<\/ul><\/div>\n<\/p><\/div>\n<div style='flex: 1 1 250px; border: 1px solid rgba(150&comma; 150&comma; 150&comma; 0.4); border-radius: 8px; overflow: hidden; display: flex; flex-direction: column;'>\n<div style='padding: 15px; border-bottom: 1px solid rgba(150&comma; 150&comma; 150&comma; 0.2); font-weight: bold; font-size: 18px; color: inherit;'>Accesorios Opcionales<\/div>\n<div style='padding: 15px; color: inherit;'>\n<ul style='padding-left: 20px; margin: 0; font-size: 14px; list-style-type: disc;'>\n<li style='margin-bottom: 5px;'>Adaptador de cable de conexi\u00f3n (Cat 5e&comma; 6 y 6A)<\/li>\n<li style='margin-bottom: 5px;'>Adaptador coaxial<\/li>\n<li style='margin-bottom: 5px;'>Adaptador M12<\/li>\n<li style='margin-bottom: 5px;'>Adaptador TERA<\/li>\n<li style='margin-bottom: 5px;'>GG45\/ARJ45<\/li>\n<\/ul><\/div>\n<\/p><\/div>\n<\/p><\/div>\n<div style='display: flex; flex-wrap: wrap; gap: 20px; margin-bottom: 30px;'>\n<div style='flex: 1 1 250px; border: 1px solid rgba(150&comma; 150&comma; 150&comma; 0.4); border-radius: 8px; overflow: hidden; display: flex; flex-direction: column;'>\n<div style='padding: 15px; border-bottom: 1px solid rgba(150&comma; 150&comma; 150&comma; 0.2); font-weight: bold; font-size: 18px; color: inherit;'>Comparaci\u00f3n DSX-8000 vs DSX-5000<\/div>\n<div style='padding: 15px; color: inherit;'>\n<ul style='padding-left: 20px; margin: 0; font-size: 14px; list-style-type: disc;'>\n<li style='margin-bottom: 5px;'><strong>DSX-8000:<\/strong> Certifica hasta Cat 8\/2 GHz<\/li>\n<li style='margin-bottom: 5px;'><strong>DSX-5000:<\/strong> Certifica hasta Cat 6A\/Clase FA\/1 GHz<\/li>\n<li style='margin-bottom: 5px;'><strong>Tiempo de prueba:<\/strong> DSX-8000 (8 segundos)&comma; DSX-5000 (10 segundos)<\/li>\n<li style='margin-bottom: 5px;'><strong>Precisi\u00f3n:<\/strong> Ambos tienen nivel V (1 GHz)&comma; DSX-8000 tambi\u00e9n nivel VI (2 GHz)<\/li>\n<li style='margin-bottom: 5px;'><strong>Adaptadores:<\/strong> DSX-8000 (2 GHz)&comma; DSX-5000 (1 GHz)<\/li>\n<\/ul><\/div>\n<\/p><\/div>\n<div style='flex: 1 1 250px; border: 1px solid rgba(150&comma; 150&comma; 150&comma; 0.4); border-radius: 8px; overflow: hidden; display: flex; flex-direction: column;'>\n<div style='padding: 15px; border-bottom: 1px solid rgba(150&comma; 150&comma; 150&comma; 0.2); font-weight: bold; font-size: 18px; color: inherit;'>Capacidades de Medici\u00f3n<\/div>\n<div style='padding: 15px; color: inherit;'>\n<ul style='padding-left: 20px; margin: 0; font-size: 14px; list-style-type: disc;'>\n<li style='margin-bottom: 5px;'>Detecci\u00f3n de fallos en el escudo<\/li>\n<li style='margin-bottom: 5px;'>Medici\u00f3n de TCL<\/li>\n<li style='margin-bottom: 5px;'>Medici\u00f3n de ELTCTL<\/li>\n<li style='margin-bottom: 5px;'>Medici\u00f3n CDNEXT<\/li>\n<li style='margin-bottom: 5px;'>Medici\u00f3n CMRL<\/li>\n<li style='margin-bottom: 5px;'>Alien XTalk incorporado<\/li>\n<\/ul><\/div>\n<\/p><\/div>\n<\/p><\/div>\n<div style='display: flex; flex-wrap: wrap; gap: 20px; margin-bottom: 30px;'>\n<div style='flex: 1 1 250px; border: 1px solid rgba(150&comma; 150&comma; 150&comma; 0.4); border-radius: 8px; overflow: hidden; display: flex; flex-direction: column;'>\n<div style='padding: 15px; border-bottom: 1px solid rgba(150&comma; 150&comma; 150&comma; 0.2); font-weight: bold; font-size: 18px; color: inherit;'>Rendimiento<\/div>\n<div style='padding: 15px; color: inherit;'>\n<ul style='padding-left: 20px; margin: 0; font-size: 14px; list-style-type: disc;'>\n<li style='margin-bottom: 5px;'><strong>Tiempo de prueba:<\/strong> 8 segundos para Cat 6A<\/li>\n<li style='margin-bottom: 5px;'><strong>Memoria:<\/strong> \u2248 5.000 Cat 8 con parcelas (DSX-8000)<\/li>\n<li style='margin-bottom: 5px;'><strong>Reducci\u00f3n de errores:<\/strong> Dise\u00f1o optimizado para certificaci\u00f3n<\/li>\n<\/ul><\/div>\n<\/p><\/div>\n<div style='flex: 1 1 250px; border: 1px solid rgba(150&comma; 150&comma; 150&comma; 0.4); border-radius: 8px; overflow: hidden; display: flex; flex-direction: column;'>\n<div style='padding: 15px; border-bottom: 1px solid rgba(150&comma; 150&comma; 150&comma; 0.2); font-weight: bold; font-size: 18px; color: inherit;'>Conectividad<\/div>\n<div style='padding: 15px; color: inherit;'>\n<ul style='padding-left: 20px; margin: 0; font-size: 14px; list-style-type: disc;'>\n<li style='margin-bottom: 5px;'>Integraci\u00f3n con LinkWare Live<\/li>\n<li style='margin-bottom: 5px;'>Configuraci\u00f3n remota de comprobadores<\/li>\n<li style='margin-bottom: 5px;'>Monitorizaci\u00f3n en tiempo real<\/li>\n<li style='margin-bottom: 5px;'>Localizaci\u00f3n desde dispositivos inteligentes<\/li>\n<\/ul><\/div>\n<\/p><\/div>\n<\/p><\/div>\n<hr style='border: 0; border-top: 1px solid rgba(150&comma; 150&comma; 150&comma; 0.3); margin: 30px 0;'>\n<div style='display: flex; flex-wrap: wrap; gap: 20px;'>\n<div style='flex: 1 1 250px; border: 1px solid rgba(150&comma; 150&comma; 150&comma; 0.4); border-radius: 8px; overflow: hidden; display: flex; flex-direction: column;'>\n<div style='padding: 15px; border-bottom: 1px solid rgba(150&comma; 150&comma; 150&comma; 0.2); font-weight: bold; font-size: 18px; color: inherit;'>Comparaci\u00f3n de Adaptadores<\/div>\n<div style='padding: 15px; color: inherit;'>\n<ul style='padding-left: 20px; margin: 0; font-size: 14px; list-style-type: disc;'>\n<li style='margin-bottom: 5px;'><strong>Adaptador de canal:<\/strong> DSX-8000 (2 GHz)&comma; DSX-5000 (1 GHz)<\/li>\n<li style='margin-bottom: 5px;'><strong>Adaptador de enlace permanente:<\/strong> DSX-8000 (2 GHz)&comma; DSX-5000 (1 GHz)<\/li>\n<\/ul><\/div>\n<\/p><\/div>\n<div style='flex: 1 1 250px; border: 1px solid rgba(150&comma; 150&comma; 150&comma; 0.4); border-radius: 8px; overflow: hidden; display: flex; flex-direction: column;'>\n<div style='padding: 15px; border-bottom: 1px solid rgba(150&comma; 150&comma; 150&comma; 0.2); font-weight: bold; font-size: 18px; color: inherit;'>Capacidad de Almacenamiento<\/div>\n<div style='padding: 15px; color: inherit;'>\n<ul style='padding-left: 20px; margin: 0; font-size: 14px; list-style-type: disc;'>\n<li style='margin-bottom: 5px;'><strong>DSX-8000:<\/strong> \u2248 5.000 Cat 8 con parcelas<\/li>\n<li style='margin-bottom: 5px;'><strong>DSX-5000:<\/strong> \u2248 12.000 Cat 6A con parcelas<\/li>\n<\/ul><\/div>\n<\/p><\/div>\n<\/p><\/div>\n<\/p><\/div>\n","protected":false},"excerpt":{"rendered":"<p>Kit de Extensi?n de M?dulos DSX-5000, para Certificar Cable de Cobre Cat6A, Precisi?n de Nivel V (1 GHz)<\/p>\n","protected":false},"featured_media":17864,"comment_status":"open","ping_status":"closed","template":"","meta":[],"product_brand":[],"product_cat":[608],"product_tag":[586,730,25],"class_list":{"0":"post-17865","1":"product","2":"type-product","3":"status-publish","4":"has-post-thumbnail","6":"product_cat-herramientas-cableado-de-cobre","7":"product_tag-cableado-de-cobre","8":"product_tag-fluke-networks","9":"product_tag-herramientas","11":"first","12":"outofstock","13":"sale","14":"shipping-taxable","15":"purchasable","16":"product-type-simple"},"_links":{"self":[{"href":"https:\/\/soydeaqui.ddns.net\/pachuca\/index.php\/wp-json\/wp\/v2\/product\/17865","targetHints":{"allow":["GET"]}}],"collection":[{"href":"https:\/\/soydeaqui.ddns.net\/pachuca\/index.php\/wp-json\/wp\/v2\/product"}],"about":[{"href":"https:\/\/soydeaqui.ddns.net\/pachuca\/index.php\/wp-json\/wp\/v2\/types\/product"}],"replies":[{"embeddable":true,"href":"https:\/\/soydeaqui.ddns.net\/pachuca\/index.php\/wp-json\/wp\/v2\/comments?post=17865"}],"wp:featuredmedia":[{"embeddable":true,"href":"https:\/\/soydeaqui.ddns.net\/pachuca\/index.php\/wp-json\/wp\/v2\/media\/17864"}],"wp:attachment":[{"href":"https:\/\/soydeaqui.ddns.net\/pachuca\/index.php\/wp-json\/wp\/v2\/media?parent=17865"}],"wp:term":[{"taxonomy":"product_brand","embeddable":true,"href":"https:\/\/soydeaqui.ddns.net\/pachuca\/index.php\/wp-json\/wp\/v2\/product_brand?post=17865"},{"taxonomy":"product_cat","embeddable":true,"href":"https:\/\/soydeaqui.ddns.net\/pachuca\/index.php\/wp-json\/wp\/v2\/product_cat?post=17865"},{"taxonomy":"product_tag","embeddable":true,"href":"https:\/\/soydeaqui.ddns.net\/pachuca\/index.php\/wp-json\/wp\/v2\/product_tag?post=17865"}],"curies":[{"name":"wp","href":"https:\/\/api.w.org\/{rel}","templated":true}]}}