{"id":17861,"date":"2026-03-18T09:33:44","date_gmt":"2026-03-18T09:33:44","guid":{"rendered":"https:\/\/soydeaqui.ddns.net\/pachuca\/index.php\/producto\/certificador-dsx-5000-para-cable-de-cobre-cat5e-cat6-y-cat6a-precisin-de-nivel-v-1-ghz-con-wifi-integrado-y-pantalla-lcd-de-5-7-pulgadas-14-48-cm-versin-internacional\/"},"modified":"2026-03-18T09:33:45","modified_gmt":"2026-03-18T09:33:45","slug":"certificador-dsx-5000-para-cable-de-cobre-cat5e-cat6-y-cat6a-precisin-de-nivel-v-1-ghz-con-wifi-integrado-y-pantalla-lcd-de-5-7-pulgadas-14-48-cm-versin-internacional","status":"publish","type":"product","link":"https:\/\/soydeaqui.ddns.net\/pachuca\/index.php\/producto\/certificador-dsx-5000-para-cable-de-cobre-cat5e-cat6-y-cat6a-precisin-de-nivel-v-1-ghz-con-wifi-integrado-y-pantalla-lcd-de-5-7-pulgadas-14-48-cm-versin-internacional\/","title":{"rendered":"Certificador DSX-5000 para Cable de Cobre Cat5e, Cat6 y Cat6A, Precisi?n de Nivel V (1 GHz), Con WiFi Integrado y Pantalla LCD de 5.7 Pulgadas (14.48 cm), Versi?n Internacional"},"content":{"rendered":"<div style='width: 100%; max-width: 1200px; margin: 0 auto; font-family: sans-serif; line-height: 1.6; color: inherit; background-color: transparent;'> <!-- Descripci\u00f3n general --> <\/p>\n<div style='margin-bottom: 30px;'>\n<p style='font-size: 15px; margin-bottom: 15px; color: inherit;'>La serie DSX CableAnalyzer\u2122 es la soluci\u00f3n de certificaci\u00f3n de cobre de la familia de productos de certificaci\u00f3n de cableado Versiv\u2122. La serie DSX incluye el DSX-8000&comma; que puede certificar hasta cableado de Cat 8\/2 GHz&comma; y el DSX-5000&comma; que puede certificar hasta Cat 6A\/Clase FA\/1 GHz. La l\u00ednea de productos Versiv tambi\u00e9n incluye los m\u00f3dulos de certificaci\u00f3n OLTS de la fibra&comma; OTDR y de inspecci\u00f3n de la fibra Versiv reduce los costes totales de certificaci\u00f3n hasta en 2\/3&comma; sumando hasta un 10 % al balance final de cada proyecto. Aparte del tiempo de prueba m\u00e1s r\u00e1pido (8 segundos para Cat 6A)&comma; que juega su papel&comma; el sistema est\u00e1 dise\u00f1ado desde cero para reducir errores y optimizar la certificaci\u00f3n. La integraci\u00f3n completa con el servicio en la nube LinkWare Live le permite al administrador de proyectos configurar los comprobadores de forma remota&comma; monitorizar el avance del trabajo e incluso localizar el comprobador desde cualquier dispositivo inteligente.<\/p>\n<\/p><\/div>\n<p> <!-- Secci\u00f3n de incluye --> <\/p>\n<div style='margin-bottom: 30px;'>\n<h3 style='font-size: 22px; border-bottom: 2px solid currentColor; padding-bottom: 5px; margin-top: 0; color: inherit; opacity: 0.8;'>El equipo incluye<\/h3>\n<ul style='padding-left: 20px; font-size: 15px; color: inherit;'>\n<li style='margin-bottom: 5px;'>1 unidad principal y remota Versiv<\/li>\n<li style='margin-bottom: 5px;'>2 m\u00f3dulos DSX-5000 CableAnalyzer<\/li>\n<li style='margin-bottom: 5px;'>Juego de adaptadores de enlace permanente de Cat 6A\/Clase EA<\/li>\n<li style='margin-bottom: 5px;'>Juego de adaptadores de canal de Cat 6A\/Clase EA<\/li>\n<li style='margin-bottom: 5px;'>2 auriculares<\/li>\n<li style='margin-bottom: 5px;'>2 correas de mano<\/li>\n<li style='margin-bottom: 5px;'>2 correas de hombro<\/li>\n<li style='margin-bottom: 5px;'>Malet\u00edn de transporte<\/li>\n<li style='margin-bottom: 5px;'>Cable de interfaz USB<\/li>\n<li style='margin-bottom: 5px;'>2 cargadores de CA<\/li>\n<li style='margin-bottom: 5px;'>2 acopladores universales<\/li>\n<li style='margin-bottom: 5px;'>Wi-Fi integrado<\/li>\n<li style='margin-bottom: 5px;'>Declaraci\u00f3n de calibraci\u00f3n y gu\u00eda de introducci\u00f3n<\/li>\n<\/ul><\/div>\n<p> <!-- Secci\u00f3n de especificaciones --> <\/p>\n<div style='margin-bottom: 30px;'>\n<h3 style='font-size: 22px; border-bottom: 2px solid currentColor; padding-bottom: 5px; margin-top: 0; color: inherit; opacity: 0.8;'>Especificaciones t\u00e9cnicas<\/h3>\n<p> <!-- Tabla responsive --> <\/p>\n<div style='overflow-x: auto; -webkit-overflow-scrolling: touch; margin-top: 15px; border: 1px solid rgba(150&comma;150&comma;150&comma;0.3); border-radius: 8px;'>\n<table style='width: 100%; border-collapse: collapse; background-color: transparent;'>\n<thead style='background-color: rgba(222&comma; 224&comma; 227&comma; 0.8);'>\n<tr>\n<th style='padding: 12px; text-align: left; border-bottom: 1px solid rgba(150&comma;150&comma;150&comma;0.3); color: inherit; font-weight: 600;'>Caracter\u00edstica<\/th>\n<th style='padding: 12px; text-align: left; border-bottom: 1px solid rgba(150&comma;150&comma;150&comma;0.3); color: inherit; font-weight: 600;'>DSX-8000 CableAnalyzer\u2122<\/th>\n<th style='padding: 12px; text-align: left; border-bottom: 1px solid rgba(150&comma;150&comma;150&comma;0.3); color: inherit; font-weight: 600;'>DSX-5000 CableAnalyzer\u2122<\/th>\n<\/tr>\n<\/thead>\n<tbody>\n<tr style='background-color: rgba(222&comma; 224&comma; 227&comma; 0.2);'>\n<td style='padding: 10px; border-bottom: 1px solid rgba(150&comma;150&comma;150&comma;0.3); color: inherit;'>Tiempo de comprobaci\u00f3n de Cat 6A\/Clase EA<\/td>\n<td style='padding: 10px; border-bottom: 1px solid rgba(150&comma;150&comma;150&comma;0.3); color: inherit;'>8 segundos<\/td>\n<td style='padding: 10px; border-bottom: 1px solid rgba(150&comma;150&comma;150&comma;0.3); color: inherit;'>10 segundos<\/td>\n<\/tr>\n<tr>\n<td style='padding: 10px; border-bottom: 1px solid rgba(150&comma;150&comma;150&comma;0.3); color: inherit;'>Tiempo de comprobaci\u00f3n de Cat 8\/Clase I\/II<\/td>\n<td style='padding: 10px; border-bottom: 1px solid rgba(150&comma;150&comma;150&comma;0.3); color: inherit;'>16 segundos<\/td>\n<td style='padding: 10px; border-bottom: 1px solid rgba(150&comma;150&comma;150&comma;0.3); color: inherit;'> <\/td>\n<\/tr>\n<tr style='background-color: rgba(222&comma; 224&comma; 227&comma; 0.2);'>\n<td style='padding: 10px; border-bottom: 1px solid rgba(150&comma;150&comma;150&comma;0.3); color: inherit;'>Tiempos de las pruebas de diagn\u00f3stico HDTDX\/HDTDR<\/td>\n<td style='padding: 10px; border-bottom: 1px solid rgba(150&comma;150&comma;150&comma;0.3); color: inherit;'>\u2248 3 segundos<\/td>\n<td style='padding: 10px; border-bottom: 1px solid rgba(150&comma;150&comma;150&comma;0.3); color: inherit;'>\u2248 3 segundos<\/td>\n<\/tr>\n<tr>\n<td style='padding: 10px; border-bottom: 1px solid rgba(150&comma;150&comma;150&comma;0.3); color: inherit;'>Memoria interna<\/td>\n<td style='padding: 10px; border-bottom: 1px solid rgba(150&comma;150&comma;150&comma;0.3); color: inherit;'>\u2248 5.000 Cat 8 con gr\u00e1ficos; \u2248 12.000 Cat 6A con gr\u00e1ficos<\/td>\n<td style='padding: 10px; border-bottom: 1px solid rgba(150&comma;150&comma;150&comma;0.3); color: inherit;'>\u2248 12.000 Cat 6A con gr\u00e1ficos<\/td>\n<\/tr>\n<tr style='background-color: rgba(222&comma; 224&comma; 227&comma; 0.2);'>\n<td style='padding: 10px; border-bottom: 1px solid rgba(150&comma;150&comma;150&comma;0.3); color: inherit;'>Precisi\u00f3n de Nivel V (1 GHz)<\/td>\n<td style='padding: 10px; border-bottom: 1px solid rgba(150&comma;150&comma;150&comma;0.3); color: inherit;'>\u2713<\/td>\n<td style='padding: 10px; border-bottom: 1px solid rgba(150&comma;150&comma;150&comma;0.3); color: inherit;'>\u2713<\/td>\n<\/tr>\n<tr>\n<td style='padding: 10px; border-bottom: 1px solid rgba(150&comma;150&comma;150&comma;0.3); color: inherit;'>Precisi\u00f3n de Nivel VI\/2G (2 GHz)<\/td>\n<td style='padding: 10px; border-bottom: 1px solid rgba(150&comma;150&comma;150&comma;0.3); color: inherit;'>\u2713<\/td>\n<td style='padding: 10px; border-bottom: 1px solid rgba(150&comma;150&comma;150&comma;0.3); color: inherit;'> <\/td>\n<\/tr>\n<tr style='background-color: rgba(222&comma; 224&comma; 227&comma; 0.2);'>\n<td style='padding: 10px; border-bottom: 1px solid rgba(150&comma;150&comma;150&comma;0.3); color: inherit;'>Medici\u00f3n del desequilibrio de resistencia<\/td>\n<td style='padding: 10px; border-bottom: 1px solid rgba(150&comma;150&comma;150&comma;0.3); color: inherit;'>\u2713<\/td>\n<td style='padding: 10px; border-bottom: 1px solid rgba(150&comma;150&comma;150&comma;0.3); color: inherit;'>\u2713<\/td>\n<\/tr>\n<tr>\n<td style='padding: 10px; border-bottom: 1px solid rgba(150&comma;150&comma;150&comma;0.3); color: inherit;'>Prueba de integridad del apantallamiento y distancia a fallos<\/td>\n<td style='padding: 10px; border-bottom: 1px solid rgba(150&comma;150&comma;150&comma;0.3); color: inherit;'>\u2713<\/td>\n<td style='padding: 10px; border-bottom: 1px solid rgba(150&comma;150&comma;150&comma;0.3); color: inherit;'>\u2713<\/td>\n<\/tr>\n<tr style='background-color: rgba(222&comma; 224&comma; 227&comma; 0.2);'>\n<td style='padding: 10px; border-bottom: 1px solid rgba(150&comma;150&comma;150&comma;0.3); color: inherit;'>Medici\u00f3n de TCL<\/td>\n<td style='padding: 10px; border-bottom: 1px solid rgba(150&comma;150&comma;150&comma;0.3); color: inherit;'>\u2713<\/td>\n<td style='padding: 10px; border-bottom: 1px solid rgba(150&comma;150&comma;150&comma;0.3); color: inherit;'>\u2713<\/td>\n<\/tr>\n<tr>\n<td style='padding: 10px; border-bottom: 1px solid rgba(150&comma;150&comma;150&comma;0.3); color: inherit;'>Medici\u00f3n de ELTCTL<\/td>\n<td style='padding: 10px; border-bottom: 1px solid rgba(150&comma;150&comma;150&comma;0.3); color: inherit;'>\u2713<\/td>\n<td style='padding: 10px; border-bottom: 1px solid rgba(150&comma;150&comma;150&comma;0.3); color: inherit;'>\u2713<\/td>\n<\/tr>\n<tr style='background-color: rgba(222&comma; 224&comma; 227&comma; 0.2);'>\n<td style='padding: 10px; border-bottom: 1px solid rgba(150&comma;150&comma;150&comma;0.3); color: inherit;'>Medici\u00f3n de CDNEXT<\/td>\n<td style='padding: 10px; border-bottom: 1px solid rgba(150&comma;150&comma;150&comma;0.3); color: inherit;'>\u2713<\/td>\n<td style='padding: 10px; border-bottom: 1px solid rgba(150&comma;150&comma;150&comma;0.3); color: inherit;'>\u2713<\/td>\n<\/tr>\n<tr>\n<td style='padding: 10px; border-bottom: 1px solid rgba(150&comma;150&comma;150&comma;0.3); color: inherit;'>Medici\u00f3n de CMRL<\/td>\n<td style='padding: 10px; border-bottom: 1px solid rgba(150&comma;150&comma;150&comma;0.3); color: inherit;'>\u2713<\/td>\n<td style='padding: 10px; border-bottom: 1px solid rgba(150&comma;150&comma;150&comma;0.3); color: inherit;'>\u2713<\/td>\n<\/tr>\n<tr style='background-color: rgba(222&comma; 224&comma; 227&comma; 0.2);'>\n<td style='padding: 10px; border-bottom: 1px solid rgba(150&comma;150&comma;150&comma;0.3); color: inherit;'>Funcionalidad Alien XTalk integrada<\/td>\n<td style='padding: 10px; border-bottom: 1px solid rgba(150&comma;150&comma;150&comma;0.3); color: inherit;'>\u2713<\/td>\n<td style='padding: 10px; border-bottom: 1px solid rgba(150&comma;150&comma;150&comma;0.3); color: inherit;'>\u2713<\/td>\n<\/tr>\n<tr>\n<td style='padding: 10px; border-bottom: 1px solid rgba(150&comma;150&comma;150&comma;0.3); color: inherit;'>Adaptador de canal<\/td>\n<td style='padding: 10px; border-bottom: 1px solid rgba(150&comma;150&comma;150&comma;0.3); color: inherit;'>Rango de 2 GHz<\/td>\n<td style='padding: 10px; border-bottom: 1px solid rgba(150&comma;150&comma;150&comma;0.3); color: inherit;'>Rango de 1 GHz<\/td>\n<\/tr>\n<tr style='background-color: rgba(222&comma; 224&comma; 227&comma; 0.2);'>\n<td style='padding: 10px; border-bottom: 1px solid rgba(150&comma;150&comma;150&comma;0.3); color: inherit;'>Adaptador de enlace permanente<\/td>\n<td style='padding: 10px; border-bottom: 1px solid rgba(150&comma;150&comma;150&comma;0.3); color: inherit;'>Rango de 2 GHz<\/td>\n<td style='padding: 10px; border-bottom: 1px solid rgba(150&comma;150&comma;150&comma;0.3); color: inherit;'>Rango de 1 GHz<\/td>\n<\/tr>\n<tr>\n<td style='padding: 10px; border-bottom: 1px solid rgba(150&comma;150&comma;150&comma;0.3); color: inherit; background-color: #a7a9ac; color: #ffffff; font-weight: bold;' colspan='3'>Accesorios opcionales<\/td>\n<\/tr>\n<tr style='background-color: rgba(222&comma; 224&comma; 227&comma; 0.2);'>\n<td style='padding: 10px; border-bottom: 1px solid rgba(150&comma;150&comma;150&comma;0.3); color: inherit;'>Adaptador para latiguillos<\/td>\n<td style='padding: 10px; border-bottom: 1px solid rgba(150&comma;150&comma;150&comma;0.3); color: inherit;'>Patch Cords de Cat 5e&comma; 6 y 6A<\/td>\n<td style='padding: 10px; border-bottom: 1px solid rgba(150&comma;150&comma;150&comma;0.3); color: inherit;'>Patch Cords Cat 5e&comma; 6 y 6A<\/td>\n<\/tr>\n<tr>\n<td style='padding: 10px; border-bottom: 1px solid rgba(150&comma;150&comma;150&comma;0.3); color: inherit;'>Adaptador coaxial<\/td>\n<td style='padding: 10px; border-bottom: 1px solid rgba(150&comma;150&comma;150&comma;0.3); color: inherit;'>\u2713<\/td>\n<td style='padding: 10px; border-bottom: 1px solid rgba(150&comma;150&comma;150&comma;0.3); color: inherit;'>\u2713<\/td>\n<\/tr>\n<tr style='background-color: rgba(222&comma; 224&comma; 227&comma; 0.2);'>\n<td style='padding: 10px; border-bottom: 1px solid rgba(150&comma;150&comma;150&comma;0.3); color: inherit;'>Adaptador M12<\/td>\n<td style='padding: 10px; border-bottom: 1px solid rgba(150&comma;150&comma;150&comma;0.3); color: inherit;'>\u2713<\/td>\n<td style='padding: 10px; border-bottom: 1px solid rgba(150&comma;150&comma;150&comma;0.3); color: inherit;'>\u2713<\/td>\n<\/tr>\n<tr>\n<td style='padding: 10px; border-bottom: 1px solid rgba(150&comma;150&comma;150&comma;0.3); color: inherit;'>Adaptador TERA<\/td>\n<td style='padding: 10px; border-bottom: 1px solid rgba(150&comma;150&comma;150&comma;0.3); color: inherit;'>\u2713<\/td>\n<td style='padding: 10px; border-bottom: 1px solid rgba(150&comma;150&comma;150&comma;0.3); color: inherit;'>\u2713<\/td>\n<\/tr>\n<tr style='background-color: rgba(222&comma; 224&comma; 227&comma; 0.2);'>\n<td style='padding: 10px; border-bottom: 1px solid rgba(150&comma;150&comma;150&comma;0.3); color: inherit;'>GG45\/ARJ45<\/td>\n<td style='padding: 10px; border-bottom: 1px solid rgba(150&comma;150&comma;150&comma;0.3); color: inherit;'>\u2713<\/td>\n<td style='padding: 10px; border-bottom: 1px solid rgba(150&comma;150&comma;150&comma;0.3); color: inherit;'>\u2713<\/td>\n<\/tr>\n<\/tbody>\n<\/table><\/div>\n<\/p><\/div>\n<p> <!-- Separador --> <\/p>\n<hr style='border: 0; border-top: 1px solid rgba(150&comma; 150&comma; 150&comma; 0.3); margin: 30px 0;'> <\/div>\n","protected":false},"excerpt":{"rendered":"<p>Certificador DSX-5000 para Cable de Cobre Cat5e, Cat6 y Cat6A, Precisi?n de Nivel V (1 GHz), Con WiFi Integrado y Pantalla LCD de 5.7 Pulgadas (14.48 cm), Versi?n Internacional<\/p>\n","protected":false},"featured_media":17860,"comment_status":"open","ping_status":"closed","template":"","meta":[],"product_brand":[],"product_cat":[608],"product_tag":[586,730,25],"class_list":{"0":"post-17861","1":"product","2":"type-product","3":"status-publish","4":"has-post-thumbnail","6":"product_cat-herramientas-cableado-de-cobre","7":"product_tag-cableado-de-cobre","8":"product_tag-fluke-networks","9":"product_tag-herramientas","11":"first","12":"instock","13":"sale","14":"shipping-taxable","15":"purchasable","16":"product-type-simple"},"_links":{"self":[{"href":"https:\/\/soydeaqui.ddns.net\/pachuca\/index.php\/wp-json\/wp\/v2\/product\/17861","targetHints":{"allow":["GET"]}}],"collection":[{"href":"https:\/\/soydeaqui.ddns.net\/pachuca\/index.php\/wp-json\/wp\/v2\/product"}],"about":[{"href":"https:\/\/soydeaqui.ddns.net\/pachuca\/index.php\/wp-json\/wp\/v2\/types\/product"}],"replies":[{"embeddable":true,"href":"https:\/\/soydeaqui.ddns.net\/pachuca\/index.php\/wp-json\/wp\/v2\/comments?post=17861"}],"wp:featuredmedia":[{"embeddable":true,"href":"https:\/\/soydeaqui.ddns.net\/pachuca\/index.php\/wp-json\/wp\/v2\/media\/17860"}],"wp:attachment":[{"href":"https:\/\/soydeaqui.ddns.net\/pachuca\/index.php\/wp-json\/wp\/v2\/media?parent=17861"}],"wp:term":[{"taxonomy":"product_brand","embeddable":true,"href":"https:\/\/soydeaqui.ddns.net\/pachuca\/index.php\/wp-json\/wp\/v2\/product_brand?post=17861"},{"taxonomy":"product_cat","embeddable":true,"href":"https:\/\/soydeaqui.ddns.net\/pachuca\/index.php\/wp-json\/wp\/v2\/product_cat?post=17861"},{"taxonomy":"product_tag","embeddable":true,"href":"https:\/\/soydeaqui.ddns.net\/pachuca\/index.php\/wp-json\/wp\/v2\/product_tag?post=17861"}],"curies":[{"name":"wp","href":"https:\/\/api.w.org\/{rel}","templated":true}]}}