{"id":17856,"date":"2026-03-18T09:33:40","date_gmt":"2026-03-18T09:33:40","guid":{"rendered":"https:\/\/soydeaqui.ddns.net\/pachuca\/index.php\/producto\/kit-de-verificacin-simplifiber-para-fibra-ptica-monomodo-con-fuente-de-1310-1550-nm-y-medidor-de-potencia\/"},"modified":"2026-03-18T09:33:40","modified_gmt":"2026-03-18T09:33:40","slug":"kit-de-verificacin-simplifiber-para-fibra-ptica-monomodo-con-fuente-de-1310-1550-nm-y-medidor-de-potencia","status":"publish","type":"product","link":"https:\/\/soydeaqui.ddns.net\/pachuca\/index.php\/producto\/kit-de-verificacin-simplifiber-para-fibra-ptica-monomodo-con-fuente-de-1310-1550-nm-y-medidor-de-potencia\/","title":{"rendered":"Kit de Verificaci?n SimpliFiber para Fibra ?ptica Monomodo, con Fuente de 1310\/1550 nm y Medidor de Potencia"},"content":{"rendered":"<div style='width: 100%; max-width: 1200px; margin: 0 auto; font-family: sans-serif; line-height: 1.6; color: inherit; background-color: transparent;'> <!-- Descripci\u00f3n principal --> <\/p>\n<div style='margin-bottom: 30px;'>\n<p style='font-size: 15px; margin-bottom: 15px; color: inherit;'>El medidor de potencia \u00f3ptica SimpliFiber\u00ae Pro y los kits de comprobaci\u00f3n de fibra incluyen todas las herramientas necesarias para verificar y solucionar los problemas de los sistemas de cableado de fibra \u00f3ptica&comma; para medir los niveles de p\u00e9rdidas y potencia y para inspeccionar y limpiar los extremos de los conectores de fibras. Pueden presumir de funciones l\u00edderes del sector como la certificaci\u00f3n a dos longitudes de onda y la detecci\u00f3n autom\u00e1tica de la longitud de onda&comma; adem\u00e1s de una serie de funciones exclusivas&comma; como por ejemplo&comma; CheckActive\u2122&comma; FindFiber\u2122 y M\u00ednimos\/M\u00e1ximos.<\/p>\n<\/p><\/div>\n<p> <!-- Secci\u00f3n de contenido con flex --> <\/p>\n<div style='display: flex; flex-wrap: wrap; gap: 30px; margin-bottom: 30px;'>\n<div style='flex: 1 1 300px; min-width: 280px;'>\n<h3 style='font-size: 22px; border-bottom: 2px solid currentColor; padding-bottom: 5px; margin-top: 0; color: inherit; opacity: 0.8;'>Incluye<\/h3>\n<ul style='padding-left: 20px; font-size: 15px; color: inherit;'>\n<li style='margin-bottom: 5px;'>Medidor de potencia \u00f3ptica SimpliFiber Pro<\/li>\n<li style='margin-bottom: 5px;'>Fuente monomodo 1310\/1550<\/li>\n<li style='margin-bottom: 5px;'>Malet\u00edn de transporte<\/li>\n<li style='margin-bottom: 5px;'>Adaptador de medidor de potencia SC<\/li>\n<\/ul><\/div>\n<\/p><\/div>\n<p> <!-- Secci\u00f3n de cards con especificaciones --> <\/p>\n<div style='display: flex; flex-wrap: wrap; gap: 20px; margin-bottom: 30px;'>\n<div style='flex: 1 1 250px; border: 1px solid rgba(150&comma; 150&comma; 150&comma; 0.4); border-radius: 8px; overflow: hidden; display: flex; flex-direction: column;'>\n<div style='padding: 15px; border-bottom: 1px solid rgba(150&comma; 150&comma; 150&comma; 0.2); font-weight: bold; font-size: 18px; color: inherit; background-color: #a7a9ac; color: #ffffff;'>Fuente \u00f3ptica monomodo<\/div>\n<div style='padding: 15px; color: inherit;'>\n<ul style='padding-left: 20px; margin: 0; font-size: 14px; list-style-type: disc;'>\n<li style='margin-bottom: 5px;'><strong>Tipo de emisor:<\/strong> L\u00e1ser FP: 1310 nm\/1550 nm dual<\/li>\n<li style='margin-bottom: 5px;'><strong>Longitud de onda central:<\/strong> 1310 nm: \u00b120 nm<br \/>1550 nm: \u00b130 nm<\/li>\n<li style='margin-bottom: 5px;'><strong>Ancho de banda espectral (RMS):<\/strong> 1310 nm: 2 nm (m\u00e1ximo)<br \/>1550 nm: 3 nm (m\u00e1ximo)<\/li>\n<li style='margin-bottom: 5px;'><strong>Potencia de salida m\u00ednima:<\/strong> 1310\/1550 nm: \u2265 -7 dBm (media)<\/li>\n<li style='margin-bottom: 5px;'><strong>Estabilidad de potencia de salida<sup style='font-size: 12px; position: relative; top: -0.5em; vertical-align: baseline;'>1<\/sup>:<\/strong> \u00b10&comma;25 dB durante 8 horas<\/li>\n<li style='margin-bottom: 5px;'><strong>Conmutaci\u00f3n autom\u00e1tica de doble longitud de onda:<\/strong> S\u00ed. El usuario puede activarlo o desactivarlo.<\/li>\n<li style='margin-bottom: 5px;'><strong>Conector \u00f3ptico:<\/strong> Fixed SC2<\/li>\n<li style='margin-bottom: 5px;'><strong>Condici\u00f3n de lanzamiento:<\/strong> 9\/125 \u03bcm de fibra<\/li>\n<li style='margin-bottom: 5px;'><strong>Generaci\u00f3n de c\u00f3digo FindFiber:<\/strong> S\u00ed. Fijado en ID 2.<\/li>\n<li style='margin-bottom: 5px;'><strong>Modos:<\/strong> CW&comma; 2 kHz modulado&comma; longitud de onda autom\u00e1tica<\/li>\n<li style='margin-bottom: 5px;'><strong>Requisito de potencia:<\/strong> 2 pilas alcalinas AA<\/li>\n<li style='margin-bottom: 5px;'><strong>Duraci\u00f3n de la pila<sup style='font-size: 12px; position: relative; top: -0.5em; vertical-align: baseline;'>3<\/sup>:<\/strong> 30 horas (media)<\/li>\n<li style='margin-bottom: 5px;'><strong>Apagado autom\u00e1tico:<\/strong> 30 minutos (el usuario puede activarlo o desactivarlo)<\/li>\n<li style='margin-bottom: 5px;'><strong>Advertencia de pila baja:<\/strong> El LED parpadea.<\/li>\n<li style='margin-bottom: 5px;'><strong>Tama\u00f1o (Longitud x Ancho x Altura):<\/strong> 5&comma;6 in x 3&comma;2 in x 1&comma;6 in<br \/>(14&comma;2 cm x 8&comma;1 cm x 4&comma;1cm)<\/li>\n<li style='margin-bottom: 5px;'><strong>Peso:<\/strong> 278 g (9&comma;8 oz)<\/li>\n<\/ul><\/div>\n<\/p><\/div>\n<\/p><\/div>\n<p> <!-- Notas --> <\/p>\n<div style='margin-bottom: 30px;'>\n<p style='font-size: 12px; color: inherit; opacity: 0.7; margin: 0; padding: 0; line-height: 1.4;'> <em style='color: inherit;'> 1 23 \u00baC \u00b1 2 \u00baC&comma; tras 5 minutos de calentamiento<br \/> 2 Los conectores LC y ST se pueden comprobar con accesorios de latiguillos de comprobaci\u00f3n h\u00edbridos.<br \/> 3 En el modo de longitud de onda autom\u00e1tico&comma; la vida \u00fatil de la pila depende de la condici\u00f3n y el tipo de pilas utilizadas. Fluke Networks recomienda las pilas alcalinas. <\/em> <\/p>\n<\/p><\/div>\n<p> <!-- Separador --> <\/p>\n<hr style='border: 0; border-top: 1px solid rgba(150&comma; 150&comma; 150&comma; 0.3); margin: 30px 0;'> <\/div>\n","protected":false},"excerpt":{"rendered":"<p>Kit de Verificaci?n SimpliFiber para Fibra ?ptica Monomodo, con Fuente de 1310\/1550 nm y Medidor de Potencia<\/p>\n","protected":false},"featured_media":17855,"comment_status":"open","ping_status":"closed","template":"","meta":[],"product_brand":[],"product_cat":[636],"product_tag":[611,730,25],"class_list":{"0":"post-17856","1":"product","2":"type-product","3":"status-publish","4":"has-post-thumbnail","6":"product_cat-herramientas-fibra-optica","7":"product_tag-fibra-optica","8":"product_tag-fluke-networks","9":"product_tag-herramientas","11":"first","12":"instock","13":"sale","14":"shipping-taxable","15":"purchasable","16":"product-type-simple"},"_links":{"self":[{"href":"https:\/\/soydeaqui.ddns.net\/pachuca\/index.php\/wp-json\/wp\/v2\/product\/17856","targetHints":{"allow":["GET"]}}],"collection":[{"href":"https:\/\/soydeaqui.ddns.net\/pachuca\/index.php\/wp-json\/wp\/v2\/product"}],"about":[{"href":"https:\/\/soydeaqui.ddns.net\/pachuca\/index.php\/wp-json\/wp\/v2\/types\/product"}],"replies":[{"embeddable":true,"href":"https:\/\/soydeaqui.ddns.net\/pachuca\/index.php\/wp-json\/wp\/v2\/comments?post=17856"}],"wp:featuredmedia":[{"embeddable":true,"href":"https:\/\/soydeaqui.ddns.net\/pachuca\/index.php\/wp-json\/wp\/v2\/media\/17855"}],"wp:attachment":[{"href":"https:\/\/soydeaqui.ddns.net\/pachuca\/index.php\/wp-json\/wp\/v2\/media?parent=17856"}],"wp:term":[{"taxonomy":"product_brand","embeddable":true,"href":"https:\/\/soydeaqui.ddns.net\/pachuca\/index.php\/wp-json\/wp\/v2\/product_brand?post=17856"},{"taxonomy":"product_cat","embeddable":true,"href":"https:\/\/soydeaqui.ddns.net\/pachuca\/index.php\/wp-json\/wp\/v2\/product_cat?post=17856"},{"taxonomy":"product_tag","embeddable":true,"href":"https:\/\/soydeaqui.ddns.net\/pachuca\/index.php\/wp-json\/wp\/v2\/product_tag?post=17856"}],"curies":[{"name":"wp","href":"https:\/\/api.w.org\/{rel}","templated":true}]}}