{"id":17850,"date":"2026-03-18T09:33:33","date_gmt":"2026-03-18T09:33:33","guid":{"rendered":"https:\/\/soydeaqui.ddns.net\/pachuca\/index.php\/producto\/herramienta-para-comprobacin-de-lneas-telefnicas-ts52-pro-con-pantalla-lcd-y-teclado-con-brillo\/"},"modified":"2026-03-18T09:33:34","modified_gmt":"2026-03-18T09:33:34","slug":"herramienta-para-comprobacin-de-lneas-telefnicas-ts52-pro-con-pantalla-lcd-y-teclado-con-brillo","status":"publish","type":"product","link":"https:\/\/soydeaqui.ddns.net\/pachuca\/index.php\/producto\/herramienta-para-comprobacin-de-lneas-telefnicas-ts52-pro-con-pantalla-lcd-y-teclado-con-brillo\/","title":{"rendered":"Herramienta Para Comprobaci?n de L?neas Telef?nicas TS52 PRO, Con Pantalla LCD y Teclado Con Brillo"},"content":{"rendered":"<div style='width: 100%; max-width: 1200px; margin: 0 auto; font-family: sans-serif; line-height: 1.6; color: inherit; background-color: transparent;'>\n<div style='display: flex; flex-wrap: wrap; gap: 30px; margin-bottom: 30px;'>\n<div style='flex: 1 1 300px; min-width: 280px;'>\n<h3 style='font-size: 22px; border-bottom: 2px solid currentColor; padding-bottom: 5px; margin-top: 0; color: inherit; opacity: 0.8;'>Descripci\u00f3n<\/h3>\n<p style='font-size: 15px; color: inherit; margin-bottom: 15px;'>El nuevo TS52 PRO Test Set de Fluke Networks es lo \u00faltimo en la tecnolog\u00eda de certificaci\u00f3n. Dise\u00f1ado con una pantalla de cristal l\u00edquido radiante (LCD) superior de interfaz de usuario&comma; permite que usted vea lo que no se puede o\u00edr en ning\u00fan ambiente exterior de la planta.<\/p>\n<p style='font-size: 15px; color: inherit; margin-bottom: 15px;'>La retroiluminaci\u00f3n de LCD y el teclado num\u00e9rico fosforescente (brilla en la oscuridad) iluminan hasta los lugares de trabajo m\u00e1s oscuros y proporcionan una claridad perfecta del diagn\u00f3stico de la l\u00ednea.<\/p>\n<p style='font-size: 15px; color: inherit; margin-bottom: 15px;'>El TS52 PRO Test Set tambi\u00e9n est\u00e1 equipado con tecnolog\u00eda bidireccional de altavoz y con tecnolog\u00eda de protecci\u00f3n de datos DataSafe\u2122 Pro que ofrece una supervisi\u00f3n superior de alta impedancia&comma; bloqueo de datos y cancelaci\u00f3n de bloqueo&comma; lo que garantiza la total seguridad del usuario.<\/p>\n<\/p><\/div>\n<\/p><\/div>\n<div style='display: flex; flex-wrap: wrap; gap: 20px; margin-bottom: 30px;'>\n<div style='flex: 1 1 250px; border: 1px solid rgba(150&comma; 150&comma; 150&comma; 0.4); border-radius: 8px; overflow: hidden; display: flex; flex-direction: column;'>\n<div style='padding: 15px; border-bottom: 1px solid rgba(150&comma; 150&comma; 150&comma; 0.2); font-weight: bold; font-size: 18px; color: inherit;'>Caracter\u00edsticas principales<\/div>\n<div style='padding: 15px; color: inherit;'>\n<ul style='padding-left: 20px; margin: 0; font-size: 14px; list-style-type: disc;'>\n<li style='margin-bottom: 5px;'>Pantalla LCD radiante para interfaz superior<\/li>\n<li style='margin-bottom: 5px;'>Retroiluminaci\u00f3n y teclado fosforescente para claridad<\/li>\n<li style='margin-bottom: 5px;'>Tecnolog\u00eda bidireccional de altavoz para comunicaci\u00f3n clara<\/li>\n<li style='margin-bottom: 5px;'>Protecci\u00f3n de datos DataSafe Pro para seguridad<\/li>\n<li style='margin-bottom: 5px;'>Supervisi\u00f3n superior de alta impedancia y bloqueo<\/li>\n<\/ul><\/div>\n<\/p><\/div>\n<\/p><\/div>\n<hr style='border: 0; border-top: 1px solid rgba(150&comma; 150&comma; 150&comma; 0.3); margin: 30px 0;'> <\/div>\n","protected":false},"excerpt":{"rendered":"<p>Herramienta Para Comprobaci?n de L?neas Telef?nicas TS52 PRO, Con Pantalla LCD y Teclado Con Brillo<\/p>\n","protected":false},"featured_media":17849,"comment_status":"open","ping_status":"closed","template":"","meta":[],"product_brand":[],"product_cat":[608],"product_tag":[586,730,25],"class_list":{"0":"post-17850","1":"product","2":"type-product","3":"status-publish","4":"has-post-thumbnail","6":"product_cat-herramientas-cableado-de-cobre","7":"product_tag-cableado-de-cobre","8":"product_tag-fluke-networks","9":"product_tag-herramientas","11":"first","12":"instock","13":"sale","14":"shipping-taxable","15":"purchasable","16":"product-type-simple"},"_links":{"self":[{"href":"https:\/\/soydeaqui.ddns.net\/pachuca\/index.php\/wp-json\/wp\/v2\/product\/17850","targetHints":{"allow":["GET"]}}],"collection":[{"href":"https:\/\/soydeaqui.ddns.net\/pachuca\/index.php\/wp-json\/wp\/v2\/product"}],"about":[{"href":"https:\/\/soydeaqui.ddns.net\/pachuca\/index.php\/wp-json\/wp\/v2\/types\/product"}],"replies":[{"embeddable":true,"href":"https:\/\/soydeaqui.ddns.net\/pachuca\/index.php\/wp-json\/wp\/v2\/comments?post=17850"}],"wp:featuredmedia":[{"embeddable":true,"href":"https:\/\/soydeaqui.ddns.net\/pachuca\/index.php\/wp-json\/wp\/v2\/media\/17849"}],"wp:attachment":[{"href":"https:\/\/soydeaqui.ddns.net\/pachuca\/index.php\/wp-json\/wp\/v2\/media?parent=17850"}],"wp:term":[{"taxonomy":"product_brand","embeddable":true,"href":"https:\/\/soydeaqui.ddns.net\/pachuca\/index.php\/wp-json\/wp\/v2\/product_brand?post=17850"},{"taxonomy":"product_cat","embeddable":true,"href":"https:\/\/soydeaqui.ddns.net\/pachuca\/index.php\/wp-json\/wp\/v2\/product_cat?post=17850"},{"taxonomy":"product_tag","embeddable":true,"href":"https:\/\/soydeaqui.ddns.net\/pachuca\/index.php\/wp-json\/wp\/v2\/product_tag?post=17850"}],"curies":[{"name":"wp","href":"https:\/\/api.w.org\/{rel}","templated":true}]}}