{"id":17848,"date":"2026-03-18T09:33:31","date_gmt":"2026-03-18T09:33:31","guid":{"rendered":"https:\/\/soydeaqui.ddns.net\/pachuca\/index.php\/producto\/herramienta-para-comprobacin-de-lneas-telefnicas-ts52-pro-pantalla-lcd-y-teclado-con-brillo-con-abn-pp-y-plug-rj11\/"},"modified":"2026-03-18T09:33:32","modified_gmt":"2026-03-18T09:33:32","slug":"herramienta-para-comprobacin-de-lneas-telefnicas-ts52-pro-pantalla-lcd-y-teclado-con-brillo-con-abn-pp-y-plug-rj11","status":"publish","type":"product","link":"https:\/\/soydeaqui.ddns.net\/pachuca\/index.php\/producto\/herramienta-para-comprobacin-de-lneas-telefnicas-ts52-pro-pantalla-lcd-y-teclado-con-brillo-con-abn-pp-y-plug-rj11\/","title":{"rendered":"Herramienta Para Comprobaci?n de L?neas Telef?nicas TS52 PRO, Pantalla LCD y Teclado Con Brillo, Con ABN\/PP y Plug RJ11"},"content":{"rendered":"<div style='width: 100%; max-width: 1200px; margin: 0 auto; font-family: sans-serif; line-height: 1.6; color: inherit; background-color: transparent;'>\n<div style='display: flex; flex-wrap: wrap; gap: 30px; margin-bottom: 30px;'>\n<div style='flex: 1 1 300px; min-width: 280px;'>\n<h3 style='font-size: 22px; border-bottom: 2px solid currentColor; padding-bottom: 5px; margin-top: 0; color: inherit; opacity: 0.8;'>Descripci\u00f3n<\/h3>\n<p style='font-size: 15px; color: inherit; margin-bottom: 15px;'>El nuevo TS52 PRO Test Set de Fluke Networks representa la \u00faltima generaci\u00f3n en tecnolog\u00eda de certificaci\u00f3n para l\u00edneas telef\u00f3nicas. Incorpora una avanzada pantalla de cristal l\u00edquido (LCD) con interfaz de usuario optimizada que permite visualizar informaci\u00f3n que no es audible en cualquier entorno de planta exterior.<\/p>\n<p style='font-size: 15px; color: inherit; margin-bottom: 15px;'>La retroiluminaci\u00f3n de la pantalla LCD y el teclado num\u00e9rico fosforescente (brilla en la oscuridad) permiten su uso eficiente en espacios con poca iluminaci\u00f3n&comma; ofreciendo una claridad \u00f3ptima para el diagn\u00f3stico de l\u00edneas telef\u00f3nicas.<\/p>\n<p style='font-size: 15px; color: inherit; margin-bottom: 15px;'>Equipado con tecnolog\u00eda de altavoz bidireccional y protecci\u00f3n de datos DataSafe\u2122 Pro&comma; proporciona monitoreo de alta impedancia&comma; bloqueo de datos y cancelaci\u00f3n de bloqueo&comma; garantizando la seguridad del usuario durante las pruebas.<\/p>\n<\/p><\/div>\n<\/p><\/div>\n<hr style='border: 0; border-top: 1px solid rgba(150&comma; 150&comma; 150&comma; 0.3); margin: 30px 0;'> <\/div>\n","protected":false},"excerpt":{"rendered":"<p>Herramienta Para Comprobaci?n de L?neas Telef?nicas TS52 PRO, Pantalla LCD y Teclado Con Brillo, Con ABN\/PP y Plug RJ11<\/p>\n","protected":false},"featured_media":32,"comment_status":"open","ping_status":"closed","template":"","meta":[],"product_brand":[],"product_cat":[608],"product_tag":[586,730,25],"class_list":{"0":"post-17848","1":"product","2":"type-product","3":"status-publish","4":"has-post-thumbnail","6":"product_cat-herramientas-cableado-de-cobre","7":"product_tag-cableado-de-cobre","8":"product_tag-fluke-networks","9":"product_tag-herramientas","11":"first","12":"outofstock","13":"sale","14":"shipping-taxable","15":"purchasable","16":"product-type-simple"},"_links":{"self":[{"href":"https:\/\/soydeaqui.ddns.net\/pachuca\/index.php\/wp-json\/wp\/v2\/product\/17848","targetHints":{"allow":["GET"]}}],"collection":[{"href":"https:\/\/soydeaqui.ddns.net\/pachuca\/index.php\/wp-json\/wp\/v2\/product"}],"about":[{"href":"https:\/\/soydeaqui.ddns.net\/pachuca\/index.php\/wp-json\/wp\/v2\/types\/product"}],"replies":[{"embeddable":true,"href":"https:\/\/soydeaqui.ddns.net\/pachuca\/index.php\/wp-json\/wp\/v2\/comments?post=17848"}],"wp:featuredmedia":[{"embeddable":true,"href":"https:\/\/soydeaqui.ddns.net\/pachuca\/index.php\/wp-json\/wp\/v2\/media\/32"}],"wp:attachment":[{"href":"https:\/\/soydeaqui.ddns.net\/pachuca\/index.php\/wp-json\/wp\/v2\/media?parent=17848"}],"wp:term":[{"taxonomy":"product_brand","embeddable":true,"href":"https:\/\/soydeaqui.ddns.net\/pachuca\/index.php\/wp-json\/wp\/v2\/product_brand?post=17848"},{"taxonomy":"product_cat","embeddable":true,"href":"https:\/\/soydeaqui.ddns.net\/pachuca\/index.php\/wp-json\/wp\/v2\/product_cat?post=17848"},{"taxonomy":"product_tag","embeddable":true,"href":"https:\/\/soydeaqui.ddns.net\/pachuca\/index.php\/wp-json\/wp\/v2\/product_tag?post=17848"}],"curies":[{"name":"wp","href":"https:\/\/api.w.org\/{rel}","templated":true}]}}