{"id":17843,"date":"2026-03-18T09:33:23","date_gmt":"2026-03-18T09:33:23","guid":{"rendered":"https:\/\/soydeaqui.ddns.net\/pachuca\/index.php\/producto\/herramienta-de-terminacin-jackrapid-para-conectores-de-impacto-110-de-panduit-nk6x88m-nk688m-y-nkp5e88m\/"},"modified":"2026-03-18T09:33:28","modified_gmt":"2026-03-18T09:33:28","slug":"herramienta-de-terminacin-jackrapid-para-conectores-de-impacto-110-de-panduit-nk6x88m-nk688m-y-nkp5e88m","status":"publish","type":"product","link":"https:\/\/soydeaqui.ddns.net\/pachuca\/index.php\/producto\/herramienta-de-terminacin-jackrapid-para-conectores-de-impacto-110-de-panduit-nk6x88m-nk688m-y-nkp5e88m\/","title":{"rendered":"Herramienta de Terminaci?n JackRapid, Para Conectores de Impacto 110 de Panduit NK6X88M, NK688M y NKP5E88M"},"content":{"rendered":"<div style='width: 100%; max-width: 1200px; margin: 0 auto; font-family: sans-serif; line-height: 1.6; color: inherit; background-color: transparent;'>\n<div style='display: flex; flex-wrap: wrap; gap: 30px; margin-bottom: 30px;'>\n<div style='flex: 1 1 300px; min-width: 280px;'>\n<h3 style='font-size: 22px; border-bottom: 2px solid currentColor; padding-bottom: 5px; margin-top: 0; color: inherit; opacity: 0.8;'>Descripci\u00f3n<\/h3>\n<p style='font-size: 15px; color: inherit; margin-bottom: 15px;'>La herramienta patentada de terminaci\u00f3n de Jacks le permite terminar los conectores 8 veces m\u00e1s r\u00e1pido.<\/p>\n<ul style='padding-left: 20px; font-size: 15px; color: inherit;'>\n<li style='margin-bottom: 5px;'>Reduce los tiempos de instalaci\u00f3n: manija de f\u00e1cil uso&comma; asienta y corta todos los hilos del cable de una vez&comma; permitiendo ahorrar hasta 1 minuto de tiempo de instalaci\u00f3n por conector<\/li>\n<li style='margin-bottom: 5px;'>Terminaciones consistentes y de gran calidad: se acabaron las conexiones imperfectas y los conectores inservibles<\/li>\n<li style='margin-bottom: 5px;'>Uso sencillo&comma; con una sola mano&comma; gracias a la manija de dise\u00f1o ergon\u00f3mico que reduce la fatiga de las manos<\/li>\n<li style='margin-bottom: 5px;'>Dise\u00f1o exclusivo que se adapta f\u00e1cilmente a las instalaciones cerca de la pared<\/li>\n<li style='margin-bottom: 5px;'>Cabeza de cuchilla reemplazable para usar con varios tipos de conector<\/li>\n<\/ul><\/div>\n<\/p><\/div>\n<div style='display: flex; flex-wrap: wrap; gap: 30px; margin-bottom: 30px;'>\n<div style='flex: 1 1 300px; min-width: 280px;'>\n<h3 style='font-size: 22px; border-bottom: 2px solid currentColor; padding-bottom: 5px; margin-top: 0; color: inherit; opacity: 0.8;'>Video<\/h3>\n<div style='position: relative; padding-bottom: 56.25%; height: 0; overflow: hidden; margin-bottom: 30px;'>   <\/div>\n<\/p><\/div>\n<\/p><\/div>\n<hr style='border: 0; border-top: 1px solid rgba(150&comma; 150&comma; 150&comma; 0.3); margin: 30px 0;'> <\/div>\n","protected":false},"excerpt":{"rendered":"<p>Herramienta de Terminaci?n JackRapid, Para Conectores de Impacto 110 de Panduit NK6X88M, NK688M y NKP5E88M<\/p>\n","protected":false},"featured_media":17842,"comment_status":"open","ping_status":"closed","template":"","meta":[],"product_brand":[],"product_cat":[608],"product_tag":[586,730,25],"class_list":{"0":"post-17843","1":"product","2":"type-product","3":"status-publish","4":"has-post-thumbnail","6":"product_cat-herramientas-cableado-de-cobre","7":"product_tag-cableado-de-cobre","8":"product_tag-fluke-networks","9":"product_tag-herramientas","11":"first","12":"instock","13":"sale","14":"shipping-taxable","15":"purchasable","16":"product-type-simple"},"_links":{"self":[{"href":"https:\/\/soydeaqui.ddns.net\/pachuca\/index.php\/wp-json\/wp\/v2\/product\/17843","targetHints":{"allow":["GET"]}}],"collection":[{"href":"https:\/\/soydeaqui.ddns.net\/pachuca\/index.php\/wp-json\/wp\/v2\/product"}],"about":[{"href":"https:\/\/soydeaqui.ddns.net\/pachuca\/index.php\/wp-json\/wp\/v2\/types\/product"}],"replies":[{"embeddable":true,"href":"https:\/\/soydeaqui.ddns.net\/pachuca\/index.php\/wp-json\/wp\/v2\/comments?post=17843"}],"wp:featuredmedia":[{"embeddable":true,"href":"https:\/\/soydeaqui.ddns.net\/pachuca\/index.php\/wp-json\/wp\/v2\/media\/17842"}],"wp:attachment":[{"href":"https:\/\/soydeaqui.ddns.net\/pachuca\/index.php\/wp-json\/wp\/v2\/media?parent=17843"}],"wp:term":[{"taxonomy":"product_brand","embeddable":true,"href":"https:\/\/soydeaqui.ddns.net\/pachuca\/index.php\/wp-json\/wp\/v2\/product_brand?post=17843"},{"taxonomy":"product_cat","embeddable":true,"href":"https:\/\/soydeaqui.ddns.net\/pachuca\/index.php\/wp-json\/wp\/v2\/product_cat?post=17843"},{"taxonomy":"product_tag","embeddable":true,"href":"https:\/\/soydeaqui.ddns.net\/pachuca\/index.php\/wp-json\/wp\/v2\/product_tag?post=17843"}],"curies":[{"name":"wp","href":"https:\/\/api.w.org\/{rel}","templated":true}]}}