{"id":17796,"date":"2026-03-18T09:32:34","date_gmt":"2026-03-18T09:32:34","guid":{"rendered":"https:\/\/soydeaqui.ddns.net\/pachuca\/index.php\/producto\/panel-de-distribucin-de-fibra-ptica-acepta-12-cassettes-hd-flex-y-144-fibras-por-ur-hasta-2-ur-2\/"},"modified":"2026-03-18T09:32:39","modified_gmt":"2026-03-18T09:32:39","slug":"panel-de-distribucin-de-fibra-ptica-acepta-12-cassettes-hd-flex-y-144-fibras-por-ur-hasta-2-ur-2","status":"publish","type":"product","link":"https:\/\/soydeaqui.ddns.net\/pachuca\/index.php\/producto\/panel-de-distribucin-de-fibra-ptica-acepta-12-cassettes-hd-flex-y-144-fibras-por-ur-hasta-2-ur-2\/","title":{"rendered":"Panel de Distribuci?n de Fibra ?ptica, Acepta 12 Cassettes HD Flex y 144 Fibras por UR, Hasta 2 UR"},"content":{"rendered":"<div style='width: 100%; max-width: 1200px; margin: 0 auto; font-family: sans-serif; line-height: 1.6; color: inherit; background-color: transparent;'> <!-- Secci\u00f3n de descripci\u00f3n general --> <\/p>\n<div style='margin-bottom: 30px;'>\n<h3 style='font-size: 22px; border-bottom: 2px solid currentColor; padding-bottom: 5px; margin-top: 0; color: inherit; opacity: 0.8;'>Descripci\u00f3n General<\/h3>\n<p style='color: inherit; font-size: 15px; margin-top: 10px; margin-bottom: 10px;'>Los paneles HD Flex\u2122 organizan&comma; administran y protegen el cable de fibra \u00f3ptica&comma; las terminaciones&comma; los empalmes&comma; los conectores y los jumpers. Funciona con todos los casetes HD Flex\u2122 y paneles adaptadores de fibra (FAP).<\/p>\n<\/p><\/div>\n<p> <!-- Secci\u00f3n de especificaciones t\u00e9cnicas --> <\/p>\n<div style='display: flex; flex-wrap: wrap; gap: 30px; margin-bottom: 30px;'>\n<div style='flex: 1 1 300px; min-width: 280px;'>\n<h3 style='font-size: 22px; border-bottom: 2px solid currentColor; padding-bottom: 5px; margin-top: 0; color: inherit; opacity: 0.8;'>Especificaciones T\u00e9cnicas<\/h3>\n<ul style='padding-left: 20px; font-size: 15px; color: inherit; list-style-type: disc;'>\n<li style='margin-bottom: 5px;'><strong>N\u00famero de unidades de rack:<\/strong> 2<\/li>\n<li style='margin-bottom: 5px;'><strong>Ancho total (pulg.):<\/strong> 19.69<\/li>\n<li style='margin-bottom: 5px;'><strong>Ancho total (mm):<\/strong> 500.1<\/li>\n<li style='margin-bottom: 5px;'><strong>Profundidad total (pulg.):<\/strong> 15.11<\/li>\n<li style='margin-bottom: 5px;'><strong>Profundidad total (mm):<\/strong> 383.7<\/li>\n<li style='margin-bottom: 5px;'><strong>Altura total (pulg.):<\/strong> 3.4<\/li>\n<li style='margin-bottom: 5px;'><strong>Altura total (mm):<\/strong> 86.2<\/li>\n<li style='margin-bottom: 5px;'><strong>Cumple con RoHS:<\/strong> S\u00ed<\/li>\n<li style='margin-bottom: 5px;'><strong>Color:<\/strong> Negro<\/li>\n<li style='margin-bottom: 5px;'><strong>Material:<\/strong> Acero y pl\u00e1stico<\/li>\n<li style='margin-bottom: 5px;'><strong>Instalaci\u00f3n:<\/strong> Montaje en racks de 19&#8242; EIA-310<\/li>\n<\/ul><\/div>\n<p> <!-- Secci\u00f3n de capacidad de fibra \u00f3ptica --> <\/p>\n<div style='flex: 1 1 300px; min-width: 280px;'>\n<h3 style='font-size: 22px; border-bottom: 2px solid currentColor; padding-bottom: 5px; margin-top: 0; color: inherit; opacity: 0.8;'>Capacidad de Fibra \u00d3ptica<\/h3>\n<ul style='padding-left: 20px; font-size: 15px; color: inherit; list-style-type: disc;'>\n<li style='margin-bottom: 5px;'><strong>Cassettes soportados:<\/strong> Hasta 12 cassettes HD Flex\u2122 por UR<\/li>\n<li style='margin-bottom: 5px;'><strong>Capacidad por UR:<\/strong> Hasta 144 fibras<\/li>\n<li style='margin-bottom: 5px;'><strong>Configuraciones:<\/strong> 12F MPO a 6 Duplex LC&comma; 24F MPO a 12 Duplex LC&comma; 4-to-1 Breakout&comma; 12-to-3 Breakout<\/li>\n<li style='margin-bottom: 5px;'><strong>Cassettes 6-port:<\/strong> 864 fibras por 6-port 12F MPO FAP<\/li>\n<li style='margin-bottom: 5px;'><strong>Cassettes 12-port:<\/strong> 1728 fibras por 6-port 24F MPO FAP<\/li>\n<\/ul><\/div>\n<\/p><\/div>\n<p> <!-- Secci\u00f3n de caracter\u00edsticas principales --> <\/p>\n<div style='margin-bottom: 30px;'>\n<h3 style='font-size: 22px; border-bottom: 2px solid currentColor; padding-bottom: 5px; margin-top: 0; color: inherit; opacity: 0.8;'>Caracter\u00edsticas Principales<\/h3>\n<ul style='padding-left: 20px; font-size: 15px; color: inherit; list-style-type: disc;'>\n<li style='margin-bottom: 5px;'>Dise\u00f1o modular que acepta cassettes de 12 fibras<\/li>\n<li style='margin-bottom: 5px;'>Compatibilidad con todos los cassettes y paneles adaptadores HD Flex\u2122<\/li>\n<li style='margin-bottom: 5px;'>Acceso frontal y trasero a conexiones<\/li>\n<li style='margin-bottom: 5px;'>Bandeja dividida que permite operaci\u00f3n independiente de cada mitad<\/li>\n<li style='margin-bottom: 5px;'>Bandeja con posici\u00f3n de bloqueo en dos posiciones extendidas<\/li>\n<li style='margin-bottom: 5px;'>Conversi\u00f3n entre cassettes de 6 y 12 puertos<\/li>\n<li style='margin-bottom: 5px;'>Acepta instalaci\u00f3n frontal de cassettes y paneles adaptadores<\/li>\n<li style='margin-bottom: 5px;'>Dise\u00f1o de acero para mayor durabilidad<\/li>\n<\/ul><\/div>\n<p> <!-- Secci\u00f3n de beneficios --> <\/p>\n<div style='margin-bottom: 30px;'>\n<h3 style='font-size: 22px; border-bottom: 2px solid currentColor; padding-bottom: 5px; margin-top: 0; color: inherit; opacity: 0.8;'>Beneficios<\/h3>\n<ul style='padding-left: 20px; font-size: 15px; color: inherit; list-style-type: disc;'>\n<li style='margin-bottom: 5px;'>Mayor densidad de campo de parcheo en menos unidades de rack<\/li>\n<li style='margin-bottom: 5px;'>Versatilidad y flexibilidad con soluci\u00f3n totalmente modular<\/li>\n<li style='margin-bottom: 5px;'>F\u00e1cil acceso a conexiones para mejor servicio<\/li>\n<li style='margin-bottom: 5px;'>Mejor confiabilidad y servicio en conexiones de red redundantes<\/li>\n<li style='margin-bottom: 5px;'>Instalaci\u00f3n r\u00e1pida y confiable para soluciones de parcheo<\/li>\n<li style='margin-bottom: 5px;'>Ahorro de espacio en el rack<\/li>\n<\/ul><\/div>\n<p> <!-- Secci\u00f3n de aplicaciones --> <\/p>\n<div style='margin-bottom: 30px;'>\n<h3 style='font-size: 22px; border-bottom: 2px solid currentColor; padding-bottom: 5px; margin-top: 0; color: inherit; opacity: 0.8;'>Aplicaciones<\/h3>\n<p style='color: inherit; font-size: 15px; margin-top: 10px; margin-bottom: 10px;'>Los Enclosures HD Flex\u2122 para Fibra \u00d3ptica proporcionan un sistema para administrar terminaciones de fibra&comma; conexiones y parcheo en todo tipo de aplicaciones. Son ideales para soluciones de parcheo r\u00e1pidas y confiables dentro de \u00e1reas principales de distribuci\u00f3n&comma; horizontales y\/o de equipos (MDA&comma; HDA y EDA).<\/p>\n<\/p><\/div>\n<p> <!-- Secci\u00f3n de componentes compatibles --> <\/p>\n<div style='margin-bottom: 30px;'>\n<h3 style='font-size: 22px; border-bottom: 2px solid currentColor; padding-bottom: 5px; margin-top: 0; color: inherit; opacity: 0.8;'>Componentes Compatibles<\/h3>\n<ul style='padding-left: 20px; font-size: 15px; color: inherit; list-style-type: disc;'>\n<li style='margin-bottom: 5px;'>Cassettes HD Flex\u2122 Fiber<\/li>\n<li style='margin-bottom: 5px;'>Paneles adaptadores de fibra (FAP)<\/li>\n<li style='margin-bottom: 5px;'>Cables de transici\u00f3n HD Flex\u2122 Trunk<\/li>\n<li style='margin-bottom: 5px;'>Gestores de cableado<\/li>\n<li style='margin-bottom: 5px;'>Placas de gesti\u00f3n de fibra \u00f3ptica<\/li>\n<\/ul><\/div>\n<p> <!-- Separador final --> <\/p>\n<hr style='border: 0; border-top: 1px solid rgba(150&comma; 150&comma; 150&comma; 0.3); margin: 30px 0;'> <\/div>\n","protected":false},"excerpt":{"rendered":"<p>Panel de Distribuci?n de Fibra ?ptica, Acepta 12 Cassettes HD Flex y 144 Fibras por UR, Hasta 2 UR<\/p>\n","protected":false},"featured_media":17795,"comment_status":"open","ping_status":"closed","template":"","meta":[],"product_brand":[],"product_cat":[621],"product_tag":[622,611,445],"class_list":{"0":"post-17796","1":"product","2":"type-product","3":"status-publish","4":"has-post-thumbnail","6":"product_cat-distribuidores-de-fibra-optica","7":"product_tag-distribuidores-de-fibra-optica","8":"product_tag-fibra-optica","9":"product_tag-panduit","11":"first","12":"outofstock","13":"sale","14":"shipping-taxable","15":"purchasable","16":"product-type-simple"},"_links":{"self":[{"href":"https:\/\/soydeaqui.ddns.net\/pachuca\/index.php\/wp-json\/wp\/v2\/product\/17796","targetHints":{"allow":["GET"]}}],"collection":[{"href":"https:\/\/soydeaqui.ddns.net\/pachuca\/index.php\/wp-json\/wp\/v2\/product"}],"about":[{"href":"https:\/\/soydeaqui.ddns.net\/pachuca\/index.php\/wp-json\/wp\/v2\/types\/product"}],"replies":[{"embeddable":true,"href":"https:\/\/soydeaqui.ddns.net\/pachuca\/index.php\/wp-json\/wp\/v2\/comments?post=17796"}],"wp:featuredmedia":[{"embeddable":true,"href":"https:\/\/soydeaqui.ddns.net\/pachuca\/index.php\/wp-json\/wp\/v2\/media\/17795"}],"wp:attachment":[{"href":"https:\/\/soydeaqui.ddns.net\/pachuca\/index.php\/wp-json\/wp\/v2\/media?parent=17796"}],"wp:term":[{"taxonomy":"product_brand","embeddable":true,"href":"https:\/\/soydeaqui.ddns.net\/pachuca\/index.php\/wp-json\/wp\/v2\/product_brand?post=17796"},{"taxonomy":"product_cat","embeddable":true,"href":"https:\/\/soydeaqui.ddns.net\/pachuca\/index.php\/wp-json\/wp\/v2\/product_cat?post=17796"},{"taxonomy":"product_tag","embeddable":true,"href":"https:\/\/soydeaqui.ddns.net\/pachuca\/index.php\/wp-json\/wp\/v2\/product_tag?post=17796"}],"curies":[{"name":"wp","href":"https:\/\/api.w.org\/{rel}","templated":true}]}}