{"id":1775,"date":"2026-03-18T05:49:42","date_gmt":"2026-03-18T05:49:42","guid":{"rendered":"https:\/\/soydeaqui.ddns.net\/pachuca\/index.php\/producto\/poste-de-esquina-para-cerca-electrificada-tubo-galva-de-1-4m-cal-18-de-1-diam-sin-pintar-ideal-para-6-aisladores\/"},"modified":"2026-03-18T05:49:44","modified_gmt":"2026-03-18T05:49:44","slug":"poste-de-esquina-para-cerca-electrificada-tubo-galva-de-1-4m-cal-18-de-1-diam-sin-pintar-ideal-para-6-aisladores","status":"publish","type":"product","link":"https:\/\/soydeaqui.ddns.net\/pachuca\/index.php\/producto\/poste-de-esquina-para-cerca-electrificada-tubo-galva-de-1-4m-cal-18-de-1-diam-sin-pintar-ideal-para-6-aisladores\/","title":{"rendered":"Poste de Esquina  para Cerca Electrificada. Tubo Galva. de 1.4m, cal. 18 de 1&#8243; Diam. (Sin pintar). Ideal para 6 Aisladores"},"content":{"rendered":"<div style='width: 100%; max-width: 1200px; margin: 0 auto; font-family: sans-serif; line-height: 1.6; color: inherit; background-color: transparent;'>\n<div style='display: flex; flex-wrap: wrap; gap: 30px; margin-bottom: 30px;'>\n<div style='flex: 1 1 300px; min-width: 280px;'>\n<h3 style='font-size: 22px; border-bottom: 2px solid currentColor; padding-bottom: 5px; margin-top: 0; color: inherit; opacity: 0.8;'>Caracter\u00edsticas Destacadas<\/h3>\n<ul style='padding-left: 20px; font-size: 15px; color: inherit;'>\n<li style='margin-bottom: 5px;'>Poste para 6 Aisladores de Esquina (No incluidos)<\/li>\n<li style='margin-bottom: 5px;'>Material: Tubo de Acero Galvanizado Cal. 18 Di\u00e1metro 1&#8242;<\/li>\n<li style='margin-bottom: 5px;'>Pintura: Sin pintar<\/li>\n<li style='margin-bottom: 5px;'>Altura: 1.4 m<\/li>\n<li style='margin-bottom: 5px;'>Instalaci\u00f3n: Fijaci\u00f3n directa en perforaci\u00f3n en concreto<\/li>\n<li style='margin-bottom: 5px;'>Incluye Tap\u00f3n para evitar entrada de agua<\/li>\n<\/ul><\/div>\n<\/p><\/div>\n<div style='display: flex; flex-wrap: wrap; gap: 20px; margin-bottom: 30px;'>\n<div style='flex: 1 1 250px; border: 1px solid rgba(150&comma; 150&comma; 150&comma; 0.4); border-radius: 8px; overflow: hidden; display: flex; flex-direction: column;'>\n<div style='padding: 15px; border-bottom: 1px solid rgba(150&comma; 150&comma; 150&comma; 0.2); font-weight: bold; font-size: 18px; color: inherit;'>Caracter\u00edsticas T\u00e9cnicas<\/div>\n<div style='padding: 15px; color: inherit;'>\n<ul style='padding-left: 20px; margin: 0; font-size: 14px; list-style-type: disc;'>\n<li style='margin-bottom: 5px;'><strong>Material:<\/strong> Tubo de acero galvanizado calibre 18<\/li>\n<li style='margin-bottom: 5px;'><strong>Di\u00e1metro:<\/strong> 1 pulgada<\/li>\n<li style='margin-bottom: 5px;'><strong>Altura:<\/strong> 1.4 metros<\/li>\n<li style='margin-bottom: 5px;'><strong>Acabado:<\/strong> Sin pintar<\/li>\n<li style='margin-bottom: 5px;'><strong>Aplicaci\u00f3n:<\/strong> Poste de esquina para cerca electrificada<\/li>\n<\/ul><\/div>\n<\/p><\/div>\n<\/p><\/div>\n<hr style='border: 0; border-top: 1px solid rgba(150&comma; 150&comma; 150&comma; 0.3); margin: 30px 0;'> <\/div>\n","protected":false},"excerpt":{"rendered":"<p>Poste de Esquina  para Cerca Electrificada. Tubo Galva. de 1.4m, cal. 18 de 1&#8243; Diam. (Sin pintar). Ideal para 6 Aisladores<\/p>\n","protected":false},"featured_media":1774,"comment_status":"open","ping_status":"closed","template":"","meta":[],"product_brand":[],"product_cat":[387],"product_tag":[82,181,388],"class_list":{"0":"post-1775","1":"product","2":"type-product","3":"status-publish","4":"has-post-thumbnail","6":"product_cat-postes","7":"product_tag-cercas-electricas","8":"product_tag-epcom-industrial","9":"product_tag-postes","11":"first","12":"instock","13":"sale","14":"shipping-taxable","15":"purchasable","16":"product-type-simple"},"_links":{"self":[{"href":"https:\/\/soydeaqui.ddns.net\/pachuca\/index.php\/wp-json\/wp\/v2\/product\/1775","targetHints":{"allow":["GET"]}}],"collection":[{"href":"https:\/\/soydeaqui.ddns.net\/pachuca\/index.php\/wp-json\/wp\/v2\/product"}],"about":[{"href":"https:\/\/soydeaqui.ddns.net\/pachuca\/index.php\/wp-json\/wp\/v2\/types\/product"}],"replies":[{"embeddable":true,"href":"https:\/\/soydeaqui.ddns.net\/pachuca\/index.php\/wp-json\/wp\/v2\/comments?post=1775"}],"wp:featuredmedia":[{"embeddable":true,"href":"https:\/\/soydeaqui.ddns.net\/pachuca\/index.php\/wp-json\/wp\/v2\/media\/1774"}],"wp:attachment":[{"href":"https:\/\/soydeaqui.ddns.net\/pachuca\/index.php\/wp-json\/wp\/v2\/media?parent=1775"}],"wp:term":[{"taxonomy":"product_brand","embeddable":true,"href":"https:\/\/soydeaqui.ddns.net\/pachuca\/index.php\/wp-json\/wp\/v2\/product_brand?post=1775"},{"taxonomy":"product_cat","embeddable":true,"href":"https:\/\/soydeaqui.ddns.net\/pachuca\/index.php\/wp-json\/wp\/v2\/product_cat?post=1775"},{"taxonomy":"product_tag","embeddable":true,"href":"https:\/\/soydeaqui.ddns.net\/pachuca\/index.php\/wp-json\/wp\/v2\/product_tag?post=1775"}],"curies":[{"name":"wp","href":"https:\/\/api.w.org\/{rel}","templated":true}]}}