{"id":17744,"date":"2026-03-18T09:31:36","date_gmt":"2026-03-18T09:31:36","guid":{"rendered":"https:\/\/soydeaqui.ddns.net\/pachuca\/index.php\/producto\/derivacion-t-horizontal-de-aluminio-perfil-z-peralte-3-1-4-ancho-6-radio-8-incluye-tornilleria-chthez314r8x6ak\/"},"modified":"2026-03-18T09:31:40","modified_gmt":"2026-03-18T09:31:40","slug":"derivacion-t-horizontal-de-aluminio-perfil-z-peralte-3-1-4-ancho-6-radio-8-incluye-tornilleria-chthez314r8x6ak","status":"publish","type":"product","link":"https:\/\/soydeaqui.ddns.net\/pachuca\/index.php\/producto\/derivacion-t-horizontal-de-aluminio-perfil-z-peralte-3-1-4-ancho-6-radio-8-incluye-tornilleria-chthez314r8x6ak\/","title":{"rendered":"Derivaci\u00f3n &#8220;T&#8221; Horizontal de Aluminio Perfil Z \/ Peralte 3 1\/4&#8243; \/ Ancho 6&#8243;\/ Radio 8&#8243; \/ Incluye Torniller\u00eda (CHTHEZ314R8X6AK)"},"content":{"rendered":"<div style='width: 100%; max-width: 1200px; margin: 0 auto; font-family: sans-serif; line-height: 1.6; color: inherit; background-color: transparent;'>\n<div style='display: flex; flex-wrap: wrap; gap: 30px; margin-bottom: 30px;'>\n<div style='flex: 1 1 300px; min-width: 280px;'>\n<h3 style='font-size: 22px; border-bottom: 2px solid currentColor; padding-bottom: 5px; margin-top: 0; color: inherit; opacity: 0.8;'>Caracter\u00edsticas Generales<\/h3>\n<ul style='padding-left: 20px; font-size: 15px; color: inherit;'>\n<li style='margin-bottom: 5px;'>Derivaci\u00f3n &#8216;T&#8217; horizontal de Aluminio portacables <strong style='color: inherit;'>Perfil Z<\/strong><\/li>\n<li style='margin-bottom: 5px;'><strong style='color: inherit;'>Peralte<\/strong> (Alto) <strong style='color: inherit;'>3 1\/4 Pulgadas<\/strong><\/li>\n<li style='margin-bottom: 5px;'><strong style='color: inherit;'>Ancho<\/strong> 6 Pulgadas<\/li>\n<li style='margin-bottom: 5px;'>Se puede instalar en ambientes <strong style='color: inherit;'>interiores<\/strong>&comma; <strong style='color: inherit;'>exteriores<\/strong>&comma; <strong style='color: inherit;'>salinos<\/strong>&comma; <strong style='color: inherit;'>marinos<\/strong>&comma; <strong style='color: inherit;'>industria pesada<\/strong>&comma; <strong style='color: inherit;'>ambientes h\u00famedos<\/strong>&comma; sector comercial y lugares con ambientes controlados<\/li>\n<li style='margin-bottom: 5px;'>Considerar las derivaciones para cambios de trayectoria. Cuidar el radio de curvatura&comma; dependiendo del cableado<\/li>\n<li style='margin-bottom: 5px;'>Normas con las que cumple: <strong style='color: inherit;'>NEMA-VE1&comma; NEMA-VE2&comma; NMX-J-511ANCE<\/strong><\/li>\n<\/ul><\/div>\n<\/p><\/div>\n<div style='display: flex; flex-wrap: wrap; gap: 30px; margin-bottom: 30px;'>\n<div style='flex: 1 1 300px; min-width: 280px;'>\n<h3 style='font-size: 22px; border-bottom: 2px solid currentColor; padding-bottom: 5px; margin-top: 0; color: inherit; opacity: 0.8;'>Aplicaciones<\/h3>\n<p style='font-size: 15px; color: inherit;'>La Escalera de Aluminio portacables para cableado estructurado es un componente utilizado en la instalaci\u00f3n de redes de telecomunicaciones y sistemas de cableado en edificios comerciales y data centers. Su funci\u00f3n principal es proporcionar soporte y sistema de gesti\u00f3n para cables y conductos en la infraestructura de cableado de un espacio determinado.<\/p>\n<p style='font-size: 15px; color: inherit;'>Consta de travesa\u00f1os o barras horizontales que se conectan a soportes verticales. Se instala en paredes o techos del edificio&comma; proporcionando estructura para colocar y asegurar cables de manera ordenada. Esto facilita identificaci\u00f3n de cables individuales&comma; su reemplazo o mantenimiento&comma; gesti\u00f3n eficiente del flujo de aire y disipaci\u00f3n de calor en sistemas de cableado&comma; reduciendo riesgo de enredos y da\u00f1os.<\/p>\n<\/p><\/div>\n<\/p><\/div>\n<div style='display: flex; flex-wrap: wrap; gap: 30px; margin-bottom: 30px;'>\n<div style='flex: 1 1 300px; min-width: 280px;'>\n<h3 style='font-size: 22px; border-bottom: 2px solid currentColor; padding-bottom: 5px; margin-top: 0; color: inherit; opacity: 0.8;'>\u00bfCu\u00e1les son las medidas importantes de una Escalera de Aluminio?<\/h3>\n<div style='margin: 20px 0;'> <img style='width: 100%; height: auto; border: 1px solid rgba(150&comma;150&comma;150&comma;0.3); border-radius: 8px;' src='https:\/\/ftp3.syscom.mx\/usuarios\/fotos\/CHE89PX6AK\/171251-charup.jpg' alt=''> <\/div>\n<div style='margin: 20px 0;'> <img style='width: 100%; height: auto; border: 1px solid rgba(150&comma;150&comma;150&comma;0.3); border-radius: 8px;' src='https:\/\/ftp3.syscom.mx\/usuarios\/fotos\/CHE89PX6AK\/171251-medidas.png' alt=''> <\/div>\n<div style='margin: 20px 0;'> <img style='width: 100%; height: auto; border: 1px solid rgba(150&comma;150&comma;150&comma;0.3); border-radius: 8px;' src='https:\/\/ftp3.syscom.mx\/usuarios\/fotos\/CHE89PX6AK\/171251-accesorios_escalera_de_aluminio_p_3_14_paso_9_ancho_6.png' alt=''> <\/div>\n<div style='margin: 20px 0;'> <img style='width: 100%; height: auto; border: 1px solid rgba(150&comma;150&comma;150&comma;0.3); border-radius: 8px;' src='https:\/\/ftp3.syscom.mx\/usuarios\/fotos\/CHE89PX6AK\/171251-chardn.png' alt=''> <\/div>\n<\/p><\/div>\n<\/p><\/div>\n<\/p><\/div>\n","protected":false},"excerpt":{"rendered":"<p>Derivaci\u00f3n &#8220;T&#8221; Horizontal de Aluminio Perfil Z \/ Peralte 3 1\/4&#8243; \/ Ancho 6&#8243;\/ Radio 8&#8243; \/ Incluye Torniller\u00eda (CHTHEZ314R8X6AK)<\/p>\n","protected":false},"featured_media":17743,"comment_status":"open","ping_status":"closed","template":"","meta":[],"product_brand":[],"product_cat":[630],"product_tag":[580,593,631],"class_list":{"0":"post-17744","1":"product","2":"type-product","3":"status-publish","4":"has-post-thumbnail","6":"product_cat-charolas-tipo-escalerilla","7":"product_tag-charofil","8":"product_tag-charola","9":"product_tag-charolas-tipo-escalerilla","11":"first","12":"instock","13":"sale","14":"shipping-taxable","15":"purchasable","16":"product-type-simple"},"_links":{"self":[{"href":"https:\/\/soydeaqui.ddns.net\/pachuca\/index.php\/wp-json\/wp\/v2\/product\/17744","targetHints":{"allow":["GET"]}}],"collection":[{"href":"https:\/\/soydeaqui.ddns.net\/pachuca\/index.php\/wp-json\/wp\/v2\/product"}],"about":[{"href":"https:\/\/soydeaqui.ddns.net\/pachuca\/index.php\/wp-json\/wp\/v2\/types\/product"}],"replies":[{"embeddable":true,"href":"https:\/\/soydeaqui.ddns.net\/pachuca\/index.php\/wp-json\/wp\/v2\/comments?post=17744"}],"wp:featuredmedia":[{"embeddable":true,"href":"https:\/\/soydeaqui.ddns.net\/pachuca\/index.php\/wp-json\/wp\/v2\/media\/17743"}],"wp:attachment":[{"href":"https:\/\/soydeaqui.ddns.net\/pachuca\/index.php\/wp-json\/wp\/v2\/media?parent=17744"}],"wp:term":[{"taxonomy":"product_brand","embeddable":true,"href":"https:\/\/soydeaqui.ddns.net\/pachuca\/index.php\/wp-json\/wp\/v2\/product_brand?post=17744"},{"taxonomy":"product_cat","embeddable":true,"href":"https:\/\/soydeaqui.ddns.net\/pachuca\/index.php\/wp-json\/wp\/v2\/product_cat?post=17744"},{"taxonomy":"product_tag","embeddable":true,"href":"https:\/\/soydeaqui.ddns.net\/pachuca\/index.php\/wp-json\/wp\/v2\/product_tag?post=17744"}],"curies":[{"name":"wp","href":"https:\/\/api.w.org\/{rel}","templated":true}]}}