{"id":17699,"date":"2026-03-18T09:30:41","date_gmt":"2026-03-18T09:30:41","guid":{"rendered":"https:\/\/soydeaqui.ddns.net\/pachuca\/index.php\/producto\/patch-panel-utp-keystone-de-24-puertos-modular-vaco-angulado-1ur-compatible-con-jacks-keystone-utp-z-max-y-max\/"},"modified":"2026-03-18T09:30:42","modified_gmt":"2026-03-18T09:30:42","slug":"patch-panel-utp-keystone-de-24-puertos-modular-vaco-angulado-1ur-compatible-con-jacks-keystone-utp-z-max-y-max","status":"publish","type":"product","link":"https:\/\/soydeaqui.ddns.net\/pachuca\/index.php\/producto\/patch-panel-utp-keystone-de-24-puertos-modular-vaco-angulado-1ur-compatible-con-jacks-keystone-utp-z-max-y-max\/","title":{"rendered":"Patch Panel UTP Keystone de 24 Puertos Modular (Vac?o), Angulado, 1UR, Compatible con Jacks Keystone UTP Z-MAX? y MAX?"},"content":{"rendered":"<div style='width: 100%; max-width: 1200px; margin: 0 auto; font-family: sans-serif; line-height: 1.6; color: inherit; background-color: transparent;'>\n<div style='display: flex; flex-wrap: wrap; gap: 30px; margin-bottom: 30px;'>\n<div style='flex: 1 1 300px; min-width: 280px;'>\n<h3 style='font-size: 22px; border-bottom: 2px solid currentColor; padding-bottom: 5px; margin-top: 0; color: inherit; opacity: 0.8;'>Descripci\u00f3n<\/h3>\n<p style='font-size: 15px; color: inherit;'>Los paneles de conexi\u00f3n UTP keystone de Siemon proporcionan una soluci\u00f3n de terminaci\u00f3n modular y flexible en salas de telecomunicaciones&comma; centros de datos y puntos de consolidaci\u00f3n.<\/p>\n<p style='font-size: 15px; color: inherit;'><strong>Los jacks se venden por separado<\/strong>&comma; estos paneles de conexi\u00f3n admiten jacks UTP Categor\u00eda 6A y aplicaciones inferiores.<\/p>\n<\/p><\/div>\n<div style='flex: 1 1 300px; min-width: 280px;'>\n<h3 style='font-size: 22px; border-bottom: 2px solid currentColor; padding-bottom: 5px; margin-top: 0; color: inherit; opacity: 0.8;'>Caracter\u00edsticas principales<\/h3>\n<ul style='padding-left: 20px; font-size: 15px; color: inherit;'>\n<li style='margin-bottom: 5px;'>Dise\u00f1o angulado para instalaci\u00f3n en rack<\/li>\n<li style='margin-bottom: 5px;'>Material: Acero de alta resistencia con acabado negro<\/li>\n<li style='margin-bottom: 5px;'>Palancas de liberaci\u00f3n para retirar jacks<\/li>\n<li style='margin-bottom: 5px;'>Incluye gestor de cables trasero<\/li>\n<li style='margin-bottom: 5px;'>Identificaci\u00f3n frontal de puertos<\/li>\n<li style='margin-bottom: 5px;'>Dise\u00f1o modular compatible con jacks Keystone UTP Z-MAX\u00ae y MAX\u00ae<\/li>\n<\/ul><\/div>\n<\/p><\/div>\n<div style='display: flex; flex-wrap: wrap; gap: 20px; margin-bottom: 30px;'>\n<div style='flex: 1 1 250px; border: 1px solid rgba(150&comma; 150&comma; 150&comma; 0.4); border-radius: 8px; overflow: hidden; display: flex; flex-direction: column;'>\n<div style='padding: 15px; border-bottom: 1px solid rgba(150&comma; 150&comma; 150&comma; 0.2); font-weight: bold; font-size: 18px; color: inherit;'>Especificaciones Mec\u00e1nicas<\/div>\n<div style='padding: 15px; color: inherit;'>\n<ul style='padding-left: 20px; margin: 0; font-size: 14px; list-style-type: disc;'>\n<li style='margin-bottom: 5px;'><strong>Material:<\/strong> Acero laminado en fr\u00edo calibre 18<\/li>\n<li style='margin-bottom: 5px;'><strong>Color:<\/strong> Negro<\/li>\n<li style='margin-bottom: 5px;'><strong>Montaje:<\/strong> Compatible con racks est\u00e1ndar de 19&#8242; (482.6mm)<\/li>\n<li style='margin-bottom: 5px;'><strong>Temperatura operativa:<\/strong> -10 a 60\u00b0C (14-140\u00b0F)<\/li>\n<li style='margin-bottom: 5px;'><strong>Caracter\u00edsticas ecol\u00f3gicas:<\/strong> RoHS&comma; Libre de plomo&comma; libre de hal\u00f3genos&comma; libre de PVC<\/li>\n<\/ul><\/div>\n<\/p><\/div>\n<div style='flex: 1 1 250px; border: 1px solid rgba(150&comma; 150&comma; 150&comma; 0.4); border-radius: 8px; overflow: hidden; display: flex; flex-direction: column;'>\n<div style='padding: 15px; border-bottom: 1px solid rgba(150&comma; 150&comma; 150&comma; 0.2); font-weight: bold; font-size: 18px; color: inherit;'>Dimensiones<\/div>\n<div style='padding: 15px; color: inherit;'>\n<ul style='padding-left: 20px; margin: 0; font-size: 14px; list-style-type: disc;'>\n<li style='margin-bottom: 5px;'><strong>24 puertos &#8211; Dise\u00f1o angulado:<\/strong> 266.0mm x 482.6mm x 43.7mm (10.47 in x 19.00 in x 1.72 in)<\/li>\n<li style='margin-bottom: 5px;'><strong>24 puertos &#8211; Dise\u00f1o plano:<\/strong> 151.4mm x 482.6mm x 43.9mm (5.96 in x 19.00 in x 1.73 in)<\/li>\n<li style='margin-bottom: 5px;'><strong>48 puertos &#8211; Dise\u00f1o angulado:<\/strong> 266.0mm x 482.6mm x 88.1mm (10.47 in x 19.00 in x 3.47 in)<\/li>\n<li style='margin-bottom: 5px;'><strong>48 puertos &#8211; Dise\u00f1o plano:<\/strong> 151.4mm x 482.6mm x 88.9mm (5.96 in x 19.00 in x 3.50 in)<\/li>\n<\/ul><\/div>\n<\/p><\/div>\n<div style='flex: 1 1 250px; border: 1px solid rgba(150&comma; 150&comma; 150&comma; 0.4); border-radius: 8px; overflow: hidden; display: flex; flex-direction: column;'>\n<div style='padding: 15px; border-bottom: 1px solid rgba(150&comma; 150&comma; 150&comma; 0.2); font-weight: bold; font-size: 18px; color: inherit;'>Accesorios Compatibles<\/div>\n<div style='padding: 15px; color: inherit;'>\n<ul style='padding-left: 20px; margin: 0; font-size: 14px; list-style-type: disc;'>\n<li style='margin-bottom: 5px;'><strong>Gestor de cables trasero:<\/strong> KPNL-RWM<\/li>\n<li style='margin-bottom: 5px;'><strong>Cubierta para panel angulado:<\/strong> PNLA-CVRK-01<\/li>\n<li style='margin-bottom: 5px;'><strong>Modulos ciegos:<\/strong> KBL-02<\/li>\n<\/ul><\/div>\n<\/p><\/div>\n<\/p><\/div>\n<div style='display: flex; flex-wrap: wrap; gap: 20px; margin-bottom: 30px;'>\n<div style='flex: 1 1 250px; border: 1px solid rgba(150&comma; 150&comma; 150&comma; 0.4); border-radius: 8px; overflow: hidden; display: flex; flex-direction: column;'>\n<div style='padding: 15px; border-bottom: 1px solid rgba(150&comma; 150&comma; 150&comma; 0.2); font-weight: bold; font-size: 18px; color: inherit;'>Jacks Compatibles<\/div>\n<div style='padding: 15px; color: inherit;'>\n<ul style='padding-left: 20px; margin: 0; font-size: 14px; list-style-type: disc;'>\n<li style='margin-bottom: 5px;'>Z-MAX categor\u00eda 6A UTP keystone outlet &#8211; Z6A-K(XX)<\/li>\n<li style='margin-bottom: 5px;'>Z-MAX categor\u00eda 6 UTP keystone outlet &#8211; Z6-K(XX)<\/li>\n<li style='margin-bottom: 5px;'>MAX categor\u00eda 6 UTP keystone outlet &#8211; MX6-K(XX)<\/li>\n<li style='margin-bottom: 5px;'>MAX categor\u00eda 5e UTP keystone outlet &#8211; MX5-K(XX)<\/li>\n<\/ul>\n<p style='margin-top: 15px; font-size: 14px; color: inherit;'>*Use (XX) para especificar el color: 01=Negro&comma; 02=Blanco&comma; 03=Rojo&comma; 04=Gris&comma; 05=Amarillo&comma; 06=Azul&comma; 07=Verde&comma; 09=Naranja<\/p>\n<\/p><\/div>\n<\/p><\/div>\n<div style='flex: 1 1 250px; border: 1px solid rgba(150&comma; 150&comma; 150&comma; 0.4); border-radius: 8px; overflow: hidden; display: flex; flex-direction: column;'>\n<div style='padding: 15px; border-bottom: 1px solid rgba(150&comma; 150&comma; 150&comma; 0.2); font-weight: bold; font-size: 18px; color: inherit;'>Opciones de Configuraci\u00f3n<\/div>\n<div style='padding: 15px; color: inherit;'>\n<ul style='padding-left: 20px; margin: 0; font-size: 14px; list-style-type: disc;'>\n<li style='margin-bottom: 5px;'>KPNL-F1-24-01S &#8211; Panel plano&comma; 24 puertos&comma; 1U<\/li>\n<li style='margin-bottom: 5px;'><strong>KPNL-A1-24-01S<\/strong> &#8211; Panel angulado&comma; 24 puertos&comma; 1U<\/li>\n<li style='margin-bottom: 5px;'>KPNL-F2-48-01S &#8211; Panel plano&comma; 48 puertos&comma; 2U<\/li>\n<li style='margin-bottom: 5px;'>KPNL-A2-48-01S &#8211; Panel angulado&comma; 48 puertos&comma; 2U<\/li>\n<\/ul><\/div>\n<\/p><\/div>\n<\/p><\/div>\n<hr style='border: 0; border-top: 1px solid rgba(150&comma; 150&comma; 150&comma; 0.3); margin: 30px 0;'>\n<div style='display: flex; flex-wrap: wrap; gap: 30px; margin-bottom: 30px;'>\n<div style='flex: 1 1 300px; min-width: 280px;'>\n<h3 style='font-size: 22px; border-bottom: 2px solid currentColor; padding-bottom: 5px; margin-top: 0; color: inherit; opacity: 0.8;'>Aplicaciones<\/h3>\n<ul style='padding-left: 20px; font-size: 15px; color: inherit;'>\n<li style='margin-bottom: 5px;'>Salas de telecomunicaciones<\/li>\n<li style='margin-bottom: 5px;'>Centros de datos<\/li>\n<li style='margin-bottom: 5px;'>Puntos de consolidaci\u00f3n<\/li>\n<li style='margin-bottom: 5px;'>Instalaciones de cableado estructurado<\/li>\n<\/ul><\/div>\n<div style='flex: 1 1 300px; min-width: 280px;'>\n<h3 style='font-size: 22px; border-bottom: 2px solid currentColor; padding-bottom: 5px; margin-top: 0; color: inherit; opacity: 0.8;'>Caracter\u00edsticas de Dise\u00f1o<\/h3>\n<ul style='padding-left: 20px; font-size: 15px; color: inherit;'>\n<li style='margin-bottom: 5px;'>Dise\u00f1o angulado permite enrutar directamente los cables a gestores verticales<\/li>\n<li style='margin-bottom: 5px;'>Gestor de cables removible para organizaci\u00f3n ordenada<\/li>\n<li style='margin-bottom: 5px;'>M\u00f3dulos ciegos para reservar puertos para expansi\u00f3n futura<\/li>\n<li style='margin-bottom: 5px;'>Posibilidad de codificaci\u00f3n por colores con jacks Keystone<\/li>\n<\/ul><\/div>\n<\/p><\/div>\n<\/p><\/div>\n","protected":false},"excerpt":{"rendered":"<p>Patch Panel UTP Keystone de 24 Puertos Modular (Vac?o), Angulado, 1UR, Compatible con Jacks Keystone UTP Z-MAX? y MAX?<\/p>\n","protected":false},"featured_media":17698,"comment_status":"open","ping_status":"closed","template":"","meta":[],"product_brand":[],"product_cat":[613],"product_tag":[586,614,600],"class_list":{"0":"post-17699","1":"product","2":"type-product","3":"status-publish","4":"has-post-thumbnail","6":"product_cat-patch-panels","7":"product_tag-cableado-de-cobre","8":"product_tag-patch-panels","9":"product_tag-siemon","11":"first","12":"outofstock","13":"sale","14":"shipping-taxable","15":"purchasable","16":"product-type-simple"},"_links":{"self":[{"href":"https:\/\/soydeaqui.ddns.net\/pachuca\/index.php\/wp-json\/wp\/v2\/product\/17699","targetHints":{"allow":["GET"]}}],"collection":[{"href":"https:\/\/soydeaqui.ddns.net\/pachuca\/index.php\/wp-json\/wp\/v2\/product"}],"about":[{"href":"https:\/\/soydeaqui.ddns.net\/pachuca\/index.php\/wp-json\/wp\/v2\/types\/product"}],"replies":[{"embeddable":true,"href":"https:\/\/soydeaqui.ddns.net\/pachuca\/index.php\/wp-json\/wp\/v2\/comments?post=17699"}],"wp:featuredmedia":[{"embeddable":true,"href":"https:\/\/soydeaqui.ddns.net\/pachuca\/index.php\/wp-json\/wp\/v2\/media\/17698"}],"wp:attachment":[{"href":"https:\/\/soydeaqui.ddns.net\/pachuca\/index.php\/wp-json\/wp\/v2\/media?parent=17699"}],"wp:term":[{"taxonomy":"product_brand","embeddable":true,"href":"https:\/\/soydeaqui.ddns.net\/pachuca\/index.php\/wp-json\/wp\/v2\/product_brand?post=17699"},{"taxonomy":"product_cat","embeddable":true,"href":"https:\/\/soydeaqui.ddns.net\/pachuca\/index.php\/wp-json\/wp\/v2\/product_cat?post=17699"},{"taxonomy":"product_tag","embeddable":true,"href":"https:\/\/soydeaqui.ddns.net\/pachuca\/index.php\/wp-json\/wp\/v2\/product_tag?post=17699"}],"curies":[{"name":"wp","href":"https:\/\/api.w.org\/{rel}","templated":true}]}}