{"id":17692,"date":"2026-03-18T09:30:34","date_gmt":"2026-03-18T09:30:34","guid":{"rendered":"https:\/\/soydeaqui.ddns.net\/pachuca\/index.php\/producto\/bobina-de-cable-utp-riser-cmr-unifi-cat6-color-blanco-23-awg-305m-para-interior\/"},"modified":"2026-03-18T09:30:39","modified_gmt":"2026-03-18T09:30:39","slug":"bobina-de-cable-utp-riser-cmr-unifi-cat6-color-blanco-23-awg-305m-para-interior","status":"publish","type":"product","link":"https:\/\/soydeaqui.ddns.net\/pachuca\/index.php\/producto\/bobina-de-cable-utp-riser-cmr-unifi-cat6-color-blanco-23-awg-305m-para-interior\/","title":{"rendered":"Bobina de cable UTP Riser (CMR) UniFi, Cat6, Color blanco, 23 AWG, 305m para interior"},"content":{"rendered":"<div style='width: 100%; max-width: 1200px; margin: 0 auto; font-family: sans-serif; line-height: 1.6; color: inherit; background-color: transparent;'> <!-- Secci\u00f3n de contenido con flex --> <\/p>\n<div style='display: flex; flex-wrap: wrap; gap: 30px; margin-bottom: 30px;'>\n<div style='flex: 1 1 300px; min-width: 280px;'>\n<h3 style='font-size: 22px; border-bottom: 2px solid currentColor; padding-bottom: 5px; margin-top: 0; color: inherit; opacity: 0.8;'>Cable Ethernet UniFi categor\u00eda 6 de alta velocidad para implementaciones en interiores<\/h3>\n<p style='font-size: 15px; color: inherit; margin-top: 15px; margin-bottom: 15px;'>El U-Cable-C6-CMR es un cable UTP de categor\u00eda 6 que admite velocidades de hasta 1 Gbps con su conductor de par trenzado de cobre s\u00f3lido de 23 AWG. El peque\u00f1o di\u00e1metro del conductor&comma; combinado con el divisor anti-diafon\u00eda del cable&comma; a\u00edsla y protege las se\u00f1ales de las interferencias. El U-Cable-C6 tambi\u00e9n es un cable CMR con una cubierta resistente al fuego que garantiza un funcionamiento seguro en varios pisos y ejes verticales. Se recomiendan conectores Ethernet de categor\u00eda 6 para adaptarse al tama\u00f1o del conductor y optimizar su rendimiento.<\/p>\n<\/p><\/div>\n<div style='flex: 1 1 300px; min-width: 280px;'> <img style='width: 100%; height: auto; border: 1px solid rgba(150&comma;150&comma;150&comma;0.3); border-radius: 8px;' src='https:\/\/ftp3.syscom.mx\/usuarios\/fotos\/UCABLEC6CMR\/200424-u-cable-c6-cmr_003_grande.png' alt=''> <\/div>\n<\/p><\/div>\n<p> <!-- Secci\u00f3n de caracter\u00edsticas --> <\/p>\n<div style='margin-bottom: 30px;'>\n<h3 style='font-size: 20px; border-bottom: 2px solid currentColor; padding-bottom: 5px; margin-top: 0; color: inherit; opacity: 0.8;'>Caracter\u00edsticas<\/h3>\n<ul style='padding-left: 20px; font-size: 15px; color: inherit; margin-top: 15px; margin-bottom: 15px;'>\n<li style='margin-bottom: 5px;'>Cable de par trenzado no blindado (UTP) de categor\u00eda 6<\/li>\n<li style='margin-bottom: 5px;'>Cable multiprop\u00f3sito de comunicaciones&comma; revestimiento resistente al fuego con clasificaci\u00f3n Riser (CMR)<\/li>\n<li style='margin-bottom: 5px;'>1000 pies (305 m)<\/li>\n<li style='margin-bottom: 5px;'>Conductor de par trenzado de cobre s\u00f3lido de 23 AWG<\/li>\n<li style='margin-bottom: 5px;'>Divisor anti-diafon\u00eda<\/li>\n<li style='margin-bottom: 5px;'>Para aplicaciones Ethernet 1000BASE-T<\/li>\n<\/ul><\/div>\n<p> <!-- Secci\u00f3n de especificaciones --> <\/p>\n<div style='margin-bottom: 30px;'>\n<h3 style='font-size: 20px; border-bottom: 2px solid currentColor; padding-bottom: 5px; margin-top: 0; color: inherit; opacity: 0.8;'>Especificaciones Mec\u00e1nicas<\/h3>\n<div style='display: flex; flex-wrap: wrap; gap: 20px; margin-top: 15px;'>\n<div style='flex: 1 1 250px; border: 1px solid rgba(150&comma; 150&comma; 150&comma; 0.4); border-radius: 8px; overflow: hidden; display: flex; flex-direction: column;'>\n<div style='padding: 15px; border-bottom: 1px solid rgba(150&comma; 150&comma; 150&comma; 0.2); font-weight: bold; font-size: 18px; color: inherit;'>Especificaciones<\/div>\n<div style='padding: 15px; color: inherit;'>\n<ul style='padding-left: 20px; margin: 0; font-size: 14px; list-style-type: disc;'>\n<li style='margin-bottom: 5px;'><strong>Dimensiones de la caja:<\/strong> 474 x 346 x 458 mm (18.7 x 13.6 x 18&#8242;)<\/li>\n<li style='margin-bottom: 5px;'><strong>Peso de la caja:<\/strong> 14.75 kg (32.52 lb)<\/li>\n<li style='margin-bottom: 5px;'><strong>Longitud del cable:<\/strong> 305 m (1000 ft)<\/li>\n<li style='margin-bottom: 5px;'><strong>Color del cable:<\/strong> Blanco<\/li>\n<li style='margin-bottom: 5px;'><strong>Tipo de cable:<\/strong> Categor\u00eda 6<\/li>\n<li style='margin-bottom: 5px;'><strong>Tipo de blindaje:<\/strong> UTP<\/li>\n<li style='margin-bottom: 5px;'><strong>Resistencia al fuego:<\/strong> CMR<\/li>\n<\/ul><\/div>\n<\/p><\/div>\n<div style='flex: 1 1 250px; border: 1px solid rgba(150&comma; 150&comma; 150&comma; 0.4); border-radius: 8px; overflow: hidden; display: flex; flex-direction: column;'>\n<div style='padding: 15px; border-bottom: 1px solid rgba(150&comma; 150&comma; 150&comma; 0.2); font-weight: bold; font-size: 18px; color: inherit;'>Especificaciones (Cont.)<\/div>\n<div style='padding: 15px; color: inherit;'>\n<ul style='padding-left: 20px; margin: 0; font-size: 14px; list-style-type: disc;'>\n<li style='margin-bottom: 5px;'><strong>Calibre del cable conductor:<\/strong> 23 AWG<\/li>\n<li style='margin-bottom: 5px;'><strong>Tipo de conductor:<\/strong> Cobre s\u00f3lido desnudo<\/li>\n<li style='margin-bottom: 5px;'><strong>Material del forro:<\/strong> Bajo en humo retardante al fuego PVC<\/li>\n<li style='margin-bottom: 5px;'><strong>Di\u00e1metro del forro:<\/strong> 5.6 \u00b1 0.2 mm<\/li>\n<li style='margin-bottom: 5px;'><strong>Radio de curvatura:<\/strong> Min. 24 mm<\/li>\n<li style='margin-bottom: 5px;'><strong>Tensi\u00f3n de jalado:<\/strong> Max. 110 N<\/li>\n<li style='margin-bottom: 5px;'><strong>Velocidad de datos:<\/strong> 10\/100\/1000 Base-T<\/li>\n<\/ul><\/div>\n<\/p><\/div>\n<div style='flex: 1 1 250px; border: 1px solid rgba(150&comma; 150&comma; 150&comma; 0.4); border-radius: 8px; overflow: hidden; display: flex; flex-direction: column;'>\n<div style='padding: 15px; border-bottom: 1px solid rgba(150&comma; 150&comma; 150&comma; 0.2); font-weight: bold; font-size: 18px; color: inherit;'>Especificaciones (Cont.)<\/div>\n<div style='padding: 15px; color: inherit;'>\n<ul style='padding-left: 20px; margin: 0; font-size: 14px; list-style-type: disc;'>\n<li style='margin-bottom: 5px;'><strong>Temperatura de almacenamiento:<\/strong> -20 to 75\u00b0C (-4 to 167\u00b0F)<\/li>\n<li style='margin-bottom: 5px;'><strong>Temperatura de instalaci\u00f3n:<\/strong> 0 to 60\u00b0C (32 to 140\u00b0F)<\/li>\n<li style='margin-bottom: 5px;'><strong>Temperatura de operaci\u00f3n:<\/strong> -20 to 60\u00b0C (-4 to 60\u00b0F)<\/li>\n<li style='margin-bottom: 5px;'><strong>Divisor anti-diafon\u00eda:<\/strong> S\u00ed<\/li>\n<li style='margin-bottom: 5px;'><strong>Hilo de desgarro:<\/strong> S\u00ed<\/li>\n<li style='margin-bottom: 5px;'><strong>Referencia de ancho de banda:<\/strong> Hasta 600 MHz<\/li>\n<\/ul><\/div>\n<\/p><\/div>\n<\/p><\/div>\n<\/p><\/div>\n<p> <!-- Secci\u00f3n de est\u00e1ndares --> <\/p>\n<div style='margin-bottom: 30px;'>\n<h3 style='font-size: 20px; border-bottom: 2px solid currentColor; padding-bottom: 5px; margin-top: 0; color: inherit; opacity: 0.8;'>Est\u00e1ndares<\/h3>\n<div style='margin-top: 15px;'>\n<h4 style='font-size: 18px; margin-top: 0; margin-bottom: 10px; color: inherit; opacity: 0.8;'>Transmisi\u00f3n el\u00e9ctrica<\/h4>\n<ul style='padding-left: 20px; font-size: 15px; color: inherit; margin-top: 10px; margin-bottom: 10px;'>\n<li style='margin-bottom: 5px;'>ANSI\/TIA-568-C.2 (2009)<\/li>\n<li style='margin-bottom: 5px;'>ISO\/IEC 11801 (Edition 2.2)<\/li>\n<li style='margin-bottom: 5px;'>IEC 61156-5 (Edition 2.1)<\/li>\n<\/ul>\n<h4 style='font-size: 18px; margin-top: 20px; margin-bottom: 10px; color: inherit; opacity: 0.8;'>Prueba de llama<\/h4>\n<ul style='padding-left: 20px; font-size: 15px; color: inherit; margin-top: 10px; margin-bottom: 10px;'>\n<li style='margin-bottom: 5px;'>UL 1666 (CMR)<\/li>\n<\/ul>\n<h4 style='font-size: 18px; margin-top: 20px; margin-bottom: 10px; color: inherit; opacity: 0.8;'>Material y construcci\u00f3n<\/h4>\n<ul style='padding-left: 20px; font-size: 15px; color: inherit; margin-top: 10px; margin-bottom: 10px;'>\n<li style='margin-bottom: 5px;'>UL 444<\/li>\n<li style='margin-bottom: 5px;'>CSA 22.2 NO.214<\/li>\n<li style='margin-bottom: 5px;'>EU Directive 2011\/65\/EU (RoHS2)<\/li>\n<li style='margin-bottom: 5px;'>EU Directive 2006\/95\/EC (LVD)<\/li>\n<\/ul><\/div>\n<\/p><\/div>\n<p> <!-- Separador --> <\/p>\n<hr style='border: 0; border-top: 1px solid rgba(150&comma; 150&comma; 150&comma; 0.3); margin: 30px 0;'> <\/div>\n","protected":false},"excerpt":{"rendered":"<p>Bobina de cable UTP Riser (CMR) UniFi, Cat6, Color blanco, 23 AWG, 305m para interior<\/p>\n","protected":false},"featured_media":17691,"comment_status":"open","ping_status":"closed","template":"","meta":[],"product_brand":[],"product_cat":[684],"product_tag":[672,577,166],"class_list":{"0":"post-17692","1":"product","2":"type-product","3":"status-publish","4":"has-post-thumbnail","6":"product_cat-categoria-6-cable-bobinas","7":"product_tag-cable-bobinas","8":"product_tag-categoria-6","9":"product_tag-ubiquiti","11":"first","12":"outofstock","13":"sale","14":"shipping-taxable","15":"purchasable","16":"product-type-simple"},"_links":{"self":[{"href":"https:\/\/soydeaqui.ddns.net\/pachuca\/index.php\/wp-json\/wp\/v2\/product\/17692","targetHints":{"allow":["GET"]}}],"collection":[{"href":"https:\/\/soydeaqui.ddns.net\/pachuca\/index.php\/wp-json\/wp\/v2\/product"}],"about":[{"href":"https:\/\/soydeaqui.ddns.net\/pachuca\/index.php\/wp-json\/wp\/v2\/types\/product"}],"replies":[{"embeddable":true,"href":"https:\/\/soydeaqui.ddns.net\/pachuca\/index.php\/wp-json\/wp\/v2\/comments?post=17692"}],"wp:featuredmedia":[{"embeddable":true,"href":"https:\/\/soydeaqui.ddns.net\/pachuca\/index.php\/wp-json\/wp\/v2\/media\/17691"}],"wp:attachment":[{"href":"https:\/\/soydeaqui.ddns.net\/pachuca\/index.php\/wp-json\/wp\/v2\/media?parent=17692"}],"wp:term":[{"taxonomy":"product_brand","embeddable":true,"href":"https:\/\/soydeaqui.ddns.net\/pachuca\/index.php\/wp-json\/wp\/v2\/product_brand?post=17692"},{"taxonomy":"product_cat","embeddable":true,"href":"https:\/\/soydeaqui.ddns.net\/pachuca\/index.php\/wp-json\/wp\/v2\/product_cat?post=17692"},{"taxonomy":"product_tag","embeddable":true,"href":"https:\/\/soydeaqui.ddns.net\/pachuca\/index.php\/wp-json\/wp\/v2\/product_tag?post=17692"}],"curies":[{"name":"wp","href":"https:\/\/api.w.org\/{rel}","templated":true}]}}