{"id":17604,"date":"2026-03-18T09:28:52","date_gmt":"2026-03-18T09:28:52","guid":{"rendered":"https:\/\/soydeaqui.ddns.net\/pachuca\/index.php\/producto\/conector-rpido-de-instalacin-en-campo-monomodo-lc-upc-pre-pulido-re-terminable-para-fibra-drop-plana\/"},"modified":"2026-03-18T09:28:56","modified_gmt":"2026-03-18T09:28:56","slug":"conector-rpido-de-instalacin-en-campo-monomodo-lc-upc-pre-pulido-re-terminable-para-fibra-drop-plana","status":"publish","type":"product","link":"https:\/\/soydeaqui.ddns.net\/pachuca\/index.php\/producto\/conector-rpido-de-instalacin-en-campo-monomodo-lc-upc-pre-pulido-re-terminable-para-fibra-drop-plana\/","title":{"rendered":"Conector R?pido de Instalaci?n en Campo, Monomodo, LC\/UPC, Pre-Pulido, Re-Terminable para Fibra Drop Plana"},"content":{"rendered":"<div style='width: 100%; max-width: 1200px; margin: 0 auto; font-family: sans-serif; line-height: 1.6; color: inherit; background-color: transparent;'>\n<div style='display: flex; flex-wrap: wrap; gap: 30px; margin-bottom: 30px;'>\n<div style='flex: 1 1 300px; min-width: 280px;'>\n<h3 style='font-size: 22px; border-bottom: 2px solid currentColor; padding-bottom: 5px; margin-top: 0; color: inherit; opacity: 0.8;'>Descripci\u00f3n<\/h3>\n<p style='margin: 0 0 15px; font-size: 15px; color: inherit;'>Los conectores r\u00e1pidos LC de instalaci\u00f3n en campo&comma; proporcionan una implementaci\u00f3n sencilla sin necesidad de pulir y son la mejor opci\u00f3n para terminaci\u00f3n en cables de fibra \u00f3ptica tipo DROP.<\/p>\n<ul style='padding-left: 20px; font-size: 15px; color: inherit;'>\n<li style='margin-bottom: 5px;'>F\u00e1cil instalaci\u00f3n sin necesidad de herramientas especiales para abrir o cerrar el conector<\/li>\n<li style='margin-bottom: 5px;'>Conexi\u00f3n verificable f\u00e1cilmente despu\u00e9s de la instalaci\u00f3n<\/li>\n<\/ul><\/div>\n<\/p><\/div>\n<div style='display: flex; flex-wrap: wrap; gap: 20px; margin-bottom: 30px;'>\n<div style='flex: 1 1 250px; border: 1px solid rgba(150&comma; 150&comma; 150&comma; 0.4); border-radius: 8px; overflow: hidden; display: flex; flex-direction: column;'>\n<div style='padding: 15px; border-bottom: 1px solid rgba(150&comma; 150&comma; 150&comma; 0.2); font-weight: bold; font-size: 18px; color: inherit;'>Especificaciones<\/div>\n<div style='padding: 15px; color: inherit;'>\n<ul style='padding-left: 20px; margin: 0; font-size: 14px; list-style-type: disc; color: inherit;'>\n<li style='margin-bottom: 5px; color: inherit;'>Tipo de conector: LC\/UPC<\/li>\n<li style='margin-bottom: 5px; color: inherit;'>Para fibra Drop plana<\/li>\n<li style='margin-bottom: 5px; color: inherit;'>Reterminable (hasta 3 veces)<\/li>\n<li style='margin-bottom: 5px; color: inherit;'>P\u00e9rdida de inserci\u00f3n:\n<ul style='padding-left: 20px; margin: 5px 0; color: inherit;'>\n<li style='margin-bottom: 5px; color: inherit;'>M\u00e1ximo \u2264 0.50 dB<\/li>\n<li style='margin-bottom: 5px; color: inherit;'>T\u00edpico \u2264 0.30 dB<\/li>\n<\/ul>\n<\/li>\n<li style='margin-bottom: 5px; color: inherit;'>P\u00e9rdida de retorno:\n<ul style='padding-left: 20px; margin: 5px 0; color: inherit;'>\n<li style='margin-bottom: 5px; color: inherit;'>UPC \u2264 50 dB<\/li>\n<li style='margin-bottom: 5px; color: inherit;'>APC \u2264 55 dB<\/li>\n<\/ul>\n<\/li>\n<li style='margin-bottom: 5px; color: inherit;'>Temperatura de operaci\u00f3n: -45 a 85\u00baC<\/li>\n<\/ul><\/div>\n<\/p><\/div>\n<\/p><\/div>\n<div style='display: flex; flex-wrap: wrap; gap: 30px; margin-bottom: 30px;'>\n<div style='flex: 1 1 300px; min-width: 280px;'>\n<div style='font-size: 15px; color: inherit; padding: 15px; background-color: rgba(150&comma; 150&comma; 150&comma; 0.1); border-left: 4px solid #4CAF50; margin-bottom: 15px; border-radius: 4px;'> Nota: Solo usar con Fibra Drop Plana <\/div>\n<\/p><\/div>\n<\/p><\/div>\n<\/p><\/div>\n","protected":false},"excerpt":{"rendered":"<p>Conector R?pido de Instalaci?n en Campo, Monomodo, LC\/UPC, Pre-Pulido, Re-Terminable para Fibra Drop Plana<\/p>\n","protected":false},"featured_media":17603,"comment_status":"open","ping_status":"closed","template":"","meta":[],"product_brand":[],"product_cat":[615],"product_tag":[616,611,435],"class_list":{"0":"post-17604","1":"product","2":"type-product","3":"status-publish","4":"has-post-thumbnail","6":"product_cat-conectores","7":"product_tag-conectores","8":"product_tag-fibra-optica","9":"product_tag-linkedpro-by-epcom","11":"first","12":"instock","13":"sale","14":"shipping-taxable","15":"purchasable","16":"product-type-simple"},"_links":{"self":[{"href":"https:\/\/soydeaqui.ddns.net\/pachuca\/index.php\/wp-json\/wp\/v2\/product\/17604","targetHints":{"allow":["GET"]}}],"collection":[{"href":"https:\/\/soydeaqui.ddns.net\/pachuca\/index.php\/wp-json\/wp\/v2\/product"}],"about":[{"href":"https:\/\/soydeaqui.ddns.net\/pachuca\/index.php\/wp-json\/wp\/v2\/types\/product"}],"replies":[{"embeddable":true,"href":"https:\/\/soydeaqui.ddns.net\/pachuca\/index.php\/wp-json\/wp\/v2\/comments?post=17604"}],"wp:featuredmedia":[{"embeddable":true,"href":"https:\/\/soydeaqui.ddns.net\/pachuca\/index.php\/wp-json\/wp\/v2\/media\/17603"}],"wp:attachment":[{"href":"https:\/\/soydeaqui.ddns.net\/pachuca\/index.php\/wp-json\/wp\/v2\/media?parent=17604"}],"wp:term":[{"taxonomy":"product_brand","embeddable":true,"href":"https:\/\/soydeaqui.ddns.net\/pachuca\/index.php\/wp-json\/wp\/v2\/product_brand?post=17604"},{"taxonomy":"product_cat","embeddable":true,"href":"https:\/\/soydeaqui.ddns.net\/pachuca\/index.php\/wp-json\/wp\/v2\/product_cat?post=17604"},{"taxonomy":"product_tag","embeddable":true,"href":"https:\/\/soydeaqui.ddns.net\/pachuca\/index.php\/wp-json\/wp\/v2\/product_tag?post=17604"}],"curies":[{"name":"wp","href":"https:\/\/api.w.org\/{rel}","templated":true}]}}