{"id":1748,"date":"2026-03-18T05:49:28","date_gmt":"2026-03-18T05:49:28","guid":{"rendered":"https:\/\/soydeaqui.ddns.net\/pachuca\/index.php\/producto\/kit-basico-sensores-inalambricos-incluye-2-contactos-magneticos-1-pir-y-1-llavero-compatibles-con-honeywell-y-pro4gen2\/"},"modified":"2026-03-18T05:49:28","modified_gmt":"2026-03-18T05:49:28","slug":"kit-basico-sensores-inalambricos-incluye-2-contactos-magneticos-1-pir-y-1-llavero-compatibles-con-honeywell-y-pro4gen2","status":"publish","type":"product","link":"https:\/\/soydeaqui.ddns.net\/pachuca\/index.php\/producto\/kit-basico-sensores-inalambricos-incluye-2-contactos-magneticos-1-pir-y-1-llavero-compatibles-con-honeywell-y-pro4gen2\/","title":{"rendered":"KIT B\u00e1sico Sensores Inal\u00e1mbricos &#8211; Incluye 2 Contactos Magn\u00e9ticos, 1 PIR y 1 Llavero &#8211; Compatibles con Honeywell y PRO4GEN2"},"content":{"rendered":"<div style='width: 100%; max-width: 1200px; margin: 0 auto; font-family: sans-serif; line-height: 1.6; color: inherit; background-color: transparent;'>\n<div style='width: 100%; text-align: center; margin-bottom: 30px;'> <img style='width: 250px; height: auto; border: 1px solid rgba(150&comma;150&comma;150&comma;0.3); border-radius: 8px;' src='https:\/\/ftp3.syscom.mx\/usuarios\/vvega\/sfire\/SFIRE_LOGO.png' alt='Logo SFIRE'> <\/div>\n<div style='width: 100%; max-width: 1200px; margin: 0 auto; margin-bottom: 30px;'>\n<h1 style='font-size: 24px; color: inherit; text-align: center; margin: 0 0 10px 0;'><strong>KIT Basico Dispositivos Inalambricos SFIRE<\/strong><\/h1>\n<p style='text-align: center; margin: 10px 70px 20px 70px; font-size: 15px; color: inherit;'>KIT Basito de dispositivos inalambricos SFIRE&comma; bateria de larga duracion de hasta 5 a\u00f1os.<\/p>\n<p style='text-align: center; margin: 10px 70px 0 70px; font-size: 15px; color: inherit;'>Totalmente compatibles con paneles Honweywell y Panel de alarma <a href='https:\/\/www.syscom.mx\/producto\/PRO4GEN2-M2M-SERVICES-204728.html' style='color: inherit; text-decoration: underline;'>PRO4GEN2<\/a>. Frecuencia 345 Mhz<\/p>\n<\/p><\/div>\n<div style='display: flex; flex-wrap: wrap; gap: 30px; margin-bottom: 50px;'>\n<div style='flex: 1 1 300px; min-width: 280px;'>\n<div style='width: 100%; border: 1px solid rgba(150&comma; 150&comma; 150&comma; 0.4); border-radius: 8px; overflow: hidden; display: flex; flex-direction: column;'>\n<div style='background-color: rgba(238&comma; 238&comma; 238&comma; 0.8);'> <a title='SFWST232' href='https:\/\/www.syscom.mx\/producto\/SFWST232-SFIRE-165424.html'> <img style='width: 100%; height: auto; border: none;' src='https:\/\/ftp3.syscom.mx\/usuarios\/vvega\/sfire\/imagenes\/SFWST232.jpg' alt='Sensor SFWST232'> <\/a> <\/div>\n<div style='border-top: 5px solid #DF001D; padding: 0 15px;'>\n<h2 style='font-size: 20px; color: inherit; margin-top: 15px; margin-bottom: 10px;'>2 x SFWST232<\/h2>\n<h4 style='font-size: 16px; color: gray; margin: 0 0 15px 0;'>Sensor + Transmisor 1 Zona<\/h4>\n<p style='margin-bottom: 15px;'>Convierta otros Sensores a Inalambricos&comma; contacto magnetico para puerta \/ ventana con una entrada para zona cableada.<\/p>\n<p style='margin-bottom: 15px;'>Para mas detalles de este dispositivo&comma; de clic <a href='https:\/\/www.syscom.mx\/producto\/SFWST232-SFIRE-165424.html' style='color: inherit; text-decoration: underline;'>AQUI<\/a>.<\/p>\n<p style='margin-bottom: 10px; font-weight: bold;'>Contenido:<\/p>\n<ul style='padding-left: 20px; margin: 0 0 15px 0; font-size: 14px; color: inherit; list-style-type: disc;'>\n<li style='margin-bottom: 5px;'>Contacto magnetico inalambrico con entrada zona externa<\/li>\n<li style='margin-bottom: 5px;'>Iman<\/li>\n<li style='margin-bottom: 5px;'>Bateria 3V Litio Modelo CR2032<\/li>\n<li style='margin-bottom: 5px;'>Carcasa marron intercambiable<\/li>\n<li style='margin-bottom: 0;'>Arnes para zona externa<\/li>\n<\/ul><\/div>\n<\/p><\/div>\n<\/p><\/div>\n<div style='flex: 1 1 300px; min-width: 280px;'>\n<div style='width: 100%; border: 1px solid rgba(150&comma; 150&comma; 150&comma; 0.4); border-radius: 8px; overflow: hidden; display: flex; flex-direction: column;'>\n<div style='background-color: rgba(238&comma; 238&comma; 238&comma; 0.8);'> <a title='SFWST702' href='https:\/\/www.syscom.mx\/producto\/SFWST702-SFIRE-161480.html'> <img style='width: 100%; height: auto; border: none;' src='https:\/\/ftp3.syscom.mx\/usuarios\/fotos\/BancoFotografiasSyscom\/SFIRE\/SFWST742\/SFWST742-AD-2-l.PNG' alt='Sensor SFWST742'> <\/a> <\/div>\n<div style='border-top: 5px solid #DF001D; padding: 0 15px;'>\n<h2 style='font-size: 20px; color: inherit; margin-top: 15px; margin-bottom: 10px;'>1 x SFWST742<\/h2>\n<h4 style='font-size: 16px; color: gray; margin: 0 0 15px 0;'>Detector Movimiento inalambrico con inmunidad mascotas hasta 31Kg<\/h4>\n<p style='margin-bottom: 15px;'>Sensor de movimiento con inmunidad de mascotas de hasta 31Kg e inmunidad de luz de hasta 2000 lux&comma; el sensor cubre area de hasta 12 mts con un angulo de 90 grados.<\/p>\n<p style='margin-bottom: 15px;'>Para mas detalles de este dispositivo de clic <a href='https:\/\/www.syscom.mx\/producto\/SFWST742-SFIRE-189978.html' style='color: inherit; text-decoration: underline;'>AQUI.<\/a><\/p>\n<p style='margin-bottom: 10px; font-weight: bold;'>Contenido:<\/p>\n<ul style='padding-left: 20px; margin: 0 0 15px 0; font-size: 14px; color: inherit; list-style-type: disc;'>\n<li style='margin-bottom: 5px;'>Sensor de movimiento<\/li>\n<li style='margin-bottom: 0;'>Bateria 3Vcc Litio Modelo CR-123A<\/li>\n<\/ul><\/div>\n<\/p><\/div>\n<\/p><\/div>\n<div style='flex: 1 1 300px; min-width: 280px;'>\n<div style='width: 100%; border: 1px solid rgba(150&comma; 150&comma; 150&comma; 0.4); border-radius: 8px; overflow: hidden; display: flex; flex-direction: column;'>\n<div style='background-color: rgba(238&comma; 238&comma; 238&comma; 0.8);'> <a title='SFWST102' href='https:\/\/www.syscom.mx\/producto\/SFWST102-SFIRE-161486.html'> <img style='width: 100%; height: auto; border: none;' src='https:\/\/ftp3.syscom.mx\/usuarios\/vvega\/sfire\/imagenes\/SFWST102.jpg' alt='Llavero SFWST102'> <\/a> <\/div>\n<div style='border-top: 5px solid #DF001D; padding: 0 15px;'>\n<h2 style='font-size: 20px; color: inherit; margin-top: 15px; margin-bottom: 10px;'>1 x SFWST102<\/h2>\n<h4 style='font-size: 16px; color: gray; margin: 0 0 15px 0;'>Llavero remoto de 4 botones de uso rudo<\/h4>\n<p style='margin-bottom: 15px;'>Ideal para Armado Total \/ Armado Parcial \/ Desarmado \/ Panico. Dise\u00f1o elegante y practico.<\/p>\n<p style='margin-bottom: 15px;'>Para mas detalles de este dispositivo de clic <a href='https:\/\/www.syscom.mx\/producto\/SFWST102-SFIRE-161486.html' style='color: inherit; text-decoration: underline;'>AQUI.<\/a><\/p>\n<p style='margin-bottom: 10px; font-weight: bold;'>Contenido<\/p>\n<ul style='padding-left: 20px; margin: 0; font-size: 14px; color: inherit; list-style-type: disc;'>\n<li style='margin-bottom: 5px;'>Llavero remoto de 4 botones<\/li>\n<li style='margin-bottom: 0;'>Bateria 3 Vdc Litio CR2032<\/li>\n<\/ul><\/div>\n<\/p><\/div>\n<\/p><\/div>\n<\/p><\/div>\n<hr style='border: 0; border-top: 1px solid rgba(150&comma; 150&comma; 150&comma; 0.3); margin: 30px 0;'> <\/div>\n","protected":false},"excerpt":{"rendered":"<p>KIT B\u00e1sico Sensores Inal\u00e1mbricos &#8211; Incluye 2 Contactos Magn\u00e9ticos, 1 PIR y 1 Llavero &#8211; Compatibles con Honeywell y PRO4GEN2<\/p>\n","protected":false},"featured_media":1747,"comment_status":"open","ping_status":"closed","template":"","meta":[],"product_brand":[],"product_cat":[117],"product_tag":[118,114,79],"class_list":{"0":"post-1748","1":"product","2":"type-product","3":"status-publish","4":"has-post-thumbnail","6":"product_cat-contacto-magnetico-inalambrico","7":"product_tag-contacto-magnetico-inalambrico","8":"product_tag-contactos-magneticos","9":"product_tag-sfire","11":"first","12":"instock","13":"sale","14":"shipping-taxable","15":"purchasable","16":"product-type-simple"},"_links":{"self":[{"href":"https:\/\/soydeaqui.ddns.net\/pachuca\/index.php\/wp-json\/wp\/v2\/product\/1748","targetHints":{"allow":["GET"]}}],"collection":[{"href":"https:\/\/soydeaqui.ddns.net\/pachuca\/index.php\/wp-json\/wp\/v2\/product"}],"about":[{"href":"https:\/\/soydeaqui.ddns.net\/pachuca\/index.php\/wp-json\/wp\/v2\/types\/product"}],"replies":[{"embeddable":true,"href":"https:\/\/soydeaqui.ddns.net\/pachuca\/index.php\/wp-json\/wp\/v2\/comments?post=1748"}],"wp:featuredmedia":[{"embeddable":true,"href":"https:\/\/soydeaqui.ddns.net\/pachuca\/index.php\/wp-json\/wp\/v2\/media\/1747"}],"wp:attachment":[{"href":"https:\/\/soydeaqui.ddns.net\/pachuca\/index.php\/wp-json\/wp\/v2\/media?parent=1748"}],"wp:term":[{"taxonomy":"product_brand","embeddable":true,"href":"https:\/\/soydeaqui.ddns.net\/pachuca\/index.php\/wp-json\/wp\/v2\/product_brand?post=1748"},{"taxonomy":"product_cat","embeddable":true,"href":"https:\/\/soydeaqui.ddns.net\/pachuca\/index.php\/wp-json\/wp\/v2\/product_cat?post=1748"},{"taxonomy":"product_tag","embeddable":true,"href":"https:\/\/soydeaqui.ddns.net\/pachuca\/index.php\/wp-json\/wp\/v2\/product_tag?post=1748"}],"curies":[{"name":"wp","href":"https:\/\/api.w.org\/{rel}","templated":true}]}}