{"id":1746,"date":"2026-03-18T05:49:27","date_gmt":"2026-03-18T05:49:27","guid":{"rendered":"https:\/\/soydeaqui.ddns.net\/pachuca\/index.php\/producto\/kit-basico-sensores-inalambricos-incluye-3-contactos-magneticos-y-2-pir-compatibles-con-honeywell-y-pro4gen2\/"},"modified":"2026-03-18T05:49:27","modified_gmt":"2026-03-18T05:49:27","slug":"kit-basico-sensores-inalambricos-incluye-3-contactos-magneticos-y-2-pir-compatibles-con-honeywell-y-pro4gen2","status":"publish","type":"product","link":"https:\/\/soydeaqui.ddns.net\/pachuca\/index.php\/producto\/kit-basico-sensores-inalambricos-incluye-3-contactos-magneticos-y-2-pir-compatibles-con-honeywell-y-pro4gen2\/","title":{"rendered":"KIT B\u00e1sico Sensores Inal\u00e1mbricos &#8211; Incluye 3 Contactos Magn\u00e9ticos y 2 PIR &#8211; Compatibles con Honeywell y PRO4GEN2"},"content":{"rendered":"<div style='width: 100%; max-width: 1200px; margin: 0 auto; font-family: sans-serif; line-height: 1.6; color: inherit; background-color: transparent;'>\n<p style='text-align: center;'><img style='width: 100%; max-width: 250px; height: auto; border: 1px solid rgba(150&comma;150&comma;150&comma;0.3); border-radius: 8px;' src='https:\/\/ftp3.syscom.mx\/usuarios\/vvega\/sfire\/SFIRE_LOGO.png' alt=''><\/p>\n<div style='margin: 30px 0;'>\n<h1 style='color: inherit; text-align: center; font-size: 24px; margin: 0 0 10px 0; opacity: 0.9;'>KIT Basico Dispositivos Inalambricos SFIRE<\/h1>\n<p style='text-align: center; margin: 10px 70px 20px 70px; font-size: 15px; color: inherit;'>KIT Basito de dispositivos inalambricos SFIRE&comma; bateria de larga duracion de hasta 5 a\u00f1os.<\/p>\n<p style='text-align: center; margin: 10px 70px 20px 70px; font-size: 15px; color: inherit;'>Totalmente compatibles con paneles Honweywell y Panel de alarma <a style='color: inherit; text-decoration: underline;' href='https:\/\/www.syscom.mx\/producto\/PRO4GEN2-M2M-SERVICES-204728.html'>PRO4GEN2<\/a>. Frecuencia 345 Mhz<\/p>\n<\/p><\/div>\n<div style='display: flex; flex-wrap: wrap; gap: 30px; margin-bottom: 30px;'>\n<div style='flex: 1 1 300px; min-width: 280px;'>\n<div style='border: 1px solid rgba(150&comma;150&comma;150&comma;0.3); border-radius: 8px; overflow: hidden; display: flex; flex-direction: column;'>\n<div style='background-color: rgba(238&comma;238&comma;238&comma;0.5);'><a title='SFWST232' href='https:\/\/www.syscom.mx\/producto\/SFWST232-SFIRE-165424.html'><img style='width: 100%; height: auto; border: none; display: block;' src='https:\/\/ftp3.syscom.mx\/usuarios\/vvega\/sfire\/imagenes\/SFWST232.jpg' alt='...'><\/a><\/div>\n<div style='padding: 15px; border-top: 5px solid #DF001D;'>\n<h2 style='color: inherit; font-size: 20px; margin-top: 0;'>3 x SFWST232<\/h2>\n<h4 style='color: inherit; opacity: 0.7; font-size: 16px; margin: 5px 0;'>Sensor + Transmisor 1 Zona<\/h4>\n<p style='color: inherit;'>Convierta otros Sensores a Inalambricos&comma; contacto magnetico para puerta \/ ventana con una entrada para zona cableada.<\/p>\n<p style='color: inherit;'>Para mas detalles de este dispositivo&comma; de clic <a style='color: inherit; text-decoration: underline;' href='https:\/\/www.syscom.mx\/producto\/SFWST232-SFIRE-165424.html'>AQUI<\/a>.<\/p>\n<p style='margin: 15px 0 5px 0; font-weight: bold; color: inherit;'>Contenido:<\/p>\n<ul style='padding-left: 20px; margin: 0 0 10px 0; color: inherit; font-size: 14px;'>\n<li style='margin-bottom: 5px;'>Contacto magnetico inalambrico con entrada zona externa<\/li>\n<li style='margin-bottom: 5px;'>Iman<\/li>\n<li style='margin-bottom: 5px;'>Bateria 3V Litio Modelo CR2032<\/li>\n<li style='margin-bottom: 5px;'>Carcasa marron intercambiable<\/li>\n<li style='margin-bottom: 5px;'>Arnes para zona externa<\/li>\n<\/ul><\/div>\n<\/p><\/div>\n<\/p><\/div>\n<div style='flex: 1 1 300px; min-width: 280px;'>\n<div style='border: 1px solid rgba(150&comma;150&comma;150&comma;0.3); border-radius: 8px; overflow: hidden; display: flex; flex-direction: column;'>\n<div style='background-color: rgba(238&comma;238&comma;238&comma;0.5);'><a title='SFWST702' href='https:\/\/www.syscom.mx\/producto\/SFWST702-SFIRE-161480.html'><img style='width: 100%; height: auto; border: none; display: block;' src='https:\/\/ftp3.syscom.mx\/usuarios\/fotos\/BancoFotografiasSyscom\/SFIRE\/SFWST742\/SFWST742-AD-2-l.PNG' alt='...'><\/a><\/div>\n<div style='padding: 15px; border-top: 5px solid #DF001D;'>\n<h2 style='color: inherit; font-size: 20px; margin-top: 0;'>2 x SFWST742<\/h2>\n<h4 style='color: inherit; opacity: 0.7; font-size: 16px; margin: 5px 0;'>Detector Movimiento inalambrico con inmunidad mascotas hasta 31Kg<\/h4>\n<p style='color: inherit;'>Sensor de movimiento con inmunidad de mascotas de hasta 31Kg e inmunidad de luz de hasta 2000 lux&comma; el sensor cubre area de hasta 12 mts con un angulo de 90 grados.<\/p>\n<p style='color: inherit;'>Para mas detalles de este dispositivo de clic <a style='color: inherit; text-decoration: underline;' href='https:\/\/www.syscom.mx\/producto\/SFWST742-SFIRE-189978.html'>AQUI.<\/a><\/p>\n<p style='margin: 15px 0 5px 0; font-weight: bold; color: inherit;'>Contenido:<\/p>\n<ul style='padding-left: 20px; margin: 0 0 10px 0; color: inherit; font-size: 14px;'>\n<li style='margin-bottom: 5px;'>Sensor de movimiento<\/li>\n<li style='margin-bottom: 5px;'>Bateria 3Vcc Litio Modelo CR-123A<\/li>\n<\/ul><\/div>\n<\/p><\/div>\n<\/p><\/div>\n<\/p><\/div>\n<\/p><\/div>\n","protected":false},"excerpt":{"rendered":"<p>KIT B\u00e1sico Sensores Inal\u00e1mbricos &#8211; Incluye 3 Contactos Magn\u00e9ticos y 2 PIR &#8211; Compatibles con Honeywell y PRO4GEN2<\/p>\n","protected":false},"featured_media":1745,"comment_status":"open","ping_status":"closed","template":"","meta":[],"product_brand":[],"product_cat":[237],"product_tag":[93,238,79],"class_list":{"0":"post-1746","1":"product","2":"type-product","3":"status-publish","4":"has-post-thumbnail","6":"product_cat-controles-remotos","7":"product_tag-accesorios","8":"product_tag-controles-remotos","9":"product_tag-sfire","11":"first","12":"instock","13":"sale","14":"shipping-taxable","15":"purchasable","16":"product-type-simple"},"_links":{"self":[{"href":"https:\/\/soydeaqui.ddns.net\/pachuca\/index.php\/wp-json\/wp\/v2\/product\/1746","targetHints":{"allow":["GET"]}}],"collection":[{"href":"https:\/\/soydeaqui.ddns.net\/pachuca\/index.php\/wp-json\/wp\/v2\/product"}],"about":[{"href":"https:\/\/soydeaqui.ddns.net\/pachuca\/index.php\/wp-json\/wp\/v2\/types\/product"}],"replies":[{"embeddable":true,"href":"https:\/\/soydeaqui.ddns.net\/pachuca\/index.php\/wp-json\/wp\/v2\/comments?post=1746"}],"wp:featuredmedia":[{"embeddable":true,"href":"https:\/\/soydeaqui.ddns.net\/pachuca\/index.php\/wp-json\/wp\/v2\/media\/1745"}],"wp:attachment":[{"href":"https:\/\/soydeaqui.ddns.net\/pachuca\/index.php\/wp-json\/wp\/v2\/media?parent=1746"}],"wp:term":[{"taxonomy":"product_brand","embeddable":true,"href":"https:\/\/soydeaqui.ddns.net\/pachuca\/index.php\/wp-json\/wp\/v2\/product_brand?post=1746"},{"taxonomy":"product_cat","embeddable":true,"href":"https:\/\/soydeaqui.ddns.net\/pachuca\/index.php\/wp-json\/wp\/v2\/product_cat?post=1746"},{"taxonomy":"product_tag","embeddable":true,"href":"https:\/\/soydeaqui.ddns.net\/pachuca\/index.php\/wp-json\/wp\/v2\/product_tag?post=1746"}],"curies":[{"name":"wp","href":"https:\/\/api.w.org\/{rel}","templated":true}]}}