{"id":17459,"date":"2026-03-18T09:26:14","date_gmt":"2026-03-18T09:26:14","guid":{"rendered":"https:\/\/soydeaqui.ddns.net\/pachuca\/index.php\/producto\/cassette-hd-flex-con-6-puertos-lc-duplex-12-fibras-para-fibra-multimodo-om3-color-azul\/"},"modified":"2026-03-18T09:26:19","modified_gmt":"2026-03-18T09:26:19","slug":"cassette-hd-flex-con-6-puertos-lc-duplex-12-fibras-para-fibra-multimodo-om3-color-azul","status":"publish","type":"product","link":"https:\/\/soydeaqui.ddns.net\/pachuca\/index.php\/producto\/cassette-hd-flex-con-6-puertos-lc-duplex-12-fibras-para-fibra-multimodo-om3-color-azul\/","title":{"rendered":"Cassette HD Flex? Con 6 Puertos LC Duplex (12 Fibras), Para Fibra Multimodo OM3, Color Azul"},"content":{"rendered":"<div style='width: 100%; max-width: 1200px; margin: 0 auto; font-family: sans-serif; line-height: 1.6; color: inherit; background-color: transparent;'> <!-- Secci\u00f3n de descripci\u00f3n --> <\/p>\n<div style='margin-bottom: 30px;'>\n<h2 style='font-size: 20px; border-bottom: 2px solid currentColor; padding-bottom: 5px; margin-top: 0; color: inherit; opacity: 0.8;'>Descripci\u00f3n<\/h2>\n<p style='font-size: 15px; color: inherit; margin-bottom: 15px;'>Los casetes de fibra \u00f3ptica HD Flex\u2122 ofrecen una amplia gama de opciones de implementaci\u00f3n para admitir redes Ethernet y Fibre Channel. Los casetes est\u00e1n disponibles en configuraciones de 4&comma; 6 y 12 puertos con varias opciones de conector en la parte delantera y trasera de los casetes. Tambi\u00e9n hay disponibles casetes de empalme y m\u00f3dulos adaptadores\/acopladores.<\/p>\n<p style='font-size: 15px; color: inherit; margin-bottom: 15px;'>El modelo FHSXN1210N es un casete de fibra multimodo OM3 con 6 puertos LC d\u00faplex (12 fibras) en color azul.<\/p>\n<\/p><\/div>\n<p> <!-- Secci\u00f3n de caracter\u00edsticas principales --> <\/p>\n<div style='display: flex; flex-wrap: wrap; gap: 30px; margin-bottom: 30px;'>\n<div style='flex: 1 1 300px; min-width: 280px;'>\n<h3 style='font-size: 18px; border-bottom: 2px solid currentColor; padding-bottom: 5px; margin-top: 0; color: inherit; opacity: 0.8;'>Caracter\u00edsticas T\u00e9cnicas<\/h3>\n<ul style='padding-left: 20px; font-size: 15px; color: inherit;'>\n<li style='margin-bottom: 5px;'><strong>Tipo de fibra:<\/strong> Multimodo OM3<\/li>\n<li style='margin-bottom: 5px;'><strong>N\u00famero de fibras:<\/strong> 12<\/li>\n<li style='margin-bottom: 5px;'><strong>Conector 1:<\/strong> Tipo LC D\u00faplex<\/li>\n<li style='margin-bottom: 5px;'><strong>Adaptador:<\/strong> Color Azul<\/li>\n<li style='margin-bottom: 5px;'><strong>P\u00e9rdida m\u00e1xima de inserci\u00f3n del conector:<\/strong> 0.35 dB<\/li>\n<li style='margin-bottom: 5px;'><strong>P\u00e9rdida m\u00ednima de retorno del conector:<\/strong> 55 dB<\/li>\n<li style='margin-bottom: 5px;'><strong>Tipo de carcasa:<\/strong> Zirconia Cer\u00e1mica<\/li>\n<li style='margin-bottom: 5px;'><strong>Temperatura de operaci\u00f3n:<\/strong> 0\u00b0C a +70\u00b0C<\/li>\n<li style='margin-bottom: 5px;'><strong>Temperatura de almacenamiento:<\/strong> -40\u00b0C a +70\u00b0C<\/li>\n<\/ul><\/div>\n<div style='flex: 1 1 300px; min-width: 280px;'>\n<h3 style='font-size: 18px; border-bottom: 2px solid currentColor; padding-bottom: 5px; margin-top: 0; color: inherit; opacity: 0.8;'>Especificaciones de Rendimiento<\/h3>\n<ul style='padding-left: 20px; font-size: 15px; color: inherit;'>\n<li style='margin-bottom: 5px;'><strong>P\u00e9rdida de inserci\u00f3n (cassette):<\/strong> 0.35 dB<\/li>\n<li style='margin-bottom: 5px;'><strong>P\u00e9rdida de inserci\u00f3n (conector + empalme):<\/strong> 0.5 dB<\/li>\n<li style='margin-bottom: 5px;'><strong>Resistencia de acoplamiento:<\/strong> 500 ciclos de conexi\u00f3n<\/li>\n<li style='margin-bottom: 5px;'><strong>Est\u00e1ndares:<\/strong> ISO\/IEC 11801&comma; ANSI\/TIA-568-C.3&comma; TIA-604-5 (FOCIS-5)&comma; TIA-604-10 (FOCIS-10)&comma; RoHS<\/li>\n<li style='margin-bottom: 5px;'><strong>Pol\u00edtica de polaridad:<\/strong> Soporta Method A&comma; Modified Method A (pares invertidos) y Universal polarity (B)<\/li>\n<\/ul><\/div>\n<\/p><\/div>\n<p> <!-- Secci\u00f3n de aplicaciones --> <\/p>\n<div style='margin-bottom: 30px;'>\n<h3 style='font-size: 18px; border-bottom: 2px solid currentColor; padding-bottom: 5px; margin-top: 0; color: inherit; opacity: 0.8;'>Aplicaciones<\/h3>\n<p style='font-size: 15px; color: inherit; margin-bottom: 15px;'>Permite a los dise\u00f1adores de sistemas personalizar la configuraci\u00f3n&comma; alcance y construcci\u00f3n de desglose seg\u00fan los requisitos de la aplicaci\u00f3n; minimizar el desperdicio&comma; optimizar la gesti\u00f3n de cables&comma; acelerar la implementaci\u00f3n y mejorar la flexibilidad y capacidad de gesti\u00f3n para reducir los costos de instalaci\u00f3n.<\/p>\n<p style='font-size: 15px; color: inherit; margin-bottom: 15px;'>Ideal para redes Ethernet y Fibre Channel en entornos de centro de datos y telecomunicaciones donde se requiere alta densidad y bajo consumo de espacio.<\/p>\n<\/p><\/div>\n<p> <!-- Secci\u00f3n de especificaciones adicionales --> <\/p>\n<div style='display: flex; flex-wrap: wrap; gap: 20px; margin-bottom: 30px;'>\n<div style='flex: 1 1 250px; border: 1px solid rgba(150&comma; 150&comma; 150&comma; 0.4); border-radius: 8px; overflow: hidden; display: flex; flex-direction: column;'>\n<div style='padding: 15px; border-bottom: 1px solid rgba(150&comma; 150&comma; 150&comma; 0.2); font-weight: bold; font-size: 16px; color: inherit;'>Conectividad Frontal<\/div>\n<div style='padding: 15px; color: inherit;'>\n<ul style='padding-left: 20px; margin: 0; font-size: 14px; list-style-type: disc; color: inherit;'>\n<li style='margin-bottom: 5px;'>6 adaptadores LC d\u00faplex<\/li>\n<li style='margin-bottom: 5px;'>Color azul para fibra monomodo<\/li>\n<li style='margin-bottom: 5px;'>Con protectores de polvo<\/li>\n<\/ul><\/div>\n<\/p><\/div>\n<div style='flex: 1 1 250px; border: 1px solid rgba(150&comma; 150&comma; 150&comma; 0.4); border-radius: 8px; overflow: hidden; display: flex; flex-direction: column;'>\n<div style='padding: 15px; border-bottom: 1px solid rgba(150&comma; 150&comma; 150&comma; 0.2); font-weight: bold; font-size: 16px; color: inherit;'>Conectividad Trasera<\/div>\n<div style='padding: 15px; color: inherit;'>\n<ul style='padding-left: 20px; margin: 0; font-size: 14px; list-style-type: disc; color: inherit;'>\n<li style='margin-bottom: 5px;'>Adaptadores MPO<\/li>\n<li style='margin-bottom: 5px;'>Configuraci\u00f3n Key-up a Key-down (Tipo A) o Key-up a Key-up (Tipo B)<\/li>\n<li style='margin-bottom: 5px;'>Soporta configuraci\u00f3n de 1 MPO<\/li>\n<\/ul><\/div>\n<\/p><\/div>\n<div style='flex: 1 1 250px; border: 1px solid rgba(150&comma; 150&comma; 150&comma; 0.4); border-radius: 8px; overflow: hidden; display: flex; flex-direction: column;'>\n<div style='padding: 15px; border-bottom: 1px solid rgba(150&comma; 150&comma; 150&comma; 0.2); font-weight: bold; font-size: 16px; color: inherit;'>Caracter\u00edsticas de Dise\u00f1o<\/div>\n<div style='padding: 15px; color: inherit;'>\n<ul style='padding-left: 20px; margin: 0; font-size: 14px; list-style-type: disc; color: inherit;'>\n<li style='margin-bottom: 5px;'>Dise\u00f1o compacto para alta densidad<\/li>\n<li style='margin-bottom: 5px;'>Sistema de gesti\u00f3n de cables integrado<\/li>\n<li style='margin-bottom: 5px;'>Material resistente a impactos<\/li>\n<li style='margin-bottom: 5px;'>F\u00e1cil acceso para mantenimiento<\/li>\n<\/ul><\/div>\n<\/p><\/div>\n<\/p><\/div>\n<p> <!-- Separador --> <\/p>\n<hr style='border: 0; border-top: 1px solid rgba(150&comma; 150&comma; 150&comma; 0.3); margin: 30px 0;'> <!-- Secci\u00f3n de compatibilidad y opciones --> <\/p>\n<div style='margin-bottom: 30px;'>\n<h3 style='font-size: 18px; border-bottom: 2px solid currentColor; padding-bottom: 5px; margin-top: 0; color: inherit; opacity: 0.8;'>Compatibilidad y Opciones<\/h3>\n<ul style='padding-left: 20px; font-size: 15px; color: inherit;'>\n<li style='margin-bottom: 5px;'><strong>Compatibilidad:<\/strong> Compatibilidad con est\u00e1ndares de fibra \u00f3ptica y sistemas de cableado estructurado<\/li>\n<li style='margin-bottom: 5px;'><strong>Opciones de color:<\/strong> Azul para fibra monomodo&comma; Aqua para fibra multimodo<\/li>\n<li style='margin-bottom: 5px;'><strong>Versi\u00f3n con empalmes:<\/strong> Disponible con pigtails (250\u00b5m) y mangas de empalme pre-cargados<\/li>\n<li style='margin-bottom: 5px;'><strong>Panel adaptador:<\/strong> Opciones con 6 adaptadores LC d\u00faplex en colores seg\u00fan tipo de fibra<\/li>\n<\/ul><\/div>\n<\/p><\/div>\n","protected":false},"excerpt":{"rendered":"<p>Cassette HD Flex? Con 6 Puertos LC Duplex (12 Fibras), Para Fibra Multimodo OM3, Color Azul<\/p>\n","protected":false},"featured_media":17458,"comment_status":"open","ping_status":"closed","template":"","meta":[],"product_brand":[],"product_cat":[621],"product_tag":[622,611,445],"class_list":{"0":"post-17459","1":"product","2":"type-product","3":"status-publish","4":"has-post-thumbnail","6":"product_cat-distribuidores-de-fibra-optica","7":"product_tag-distribuidores-de-fibra-optica","8":"product_tag-fibra-optica","9":"product_tag-panduit","11":"first","12":"outofstock","13":"sale","14":"shipping-taxable","15":"purchasable","16":"product-type-simple"},"_links":{"self":[{"href":"https:\/\/soydeaqui.ddns.net\/pachuca\/index.php\/wp-json\/wp\/v2\/product\/17459","targetHints":{"allow":["GET"]}}],"collection":[{"href":"https:\/\/soydeaqui.ddns.net\/pachuca\/index.php\/wp-json\/wp\/v2\/product"}],"about":[{"href":"https:\/\/soydeaqui.ddns.net\/pachuca\/index.php\/wp-json\/wp\/v2\/types\/product"}],"replies":[{"embeddable":true,"href":"https:\/\/soydeaqui.ddns.net\/pachuca\/index.php\/wp-json\/wp\/v2\/comments?post=17459"}],"wp:featuredmedia":[{"embeddable":true,"href":"https:\/\/soydeaqui.ddns.net\/pachuca\/index.php\/wp-json\/wp\/v2\/media\/17458"}],"wp:attachment":[{"href":"https:\/\/soydeaqui.ddns.net\/pachuca\/index.php\/wp-json\/wp\/v2\/media?parent=17459"}],"wp:term":[{"taxonomy":"product_brand","embeddable":true,"href":"https:\/\/soydeaqui.ddns.net\/pachuca\/index.php\/wp-json\/wp\/v2\/product_brand?post=17459"},{"taxonomy":"product_cat","embeddable":true,"href":"https:\/\/soydeaqui.ddns.net\/pachuca\/index.php\/wp-json\/wp\/v2\/product_cat?post=17459"},{"taxonomy":"product_tag","embeddable":true,"href":"https:\/\/soydeaqui.ddns.net\/pachuca\/index.php\/wp-json\/wp\/v2\/product_tag?post=17459"}],"curies":[{"name":"wp","href":"https:\/\/api.w.org\/{rel}","templated":true}]}}