{"id":17429,"date":"2026-03-18T09:25:44","date_gmt":"2026-03-18T09:25:44","guid":{"rendered":"https:\/\/soydeaqui.ddns.net\/pachuca\/index.php\/producto\/cable-de-parcheo-utp-categoria-6-con-plug-modular-en-cada-extremo-2-ft-verde\/"},"modified":"2026-03-18T09:25:45","modified_gmt":"2026-03-18T09:25:45","slug":"cable-de-parcheo-utp-categoria-6-con-plug-modular-en-cada-extremo-2-ft-verde","status":"publish","type":"product","link":"https:\/\/soydeaqui.ddns.net\/pachuca\/index.php\/producto\/cable-de-parcheo-utp-categoria-6-con-plug-modular-en-cada-extremo-2-ft-verde\/","title":{"rendered":"Cable de parcheo UTP Categor\u00eda 6, con plug modular en cada extremo &#8211; 2 ft. &#8211; Verde"},"content":{"rendered":"<div style='width: 100%; max-width: 1200px; margin: 0 auto; font-family: sans-serif; line-height: 1.6; color: inherit; background-color: transparent;'>\n<div style='display: flex; flex-wrap: wrap; gap: 30px; margin-bottom: 30px;'>\n<div style='flex: 1 1 300px; min-width: 280px;'>\n<h3 style='font-size: 22px; border-bottom: 2px solid currentColor; padding-bottom: 5px; margin-top: 0; color: inherit; opacity: 0.8;'>Caracter\u00edsticas principales<\/h3>\n<ul style='padding-left: 20px; font-size: 15px; color: inherit;'>\n<li style='margin-bottom: 5px;'>Cableado T568B y conectores RJ45 para eficiencia m\u00e1xima<\/li>\n<li style='margin-bottom: 5px;'>Categor\u00eda 6&comma; Clase E para alto rendimiento<\/li>\n<li style='margin-bottom: 5px;'>Calibre 24 AWG est\u00e1ndar&comma; \u00f3ptima conducci\u00f3n<\/li>\n<li style='margin-bottom: 5px;'>Cumple con certificaciones ROHS&comma; UL y m\u00e1s<\/li>\n<li style='margin-bottom: 5px;'>Identificaci\u00f3n de rendimiento&comma; longitud y control calidad<\/li>\n<\/ul><\/div>\n<\/p><\/div>\n<div style='display: flex; flex-wrap: wrap; gap: 20px; margin-bottom: 30px;'>\n<div style='flex: 1 1 250px; border: 1px solid rgba(150&comma; 150&comma; 150&comma; 0.4); border-radius: 8px; overflow: hidden; display: flex; flex-direction: column;'>\n<div style='padding: 15px; border-bottom: 1px solid rgba(150&comma; 150&comma; 150&comma; 0.2); font-weight: bold; font-size: 18px; color: inherit;'>Especificaciones t\u00e9cnicas<\/div>\n<div style='padding: 15px; color: inherit;'>\n<ul style='padding-left: 20px; margin: 0; font-size: 14px; list-style-type: disc;'>\n<li style='margin-bottom: 5px;'><strong>Tipo:<\/strong> Cable de parcheo de cobre<\/li>\n<li style='margin-bottom: 5px;'><strong>Color:<\/strong> Verde<\/li>\n<li style='margin-bottom: 5px;'><strong>Nivel de rendimiento:<\/strong> Categor\u00eda 6\/Clase E<\/li>\n<li style='margin-bottom: 5px;'><strong>Tipo de cable:<\/strong> U\/UTP<\/li>\n<li style='margin-bottom: 5px;'><strong>Longitud:<\/strong> 2 ft<\/li>\n<li style='margin-bottom: 5px;'><strong>Esquema de cableado:<\/strong> T568B<\/li>\n<li style='margin-bottom: 5px;'><strong>Tipo de conector:<\/strong> RJ45 8(8)<\/li>\n<li style='margin-bottom: 5px;'><strong>Calibre:<\/strong> 24 AWG Est\u00e1ndar<\/li>\n<li style='margin-bottom: 5px;'><strong>Clasificaci\u00f3n de flamabilidad:<\/strong> CM<\/li>\n<li style='margin-bottom: 5px;'><strong>Terminaci\u00f3n extremo 1:<\/strong> Plug modular<\/li>\n<li style='margin-bottom: 5px;'><strong>Terminaci\u00f3n extremo 2:<\/strong> Plug modular<\/li>\n<\/ul><\/div>\n<\/p><\/div>\n<div style='flex: 1 1 250px; border: 1px solid rgba(150&comma; 150&comma; 150&comma; 0.4); border-radius: 8px; overflow: hidden; display: flex; flex-direction: column;'>\n<div style='padding: 15px; border-bottom: 1px solid rgba(150&comma; 150&comma; 150&comma; 0.2); font-weight: bold; font-size: 18px; color: inherit;'>Certificaciones<\/div>\n<div style='padding: 15px; color: inherit;'>\n<ul style='padding-left: 20px; margin: 0; font-size: 14px; list-style-type: disc;'>\n<li style='margin-bottom: 5px;'>RoHS<\/li>\n<li style='margin-bottom: 5px;'>UL 1863<\/li>\n<li style='margin-bottom: 5px;'>TIA\/EIA-568-C.2<\/li>\n<li style='margin-bottom: 5px;'>ISO 11801 2\u00aa Ed. Clase E<\/li>\n<li style='margin-bottom: 5px;'>ANSI\/TIA-968-A<\/li>\n<li style='margin-bottom: 5px;'>IEC 60603-7<\/li>\n<li style='margin-bottom: 5px;'>CSA 22.2 No. 62-93<\/li>\n<\/ul><\/div>\n<\/p><\/div>\n<div style='flex: 1 1 250px; border: 1px solid rgba(150&comma; 150&comma; 150&comma; 0.4); border-radius: 8px; overflow: hidden; display: flex; flex-direction: column;'>\n<div style='padding: 15px; border-bottom: 1px solid rgba(150&comma; 150&comma; 150&comma; 0.2); font-weight: bold; font-size: 18px; color: inherit;'>Aplicaciones<\/div>\n<div style='padding: 15px; color: inherit;'>\n<ul style='padding-left: 20px; margin: 0; font-size: 14px; list-style-type: disc;'>\n<li style='margin-bottom: 5px;'>Ethernet 10BASE-T<\/li>\n<li style='margin-bottom: 5px;'>Fast Ethernet 100BASE-T<\/li>\n<li style='margin-bottom: 5px;'>Gigabit Ethernet 1000BASE-T<\/li>\n<li style='margin-bottom: 5px;'>155 Mb\/s ATM<\/li>\n<li style='margin-bottom: 5px;'>622 Mb\/s ATM<\/li>\n<li style='margin-bottom: 5px;'>1.2 Gb\/s ATM<\/li>\n<li style='margin-bottom: 5px;'>Token Ring 4\/16<\/li>\n<li style='margin-bottom: 5px;'>Voice over internet protocol (VoIP)<\/li>\n<\/ul><\/div>\n<\/p><\/div>\n<\/p><\/div>\n<div style='display: flex; flex-wrap: wrap; gap: 30px; margin-bottom: 30px;'>\n<div style='flex: 1 1 300px; min-width: 280px;'>\n<h3 style='font-size: 22px; border-bottom: 2px solid currentColor; padding-bottom: 5px; margin-top: 0; color: inherit; opacity: 0.8;'>Caracter\u00edsticas adicionales<\/h3>\n<ul style='padding-left: 20px; font-size: 15px; color: inherit;'>\n<li style='margin-bottom: 5px;'>Construcci\u00f3n de cable UTP 24 AWG de cobre trenzado<\/li>\n<li style='margin-bottom: 5px;'>Plug modular en ambos extremos<\/li>\n<li style='margin-bottom: 5px;'>Boot de alivio de tensi\u00f3n esbelto para f\u00e1cil acceso en aplicaciones de alta densidad<\/li>\n<li style='margin-bottom: 5px;'>Sistema de identificaci\u00f3n para nivel de rendimiento&comma; longitud y n\u00famero de control de calidad<\/li>\n<li style='margin-bottom: 5px;'>Dise\u00f1o antienredos con pestillo patentado<\/li>\n<li style='margin-bottom: 5px;'>Disponible en variedad de colores y longitudes<\/li>\n<\/ul><\/div>\n<\/p><\/div>\n<hr style='border: 0; border-top: 1px solid rgba(150&comma; 150&comma; 150&comma; 0.3); margin: 30px 0;'> <\/div>\n","protected":false},"excerpt":{"rendered":"<p>Cable de parcheo UTP Categor\u00eda 6, con plug modular en cada extremo &#8211; 2 ft. &#8211; Verde<\/p>\n","protected":false},"featured_media":17428,"comment_status":"open","ping_status":"closed","template":"","meta":[],"product_brand":[],"product_cat":[598],"product_tag":[586,445,599],"class_list":{"0":"post-17429","1":"product","2":"type-product","3":"status-publish","4":"has-post-thumbnail","6":"product_cat-patch-cords","7":"product_tag-cableado-de-cobre","8":"product_tag-panduit","9":"product_tag-patch-cords","11":"first","12":"outofstock","13":"sale","14":"shipping-taxable","15":"purchasable","16":"product-type-simple"},"_links":{"self":[{"href":"https:\/\/soydeaqui.ddns.net\/pachuca\/index.php\/wp-json\/wp\/v2\/product\/17429","targetHints":{"allow":["GET"]}}],"collection":[{"href":"https:\/\/soydeaqui.ddns.net\/pachuca\/index.php\/wp-json\/wp\/v2\/product"}],"about":[{"href":"https:\/\/soydeaqui.ddns.net\/pachuca\/index.php\/wp-json\/wp\/v2\/types\/product"}],"replies":[{"embeddable":true,"href":"https:\/\/soydeaqui.ddns.net\/pachuca\/index.php\/wp-json\/wp\/v2\/comments?post=17429"}],"wp:featuredmedia":[{"embeddable":true,"href":"https:\/\/soydeaqui.ddns.net\/pachuca\/index.php\/wp-json\/wp\/v2\/media\/17428"}],"wp:attachment":[{"href":"https:\/\/soydeaqui.ddns.net\/pachuca\/index.php\/wp-json\/wp\/v2\/media?parent=17429"}],"wp:term":[{"taxonomy":"product_brand","embeddable":true,"href":"https:\/\/soydeaqui.ddns.net\/pachuca\/index.php\/wp-json\/wp\/v2\/product_brand?post=17429"},{"taxonomy":"product_cat","embeddable":true,"href":"https:\/\/soydeaqui.ddns.net\/pachuca\/index.php\/wp-json\/wp\/v2\/product_cat?post=17429"},{"taxonomy":"product_tag","embeddable":true,"href":"https:\/\/soydeaqui.ddns.net\/pachuca\/index.php\/wp-json\/wp\/v2\/product_tag?post=17429"}],"curies":[{"name":"wp","href":"https:\/\/api.w.org\/{rel}","templated":true}]}}