{"id":17334,"date":"2026-03-18T09:23:50","date_gmt":"2026-03-18T09:23:50","guid":{"rendered":"https:\/\/soydeaqui.ddns.net\/pachuca\/index.php\/producto\/organizador-value-vertical-doble-de-45ur-fabricado-en-acero-laminado-en-frio-6in-152mm-de-ancho\/"},"modified":"2026-03-18T09:23:51","modified_gmt":"2026-03-18T09:23:51","slug":"organizador-value-vertical-doble-de-45ur-fabricado-en-acero-laminado-en-frio-6in-152mm-de-ancho","status":"publish","type":"product","link":"https:\/\/soydeaqui.ddns.net\/pachuca\/index.php\/producto\/organizador-value-vertical-doble-de-45ur-fabricado-en-acero-laminado-en-frio-6in-152mm-de-ancho\/","title":{"rendered":"Organizador Value Vertical Doble de 45UR, Fabricado en Acero Laminado en Frio, 6in (152mm) de Ancho"},"content":{"rendered":"<div style='width: 100%; max-width: 1200px; margin: 0 auto; font-family: sans-serif; line-height: 1.6; color: inherit; background-color: transparent;'> <!-- Descripci\u00f3n general --> <\/p>\n<div style='margin-bottom: 30px;'>\n<h2 style='font-size: 24px; margin-top: 0; color: inherit; opacity: 0.9;'>Descripci\u00f3n del Organizador Vertical<\/h2>\n<p style='font-size: 15px; color: inherit;'>Los Organizadores Value Vertical Cable Manager de Siemon proporcionan una soluci\u00f3n econ\u00f3mica pero con todas las funciones para gestionar los desaf\u00edos planteados por cables m\u00e1s grandes o densidades m\u00e1s altas en instalaciones de rack de dos postes. Versiones de una y dos caras est\u00e1n disponibles en m\u00faltiples anchos para enrutar y proteger tanto los cables horizontales como los patchcords.<\/p>\n<\/p><\/div>\n<p> <!-- Caracter\u00edsticas principales --> <\/p>\n<div style='margin-bottom: 30px;'>\n<h3 style='font-size: 22px; border-bottom: 2px solid currentColor; padding-bottom: 5px; margin-top: 0; color: inherit; opacity: 0.8;'>Caracter\u00edsticas Principales<\/h3>\n<ul style='padding-left: 20px; font-size: 15px; color: inherit;'>\n<li style='margin-bottom: 5px;'>Puertas con bisagras dobles con manijas de liberaci\u00f3n por resorte<\/li>\n<li style='margin-bottom: 5px;'>Soporte de anclaje para asegurar el sistema al piso<\/li>\n<li style='margin-bottom: 5px;'>Dise\u00f1o sin herramientas para un montaje r\u00e1pido y f\u00e1cil<\/li>\n<li style='margin-bottom: 5px;'>100% termopl\u00e1stico de alta resistencia<\/li>\n<li style='margin-bottom: 5px;'>Compatibilidad con racks est\u00e1ndar de 76mm (3 in.) o 152mm (6 in.) de profundidad<\/li>\n<\/ul><\/div>\n<p> <!-- Especificaciones t\u00e9cnicas --> <\/p>\n<div style='display: flex; flex-wrap: wrap; gap: 20px; margin-bottom: 30px;'>\n<div style='flex: 1 1 250px; border: 1px solid rgba(150&comma; 150&comma; 150&comma; 0.4); border-radius: 8px; overflow: hidden; display: flex; flex-direction: column;'>\n<div style='padding: 15px; border-bottom: 1px solid rgba(150&comma; 150&comma; 150&comma; 0.2); font-weight: bold; font-size: 18px; color: inherit;'>Especificaciones Generales<\/div>\n<div style='padding: 15px; color: inherit;'>\n<ul style='padding-left: 20px; margin: 0; font-size: 14px; list-style-type: disc;'>\n<li style='margin-bottom: 5px;'><strong>Modelo:<\/strong> VCM1A06D145<\/li>\n<li style='margin-bottom: 5px;'><strong>Tipo:<\/strong> Doble cara<\/li>\n<li style='margin-bottom: 5px;'><strong>Altura:<\/strong> 2.05m (80.72in.)<\/li>\n<li style='margin-bottom: 5px;'><strong>Profundidad:<\/strong> 490mm (19.3in.)<\/li>\n<li style='margin-bottom: 5px;'><strong>Ancho:<\/strong> 152mm (6in.)<\/li>\n<li style='margin-bottom: 5px;'><strong>Color:<\/strong> Negro<\/li>\n<\/ul><\/div>\n<\/p><\/div>\n<div style='flex: 1 1 250px; border: 1px solid rgba(150&comma; 150&comma; 150&comma; 0.4); border-radius: 8px; overflow: hidden; display: flex; flex-direction: column;'>\n<div style='padding: 15px; border-bottom: 1px solid rgba(150&comma; 150&comma; 150&comma; 0.2); font-weight: bold; font-size: 18px; color: inherit;'>Materiales y Construcci\u00f3n<\/div>\n<div style='padding: 15px; color: inherit;'>\n<ul style='padding-left: 20px; margin: 0; font-size: 14px; list-style-type: disc;'>\n<li style='margin-bottom: 5px;'><strong>Dedos:<\/strong> ABS<\/li>\n<li style='margin-bottom: 5px;'><strong>Tapa de puerta y cierre:<\/strong> Policarbonato (PC)<\/li>\n<li style='margin-bottom: 5px;'><strong>Divisor y soporte:<\/strong> Acero laminado en fr\u00edo con acabado en polvo<\/li>\n<li style='margin-bottom: 5px;'><strong>Compliance:<\/strong> UL1863&comma; RoHS<\/li>\n<\/ul><\/div>\n<\/p><\/div>\n<div style='flex: 1 1 250px; border: 1px solid rgba(150&comma; 150&comma; 150&comma; 0.4); border-radius: 8px; overflow: hidden; display: flex; flex-direction: column;'>\n<div style='padding: 15px; border-bottom: 1px solid rgba(150&comma; 150&comma; 150&comma; 0.2); font-weight: bold; font-size: 18px; color: inherit;'>Capacidad de Gesti\u00f3n de Cables<\/div>\n<div style='padding: 15px; color: inherit;'>\n<ul style='padding-left: 20px; margin: 0; font-size: 14px; list-style-type: disc;'>\n<li style='margin-bottom: 5px;'><strong>Ancho:<\/strong> 152mm (6in.)<\/li>\n<li style='margin-bottom: 5px;'><strong>\u00c1rea efectiva:<\/strong> 71.25 in\u00b2 (45.97 cm\u00b2)<\/li>\n<li style='margin-bottom: 5px;'><strong>Capacidad:<\/strong> 1686 cables de 3.30mm (0.13in.)<\/li>\n<li style='margin-bottom: 5px;'><strong>Capacidad reducida:<\/strong> 843 cables para almacenamiento de slack<\/li>\n<\/ul><\/div>\n<\/p><\/div>\n<\/p><\/div>\n<p> <!-- Detalles de dise\u00f1o --> <\/p>\n<div style='margin-bottom: 30px;'>\n<h3 style='font-size: 22px; border-bottom: 2px solid currentColor; padding-bottom: 5px; margin-top: 0; color: inherit; opacity: 0.8;'>Detalles de Dise\u00f1o<\/h3>\n<ul style='padding-left: 20px; font-size: 15px; color: inherit;'>\n<li style='margin-bottom: 5px;'>Puertas con bisagras dobles que pueden abrirse desde cualquier lado<\/li>\n<li style='margin-bottom: 5px;'>Manijas en cada esquina para operaci\u00f3n suave durante e instalaci\u00f3n<\/li>\n<li style='margin-bottom: 5px;'>Dise\u00f1o de dedos que indica claramente los puntos de fijaci\u00f3n de las puertas<\/li>\n<li style='margin-bottom: 5px;'>Placa divisora central que puede colocarse en dos posiciones para expandir la capacidad<\/li>\n<li style='margin-bottom: 5px;'>Puntos de fijaci\u00f3n para cintas de cable&comma; accesorios de \u00bc de vuelta y montaje de PDU<\/li>\n<li style='margin-bottom: 5px;'>Dise\u00f1o de medio alto para env\u00edo compacto<\/li>\n<\/ul><\/div>\n<p> <!-- Aplicaciones --> <\/p>\n<div style='margin-bottom: 30px;'>\n<h3 style='font-size: 22px; border-bottom: 2px solid currentColor; padding-bottom: 5px; margin-top: 0; color: inherit; opacity: 0.8;'>Aplicaciones<\/h3>\n<ul style='padding-left: 20px; font-size: 15px; color: inherit;'>\n<li style='margin-bottom: 5px;'>Gesti\u00f3n de cables en racks de dos postes<\/li>\n<li style='margin-bottom: 5px;'>Protecci\u00f3n de cables horizontales y patch cords<\/li>\n<li style='margin-bottom: 5px;'>Instalaciones con alta densidad de cables<\/li>\n<li style='margin-bottom: 5px;'>Entornos donde se requiere acceso frecuente a los cables<\/li>\n<\/ul><\/div>\n<p> <!-- Informaci\u00f3n de montaje --> <\/p>\n<div style='margin-bottom: 30px;'>\n<h3 style='font-size: 22px; border-bottom: 2px solid currentColor; padding-bottom: 5px; margin-top: 0; color: inherit; opacity: 0.8;'>Informaci\u00f3n de Montaje<\/h3>\n<ul style='padding-left: 20px; font-size: 15px; color: inherit;'>\n<li style='margin-bottom: 5px;'>Dise\u00f1o sin herramientas para ensamblaje r\u00e1pido (menos de 5 minutos)<\/li>\n<li style='margin-bottom: 5px;'>Incluye hardware para fijar el soporte al rack<\/li>\n<li style='margin-bottom: 5px;'>Soporte de anclaje disponible para fijar al piso u otras superficies<\/li>\n<li style='margin-bottom: 5px;'>F\u00e1cil de instalar en racks Siemon Value Rack (RS1-series) y otros racks est\u00e1ndar<\/li>\n<\/ul><\/div>\n<p> <!-- Notas importantes --> <\/p>\n<div style='margin-bottom: 30px;'>\n<h3 style='font-size: 22px; border-bottom: 2px solid currentColor; padding-bottom: 5px; margin-top: 0; color: inherit; opacity: 0.8;'>Notas Importantes<\/h3>\n<ul style='padding-left: 20px; font-size: 15px; color: inherit;'>\n<li style='margin-bottom: 5px;'>Las capacidades de cable reflejan una tasa de llenado calculada del 40%<\/li>\n<li style='margin-bottom: 5px;'>Para almacenamiento de slack&comma; las capacidades deben reducirse en un 50%<\/li>\n<li style='margin-bottom: 5px;'>Las capacidades para aperturas de paso reflejan una tasa de llenado del 80%<\/li>\n<li style='margin-bottom: 5px;'>La capacidad de cada lado en modelos dobles puede variar (40%&comma; 50% o 60%) seg\u00fan posici\u00f3n del divisor<\/li>\n<li style='margin-bottom: 5px;'>La capacidad puede aumentar un 30% instalando tornillos de soporte en posici\u00f3n trasera<\/li>\n<\/ul><\/div>\n<p> <!-- Informaci\u00f3n de empaque --> <\/p>\n<div style='margin-bottom: 30px;'>\n<h3 style='font-size: 22px; border-bottom: 2px solid currentColor; padding-bottom: 5px; margin-top: 0; color: inherit; opacity: 0.8;'>Informaci\u00f3n de Empaque<\/h3>\n<p style='font-size: 15px; color: inherit;'>El organizador se env\u00eda desarmado en un cart\u00f3n&comma; dise\u00f1ado para transporte&comma; manejo y almacenamiento eficiente.<\/p>\n<\/p><\/div>\n<p> <!-- Separador --> <\/p>\n<hr style='border: 0; border-top: 1px solid rgba(150&comma; 150&comma; 150&comma; 0.3); margin: 30px 0;'> <\/div>\n","protected":false},"excerpt":{"rendered":"<p>Organizador Value Vertical Doble de 45UR, Fabricado en Acero Laminado en Frio, 6in (152mm) de Ancho<\/p>\n","protected":false},"featured_media":17333,"comment_status":"open","ping_status":"closed","template":"","meta":[],"product_brand":[],"product_cat":[633],"product_tag":[634,605,600],"class_list":{"0":"post-17334","1":"product","2":"type-product","3":"status-publish","4":"has-post-thumbnail","6":"product_cat-accesorios-para-rack-gabinetes","7":"product_tag-accesorios-para-rack-gabinetes","8":"product_tag-racks-y-gabinetes","9":"product_tag-siemon","11":"first","12":"outofstock","13":"sale","14":"shipping-taxable","15":"purchasable","16":"product-type-simple"},"_links":{"self":[{"href":"https:\/\/soydeaqui.ddns.net\/pachuca\/index.php\/wp-json\/wp\/v2\/product\/17334","targetHints":{"allow":["GET"]}}],"collection":[{"href":"https:\/\/soydeaqui.ddns.net\/pachuca\/index.php\/wp-json\/wp\/v2\/product"}],"about":[{"href":"https:\/\/soydeaqui.ddns.net\/pachuca\/index.php\/wp-json\/wp\/v2\/types\/product"}],"replies":[{"embeddable":true,"href":"https:\/\/soydeaqui.ddns.net\/pachuca\/index.php\/wp-json\/wp\/v2\/comments?post=17334"}],"wp:featuredmedia":[{"embeddable":true,"href":"https:\/\/soydeaqui.ddns.net\/pachuca\/index.php\/wp-json\/wp\/v2\/media\/17333"}],"wp:attachment":[{"href":"https:\/\/soydeaqui.ddns.net\/pachuca\/index.php\/wp-json\/wp\/v2\/media?parent=17334"}],"wp:term":[{"taxonomy":"product_brand","embeddable":true,"href":"https:\/\/soydeaqui.ddns.net\/pachuca\/index.php\/wp-json\/wp\/v2\/product_brand?post=17334"},{"taxonomy":"product_cat","embeddable":true,"href":"https:\/\/soydeaqui.ddns.net\/pachuca\/index.php\/wp-json\/wp\/v2\/product_cat?post=17334"},{"taxonomy":"product_tag","embeddable":true,"href":"https:\/\/soydeaqui.ddns.net\/pachuca\/index.php\/wp-json\/wp\/v2\/product_tag?post=17334"}],"curies":[{"name":"wp","href":"https:\/\/api.w.org\/{rel}","templated":true}]}}