{"id":1731,"date":"2026-03-18T05:49:18","date_gmt":"2026-03-18T05:49:18","guid":{"rendered":"https:\/\/soydeaqui.ddns.net\/pachuca\/index.php\/producto\/sensor-de-seguridad-perimetral-por-fibra-optica-sensitiva-4-zonas-800-metros-maximo-por-zona\/"},"modified":"2026-03-18T05:49:18","modified_gmt":"2026-03-18T05:49:18","slug":"sensor-de-seguridad-perimetral-por-fibra-optica-sensitiva-4-zonas-800-metros-maximo-por-zona","status":"publish","type":"product","link":"https:\/\/soydeaqui.ddns.net\/pachuca\/index.php\/producto\/sensor-de-seguridad-perimetral-por-fibra-optica-sensitiva-4-zonas-800-metros-maximo-por-zona\/","title":{"rendered":"Sensor de Seguridad Perimetral por Fibra \u00d3ptica Sensitiva \/ 4 zonas \/ 800 metros m\u00e1ximo por zona"},"content":{"rendered":"<div style='width: 100%; max-width: 1200px; margin: 0 auto; font-family: sans-serif; line-height: 1.6; color: inherit; background-color: transparent;'>\n<div style='display: flex; flex-wrap: wrap; gap: 30px; margin-bottom: 30px;'>\n<div style='flex: 1 1 300px; min-width: 280px;'>\n<h3 style='font-size: 22px; border-bottom: 2px solid currentColor; padding-bottom: 5px; margin-top: 0; color: inherit; opacity: 0.8;'>Descripci\u00f3n<\/h3>\n<p style='font-size: 15px; color: inherit; margin-bottom: 15px;'>El Fiber Defender FD7104 \u2122 es un sensor de detecci\u00f3n de intrusi\u00f3n de fibra \u00f3ptica de cuatro zonas optimizado para la protecci\u00f3n del per\u00edmetro. Ofrece una alta probabilidad de detecci\u00f3n (PD)&comma; una baja tasa de alarmas molestas (NAR) y facilidad de instalaci\u00f3n y funcionamiento. Esta Unidad de procesamiento de alarmas (APU) puede montarse en interiores o colocarse en un recinto a prueba de intemperie y montarse en exteriores. Cada zona puede conducir m\u00e1s de tres millas (5 km) de cable combinado insensible \/ sensor que proporciona opciones flexibles de configuraci\u00f3n del sistema. Una configuraci\u00f3n com\u00fan es montar de forma remota todos los procesadores en el interior; por lo tanto&comma; no hay componentes activos ubicados en el campo.<\/p>\n<\/p><\/div>\n<\/p><\/div>\n<div style='display: flex; flex-wrap: wrap; gap: 20px; margin-bottom: 30px;'>\n<div style='flex: 1 1 250px; border: 1px solid rgba(150&comma; 150&comma; 150&comma; 0.4); border-radius: 8px; overflow: hidden; display: flex; flex-direction: column;'>\n<div style='padding: 15px; border-bottom: 1px solid rgba(150&comma; 150&comma; 150&comma; 0.2); font-weight: bold; font-size: 18px; color: inherit;'>Aplicaciones<\/div>\n<div style='padding: 15px; color: inherit;'>\n<ul style='padding-left: 20px; margin: 0; font-size: 14px; list-style-type: disc;'>\n<li style='margin-bottom: 5px;'>Gobierno y ej\u00e9rcito<\/li>\n<li style='margin-bottom: 5px;'>Subestaciones el\u00e9ctricas<\/li>\n<li style='margin-bottom: 5px;'>Generaci\u00f3n de energ\u00eda solar instalaciones<\/li>\n<li style='margin-bottom: 5px;'>Procesamiento de petr\u00f3leo y gas sitios<\/li>\n<\/ul><\/div>\n<\/p><\/div>\n<\/p><\/div>\n<div style='position: relative; padding-bottom: 56.25%; height: 0; overflow: hidden; margin-bottom: 30px;'>   <\/div>\n<hr style='border: 0; border-top: 1px solid rgba(150&comma; 150&comma; 150&comma; 0.3); margin: 30px 0;'> <\/div>\n","protected":false},"excerpt":{"rendered":"<p>Sensor de Seguridad Perimetral por Fibra \u00d3ptica Sensitiva \/ 4 zonas \/ 800 metros m\u00e1ximo por zona<\/p>\n","protected":false},"featured_media":1730,"comment_status":"open","ping_status":"closed","template":"","meta":[],"product_brand":[],"product_cat":[103],"product_tag":[105,106,104],"class_list":{"0":"post-1731","1":"product","2":"type-product","3":"status-publish","4":"has-post-thumbnail","6":"product_cat-cable-sensor-perimetral","7":"product_tag-cable-sensor-perimetral","8":"product_tag-optex","9":"product_tag-proteccion-perimetral","11":"first","12":"outofstock","13":"sale","14":"shipping-taxable","15":"purchasable","16":"product-type-simple"},"_links":{"self":[{"href":"https:\/\/soydeaqui.ddns.net\/pachuca\/index.php\/wp-json\/wp\/v2\/product\/1731","targetHints":{"allow":["GET"]}}],"collection":[{"href":"https:\/\/soydeaqui.ddns.net\/pachuca\/index.php\/wp-json\/wp\/v2\/product"}],"about":[{"href":"https:\/\/soydeaqui.ddns.net\/pachuca\/index.php\/wp-json\/wp\/v2\/types\/product"}],"replies":[{"embeddable":true,"href":"https:\/\/soydeaqui.ddns.net\/pachuca\/index.php\/wp-json\/wp\/v2\/comments?post=1731"}],"wp:featuredmedia":[{"embeddable":true,"href":"https:\/\/soydeaqui.ddns.net\/pachuca\/index.php\/wp-json\/wp\/v2\/media\/1730"}],"wp:attachment":[{"href":"https:\/\/soydeaqui.ddns.net\/pachuca\/index.php\/wp-json\/wp\/v2\/media?parent=1731"}],"wp:term":[{"taxonomy":"product_brand","embeddable":true,"href":"https:\/\/soydeaqui.ddns.net\/pachuca\/index.php\/wp-json\/wp\/v2\/product_brand?post=1731"},{"taxonomy":"product_cat","embeddable":true,"href":"https:\/\/soydeaqui.ddns.net\/pachuca\/index.php\/wp-json\/wp\/v2\/product_cat?post=1731"},{"taxonomy":"product_tag","embeddable":true,"href":"https:\/\/soydeaqui.ddns.net\/pachuca\/index.php\/wp-json\/wp\/v2\/product_tag?post=1731"}],"curies":[{"name":"wp","href":"https:\/\/api.w.org\/{rel}","templated":true}]}}