{"id":17231,"date":"2026-03-18T09:22:01","date_gmt":"2026-03-18T09:22:01","guid":{"rendered":"https:\/\/soydeaqui.ddns.net\/pachuca\/index.php\/producto\/curva-horizontal-de-aluminio-de-90-perfil-z-peralte-3-1-4-ancho-12-radio-8-incluye-tornilleria-chc90ez314r8x12ak\/"},"modified":"2026-03-18T09:22:03","modified_gmt":"2026-03-18T09:22:03","slug":"curva-horizontal-de-aluminio-de-90-perfil-z-peralte-3-1-4-ancho-12-radio-8-incluye-tornilleria-chc90ez314r8x12ak","status":"publish","type":"product","link":"https:\/\/soydeaqui.ddns.net\/pachuca\/index.php\/producto\/curva-horizontal-de-aluminio-de-90-perfil-z-peralte-3-1-4-ancho-12-radio-8-incluye-tornilleria-chc90ez314r8x12ak\/","title":{"rendered":"Curva Horizontal de Aluminio de 90\u00b0 Perfil Z \/ Peralte 3 1\/4&#8243; \/ Ancho 12&#8243; \/ Radio 8&#8243; \/ Incluye Torniller\u00eda (CHC90EZ314R8X12AK)"},"content":{"rendered":"<div style='width: 100%; max-width: 1200px; margin: 0 auto; font-family: sans-serif; line-height: 1.6; color: inherit; background-color: transparent;'>\n<div style='display: flex; flex-wrap: wrap; gap: 30px; margin-bottom: 30px;'>\n<div style='flex: 1 1 300px; min-width: 280px;'>\n<h3 style='font-size: 22px; border-bottom: 2px solid currentColor; padding-bottom: 5px; margin-top: 0; color: inherit; opacity: 0.8;'>Descripci\u00f3n<\/h3>\n<p style='text-align: justify; font-size: 15px; color: inherit;'> La Escalera de Aluminio portacables para cableado estructurado es un componente utilizado en la instalaci\u00f3n de redes de telecomunicaciones y sistemas de cableado en edificios comerciales y data centers. Su funci\u00f3n principal es proporcionar un soporte y un sistema de gesti\u00f3n para los cables y conductos que componen la infraestructura de cableado en un espacio determinado. Consta de una serie de travesa\u00f1os o barras horizontales que se conectan a soportes verticales. Se instala en las paredes o techos del edificio&comma; proporciona una estructura en la que los cables pueden ser colocados y asegurados de manera ordenada. Esto facilita la identificaci\u00f3n de cables individuales&comma; su reemplazo o mantenimiento&comma; tambi\u00e9n contribuye a la gesti\u00f3n eficiente del flujo de aire y la disipaci\u00f3n de calor en sistemas de cableado al tiempo que reduce el riesgo de enredos y da\u00f1os. <\/p>\n<\/p><\/div>\n<\/p><\/div>\n<div style='display: flex; flex-wrap: wrap; gap: 30px; margin-bottom: 30px;'>\n<div style='flex: 1 1 300px; min-width: 280px;'>\n<h3 style='font-size: 22px; border-bottom: 2px solid currentColor; padding-bottom: 5px; margin-top: 0; color: inherit; opacity: 0.8;'>Caracter\u00edsticas Generales<\/h3>\n<ul style='padding-left: 20px; font-size: 15px; color: inherit;'>\n<li style='margin-bottom: 5px;'><strong>Curva horizontal de Aluminio portacables<\/strong> Perfil Z<\/li>\n<li style='margin-bottom: 5px;'><strong>Peralte (Alto):<\/strong> 3 1\/4 Pulgadas<\/li>\n<li style='margin-bottom: 5px;'><strong>Ancho:<\/strong> 12 Pulgadas<\/li>\n<li style='margin-bottom: 5px;'>Se puede instalar en ambientes interiores&comma; exteriores&comma; ambientes salinos&comma; marinos&comma; industria pesada&comma; ambientes h\u00famedos&comma; sector comercial y lugares con ambientes controlados<\/li>\n<li style='margin-bottom: 5px;'>Considerar las derivaciones para cambios de trayectoria. Cuidar el radio de curvatura&comma; dependiendo del cableado<\/li>\n<li style='margin-bottom: 5px;'><strong>Normas con las que cumple:<\/strong> NEMA-VE1&comma; NEMA-VE2&comma; NMX-J-511ANCE<\/li>\n<\/ul><\/div>\n<\/p><\/div>\n<div style='display: flex; flex-wrap: wrap; gap: 30px; margin-bottom: 30px;'>\n<div style='flex: 1 1 300px; min-width: 280px;'>\n<h3 style='font-size: 22px; border-bottom: 2px solid currentColor; padding-bottom: 5px; margin-top: 0; color: inherit; opacity: 0.8;'>Medidas importantes<\/h3>\n<p style='text-align: center; font-size: 16px; font-weight: bold; color: inherit; margin: 20px 0;'>\u00bfC\u00faales son las medidas importantes de una Escalera de Aluminio?<\/p>\n<\/p><\/div>\n<\/p><\/div>\n<div style='display: flex; flex-wrap: wrap; gap: 30px; margin-bottom: 30px;'>\n<div style='flex: 1 1 100%; min-width: 280px;'> <img style='width: 100%; height: auto; border: 1px solid rgba(150&comma;150&comma;150&comma;0.3); border-radius: 8px;' src='https:\/\/ftp3.syscom.mx\/usuarios\/fotos\/CHE89PX6AK\/171251-charup.jpg' alt=''> <\/div>\n<\/p><\/div>\n<div style='display: flex; flex-wrap: wrap; gap: 30px; margin-bottom: 30px;'>\n<div style='flex: 1 1 100%; min-width: 280px;'> <img style='width: 100%; height: auto; border: 1px solid rgba(150&comma;150&comma;150&comma;0.3); border-radius: 8px;' src='https:\/\/ftp3.syscom.mx\/usuarios\/fotos\/CHE89PX6AK\/171251-medidas.png' alt=''> <\/div>\n<\/p><\/div>\n<div style='display: flex; flex-wrap: wrap; gap: 30px; margin-bottom: 30px;'>\n<div style='flex: 1 1 100%; min-width: 280px;'> <img style='width: 100%; height: auto; border: 1px solid rgba(150&comma;150&comma;150&comma;0.3); border-radius: 8px;' src='https:\/\/ftp3.syscom.mx\/usuarios\/fotos\/CHE89PX12AK\/189533-accesorios_escalera_de_aluminio_p_3_14_paso_9_ancho_12.png' alt=''> <\/div>\n<\/p><\/div>\n<div style='display: flex; flex-wrap: wrap; gap: 30px; margin-bottom: 30px;'>\n<div style='flex: 1 1 100%; min-width: 280px;'> <img style='width: 100%; height: auto; border: 1px solid rgba(150&comma;150&comma;150&comma;0.3); border-radius: 8px;' src='https:\/\/ftp3.syscom.mx\/usuarios\/fotos\/CHE89PX6AK\/171251-chardn.png' alt=''> <\/div>\n<\/p><\/div>\n<hr style='border: 0; border-top: 1px solid rgba(150&comma;150&comma;150&comma;0.3); margin: 30px 0;'> <\/div>\n","protected":false},"excerpt":{"rendered":"<p>Curva Horizontal de Aluminio de 90\u00b0 Perfil Z \/ Peralte 3 1\/4&#8243; \/ Ancho 12&#8243; \/ Radio 8&#8243; \/ Incluye Torniller\u00eda (CHC90EZ314R8X12AK)<\/p>\n","protected":false},"featured_media":17230,"comment_status":"open","ping_status":"closed","template":"","meta":[],"product_brand":[],"product_cat":[630],"product_tag":[580,593,631],"class_list":{"0":"post-17231","1":"product","2":"type-product","3":"status-publish","4":"has-post-thumbnail","6":"product_cat-charolas-tipo-escalerilla","7":"product_tag-charofil","8":"product_tag-charola","9":"product_tag-charolas-tipo-escalerilla","11":"first","12":"instock","13":"sale","14":"shipping-taxable","15":"purchasable","16":"product-type-simple"},"_links":{"self":[{"href":"https:\/\/soydeaqui.ddns.net\/pachuca\/index.php\/wp-json\/wp\/v2\/product\/17231","targetHints":{"allow":["GET"]}}],"collection":[{"href":"https:\/\/soydeaqui.ddns.net\/pachuca\/index.php\/wp-json\/wp\/v2\/product"}],"about":[{"href":"https:\/\/soydeaqui.ddns.net\/pachuca\/index.php\/wp-json\/wp\/v2\/types\/product"}],"replies":[{"embeddable":true,"href":"https:\/\/soydeaqui.ddns.net\/pachuca\/index.php\/wp-json\/wp\/v2\/comments?post=17231"}],"wp:featuredmedia":[{"embeddable":true,"href":"https:\/\/soydeaqui.ddns.net\/pachuca\/index.php\/wp-json\/wp\/v2\/media\/17230"}],"wp:attachment":[{"href":"https:\/\/soydeaqui.ddns.net\/pachuca\/index.php\/wp-json\/wp\/v2\/media?parent=17231"}],"wp:term":[{"taxonomy":"product_brand","embeddable":true,"href":"https:\/\/soydeaqui.ddns.net\/pachuca\/index.php\/wp-json\/wp\/v2\/product_brand?post=17231"},{"taxonomy":"product_cat","embeddable":true,"href":"https:\/\/soydeaqui.ddns.net\/pachuca\/index.php\/wp-json\/wp\/v2\/product_cat?post=17231"},{"taxonomy":"product_tag","embeddable":true,"href":"https:\/\/soydeaqui.ddns.net\/pachuca\/index.php\/wp-json\/wp\/v2\/product_tag?post=17231"}],"curies":[{"name":"wp","href":"https:\/\/api.w.org\/{rel}","templated":true}]}}