{"id":17225,"date":"2026-03-18T09:21:55","date_gmt":"2026-03-18T09:21:55","guid":{"rendered":"https:\/\/soydeaqui.ddns.net\/pachuca\/index.php\/producto\/mdulo-acoplador-de-fibra-ptica-simplex-sc-a-sc-compatible-con-fibra-multimodo-para-placas-lp-fo-d12\/"},"modified":"2026-03-18T09:22:00","modified_gmt":"2026-03-18T09:22:00","slug":"mdulo-acoplador-de-fibra-ptica-simplex-sc-a-sc-compatible-con-fibra-multimodo-para-placas-lp-fo-d12","status":"publish","type":"product","link":"https:\/\/soydeaqui.ddns.net\/pachuca\/index.php\/producto\/mdulo-acoplador-de-fibra-ptica-simplex-sc-a-sc-compatible-con-fibra-multimodo-para-placas-lp-fo-d12\/","title":{"rendered":"M?dulo Acoplador de Fibra ?ptica Simplex SC a SC Compatible con Fibra Multimodo, para Placas LP-FO-D12"},"content":{"rendered":"<div style='width: 100%; max-width: 1200px; margin: 0 auto; font-family: sans-serif; line-height: 1.6; color: inherit; background-color: transparent;'> <!-- Secci\u00f3n de descripci\u00f3n --> <\/p>\n<div style='margin-bottom: 30px;'>\n<h2 style='font-size: 20px; border-bottom: 2px solid currentColor; padding-bottom: 8px; margin-top: 0; color: inherit; opacity: 0.85;'>Descripci\u00f3n<\/h2>\n<p style='font-size: 15px; color: inherit; margin-top: 15px;'>Los m\u00f3dulos acopladores de fibra \u00f3ptica de Linkedpro son dispositivos pasivos dise\u00f1ados para facilitar la conexi\u00f3n y desconexi\u00f3n de l\u00edneas directas de fibra \u00f3ptica en distribuidores. Estos m\u00f3dulos son compatibles con fibra \u00f3ptica multimodo y monomodo&comma; ofreciendo soluciones vers\u00e1tiles para diferentes requerimientos de conectividad.<\/p>\n<\/p><\/div>\n<p> <!-- Secci\u00f3n de caracter\u00edsticas principales --> <\/p>\n<div style='margin-bottom: 30px;'>\n<h2 style='font-size: 20px; border-bottom: 2px solid currentColor; padding-bottom: 8px; margin-top: 0; color: inherit; opacity: 0.85;'>Caracter\u00edsticas Principales<\/h2>\n<ul style='padding-left: 20px; font-size: 15px; color: inherit; margin-top: 15px;'>\n<li style='margin-bottom: 8px;'>Compatibilidad con fibra \u00f3ptica multimodo y monomodo<\/li>\n<li style='margin-bottom: 8px;'>Interfaces LC\/PC y SC\/PC para diversas conexiones<\/li>\n<li style='margin-bottom: 8px;'>Interfaces LC\/APC y SC\/APC para alta precisi\u00f3n<\/li>\n<li style='margin-bottom: 8px;'>Facilita conexi\u00f3n y desconexi\u00f3n de l\u00edneas directas<\/li>\n<li style='margin-bottom: 8px;'>M\u00f3dulos pasivos para distribuci\u00f3n eficiente de fibra<\/li>\n<\/ul><\/div>\n<p> <!-- Secci\u00f3n de especificaciones t\u00e9cnicas --> <\/p>\n<div style='margin-bottom: 30px;'>\n<h2 style='font-size: 20px; border-bottom: 2px solid currentColor; padding-bottom: 8px; margin-top: 0; color: inherit; opacity: 0.85;'>Especificaciones T\u00e9cnicas<\/h2>\n<div style='display: flex; flex-wrap: wrap; gap: 20px; margin-top: 15px;'>\n<div style='flex: 1 1 250px; border: 1px solid rgba(150&comma; 150&comma; 150&comma; 0.4); border-radius: 8px; overflow: hidden;'>\n<div style='padding: 15px; border-bottom: 1px solid rgba(150&comma; 150&comma; 150&comma; 0.2); font-weight: bold; font-size: 18px; color: inherit;'>Tipos de Conexi\u00f3n<\/div>\n<div style='padding: 15px; color: inherit;'>\n<ul style='padding-left: 20px; margin: 0; font-size: 14px; list-style-type: disc;'>\n<li style='margin-bottom: 5px;'>LC\/PC duplex<\/li>\n<li style='margin-bottom: 5px;'>SC\/PC simplex<\/li>\n<li style='margin-bottom: 5px;'>LC\/APC duplex<\/li>\n<li style='margin-bottom: 5px;'>SC\/APC simplex<\/li>\n<\/ul><\/div>\n<\/p><\/div>\n<div style='flex: 1 1 250px; border: 1px solid rgba(150&comma; 150&comma; 150&comma; 0.4); border-radius: 8px; overflow: hidden;'>\n<div style='padding: 15px; border-bottom: 1px solid rgba(150&comma; 150&comma; 150&comma; 0.2); font-weight: bold; font-size: 18px; color: inherit;'>Modelos Disponibles<\/div>\n<div style='padding: 15px; color: inherit;'>\n<ul style='padding-left: 20px; margin: 0; font-size: 14px; list-style-type: disc;'>\n<li style='margin-bottom: 5px;'>LP-FO-AD-MM-LC<\/li>\n<li style='margin-bottom: 5px;'>LP-FO-AS-SM-SC<\/li>\n<li style='margin-bottom: 5px;'>LP-FO-AS-MM-SC<\/li>\n<li style='margin-bottom: 5px;'>LP-FO-AD-SM-LC<\/li>\n<\/ul><\/div>\n<\/p><\/div>\n<\/p><\/div>\n<\/p><\/div>\n<p> <!-- Secci\u00f3n de accesorios opcionales --> <\/p>\n<div style='margin-bottom: 30px;'>\n<h2 style='font-size: 20px; border-bottom: 2px solid currentColor; padding-bottom: 8px; margin-top: 0; color: inherit; opacity: 0.85;'>Accesorios Opcionales<\/h2>\n<div style='display: flex; flex-wrap: wrap; gap: 20px; margin-top: 15px;'>\n<div style='flex: 1 1 250px; border: 1px solid rgba(150&comma; 150&comma; 150&comma; 0.4); border-radius: 8px; overflow: hidden;'>\n<div style='padding: 15px; border-bottom: 1px solid rgba(150&comma; 150&comma; 150&comma; 0.2); font-weight: bold; font-size: 18px; color: inherit;'>Inserto Ciego<\/div>\n<div style='padding: 15px; color: inherit;'>\n<p style='margin: 0; font-size: 14px;'>Distribuidor Placa Ciega para Placa Acopladora Vac\u00eda<\/p>\n<\/p><\/div>\n<\/p><\/div>\n<div style='flex: 1 1 250px; border: 1px solid rgba(150&comma; 150&comma; 150&comma; 0.4); border-radius: 8px; overflow: hidden;'>\n<div style='padding: 15px; border-bottom: 1px solid rgba(150&comma; 150&comma; 150&comma; 0.2); font-weight: bold; font-size: 18px; color: inherit;'>Distribuidor de Fibra \u00d3ptica<\/div>\n<div style='padding: 15px; color: inherit;'>\n<ul style='padding-left: 20px; margin: 0; font-size: 14px; list-style-type: disc;'>\n<li style='margin-bottom: 5px;'>LP-F-BLNK-I<\/li>\n<li style='margin-bottom: 5px;'>LP-ODF-8024<\/li>\n<li style='margin-bottom: 5px;'>LP-FO-BLNK<\/li>\n<\/ul><\/div>\n<\/p><\/div>\n<\/p><\/div>\n<\/p><\/div>\n<p> <!-- Separador --> <\/p>\n<hr style='border: 0; border-top: 1px solid rgba(150&comma; 150&comma; 150&comma; 0.3); margin: 30px 0;'> <\/div>\n","protected":false},"excerpt":{"rendered":"<p>M?dulo Acoplador de Fibra ?ptica Simplex SC a SC Compatible con Fibra Multimodo, para Placas LP-FO-D12<\/p>\n","protected":false},"featured_media":17224,"comment_status":"open","ping_status":"closed","template":"","meta":[],"product_brand":[],"product_cat":[615],"product_tag":[616,611,435],"class_list":{"0":"post-17225","1":"product","2":"type-product","3":"status-publish","4":"has-post-thumbnail","6":"product_cat-conectores","7":"product_tag-conectores","8":"product_tag-fibra-optica","9":"product_tag-linkedpro-by-epcom","11":"first","12":"instock","13":"sale","14":"shipping-taxable","15":"purchasable","16":"product-type-simple"},"_links":{"self":[{"href":"https:\/\/soydeaqui.ddns.net\/pachuca\/index.php\/wp-json\/wp\/v2\/product\/17225","targetHints":{"allow":["GET"]}}],"collection":[{"href":"https:\/\/soydeaqui.ddns.net\/pachuca\/index.php\/wp-json\/wp\/v2\/product"}],"about":[{"href":"https:\/\/soydeaqui.ddns.net\/pachuca\/index.php\/wp-json\/wp\/v2\/types\/product"}],"replies":[{"embeddable":true,"href":"https:\/\/soydeaqui.ddns.net\/pachuca\/index.php\/wp-json\/wp\/v2\/comments?post=17225"}],"wp:featuredmedia":[{"embeddable":true,"href":"https:\/\/soydeaqui.ddns.net\/pachuca\/index.php\/wp-json\/wp\/v2\/media\/17224"}],"wp:attachment":[{"href":"https:\/\/soydeaqui.ddns.net\/pachuca\/index.php\/wp-json\/wp\/v2\/media?parent=17225"}],"wp:term":[{"taxonomy":"product_brand","embeddable":true,"href":"https:\/\/soydeaqui.ddns.net\/pachuca\/index.php\/wp-json\/wp\/v2\/product_brand?post=17225"},{"taxonomy":"product_cat","embeddable":true,"href":"https:\/\/soydeaqui.ddns.net\/pachuca\/index.php\/wp-json\/wp\/v2\/product_cat?post=17225"},{"taxonomy":"product_tag","embeddable":true,"href":"https:\/\/soydeaqui.ddns.net\/pachuca\/index.php\/wp-json\/wp\/v2\/product_tag?post=17225"}],"curies":[{"name":"wp","href":"https:\/\/api.w.org\/{rel}","templated":true}]}}