{"id":17209,"date":"2026-03-18T09:21:39","date_gmt":"2026-03-18T09:21:39","guid":{"rendered":"https:\/\/soydeaqui.ddns.net\/pachuca\/index.php\/producto\/rollo-de-cinta-strap-20-mm-de-ancho-25-metros-de-largo-color-rojo\/"},"modified":"2026-03-18T09:21:40","modified_gmt":"2026-03-18T09:21:40","slug":"rollo-de-cinta-strap-20-mm-de-ancho-25-metros-de-largo-color-rojo","status":"publish","type":"product","link":"https:\/\/soydeaqui.ddns.net\/pachuca\/index.php\/producto\/rollo-de-cinta-strap-20-mm-de-ancho-25-metros-de-largo-color-rojo\/","title":{"rendered":"Rollo de Cinta Strap, 20 mm de Ancho, 25 metros de Largo, Color Rojo"},"content":{"rendered":"<div style='width: 100%; max-width: 1200px; margin: 0 auto; font-family: sans-serif; line-height: 1.6; color: inherit; background-color: transparent;'> <!-- Secci\u00f3n de caracter\u00edsticas --> <\/p>\n<div style='display: flex; flex-wrap: wrap; gap: 30px; margin-bottom: 30px;'>\n<div style='flex: 1 1 300px; min-width: 280px;'>\n<h3 style='font-size: 22px; border-bottom: 2px solid currentColor; padding-bottom: 5px; margin-top: 0; color: inherit; opacity: 0.8;'>Caracter\u00edsticas Generales<\/h3>\n<ul style='padding-left: 20px; font-size: 15px; color: inherit;'>\n<li style='margin-bottom: 5px;'>Superficie rugosa fabricada en pl\u00e1stico<\/li>\n<li style='margin-bottom: 5px;'>Superficie del gancho fabricada en nylon<\/li>\n<li style='margin-bottom: 5px;'>Dise\u00f1o reutilizable<\/li>\n<\/ul><\/div>\n<div style='flex: 1 1 300px; min-width: 280px;'>\n<h3 style='font-size: 22px; border-bottom: 2px solid currentColor; padding-bottom: 5px; margin-top: 0; color: inherit; opacity: 0.8;'>Aplicaciones<\/h3>\n<ul style='padding-left: 20px; font-size: 15px; color: inherit;'>\n<li style='margin-bottom: 5px;'>Agrupamiento de cables de red (UTP\/STP\/Fibra)<\/li>\n<li style='margin-bottom: 5px;'>Gesti\u00f3n de cables de comunicaciones<\/li>\n<li style='margin-bottom: 5px;'>Organizaci\u00f3n de cables de alimentaci\u00f3n<\/li>\n<\/ul><\/div>\n<div style='flex: 1 1 300px; min-width: 280px;'>\n<h3 style='font-size: 22px; border-bottom: 2px solid currentColor; padding-bottom: 5px; margin-top: 0; color: inherit; opacity: 0.8;'>Especificaciones<\/h3>\n<ul style='padding-left: 20px; font-size: 15px; color: inherit;'>\n<li style='margin-bottom: 5px;'><strong>Ancho:<\/strong> 20 mm<\/li>\n<li style='margin-bottom: 5px;'><strong>Largo:<\/strong> 25 metros<\/li>\n<li style='margin-bottom: 5px;'><strong>Color:<\/strong> Rojo<\/li>\n<\/ul><\/div>\n<\/p><\/div>\n<p> <!-- Secci\u00f3n de funcionamiento --> <\/p>\n<div style='margin-bottom: 30px;'>\n<h3 style='font-size: 22px; border-bottom: 2px solid currentColor; padding-bottom: 5px; margin-top: 0; color: inherit; opacity: 0.8;'>Funcionalidad<\/h3>\n<p style='font-size: 15px; color: inherit; margin-bottom: 15px;'>Dise\u00f1ado para realizar cortes precisos en el lugar&comma; adapt\u00e1ndose al tama\u00f1o exacto del atado. Su mecanismo de sujeci\u00f3n mantiene los cables firmemente sin comprimirlos&comma; garantizando la integridad de la transmisi\u00f3n de datos y la protecci\u00f3n f\u00edsica de los conductores.<\/p>\n<\/p><\/div>\n<p> <!-- Separador --> <\/p>\n<hr style='border: 0; border-top: 1px solid rgba(150&comma; 150&comma; 150&comma; 0.3); margin: 30px 0;'> <\/div>\n","protected":false},"excerpt":{"rendered":"<p>Rollo de Cinta Strap, 20 mm de Ancho, 25 metros de Largo, Color Rojo<\/p>\n","protected":false},"featured_media":17208,"comment_status":"open","ping_status":"closed","template":"","meta":[],"product_brand":[],"product_cat":[608],"product_tag":[586,580,25],"class_list":{"0":"post-17209","1":"product","2":"type-product","3":"status-publish","4":"has-post-thumbnail","6":"product_cat-herramientas-cableado-de-cobre","7":"product_tag-cableado-de-cobre","8":"product_tag-charofil","9":"product_tag-herramientas","11":"first","12":"outofstock","13":"sale","14":"shipping-taxable","15":"purchasable","16":"product-type-simple"},"_links":{"self":[{"href":"https:\/\/soydeaqui.ddns.net\/pachuca\/index.php\/wp-json\/wp\/v2\/product\/17209","targetHints":{"allow":["GET"]}}],"collection":[{"href":"https:\/\/soydeaqui.ddns.net\/pachuca\/index.php\/wp-json\/wp\/v2\/product"}],"about":[{"href":"https:\/\/soydeaqui.ddns.net\/pachuca\/index.php\/wp-json\/wp\/v2\/types\/product"}],"replies":[{"embeddable":true,"href":"https:\/\/soydeaqui.ddns.net\/pachuca\/index.php\/wp-json\/wp\/v2\/comments?post=17209"}],"wp:featuredmedia":[{"embeddable":true,"href":"https:\/\/soydeaqui.ddns.net\/pachuca\/index.php\/wp-json\/wp\/v2\/media\/17208"}],"wp:attachment":[{"href":"https:\/\/soydeaqui.ddns.net\/pachuca\/index.php\/wp-json\/wp\/v2\/media?parent=17209"}],"wp:term":[{"taxonomy":"product_brand","embeddable":true,"href":"https:\/\/soydeaqui.ddns.net\/pachuca\/index.php\/wp-json\/wp\/v2\/product_brand?post=17209"},{"taxonomy":"product_cat","embeddable":true,"href":"https:\/\/soydeaqui.ddns.net\/pachuca\/index.php\/wp-json\/wp\/v2\/product_cat?post=17209"},{"taxonomy":"product_tag","embeddable":true,"href":"https:\/\/soydeaqui.ddns.net\/pachuca\/index.php\/wp-json\/wp\/v2\/product_tag?post=17209"}],"curies":[{"name":"wp","href":"https:\/\/api.w.org\/{rel}","templated":true}]}}