{"id":1718,"date":"2026-03-18T05:49:08","date_gmt":"2026-03-18T05:49:08","guid":{"rendered":"https:\/\/soydeaqui.ddns.net\/pachuca\/index.php\/producto\/ax-pro-tag-de-desarmado-y-armado-material-resistente-pvc-13-56mhz-mifare\/"},"modified":"2026-03-18T05:49:09","modified_gmt":"2026-03-18T05:49:09","slug":"ax-pro-tag-de-desarmado-y-armado-material-resistente-pvc-13-56mhz-mifare","status":"publish","type":"product","link":"https:\/\/soydeaqui.ddns.net\/pachuca\/index.php\/producto\/ax-pro-tag-de-desarmado-y-armado-material-resistente-pvc-13-56mhz-mifare\/","title":{"rendered":"(AX PRO) Tag de Desarmado y Armado \/ Material Resistente PVC \/ 13.56MHz Mifare"},"content":{"rendered":"<div style='width: 100%; max-width: 1200px; margin: 0 auto; font-family: sans-serif; line-height: 1.6; color: inherit; background-color: transparent;'> <!-- Logo --> <\/p>\n<div style='text-align: center; margin: 20px 0;'> <img style='width: 45%; height: auto; border: 1px solid rgba(150&comma;150&comma;150&comma;0.3); border-radius: 8px;' src='https:\/\/ftp3.syscom.mx\/usuarios\/jsosa\/HIKVISION\/imagenes\/logo\/hikvision%20see%20far.png' alt='Logo Hikvision'> <\/div>\n<p> <!-- Video principal --> <\/p>\n<div style='margin: 30px 0;'>\n<h3 style='text-align: center; font-size: 20px; margin-bottom: 15px; color: inherit; opacity: 0.85;'>Conoce la serie AX PRO de alarmas Hikvision<\/h3>\n<div style='position: relative; padding-bottom: 56.25%; height: 0; overflow: hidden;'>   <\/div>\n<\/p><\/div>\n<p> <!-- Videos secundarios --> <\/p>\n<div style='display: flex; flex-wrap: wrap; gap: 20px; margin: 30px 0;'>\n<div style='flex: 1 1 300px; min-width: 280px;'>\n<h4 style='text-align: center; font-size: 18px; margin-bottom: 10px; color: inherit; opacity: 0.8;'>Configuraci\u00f3n de la alarma AX PRO de Hikvision<\/h4>\n<div style='position: relative; padding-bottom: 56.25%; height: 0; overflow: hidden;'>   <\/div>\n<\/p><\/div>\n<div style='flex: 1 1 300px; min-width: 280px;'>\n<h4 style='text-align: center; font-size: 18px; margin-bottom: 10px; color: inherit; opacity: 0.8;'>Bienvenido al futuro con AX PRO Hikvision<\/h4>\n<div style='position: relative; padding-bottom: 56.25%; height: 0; overflow: hidden;'>   <\/div>\n<\/p><\/div>\n<div style='flex: 1 1 300px; min-width: 280px;'>\n<h4 style='text-align: center; font-size: 18px; margin-bottom: 10px; color: inherit; opacity: 0.8;'>Sistema Robusto contra Intrusiones AX PRO<\/h4>\n<div style='position: relative; padding-bottom: 56.25%; height: 0; overflow: hidden;'>   <\/div>\n<\/p><\/div>\n<\/p><\/div>\n<p> <!-- Caracter\u00edsticas principales --> <\/p>\n<div style='display: flex; flex-wrap: wrap; gap: 20px; margin: 30px 0;'>\n<div style='flex: 1 1 300px; min-width: 280px;'>\n<div style='border-left: 5px solid #ff0000; border-radius: 8px; padding: 15px; background-color: rgba(150&comma; 150&comma; 150&comma; 0.1);'> <strong style='font-size: 16px; color: inherit;'>Caracter\u00edsticas principales:<\/strong> <\/p>\n<ul style='padding-left: 20px; margin: 10px 0 0 0; color: inherit;'>\n<li style='margin-bottom: 8px;'><span style='color: inherit;'>Frecuencia de operaci\u00f3n: 13.56 MHz.<\/span><\/li>\n<li style='margin-bottom: 8px;'><span style='color: inherit;'>Distancia de lectura: 5 &#8211; 10 cm.<\/span><\/li>\n<\/ul><\/div>\n<\/p><\/div>\n<div style='flex: 1 1 300px; min-width: 280px;'>\n<div style='border-left: 5px solid #ff0000; border-radius: 8px; padding: 15px; background-color: rgba(150&comma; 150&comma; 150&comma; 0.1);'> <strong style='font-size: 16px; color: inherit;'>Caracter\u00edsticas F\u00edsicas y El\u00e9ctricas:<\/strong> <\/p>\n<ul style='padding-left: 20px; margin: 10px 0 0 0; color: inherit;'>\n<li style='margin-bottom: 8px;'><span style='color: inherit;'>Temperatura de operaci\u00f3n: -10\u00b0 &#8211; 50\u00b0 C.<\/span><\/li>\n<li style='margin-bottom: 8px;'><span style='color: inherit;'>Dimensiones: 41 x 32 x 3.5 mm.<\/span><\/li>\n<\/ul>\n<p style='margin-top: 15px; margin-bottom: 0;'><a style='color: inherit; text-decoration: underline;' href='https:\/\/soporte.syscom.mx\/es\/articles\/5117840-hikvision-alarmas-ax-pro-configuraciones-ax-pro' target='_blank' rel='noopener'>Configuraciones b\u00e1sicas<\/a><\/p>\n<\/p><\/div>\n<\/p><\/div>\n<div style='flex: 1 1 300px; min-width: 280px;'>\n<div style='border-left: 5px solid #ff0000; border-radius: 8px; padding: 15px; background-color: rgba(150&comma; 150&comma; 150&comma; 0.1);'> <strong style='font-size: 16px; color: inherit;'>Caracter\u00edsticas Destacadas:<\/strong> <\/p>\n<p style='margin: 10px 0 0 0; color: inherit;'>El tag funciona como llavero para armar y desarmar el panel de alarma de Hikvision AX PRO.<\/p>\n<p style='margin: 15px 0 0 0;'><a style='color: inherit; text-decoration: underline;' href='https:\/\/www.syscom.mx\/principal\/listadoproductosazul\/intrusion-hikvision-paneles-de-alarma-y-accesorios-ax-pro-series-66286.html?ordenar=Precio_de_Menor_a_Mayor&#038;pag=1' target='_blank' rel='noopener'>Conozca todos los dispositivos que pueden integrar en la Serie AX PRO<\/a><\/p>\n<\/p><\/div>\n<\/p><\/div>\n<\/p><\/div>\n<p> <!-- Diagrama familia AX PRO --> <\/p>\n<div style='margin: 30px 0;'>\n<h2 style='text-align: center; font-size: 20px; margin-bottom: 20px; color: inherit; opacity: 0.85;'>Linea de Productos AX PRO<\/h2>\n<p> <a href='https:\/\/www.syscom.mx\/principal\/listadoproductosazul\/intrusion-hikvision-paneles-de-alarma-y-accesorios-ax-pro-series-66286.html?ordenar=Precio_de_Menor_a_Mayor&#038;pag=1' target='_blank' rel='noopener'> <img style='width: 100%; height: auto; border: 1px solid rgba(150&comma;150&comma;150&comma;0.3); border-radius: 8px;' src='https:\/\/ftp3.syscom.mx\/usuarios\/jsosa\/HIKVISION\/alarmas\/AXPPRO\/banner\/AX%20PRO%20disgramas-hikvision.jpg' alt='Linea de Productos AX PRO'> <\/a> <\/div>\n<p> <!-- Videos m\u00e9todos armado\/desarmado --> <\/p>\n<div style='display: flex; flex-wrap: wrap; gap: 20px; margin: 30px 0;'>\n<div style='flex: 1 1 300px; min-width: 280px;'>\n<h3 style='text-align: center; font-size: 18px; margin-bottom: 10px; color: inherit; opacity: 0.8;'>M\u00e9todos para armar y desarmar &#8216;ON&#8217;<\/h3>\n<div style='position: relative; padding-bottom: 56.25%; height: 0; overflow: hidden;'>   <\/div>\n<\/p><\/div>\n<div style='flex: 1 1 300px; min-width: 280px;'>\n<h3 style='text-align: center; font-size: 18px; margin-bottom: 10px; color: inherit; opacity: 0.8;'>M\u00e9todos para armar y desarmar &#8216;OFF&#8217;<\/h3>\n<div style='position: relative; padding-bottom: 56.25%; height: 0; overflow: hidden;'>   <\/div>\n<\/p><\/div>\n<\/p><\/div>\n<p> <!-- Serie AX PRO --> <\/p>\n<div style='display: flex; flex-wrap: wrap; gap: 30px; margin: 30px 0; align-items: center;'>\n<div style='flex: 1 1 300px; min-width: 280px;'> <a href='https:\/\/www.syscom.mx\/principal\/listadoproductosazul\/intrusion-hikvision-paneles-de-alarma-y-accesorios-ax-pro-series-66286.html?ordenar=Precio_de_Menor_a_Mayor&#038;pag=1' target='_blank' rel='noopener'> <img style='width: 100%; height: auto; border: 1px solid rgba(150&comma;150&comma;150&comma;0.3); border-radius: 8px;' src='https:\/\/ftp3.syscom.mx\/usuarios\/jsosa\/HIKVISION\/alarmas\/AXPPRO\/Serie%20AXPRO.png' alt='Serie AX PRO'> <\/a> <\/div>\n<div style='flex: 2 1 400px;'>\n<h2 style='font-size: 20px; margin-top: 0; margin-bottom: 15px; color: inherit; opacity: 0.85;'>Serie AX PRO<\/h2>\n<p style='margin: 8px 0; color: inherit;'>\u00bfNecesita proteger su hogar&comma; oficina o tienda?<\/p>\n<p style='margin: 8px 0; color: inherit;'>\u00bfCansado de tantos cables y mucho tiempo de instalaci\u00f3n?<\/p>\n<p style='margin: 8px 0; color: inherit;'>\u00a1Utilice una soluci\u00f3n de alarma inal\u00e1mbrica profesional!<\/p>\n<p style='margin-top: 15px; color: inherit;'><a style='color: inherit; text-decoration: underline;' href='https:\/\/www.syscom.mx\/principal\/listadoproductosazul\/intrusion-hikvision-paneles-de-alarma-y-accesorios-ax-pro-series-66286.html?ordenar=Precio_de_Menor_a_Mayor&#038;pag=1' target='_blank' rel='noopener'>Conozca todos los dispositivos que pueden integrar en la Serie AX PRO<\/a><\/p>\n<\/p><\/div>\n<\/p><\/div>\n<p> <!-- Banner promocional --> <\/p>\n<div style='margin: 30px 0;'> <a title='Serie AX PRO' href='https:\/\/www.syscom.mx\/principal\/promociones\/serie_ax_pro_alarmas_hikvision-5416.html?ordenar=Relevancia&#038;pag=1' target='_blank' rel='noopener'> <img style='width: 100%; height: auto; border: 1px solid rgba(150&comma;150&comma;150&comma;0.3); border-radius: 8px;' src='https:\/\/ftp3.syscom.mx\/usuarios\/jsosa\/HIKVISION\/alarmas\/AXPPRO\/banner\/HIKVISION-AXPRO-SERIES.jpg' alt='Serie AX PRO'> <\/a> <\/div>\n<\/p><\/div>\n","protected":false},"excerpt":{"rendered":"<p>(AX PRO) Tag de Desarmado y Armado \/ Material Resistente PVC \/ 13.56MHz Mifare<\/p>\n","protected":false},"featured_media":1717,"comment_status":"open","ping_status":"closed","template":"","meta":[],"product_brand":[],"product_cat":[68],"product_tag":[70,54,69],"class_list":{"0":"post-1718","1":"product","2":"type-product","3":"status-publish","4":"has-post-thumbnail","6":"product_cat-ax-pro-series","7":"product_tag-ax-pro-series","8":"product_tag-hikvision","9":"product_tag-paneles-de-alarma-y-accesorios-hikvision","11":"first","12":"instock","13":"sale","14":"shipping-taxable","15":"purchasable","16":"product-type-simple"},"_links":{"self":[{"href":"https:\/\/soydeaqui.ddns.net\/pachuca\/index.php\/wp-json\/wp\/v2\/product\/1718","targetHints":{"allow":["GET"]}}],"collection":[{"href":"https:\/\/soydeaqui.ddns.net\/pachuca\/index.php\/wp-json\/wp\/v2\/product"}],"about":[{"href":"https:\/\/soydeaqui.ddns.net\/pachuca\/index.php\/wp-json\/wp\/v2\/types\/product"}],"replies":[{"embeddable":true,"href":"https:\/\/soydeaqui.ddns.net\/pachuca\/index.php\/wp-json\/wp\/v2\/comments?post=1718"}],"wp:featuredmedia":[{"embeddable":true,"href":"https:\/\/soydeaqui.ddns.net\/pachuca\/index.php\/wp-json\/wp\/v2\/media\/1717"}],"wp:attachment":[{"href":"https:\/\/soydeaqui.ddns.net\/pachuca\/index.php\/wp-json\/wp\/v2\/media?parent=1718"}],"wp:term":[{"taxonomy":"product_brand","embeddable":true,"href":"https:\/\/soydeaqui.ddns.net\/pachuca\/index.php\/wp-json\/wp\/v2\/product_brand?post=1718"},{"taxonomy":"product_cat","embeddable":true,"href":"https:\/\/soydeaqui.ddns.net\/pachuca\/index.php\/wp-json\/wp\/v2\/product_cat?post=1718"},{"taxonomy":"product_tag","embeddable":true,"href":"https:\/\/soydeaqui.ddns.net\/pachuca\/index.php\/wp-json\/wp\/v2\/product_tag?post=1718"}],"curies":[{"name":"wp","href":"https:\/\/api.w.org\/{rel}","templated":true}]}}