{"id":1716,"date":"2026-03-18T05:49:07","date_gmt":"2026-03-18T05:49:07","guid":{"rendered":"https:\/\/soydeaqui.ddns.net\/pachuca\/index.php\/producto\/ax-pro-sensor-pir-de-movimiento-con-cobertura-de-360-inalambrico-uso-en-interior\/"},"modified":"2026-03-18T05:49:07","modified_gmt":"2026-03-18T05:49:07","slug":"ax-pro-sensor-pir-de-movimiento-con-cobertura-de-360-inalambrico-uso-en-interior","status":"publish","type":"product","link":"https:\/\/soydeaqui.ddns.net\/pachuca\/index.php\/producto\/ax-pro-sensor-pir-de-movimiento-con-cobertura-de-360-inalambrico-uso-en-interior\/","title":{"rendered":"(AX PRO) Sensor PIR de Movimiento con Cobertura de 360\u00b0 Inalambrico \/ Uso en Interior"},"content":{"rendered":"<div style='width: 100%; max-width: 1200px; margin: 0 auto; font-family: sans-serif; line-height: 1.6; color: inherit; background-color: transparent;'>\n<p style='text-align: center; margin: 0;'><img style='width: 45%; height: auto; border: 1px solid rgba(150&comma;150&comma;150&comma;0.3); border-radius: 8px;' src='https:\/\/ftp3.syscom.mx\/usuarios\/jsosa\/HIKVISION\/imagenes\/logo\/hikvision%20see%20far.png' alt='Logo Hikvision'><\/p>\n<div style='position: relative; padding-bottom: 56.25%; height: 0; overflow: hidden; margin: 30px 0;'> <\/div>\n<div style='border-left: 5px solid #ff0000; border-radius: 5px; padding: 15px; box-shadow: 2px 2px 10px rgba(216&comma;216&comma;216&comma;0.5); margin: 30px 0;'><span style='font-family: verdana&comma; geneva&comma; sans-serif;'><strong>Consideraciones:<\/strong><\/span><\/p>\n<ul style='padding-left: 20px; font-size: 14px;'>\n<li style='margin-bottom: 8px;'><span style='font-family: verdana&comma; geneva&comma; sans-serif;'>Las distancias de comunicaci\u00f3n entre los sensores y el panel pueden variar en cada instalaci\u00f3n por cuestiones como: ruido ambiental&comma; materiales y grosor de los muros&comma; ruido digital&comma; etc.<\/span><\/li>\n<\/ul>\n<\/div>\n<div style='display: flex; flex-wrap: wrap; gap: 30px; margin: 30px 0;'>\n<div style='flex: 1 1 300px; min-width: 280px;'>\n<h4 style='text-align: center; font-size: 18px; margin: 0 0 15px; color: inherit;'><strong>Configuraci\u00f3n de la alarma AX PRO de Hikvision<\/strong><\/h4>\n<div style='position: relative; padding-bottom: 56.25%; height: 0; overflow: hidden;'> <\/div>\n<\/p><\/div>\n<div style='flex: 1 1 300px; min-width: 280px;'>\n<h4 style='text-align: center; font-size: 18px; margin: 0 0 15px; color: inherit;'><strong>Bienvenido al futuro con AX PRO Hikvision<\/strong><\/h4>\n<div style='position: relative; padding-bottom: 56.25%; height: 0; overflow: hidden;'> <\/div>\n<\/p><\/div>\n<div style='flex: 1 1 300px; min-width: 280px;'>\n<h4 style='text-align: center; font-size: 18px; margin: 0 0 15px; color: inherit;'><strong>Sistema Robusto contra Intrusiones AX PRO<\/strong><\/h4>\n<div style='position: relative; padding-bottom: 56.25%; height: 0; overflow: hidden;'> <\/div>\n<\/p><\/div>\n<\/p><\/div>\n<div style='display: flex; flex-wrap: wrap; gap: 30px; margin: 30px 0;'>\n<div style='flex: 1 1 300px; min-width: 280px;'>\n<div style='border-left: 5px solid #ff0000; border-radius: 5px; padding: 15px; box-shadow: 2px 2px 10px rgba(216&comma;216&comma;216&comma;0.5);'> <span style='font-family: verdana&comma; geneva&comma; sans-serif;'><strong>Caracter\u00edsticas principales:<\/strong><\/span> <\/p>\n<ul style='padding-left: 20px; font-size: 14px; margin: 15px 0 0 0;'>\n<li style='margin-bottom: 8px;'><span style='font-family: verdana&comma; geneva&comma; sans-serif;'>Altura recomendada de instalaci\u00f3n 2.4 -4 metros.<\/span><\/li>\n<li style='margin-bottom: 8px;'>Rango de detecci\u00f3n: 12 m \/ 360 \u00b0<\/li>\n<li style='margin-bottom: 8px;'>SEC (Smart Environmental Control): procesamiento avanzado de se\u00f1ales digitales y \u00f3ptica 3D.<\/li>\n<li style='margin-bottom: 8px;'>Totalmente configurable de forma remota a trav\u00e9s de la aplicaci\u00f3n.<\/li>\n<li style='margin-bottom: 8px;'>M\u00e9todo de inscripci\u00f3n m\u00faltiple y dise\u00f1o de instalaci\u00f3n f\u00e1cil.<\/li>\n<li style='margin-bottom: 8px;'>Bater\u00eda f\u00e1cilmente reemplazable con PCB protegida.<\/li>\n<li style='margin-bottom: 8px;'>Salto de frecuencia contra interferencias para una transmisi\u00f3n confiable.<\/li>\n<\/ul>\n<p style='margin: 15px 0 0 0;'><strong><a href='https:\/\/soporte.syscom.mx\/es\/articles\/5117840-hikvision-alarmas-ax-pro-configuraciones-ax-pro' target='_blank' rel='noopener' style='color: inherit; text-decoration: underline;'>Configuraciones b\u00e1sicas aqu\u00ed<\/a><\/strong><\/p>\n<\/p><\/div>\n<\/p><\/div>\n<div style='flex: 1 1 300px; min-width: 280px;'>\n<div style='border-left: 5px solid #ff0000; border-radius: 5px; padding: 15px; box-shadow: 2px 2px 10px rgba(216&comma;216&comma;216&comma;0.5);'> <span style='font-family: verdana&comma; geneva&comma; sans-serif;'><strong>Caracter\u00edsticas Destacadas:<\/strong><\/span> <\/p>\n<ul style='padding-left: 20px; font-size: 14px; margin: 15px 0 0 0;'>\n<li style='margin-bottom: 8px;'><span style='font-family: verdana&comma; geneva&comma; sans-serif;'>Fuente de alimentaci\u00f3n: 3 V \/ Bater\u00eda 1 x CRA123A (Incluida).<\/span><\/li>\n<li style='margin-bottom: 8px;'><span style='font-family: verdana&comma; geneva&comma; sans-serif;'>Temperatura de operaci\u00f3n: -10\u00b0 a 55\u00b0C.<\/span><\/li>\n<li style='margin-bottom: 8px;'><span style='font-family: verdana&comma; geneva&comma; sans-serif;'>Dimensiones: 101.2 x 32.9 mm.<\/span><\/li>\n<li style='margin-bottom: 8px;'><span style='font-family: verdana&comma; geneva&comma; sans-serif;'>Peso: 109.4 gramos.<\/span><\/li>\n<li style='margin-bottom: 8px;'><span style='font-family: verdana&comma; geneva&comma; sans-serif;'>Altura de montaje: 2.4 a 4 m.<\/span><\/li>\n<li style='margin-bottom: 8px;'><span style='font-family: verdana&comma; geneva&comma; sans-serif;'>M\u00e9todo de montaje: techo.<\/span><\/li>\n<li style='margin-bottom: 8px;'><span style='font-family: verdana&comma; geneva&comma; sans-serif;'>Interior.<\/span><\/li>\n<\/ul>\n<p style='margin: 15px 0;'><a style='font-family: verdana&comma; geneva&comma; sans-serif; color: inherit; text-decoration: underline;' href='https:\/\/www.syscom.mx\/principal\/listadoproductosazul\/intrusion-hikvision-paneles-de-alarma-y-accesorios-ax-pro-series-66286.html?ordenar=Precio_de_Menor_a_Mayor&#038;pag=1' target='_blank' rel='noopener'><strong>Conozca todos los dispositivos que pueden integrar en la Serie AX PRO aqu\u00ed<\/strong><\/a><\/p>\n<\/p><\/div>\n<\/p><\/div>\n<\/p><\/div>\n<h2 style='text-align: center; font-size: 24px; margin: 30px 0 15px; color: inherit;'><strong><span style='font-family: verdana&comma; geneva&comma; sans-serif;'>Linea de Productos AX PRO<\/span><\/strong><\/h2>\n<p style='margin: 15px 0;'><a href='https:\/\/www.syscom.mx\/principal\/listadoproductosazul\/intrusion-hikvision-paneles-de-alarma-y-accesorios-ax-pro-series-66286.html?ordenar=Precio_de_Menor_a_Mayor&#038;pag=1' target='_blank' rel='noopener'><img style='width: 100%; height: auto; border: 1px solid rgba(150&comma;150&comma;150&comma;0.3); border-radius: 8px;' src='https:\/\/ftp3.syscom.mx\/usuarios\/jsosa\/HIKVISION\/alarmas\/AXPPRO\/banner\/AX%20PRO%20disgramas-hikvision.jpg' alt='Linea de Productos AX PRO'><\/a><\/p>\n<div style='display: flex; flex-wrap: wrap; gap: 30px; margin: 30px 0;'>\n<div style='flex: 1 1 300px; min-width: 280px;'>\n<p style='margin: 0;'><a href='https:\/\/www.syscom.mx\/principal\/listadoproductosazul\/intrusion-hikvision-paneles-de-alarma-y-accesorios-ax-pro-series-66286.html?ordenar=Precio_de_Menor_a_Mayor&#038;pag=1' target='_blank' rel='noopener'><img style='width: 100%; height: auto; border: 1px solid rgba(150&comma;150&comma;150&comma;0.3); border-radius: 8px;' src='https:\/\/ftp3.syscom.mx\/usuarios\/jsosa\/HIKVISION\/alarmas\/AXPPRO\/Serie%20AXPRO.png' alt='Serie AX PRO'><\/a><\/p>\n<\/p><\/div>\n<div style='flex: 1 1 300px; min-width: 280px;'>\n<h2 style='font-size: 20px; margin: 0 0 15px; color: inherit;'><span style='font-family: verdana&comma; geneva&comma; sans-serif;'>Serie AX PRO<\/span><\/h2>\n<p style='margin: 8px 0;'><span style='font-family: verdana&comma; geneva&comma; sans-serif;'>\u00bfNecesita proteger su hogar&comma; oficina o tienda?<\/span><\/p>\n<p style='margin: 8px 0;'><span style='font-family: verdana&comma; geneva&comma; sans-serif;'>\u00bfCansado de tantos cables y mucho tiempo de instalaci\u00f3n?<\/span><\/p>\n<p style='margin: 8px 0;'><span style='font-family: verdana&comma; geneva&comma; sans-serif;'>\u00a1Utilice una soluci\u00f3n de alarma inal\u00e1mbrica profesional!<\/span><\/p>\n<p style='margin: 15px 0 0 0;'><a style='font-family: verdana&comma; geneva&comma; sans-serif; color: inherit; text-decoration: underline;' href='https:\/\/www.syscom.mx\/principal\/listadoproductosazul\/intrusion-hikvision-paneles-de-alarma-y-accesorios-ax-pro-series-66286.html?ordenar=Precio_de_Menor_a_Mayor&#038;pag=1' target='_blank' rel='noopener'><strong>Conozca todos los dispositivos que pueden integrar en la Serie AX PRO aqu\u00ed<\/strong><\/a><\/p>\n<\/p><\/div>\n<\/p><\/div>\n<p style='margin: 30px 0;'><a title='Serie AX PRO' href='https:\/\/www.syscom.mx\/principal\/promociones\/serie_ax_pro_alarmas_hikvision-5416.html?ordenar=Relevancia&#038;pag=1' target='_blank' rel='noopener'><img style='width: 100%; height: auto; border: 1px solid rgba(150&comma;150&comma;150&comma;0.3); border-radius: 8px;' src='https:\/\/ftp3.syscom.mx\/usuarios\/jsosa\/HIKVISION\/alarmas\/AXPPRO\/banner\/HIKVISION-AXPRO-SERIES.jpg' alt='Banner Serie AX PRO'><\/a><\/p>\n<\/p><\/div>\n","protected":false},"excerpt":{"rendered":"<p>(AX PRO) Sensor PIR de Movimiento con Cobertura de 360\u00b0 Inalambrico \/ Uso en Interior<\/p>\n","protected":false},"featured_media":1715,"comment_status":"open","ping_status":"closed","template":"","meta":[],"product_brand":[],"product_cat":[18],"product_tag":[19,54,20],"class_list":{"0":"post-1716","1":"product","2":"type-product","3":"status-publish","4":"has-post-thumbnail","6":"product_cat-movimiento-para-interior","7":"product_tag-detectores-sensores","8":"product_tag-hikvision","9":"product_tag-movimiento-para-interior","11":"first","12":"instock","13":"sale","14":"shipping-taxable","15":"purchasable","16":"product-type-simple"},"_links":{"self":[{"href":"https:\/\/soydeaqui.ddns.net\/pachuca\/index.php\/wp-json\/wp\/v2\/product\/1716","targetHints":{"allow":["GET"]}}],"collection":[{"href":"https:\/\/soydeaqui.ddns.net\/pachuca\/index.php\/wp-json\/wp\/v2\/product"}],"about":[{"href":"https:\/\/soydeaqui.ddns.net\/pachuca\/index.php\/wp-json\/wp\/v2\/types\/product"}],"replies":[{"embeddable":true,"href":"https:\/\/soydeaqui.ddns.net\/pachuca\/index.php\/wp-json\/wp\/v2\/comments?post=1716"}],"wp:featuredmedia":[{"embeddable":true,"href":"https:\/\/soydeaqui.ddns.net\/pachuca\/index.php\/wp-json\/wp\/v2\/media\/1715"}],"wp:attachment":[{"href":"https:\/\/soydeaqui.ddns.net\/pachuca\/index.php\/wp-json\/wp\/v2\/media?parent=1716"}],"wp:term":[{"taxonomy":"product_brand","embeddable":true,"href":"https:\/\/soydeaqui.ddns.net\/pachuca\/index.php\/wp-json\/wp\/v2\/product_brand?post=1716"},{"taxonomy":"product_cat","embeddable":true,"href":"https:\/\/soydeaqui.ddns.net\/pachuca\/index.php\/wp-json\/wp\/v2\/product_cat?post=1716"},{"taxonomy":"product_tag","embeddable":true,"href":"https:\/\/soydeaqui.ddns.net\/pachuca\/index.php\/wp-json\/wp\/v2\/product_tag?post=1716"}],"curies":[{"name":"wp","href":"https:\/\/api.w.org\/{rel}","templated":true}]}}