{"id":17100,"date":"2026-03-18T09:19:42","date_gmt":"2026-03-18T09:19:42","guid":{"rendered":"https:\/\/soydeaqui.ddns.net\/pachuca\/index.php\/producto\/cople-para-uniones-de-escalera-de-aluminio-plano-peralte-3-1-4-incluye-tornileria\/"},"modified":"2026-03-18T09:19:47","modified_gmt":"2026-03-18T09:19:47","slug":"cople-para-uniones-de-escalera-de-aluminio-plano-peralte-3-1-4-incluye-tornileria","status":"publish","type":"product","link":"https:\/\/soydeaqui.ddns.net\/pachuca\/index.php\/producto\/cople-para-uniones-de-escalera-de-aluminio-plano-peralte-3-1-4-incluye-tornileria\/","title":{"rendered":"Cople para Uniones de Escalera de Aluminio \/ Plano \/ Peralte 3 1\/4&#8243; \/ Incluye Torniler\u00eda"},"content":{"rendered":"<div style='width: 100%; max-width: 1200px; margin: 0 auto; font-family: sans-serif; line-height: 1.6; color: inherit; background-color: transparent;'>\n<div style='display: flex; flex-wrap: wrap; gap: 30px; margin-bottom: 30px;'>\n<div style='flex: 1 1 300px; min-width: 280px;'>\n<h3 style='font-size: 22px; border-bottom: 2px solid currentColor; padding-bottom: 5px; margin-top: 0; color: inherit; opacity: 0.8;'>Descripci\u00f3n<\/h3>\n<p style='font-size: 15px; color: inherit; text-align: justify;'> La Escalera de Aluminio portacables para cableado estructurado es un componente utilizado en la instalaci\u00f3n de redes de telecomunicaciones y sistemas de cableado en edificios comerciales y data centers. Su funci\u00f3n principal es proporcionar un soporte y un sistema de gesti\u00f3n para los cables y conductos que componen la infraestructura de cableado en un espacio determinado. Consta de una serie de travesa\u00f1os o barras horizontales que se conectan a soportes verticales. Se instala en las paredes o techos del edificio&comma; proporciona una estructura en la que los cables pueden ser colocados y asegurados de manera ordenada. Esto facilita la identificaci\u00f3n de cables individuales&comma; su reemplazo o mantenimiento&comma; tambi\u00e9n contribuye a la gesti\u00f3n eficiente del flujo de aire y la disipaci\u00f3n de calor en sistemas de cableado al tiempo que reduce el riesgo de enredos y da\u00f1os. <\/p>\n<\/p><\/div>\n<\/p><\/div>\n<div style='display: flex; flex-wrap: wrap; gap: 20px; margin-bottom: 30px;'>\n<div style='flex: 1 1 250px; border: 1px solid rgba(150&comma; 150&comma; 150&comma; 0.4); border-radius: 8px; overflow: hidden; display: flex; flex-direction: column;'>\n<div style='padding: 15px; border-bottom: 1px solid rgba(150&comma; 150&comma; 150&comma; 0.2); font-weight: bold; font-size: 18px; color: inherit;'>Caracter\u00edsticas Generales<\/div>\n<div style='padding: 15px; color: inherit;'>\n<ul style='padding-left: 20px; margin: 0; font-size: 14px; list-style-type: disc;'>\n<li style='margin-bottom: 5px;'><span style='font-weight: bold;'>Cople para uniones:<\/span> Escalera de Aluminio portacables &#8216;Plano&#8217;<\/li>\n<li style='margin-bottom: 5px;'><span style='font-weight: bold;'>Peralte:<\/span> 3 1\/4 Pulgadas<\/li>\n<li style='margin-bottom: 5px;'><span style='font-weight: bold;'>Compatibilidad:<\/span> Todos los anchos con peralte de 3 1\/4 Pulgadas<\/li>\n<li style='margin-bottom: 5px;'><span style='font-weight: bold;'>Ambientes:<\/span> Interiores&comma; exteriores&comma; salinos&comma; marinos&comma; industria pesada&comma; ambientes h\u00famedos&comma; sector comercial y lugares con ambientes controlados<\/li>\n<li style='margin-bottom: 5px;'><span style='font-weight: bold;'>Consideraciones:<\/span> Usar derivaciones para cambios de trayectoria&comma; cuidar el radio de curvatura seg\u00fan el cableado<\/li>\n<li style='margin-bottom: 5px;'><span style='font-weight: bold;'>Normas:<\/span> NEMA-VE1&comma; NEMA-VE2&comma; NMX-J-511ANCE<\/li>\n<\/ul><\/div>\n<\/p><\/div>\n<\/p><\/div>\n<div style='display: flex; flex-wrap: wrap; gap: 30px; margin-bottom: 30px;'>\n<div style='flex: 1 1 300px; min-width: 280px;'>\n<h3 style='font-size: 22px; border-bottom: 2px solid currentColor; padding-bottom: 5px; margin-top: 0; color: inherit; opacity: 0.8;'>Medidas importantes<\/h3>\n<p style='text-align: center; font-size: 16px; font-weight: bold; color: inherit; margin: 15px 0;'>\u00bfC\u00faales son las medidas importantes de una Escalera de Aluminio?<\/p>\n<\/p><\/div>\n<\/p><\/div>\n<div style='display: flex; flex-wrap: wrap; gap: 30px; margin-bottom: 30px;'>\n<div style='flex: 1 1 300px; min-width: 280px;'> <img style='width: 100%; height: auto; border: 1px solid rgba(150&comma;150&comma;150&comma;0.3); border-radius: 8px;' src='https:\/\/ftp3.syscom.mx\/usuarios\/fotos\/CHE89PX6AK\/171251-charup.jpg' alt=''> <\/div>\n<\/p><\/div>\n<div style='display: flex; flex-wrap: wrap; gap: 30px; margin-bottom: 30px;'>\n<div style='flex: 1 1 300px; min-width: 280px;'> <img style='width: 100%; height: auto; border: 1px solid rgba(150&comma;150&comma;150&comma;0.3); border-radius: 8px;' src='https:\/\/ftp3.syscom.mx\/usuarios\/fotos\/CHE89PX6AK\/171251-medidas.png' alt=''> <\/div>\n<\/p><\/div>\n<div style='display: flex; flex-wrap: wrap; gap: 30px; margin-bottom: 30px;'>\n<div style='flex: 1 1 300px; min-width: 280px;'> <img style='width: 100%; height: auto; border: 1px solid rgba(150&comma;150&comma;150&comma;0.3); border-radius: 8px;' src='https:\/\/ftp3.syscom.mx\/usuarios\/fotos\/CHE89PX6AK\/171251-chardn.jpg' alt=''> <\/div>\n<\/p><\/div>\n<hr style='border: 0; border-top: 1px solid rgba(150&comma; 150&comma; 150&comma; 0.3); margin: 30px 0;'> <\/div>\n","protected":false},"excerpt":{"rendered":"<p>Cople para Uniones de Escalera de Aluminio \/ Plano \/ Peralte 3 1\/4&#8243; \/ Incluye Torniler\u00eda<\/p>\n","protected":false},"featured_media":17099,"comment_status":"open","ping_status":"closed","template":"","meta":[],"product_brand":[],"product_cat":[630],"product_tag":[580,593,631],"class_list":{"0":"post-17100","1":"product","2":"type-product","3":"status-publish","4":"has-post-thumbnail","6":"product_cat-charolas-tipo-escalerilla","7":"product_tag-charofil","8":"product_tag-charola","9":"product_tag-charolas-tipo-escalerilla","11":"first","12":"instock","13":"sale","14":"shipping-taxable","15":"purchasable","16":"product-type-simple"},"_links":{"self":[{"href":"https:\/\/soydeaqui.ddns.net\/pachuca\/index.php\/wp-json\/wp\/v2\/product\/17100","targetHints":{"allow":["GET"]}}],"collection":[{"href":"https:\/\/soydeaqui.ddns.net\/pachuca\/index.php\/wp-json\/wp\/v2\/product"}],"about":[{"href":"https:\/\/soydeaqui.ddns.net\/pachuca\/index.php\/wp-json\/wp\/v2\/types\/product"}],"replies":[{"embeddable":true,"href":"https:\/\/soydeaqui.ddns.net\/pachuca\/index.php\/wp-json\/wp\/v2\/comments?post=17100"}],"wp:featuredmedia":[{"embeddable":true,"href":"https:\/\/soydeaqui.ddns.net\/pachuca\/index.php\/wp-json\/wp\/v2\/media\/17099"}],"wp:attachment":[{"href":"https:\/\/soydeaqui.ddns.net\/pachuca\/index.php\/wp-json\/wp\/v2\/media?parent=17100"}],"wp:term":[{"taxonomy":"product_brand","embeddable":true,"href":"https:\/\/soydeaqui.ddns.net\/pachuca\/index.php\/wp-json\/wp\/v2\/product_brand?post=17100"},{"taxonomy":"product_cat","embeddable":true,"href":"https:\/\/soydeaqui.ddns.net\/pachuca\/index.php\/wp-json\/wp\/v2\/product_cat?post=17100"},{"taxonomy":"product_tag","embeddable":true,"href":"https:\/\/soydeaqui.ddns.net\/pachuca\/index.php\/wp-json\/wp\/v2\/product_tag?post=17100"}],"curies":[{"name":"wp","href":"https:\/\/api.w.org\/{rel}","templated":true}]}}