{"id":1708,"date":"2026-03-18T05:49:03","date_gmt":"2026-03-18T05:49:03","guid":{"rendered":"https:\/\/soydeaqui.ddns.net\/pachuca\/index.php\/producto\/ax-pro-contacto-magnetico-inalambrico-para-exterior-proteccion-ip66-no-compatible-con-el-panel-ds-pha64-lp\/"},"modified":"2026-03-18T05:49:07","modified_gmt":"2026-03-18T05:49:07","slug":"ax-pro-contacto-magnetico-inalambrico-para-exterior-proteccion-ip66-no-compatible-con-el-panel-ds-pha64-lp","status":"publish","type":"product","link":"https:\/\/soydeaqui.ddns.net\/pachuca\/index.php\/producto\/ax-pro-contacto-magnetico-inalambrico-para-exterior-proteccion-ip66-no-compatible-con-el-panel-ds-pha64-lp\/","title":{"rendered":"(AX PRO) Contacto Magn\u00e9tico Inal\u00e1mbrico para Exterior Protecci\u00f3n IP66 \/ No compatible con el panel DS-PHA64-LP"},"content":{"rendered":"<div style='width: 100%; max-width: 1200px; margin: 0 auto; font-family: sans-serif; line-height: 1.6; color: inherit; background-color: transparent;'> <!-- Logo --> <\/p>\n<div style='text-align: center; margin: 30px 0;'> <img style='width: 45%; height: auto; border: 1px solid rgba(150&comma;150&comma;150&comma;0.3); border-radius: 8px;' src='https:\/\/ftp3.syscom.mx\/usuarios\/jsosa\/HIKVISION\/imagenes\/logo\/hikvision%20see%20far.png' alt='Logo Hikvision'> <\/div>\n<p> <!-- Video principal --> <\/p>\n<div style='margin: 30px 0;'>\n<h3 style='text-align: center; font-size: 20px; margin-bottom: 15px; color: inherit; opacity: 0.85;'><span style='font-family: verdana&comma; geneva&comma; sans-serif;'>Conoce la serie AX PRO de alarmas Hikvision<\/span><\/h3>\n<div style='position: relative; padding-bottom: 56.25%; height: 0; overflow: hidden; margin-bottom: 30px;'>   <\/div>\n<\/p><\/div>\n<p> <!-- Consideraciones --> <\/p>\n<div style='margin: 30px 0;'>\n<div style='border-left: 5px solid #ff0000; border-radius: 5px; padding: 15px; box-shadow: 2px 2px 10px rgba(150&comma;150&comma;150&comma;0.2);'> <span style='font-family: verdana&comma; geneva&comma; sans-serif;'><strong>Consideraciones:<\/strong><\/span> <\/p>\n<ul style='padding-left: 20px; margin-top: 10px;'>\n<li style='font-family: verdana&comma; geneva&comma; sans-serif;'>Las distancias de comunicaci\u00f3n entre los sensores y el panel pueden variar en cada instalaci\u00f3n por cuestiones como: ruido ambiental&comma; materiales y grosor de los muros&comma; ruido digital&comma; etc.<\/li>\n<\/ul><\/div>\n<\/p><\/div>\n<p> <!-- Bloque de videos --> <\/p>\n<div style='display: flex; flex-wrap: wrap; gap: 20px; margin: 30px 0;'>\n<div style='flex: 1 1 300px; min-width: 280px;'>\n<h4 style='text-align: center; font-size: 18px; margin-bottom: 15px; color: inherit; opacity: 0.8;'><span style='font-family: verdana&comma; geneva&comma; sans-serif;'>Configuraci\u00f3n de la alarma AX PRO de Hikvision<\/span><\/h4>\n<div style='position: relative; padding-bottom: 56.25%; height: 0; overflow: hidden;'>   <\/div>\n<\/p><\/div>\n<div style='flex: 1 1 300px; min-width: 280px;'>\n<h4 style='text-align: center; font-size: 18px; margin-bottom: 15px; color: inherit; opacity: 0.8;'><span style='font-family: verdana&comma; geneva&comma; sans-serif;'>Bienvenido al futuro con AX PRO Hikvision<\/span><\/h4>\n<div style='position: relative; padding-bottom: 56.25%; height: 0; overflow: hidden;'>   <\/div>\n<\/p><\/div>\n<div style='flex: 1 1 300px; min-width: 280px;'>\n<h4 style='text-align: center; font-size: 18px; margin-bottom: 15px; color: inherit; opacity: 0.8;'><span style='font-family: verdana&comma; geneva&comma; sans-serif;'>Sistema Robusto contra Intrusiones AX PRO<\/span><\/h4>\n<div style='position: relative; padding-bottom: 56.25%; height: 0; overflow: hidden;'>   <\/div>\n<\/p><\/div>\n<\/p><\/div>\n<p> <!-- Caracter\u00edsticas --> <\/p>\n<div style='display: flex; flex-wrap: wrap; gap: 20px; margin: 30px 0;'>\n<div style='flex: 1 1 300px; min-width: 280px;'>\n<div style='border-left: 5px solid #ff0000; border-radius: 5px; padding: 15px; box-shadow: 2px 2px 10px rgba(150&comma;150&comma;150&comma;0.2);'> <span style='font-family: verdana&comma; geneva&comma; sans-serif;'><strong>Caracter\u00edsticas principales:<\/strong><\/span> <\/p>\n<ul style='padding-left: 20px; margin-top: 10px;'>\n<li style='font-family: verdana&comma; geneva&comma; sans-serif;'>Comunicaci\u00f3n de dos v\u00edas.<\/li>\n<li style='font-family: verdana&comma; geneva&comma; sans-serif;'>Contiene un led indicador.<\/li>\n<\/ul><\/div>\n<\/p><\/div>\n<div style='flex: 1 1 300px; min-width: 280px;'>\n<div style='border-left: 5px solid #ff0000; border-radius: 5px; padding: 15px; box-shadow: 2px 2px 10px rgba(150&comma;150&comma;150&comma;0.2);'> <span style='font-family: verdana&comma; geneva&comma; sans-serif;'><strong>Caracter\u00edsticas F\u00edsicas y El\u00e9ctricas:<\/strong><\/span> <\/p>\n<ul style='padding-left: 20px; margin-top: 10px;'>\n<li style='font-family: verdana&comma; geneva&comma; sans-serif;'>Tamper: soportado en carcasa frontal y tapa trasera.<\/li>\n<li style='font-family: verdana&comma; geneva&comma; sans-serif;'>Alimentaci\u00f3n: Bater\u00eda 3V \/ 1 x CR123A (Incluida).<\/li>\n<li style='font-family: verdana&comma; geneva&comma; sans-serif;'>Dimensiones:\n<ul style='padding-left: 20px;'>\n<li style='font-family: verdana&comma; geneva&comma; sans-serif;'>Sensor: 40.5 x 146 x 40.9 mm<\/li>\n<li style='font-family: verdana&comma; geneva&comma; sans-serif;'>Magnetic Stick: 30.5 x 146 x 40.9 mm<\/li>\n<\/ul>\n<\/li>\n<\/ul>\n<p style='margin-top: 15px; margin-bottom: 0; font-family: verdana&comma; geneva&comma; sans-serif;'><strong>Configuraciones b\u00e1sicas clic <a href='https:\/\/soporte.syscom.mx\/es\/articles\/5117840-hikvision-alarmas-ax-pro-configuraciones-ax-pro' target='_blank' rel='noopener'>Aqu\u00ed<\/a><\/strong><\/p>\n<\/p><\/div>\n<\/p><\/div>\n<div style='flex: 1 1 300px; min-width: 280px;'>\n<div style='border-left: 5px solid #ff0000; border-radius: 5px; padding: 15px; box-shadow: 2px 2px 10px rgba(150&comma;150&comma;150&comma;0.2);'> <span style='font-family: verdana&comma; geneva&comma; sans-serif;'><strong>Caracter\u00edsticas Destacadas:<\/strong><\/span> <\/p>\n<p style='margin-top: 10px; font-family: verdana&comma; geneva&comma; sans-serif;'>Se puede montar en todo tipo de puertas&comma; incluida la base de metal&comma; y las entradas integradas permitir\u00e1n al usuario extender las aplicaciones mediante el cableado a diferentes sensores cableados.<\/p>\n<p style='margin-top: 15px; margin-bottom: 0; font-family: verdana&comma; geneva&comma; sans-serif;'>Conozca todos los dispositivos que pueden integrar en la Serie AX PRO dando clic <a href='https:\/\/www.syscom.mx\/principal\/listadoproductosazul\/intrusion-hikvision-paneles-de-alarma-y-accesorios-ax-pro-series-66286.html?ordenar=Precio_de_Menor_a_Mayor&#038;pag=1' target='_blank' rel='noopener'><strong>aqu\u00ed<\/strong><\/a>.<\/p>\n<\/p><\/div>\n<\/p><\/div>\n<\/p><\/div>\n<p> <!-- Diagrama Familia AX PRO --> <\/p>\n<div style='margin: 30px 0;'>\n<h2 style='text-align: center; font-size: 22px; margin-bottom: 20px; color: inherit; opacity: 0.85;'><strong><span style='font-family: verdana&comma; geneva&comma; sans-serif;'>Linea de Productos AX PRO<\/span><\/strong><\/h2>\n<p> <a href='https:\/\/www.syscom.mx\/principal\/listadoproductosazul\/intrusion-hikvision-paneles-de-alarma-y-accesorios-ax-pro-series-66286.html?ordenar=Precio_de_Menor_a_Mayor&#038;pag=1' target='_blank' rel='noopener'> <img style='width: 100%; height: auto; border: 1px solid rgba(150&comma;150&comma;150&comma;0.3); border-radius: 8px;' src='https:\/\/ftp3.syscom.mx\/usuarios\/jsosa\/HIKVISION\/alarmas\/AXPPRO\/banner\/AX%20PRO%20disgramas-hikvision.jpg' alt='Linea de Productos AX PRO'> <\/a> <\/div>\n<p> <!-- Serie AX PRO --> <\/p>\n<div style='display: flex; flex-wrap: wrap; gap: 20px; margin: 30px 0;'>\n<div style='flex: 1 1 300px; min-width: 280px;'> <a href='https:\/\/www.syscom.mx\/principal\/listadoproductosazul\/intrusion-hikvision-paneles-de-alarma-y-accesorios-ax-pro-series-66286.html?ordenar=Precio_de_Menor_a_Mayor&#038;pag=1' target='_blank' rel='noopener'> <img style='width: 100%; height: auto; border: 1px solid rgba(150&comma;150&comma;150&comma;0.3); border-radius: 8px;' src='https:\/\/ftp3.syscom.mx\/usuarios\/jsosa\/HIKVISION\/alarmas\/AXPPRO\/Serie%20AXPRO.png' alt='Serie AX PRO'> <\/a> <\/div>\n<div style='flex: 1 1 300px; min-width: 280px;'>\n<h2 style='font-size: 20px; margin-top: 0; margin-bottom: 15px; color: inherit; opacity: 0.85;'><span style='font-family: verdana&comma; geneva&comma; sans-serif;'>Serie AX PRO<\/span><\/h2>\n<p style='font-family: verdana&comma; geneva&comma; sans-serif; margin: 8px 0;'>\u00bfNecesita proteger su hogar&comma; oficina o tienda?<\/p>\n<p style='font-family: verdana&comma; geneva&comma; sans-serif; margin: 8px 0;'>\u00bfCansado de tantos cables y mucho tiempo de instalaci\u00f3n?<\/p>\n<p style='font-family: verdana&comma; geneva&comma; sans-serif; margin: 8px 0;'>\u00a1Utilice una soluci\u00f3n de alarma inal\u00e1mbrica profesional!<\/p>\n<p style='font-family: verdana&comma; geneva&comma; sans-serif; margin-top: 15px; margin-bottom: 0;'><span style='font-family: verdana&comma; geneva&comma; sans-serif;'>Conozca todos los dispositivos que pueden integrar en la Serie AX PRO dando clic <a href='https:\/\/www.syscom.mx\/principal\/listadoproductosazul\/intrusion-hikvision-paneles-de-alarma-y-accesorios-ax-pro-series-66286.html?ordenar=Precio_de_Menor_a_Mayor&#038;pag=1' target='_blank' rel='noopener'><strong>aqu\u00ed<\/strong><\/a>.<\/span><\/p>\n<\/p><\/div>\n<\/p><\/div>\n<p> <!-- Banner --> <\/p>\n<div style='margin: 30px 0;'> <a href='https:\/\/www.syscom.mx\/principal\/listadoproductosazul\/intrusion-hikvision-paneles-de-alarma-y-accesorios-ax-pro-series-66286.html?ordenar=Precio_de_Menor_a_Mayor&#038;pag=1' target='_blank' rel='noopener'> <img style='width: 100%; height: auto; border: 1px solid rgba(150&comma;150&comma;150&comma;0.3); border-radius: 8px;' src='https:\/\/ftp3.syscom.mx\/usuarios\/jsosa\/HIKVISION\/alarmas\/AXPPRO\/banner\/HIKVISION-AXPRO-SERIES.jpg' alt='Banner Serie AX PRO'> <\/a> <\/div>\n<\/p><\/div>\n","protected":false},"excerpt":{"rendered":"<p>(AX PRO) Contacto Magn\u00e9tico Inal\u00e1mbrico para Exterior Protecci\u00f3n IP66 \/ No compatible con el panel DS-PHA64-LP<\/p>\n","protected":false},"featured_media":1707,"comment_status":"open","ping_status":"closed","template":"","meta":[],"product_brand":[],"product_cat":[117],"product_tag":[118,114,54],"class_list":{"0":"post-1708","1":"product","2":"type-product","3":"status-publish","4":"has-post-thumbnail","6":"product_cat-contacto-magnetico-inalambrico","7":"product_tag-contacto-magnetico-inalambrico","8":"product_tag-contactos-magneticos","9":"product_tag-hikvision","11":"first","12":"outofstock","13":"sale","14":"shipping-taxable","15":"purchasable","16":"product-type-simple"},"_links":{"self":[{"href":"https:\/\/soydeaqui.ddns.net\/pachuca\/index.php\/wp-json\/wp\/v2\/product\/1708","targetHints":{"allow":["GET"]}}],"collection":[{"href":"https:\/\/soydeaqui.ddns.net\/pachuca\/index.php\/wp-json\/wp\/v2\/product"}],"about":[{"href":"https:\/\/soydeaqui.ddns.net\/pachuca\/index.php\/wp-json\/wp\/v2\/types\/product"}],"replies":[{"embeddable":true,"href":"https:\/\/soydeaqui.ddns.net\/pachuca\/index.php\/wp-json\/wp\/v2\/comments?post=1708"}],"wp:featuredmedia":[{"embeddable":true,"href":"https:\/\/soydeaqui.ddns.net\/pachuca\/index.php\/wp-json\/wp\/v2\/media\/1707"}],"wp:attachment":[{"href":"https:\/\/soydeaqui.ddns.net\/pachuca\/index.php\/wp-json\/wp\/v2\/media?parent=1708"}],"wp:term":[{"taxonomy":"product_brand","embeddable":true,"href":"https:\/\/soydeaqui.ddns.net\/pachuca\/index.php\/wp-json\/wp\/v2\/product_brand?post=1708"},{"taxonomy":"product_cat","embeddable":true,"href":"https:\/\/soydeaqui.ddns.net\/pachuca\/index.php\/wp-json\/wp\/v2\/product_cat?post=1708"},{"taxonomy":"product_tag","embeddable":true,"href":"https:\/\/soydeaqui.ddns.net\/pachuca\/index.php\/wp-json\/wp\/v2\/product_tag?post=1708"}],"curies":[{"name":"wp","href":"https:\/\/api.w.org\/{rel}","templated":true}]}}