{"id":17067,"date":"2026-03-18T09:19:08","date_gmt":"2026-03-18T09:19:08","guid":{"rendered":"https:\/\/soydeaqui.ddns.net\/pachuca\/index.php\/producto\/tijeras-cortadora-de-tubos-y-mangueras-de-plastico-de-hasta-42mm-1-5-8\/"},"modified":"2026-03-18T09:19:12","modified_gmt":"2026-03-18T09:19:12","slug":"tijeras-cortadora-de-tubos-y-mangueras-de-plastico-de-hasta-42mm-1-5-8","status":"publish","type":"product","link":"https:\/\/soydeaqui.ddns.net\/pachuca\/index.php\/producto\/tijeras-cortadora-de-tubos-y-mangueras-de-plastico-de-hasta-42mm-1-5-8\/","title":{"rendered":"Tijeras Cortadora de Tubos y Mangueras de Pl\u00e1stico de hasta (42mm) 1-5\/8&#8243;"},"content":{"rendered":"<p style='text-align: center;'><img src='data:image\/png;base64&comma;iVBORw0KGgoAAAANSUhEUgAAAREAAABOCAYAAAAHOyIYAAAepUlEQVR4Ae1dh38VVb7n73BXwb7r6vrcXZ+7uur6dt++Lb5VSkjoSWiB0ATpndBFVKQIKCsgQiqhhZBOeggEkN6CQgBBurTAnfm+9z2TmXvu3DY3N7kJ5pzP58ecyZ055Tfn951fO0O7rB3boUjxQK0BtQYauwbaNfZGdZ9adGoNqDXANaBARGliShNVayCsNaBARC2gsBaQ0kaUNuIFIuWlxag9fVqR4oFaA2oNWGsg0MvCC0QO7d0NVRQHFAcUB2QOhAQi8o2qrjigOKA4QA4oEFHrQHFAcSAsDigQCYt96mbFAcUBBSJqDSgOKA6ExQEFImGxT92sOKA4oEBErQHFAcWBsDigQCQs9qmbFQcUBxSIqDWgOKA4EBYHgoBINrJ2uCmsntTNigOKAz9JDsgYYa+3s\/\/hJ8kBNSnFAcWBsDhgxwn5XIFIWKxVNysOtA0OyKBhrysQaRtrQM1ScSAsDtiBQz5\/+EFE14EHD4C7d4EffwRu3DSI9du3gfp6QNPCYqC6WXGgrXNABg17\/eECEQIGgeHQIegpadCnJ0HrEw\/tf\/4B7fevQfv1S9Ce\/RW0Z56D9twL0H77CrS3\/gItpgf0cROhf7UO+OYAcOsWwLZUURxQHHDEATtwyOcPB4hcuw5s3wF9+Ehof\/gjtA5PwfXIY3D9vD1cjz0Orf0TAYnXiGsfeUzcq\/3xTeiTpwF79hoajCM2qosUB9ouB2TQsNdbL4hQU\/j2O+iz50F75TW4Hu0AjRQEMJz+zvZcjz8NPa4fsKvaMHva7hpRM1ccCMgBO3DI560TRC5dgj5rLrQXXnKkaTgFDl\/XCXD65fPQF34MXLoUkJHqR8WBtsoBGTTs9dYFIi4X9Kzt0N54q9nBww4oNHloLlH7Uf6Stioqat7+OGAHDvm89YDInTvQZ8yC9vQvm8xksQNFsHNqJfr7Y4G6On+8VH9XHGiTHJBBw15vHSBy\/Tr0AQlwPfF0iwGICTCu9k9C\/\/dqI0zcJpeLmrTigDcH7MAhn7c8iFy\/Ab1XXKsAEAEkjPa89Rdg7z5l1nivJfWXNsoBGTTs9ZYFkfp66EOHw\/XkMy2ugZiaCI\/CrFm8DLh6rY0umaaftg4duu6mpu\/Bu0W5P9ZVaTwH7MAhn7cciHBBLVoMVyg+kA5PQguVmCPys8cEOQ4R08naKQo4ejQkrt+\/fx+nTp3C\/v3fOKJvDhzAiRMncPHiRdy7d08Imb3DGzdu4Nix447aY78HDhzEiRMnceniJdy7e8+vNnXr1m2cOlXruF37nA4dOoRLjKL5Ec47d+6IcezYkYPPv1iF+R8swIykmZg1ew4WL16KjRszcejwYdy6dctvG+TF9evXcejQYTFOHr\/\/\/qKdReKc47h9+7bg1bZtWVi+fAXmzf8A02fMRNLM2Vj40cdYvXotdu4sRt25c3jALOcAhc+jtvY09u3bb\/GIvD179myAu5z9dL++HseP85m62\/7mmwOiP3\/8tLfM665cvoJ9+\/aJ8R08eEisIft1TXUug4a93nIgUlUN1wsvOdNA6PDsFWtkm353BgiFjp8Aqqqhr1sPLa4fXL98AVr74AlqzHhFYZGRUu\/wSXz33XcYM3Y83unYGe86pI6duiA6pjuGDB2OlJRUIfyQXpqFhUVIHDLMcXvsV7TZrQeGjXgPaekZuHTpB68Z7N6zB++PHot33nU+VnlOCYMSkZ9f4AEAXNgU8vT0DAx\/byS6dI3Gux27oFPnrujcJVpQlygeu4ox8vfRY8aioLDIpwBQ0PPy8hHTraeY\/8CEwSAoyUUI05Ur2LRlC4YOHyHafreTu0\/RX1SM6LtT5yh07BSF7j16Y87ceaDg+RNaAuyI90Z5PMtefWKx7uv1cvch19nfmbNn0W9Agtczje83QLwEnDRKkPt6\/Qb8652OgpcDEgYLQHZyb2OusQOHfN4yIHL3LrTOUdAef8oRiLh+1h76goXAzZuNmb\/7Hu6hqaiE9rd\/Bu\/70Q7A2nXGfhx3CwFrVVW7MGyYsZC5eINTDLpEuYmC9uniJTh37rzohwsuOTkFsXH9LCE0hdHf0ejTbDMaUV1jsHz5Sly86M6BYbs7cnIxMCHRwRi950EQmDR5Cvj2NAsXNd\/yFDz+bo7DGGdXdOwcBQo3j\/ydf+fceewT2xfr1n0Nai9yuXnzpgDWzgJ4ogVAy31yHtS6qGnIfRK0CBYEMAKqDGQmv9nv4MShKCra6QUkLpcL+\/bvF+OSr09ISERpabk8xJDrbJsaTXRMD49nz366RnfDmDHjcPXq1aDtUuuaPWeu4B\/bopZHfjRXkUHDXm8RENGTU+F69jlHACJ8FT9vD2zdBty71yQ80guK4HrtdWgBUuaZJq9\/uBC4fNlxn4WFOzEjaRZGvT\/GEQ0b\/h5694nzWEyxcX1RXFwCLjaaRxkZmZg8eSrGT5gkBJeLZeas2T5p6rTpGPX+aNGmKaQUZmo5ZWXuxc+2d+TkYMLEyY7GaZ\/PyFGj8e8vV1umBU2SjI2Z6BPX1wYO8Zg2PQlfrftaaBQEmU2bt2DBhwvR9\/\/fuobgG0CSOGQ48vI8NZvz5y9g8ZJlhiYTFY2kmbPw\/fffW8\/jzJkz+PDDj9CJoBQVja4x3TF8xEh8sepLFBbtRE3NXgF0FRWVYnxJSbPQo2cfa4wU3LHjJ+C7M2esNlm5e\/ceCgoKLSA0gYSaW13dOY9rQz25e\/cucnJzBciZ7crHbt17YvHiJUHNrStXrgoNlc+3W\/ceWL1mbahDCel6O3DI55EHkVu3of39bWMPi9MU9g5PAZOmAouXAks\/A5YsBeYtAGbPC0BzAWahpqYD58977uS9fRtaTHdoAULKAkSmTgMuXAiJ2aFcrGkaLl++jCVLlorFzcUU1bUbNm\/Zijt37obSlHUt2zxz5qwQ1K7R3QVAxcX3R25efrO8qe7dq8fWbVmIi2\/QlqKiERvfT\/hBztbVgeOxF\/6ttrYWCxd+LOYr5h3dDR99\/InwgZjXHz12HFOmThdCT5OGWhqFkKW+vh65eXmg0PH+uLh+WLNmLX7k7m0\/haBcs3cvRo4aI9ok0PYfMFCMX77l2vXrwmyhRmMK+KDBQ1FeURE2D2mi0b9kjtts3w36MeIlkJOTKw\/Jo07+na6tRbfuvcT4eCwuKfG4pqlPZNCw1yMPIjk5cHGnrVMAabjO9fMOkEl79HEEI7E\/5mePQXvzz8DBg24guX8fWsJgaM8ESGyjOTNmPBDmm8fJwywsKsKQoTSDooWau317tk8fgZO2eA3VWmoGBA++qfoPSAB9K82h7u7ebfhWOHbS4CHDsCMnD\/fvB3ZccpzHT5xA0qzZ4q1M82PipCk4euyYmCbHuqu6GoMShwpBoYa2fv0Gaw50Ri9fsRL0c7DfyVOm4ezZ4EmCBCH6cnrHxmPqtBnYsnUbLlxwazfs\/Pz585j\/wQeWpkRQXL8h2ScgisHSSUu\/E9MCdu8BTtUC9ffFT77+oY9q3ISJYtwEEQKk2ww0TNGEQYOFo9XX\/QSisrIyw68UZYDOt8y0bsZiBw75PLIgounQEhKhRTqk+\/hTQF6Be5NdfT20+H7Qnv6FXzATmgi1n\/PNp4nwmVNYMjM3CUEXb9T4\/igtLRPmTGPXBN\/SX65eI95UFDDa2TU1NY1tzu99tN0ZeenS1Vj4ffsOEHMJFvkwG7xXX4+Dhw4hJTUNKSlpyM3NtwSaWgM1je49eglhS0wcJkwi814KDaMvAryiojEocQi2ZWWJCE0gsORvNFeuXbtmAZLZpnk8efKUEGoCcFR0N0yaPBVXrlwxf3YfXS7g8BHogxKh\/eJ5Y6c4I4FPPQstujtw4KD7WqnGiNPiJUuFmcZnTpDfVb1HgKhp4lGLZL80Fe2FQEgfEv1L1FxprtJH0pxFBg17PbIgcukStJf\/YIRpQ9REQtVcPK5npKWiyh1puXIV2jsdAzpXhTN3\/gLgB+\/IRlM+LDpRZ86aIxYDBYLqO0O6jS0Ukj17ajB23AQhYPQXLF22XISR2SZ\/58JkeJb+hVCIphcdqGbZs2cPRo8ZZ71RaY7IDlzzusYcGdrm21+ARJdoMZ8D1CYbCqNAny1fYQkiryOYDRg4SISR6SOgxnH4yBFcvnJF+JcCgYvZLv1FNHl6Nfiq+vYbiIzMTebP7iMBpKZGaLnUkD3WG9f2E89Ai+7m0zF\/48ZNrFz5uRg7QYA+JjqR+dxNs5DgQgCl78luEtJko1+McybYzJo9F5rWfE5VTtoOHPJ5ZEEkaztcgUyIZgAWkTgW3x+QVF2db\/rX3gzsWGVYeeUXwPUb7oXjp8bFSScfVfvKyiowSsOFaOQBMBfAk2r27kN5RSWSU1Lx3sj3hVeei4YLimYIhZxv8+PHT4j22OauXdXY66dN5grw99zcXCxZskwIEtvjIhs6bATKyiugNXjuqaXwLda9R8+GKAkjJcGJYDRh0mRhz5MN1BQyN21Gj159hLnRrz99C9u8FrwflgX987lz57Do0yXCacq5UFAuSrusyZ\/S8nIwLCoARIpymXM3Q7qMenB8dPKmpafj9OnTfsd55+5doQFRC2E7FHCG7r3K+QvQx4w3PlHhb92++RZw8qTXrQTIZZ8tFyBCf8a8+QvgcmkCoPPy80W\/7JvEyBUdw3K5cvUqBg1mZM0whdZ9\/bX8c7PUZdCw1yMKItxg53ryWW\/U9vcQ+Hcmi4lviQT3gXj4SNo\/Af0Xz0Pvn0Dj2+0P4U7h8ZOML58F6pcm0JYtjiJCXNCffrpE5HswR0TkiTC06I86dsE7Ivxo2PMUAgophYbCw8LIBBOlrPY6BmivE9vrLPoznYEEBkZAsrZnW85ItksThKq0uUidHtneggULLb+DMGU+X2VpChMmTsF+KeQb7ko+cuSoiEaRN\/QZEBzpxJULtaLy8nIRkeG8Sb4AxZyj4HPnrujVO1ZoZ4xw2MvVq9ewZu064WuJ6dYDs+fM8+CfuJ6AfOAAtFffCLyW\/+u\/fW7mpGk0I8nQJHr2isWGDcnWMKiRLF32mTBVOG6+WBKHDreiUtRKaG5xbPydOS8V5RXW\/c1VsQOHfB45EHnwQNiJgSIiXiohhfxPfwZKyoBDh0OjEycpMW7waOCunpML7Q8M7wb+Gpr2m5eByiqv+309JL5ZGNrlAzcXrJOjsaij0Cc2XoRBaWKYhR580yRx0havMYUkKjoGU6dNw56aGqExmG3yePKkmVdh5H9wMfbsHSsEi8LljxiKXrP2K8tGZ8LUhws\/tgSXb1Mnjk15LP7q1OyozdG5yDlRxd+QnOLTh8Fryf+Kyios\/Ww53h8zVoSamR8j8lI6GUBt5yE1AJpf9twUgjgT0QhIvXrHYeXnq7z7pSO1rAzar37tH0ToF4nt6\/bDNUyW42XWKxPnGJamw7hcAgH+ThOTYXXOneNmHsisOXNFRIoaYFFxsQUysXHxqIvArnMZNOz1yIHIjz9CownBtPVAGoD8G9PPBw81wMDfinP6d749CncKUAo6BvbbuStw1IgUBOuCqe6jx4wXD50PnklMEyZOwuQpU33SlKnTMGfOPKxY+bmImhA87HYvk8EYVmR7zGhlZufs2XPdNGcuxo2fgN594sVC43WMIjC1m05Hmi2+SmXVLpGpauQX9BQmFVPguTiDEf0FXOQsfBtS2AxTKFqklTNi0hSFY8\/OzhFhUM6LJhkjWE4L5\/HD5cs4cvSY4O\/ar9aBPO\/Rs7clmGyXpuRBvpwaCufGdHTm71B4Gd1an+zWEszrxIe\/99RA++1\/+l7L1J5f\/j307dnWLWaFcyspKbMiP8z8ZUheLuQzHc49haloAAnHzuxjgh79PYxm8aXFsZphb7mNpq7bgUM+jxyInK0zPqQsg0SQOve86MwJ8eGhdswkvjWOHYM+cQq0518M6AcxwU04VZNmAQ6FoqS0FEOGDhMLlN58RhkYAWhs4SJighY1FAo7ve\/Vu3dbAmy2Sy8\/zSgzH4QLf9WqL31HEhqcqszp6Nc\/oSH0OxC0wU1gMNt1cjx5iiAy3\/KnMBGMwOK00DmYm5snMi2nJ80UUR6mmrNwXuvWrbcAavyEiTh8+IhX0+QThdLJ+GlyMs2dSXsEEBOcKquqrHbZHrU3JqSRl9QS+Bx8losXoU+dbqUdiMTFR\/kt3w7QfvcK9FWrfWqxdE5z\/xD753OjY\/qWj8gK1w\/DzzRzORYD1PoJHxmT5gje1FD4DOwvIJ\/jDfOPMmjY65EDkYMHQ84PoS8EuXlulZCAkJEJLF8JLFvunxYvhZ40C9qAQULzcHV4KrTvsz7xNLB5i+OPONNBGt+XORkx4siFGM6DZbhu0aeLxSLhYqNvhE5We6HwlJaVizeqKRiDBg8BQc1X\/\/Qh0CShKs\/rx4wdB+6haUyhz+aTRYuF2s95JwwaAiZIORFoagrM7hUqvenzWPqZZSrRLPr4k0XW25p+iUsNUTK+dekvIcjQ3GP2qy\/fhq85MazL\/SZmbglNBm6ANAvf8tybQ95wTvQ3EKR98VLcw20Y27KgjxoNLTYeWuIw6Cs+B2pP+9z4yJB2cUmp5UhnwtkHCxb65RnNNNNk5HiEg7jfgIb8nxjxHDdsSDGH36xHO3DI55EDkcqq0FLdqaX86kXDpDCzHqn2v\/GWoU2YH24OdAyQ1m5qHV5H3vPXvxsxfgdRM77hKPAMx1Fr4AY8qsThFCY7zZjJt020ENJly5Zb+RP2dhnJWb7ic8Q0ZG7yDcW0abZhL3wLLlq0WIyTNv\/ceR\/4TWiy32s\/p8BtSE5GdIODj3NneDrQpja2cfPmj9i6NUtEkEzgY+o596qYhbt7mZLP3wl49HWYoWXuHh49epzli4nvO0A4Js3fzTbsRz4n7sg1kroME5Hzl30idHgypEreUGhJ48dPwg9Owvw08xpMPXvfPCcQnao9LVLVTZCiz4W+Hn+FgEwfTeIQw6zleEyesU4Tp2rXLn+3N+nfZdCw1yMHIiVlcD0bIEPUbtpQmP\/2T0DaK8Gvsrt+87Ijk8QLHOzt+zkXSWZMqXeycES045oIHdI+5QP+6ONF1ga6xj7FvXv3YfRYI\/+CDsLUtLSA6dzUfMaOc\/tk4voyzT3Pa\/8FtZkZM2ZaZgLr3ENTVl7umGpPn7bapRYj54kQSLjguRuZjldqDdQ6eDx\/4YLQVCZOnCzeqKYw0H9EDcZ821NwGNJkAhYFhSDBZDRTw6FAf\/HFvy01n+1QmKit7KreLaJPNHHYL480jbjhbcXKL6wcDN7DvTr2zXR0UM6cZWxqY98kEbrmvq0wy+XLV4QZIwMUnxPD94EKwY\/PlxEqc0zmkfeb0bxAbTTFb3bgkM8jByI1NaFpIszTGDYCuOb+MJC+dh1cL7zo25nlBxRCBpPfviJ2+oLJRA4KBZMbs7gwqSav37AB3HsRTtmevQM0S7hYGC3hZjDa6\/4K38LMUKUw8R5TyzhVa\/gYzPsonMx74FjN6\/yGoX2Ep6nt8M1JAWWh3c4NdcxlMNs022XiF306\/QcmoE9cvHAC0hloXsfjkGEjkJdfYIES2+RcsrZvt4Rm+PD3xO5gcw4EE2o79sgV50z+R8d0Q2x8X\/QfOEjkkDD6xJ281NA4Nvbbt\/9AkY8j85TtMtmLTlxzjLye1zIfJpzCRDB+m8QweQ3es23mejgBAYJwckqah4bEl9Z7I0f5daCHM15f98qgYa9HDkRO1cL1nHMAEE7VZSuAW+50Xm3cBGih7P4NEVjoFNOnJgF+Pnzji7lFO4stFZWOMmZJBlOtfbVj\/o1vZPotzKjLsOEjHKWsHz58WESCTAFgEhgF3BwL2+XGPgoFF3BjiMBGoTe1Ao759u07IOgxyiCDhO\/2DaBl1OGTTz4V4Wa5LbZHvwWjKZwHifknR21RMs6Ff+MnAKj9yG933\/0awErBGz9+onj7ywDCfh+4XMJ5bTpV2Q7757dcmJkbTiHoVlfvFp9lMMfHtcLommxOBeqDGpX7kwdGktn8Dz70eBaB7g\/3NztwyOeRA5GbN6G99objEC\/\/CwcUFDI10ph\/\/X1oUTHNt++G5tOrrwPVu3161f09BH5QZ+68+UKA6SnnzlNTNfd3T6C\/862TmpYhNodNmjIVq75cLUyDQPfwt\/sP7gthZr4KQ8v83seaNV9ZuRtUi+k0nD4jyWfY2V84Wv4708x9peRzvvxaGM0umjfMO6EmIrQDEUXoLkwJbrCjE5o7eDkeX4Xh7pTUdEycPAWcPwGFAuSr0B9Ek4o+KQq78EuZ\/XbuKrQfAtawESOxZOlnIqPYn9ASbKuqqwXf5DkzMU\/OlPU1jmB\/Y9vMBaGfx2x72owkrN+Q4nitkMfMLzGfL+\/nzuxIFRk07PXIgYjLBS22X8Dt9x6mx\/MvAvScm07VCxegvf4nxyDk0ZYTjYSfG2jEV975JpUp3Icqt2XWnbZpXi8f5Xvlv4dTl9u01\/mGZ9Yl\/Qs0p05\/+63Yp0PhpSCw32DFPjYn1xOUGM0Q\/Z46JYCKzmWOhWNqTL\/yOIKNIdjvcltyPdh99t\/le1mPVLEDh3weORBhnsKXa40djk6E+u13PPM0+DnFl37XLE5Vsb9mxCiP\/TWRejiqH8WBh4EDMmjY6xEFEX7gR3vl1eDaBDNG3\/oL9KkzoM+ZB33OfOixfQNu3Q9Z82gAMgEgXboCR44GDNE9DA9ajVFxoLk4YAcO+TyyIELVf8FCZ9oIfRRyDgjPnWgwoVzDCNA\/\/hfYuxdOozHN9ZBUu4oDrZkDMmjY65EFEXLp+nVob78T8FseTQ4WPoBFRGL430Ls\/0YBSGtevWpsrYIDduCQzyMPImTJ4SMiEhIJsPDqg5ujHnsC+gj+593fuh23reJRqUEoDrRODsigYa+3DIiQT\/v2GztqfWgJXoLfVNdwc9Qrr0L\/6mvgRvCPDbXOx6lGpTgQeQ7YgUM+bzkQIR\/OnRPfp3Q9\/nSzRF0MMOL\/gNce2vP\/AX3aDOD0t4DL+wvkkX8sqkfFgYeHAzJo2OstCyLk4YMH0PPyoXWJBsFEfMUsXM2jwSkr2nr9LegffgQwBdxPgtPD8yjVSBUHWoYDduCQz1seREyeMDN19x7o05Kg\/fmvIjPV9cij4gvagf6TKfPzia5HHgNJe+Y5sQtXnzwN2FlimC0RTMoxp6OOigM\/JQ7IoGGvtx4QkTnOL4rz\/9HIzYO+ZBn00eOg9YqF1ikK2j\/ehvb3f0L7V0eRBs9vqOrTk4xsU\/4vb\/xGKb\/qpYBD5qiqKw6ExQE7cMjnrRNE7NMlIJCYAs\/drCTWSQos7NxS54oDTc4BGTTs9YcDRJqcJapBxQHFgVA4YAcO+VyBSCicVNcqDrRRDsigYa8rEGmji0JNW3EgFA7YgUM+VyASCifVtYoDbZQDMmjY6wpE2uiiUNNWHAiFA3bgkM8ViITCSXWt4kAb5YAMGva6ApE2uijUtBUHQuGAHTjkcwUioXBSXas40EY5IIOGva5ApI0uCjVtxYFQOGAHDvlcgUgonFTXKg60UQ7IoGGvt9uekw2Z2iiP1LQVBxQHAnBAxgh7vV1BUQHyJQrQjvpJcUBxoI1yQMYIe71d1e4qVFWTKlFZXYlz588FpnN1qHNCdXXi\/wCpqzuLRtPZs6jzojOoOxuIfNwTzhise835SEcnfFDXOFsvik+tik92HKioqkDFrgpUCjKwgphB7GiXnZONrOxt2Jq1BZu3bsamLZsaKBOZmxto00ZsNCkzAxszM5BB2piOtPRUQanpqRCUloJUmVJTkJqabFFaWirS0lI8KTUFaanJviklGWkpGwJSesoGkMzrjPNkpKckIz3VH6UgPc0XpSI93ZNSxRxs85LnKNXTM9IQnNKRntES5HtsqWmpCIWCz893P5G6Ly0jDSS5v1DmZ95rHuV2\/NXla+11njc3pQR6hqZsSsf0jekgZWxskOUGmaZsW7K+aSMyN5MysWlLpsCHrVlbkZWdBeJGTl4O8gry0G4XNZEGbYSaSOUug4g6An2qKlBeVY7ySoPKKspgUXkpSmUqK0FpA5WUlaCktNiTSopRUrLTk4p3oqS4yJt2FqFkZ6EHFRcVwAnZ7ythW7764N\/s47HObWO3z6W0BGKOnGcTU3FpMZxQU\/cb6faczJHXRHpczdGfk7k2R79ebcryKtUtmaZ8V5ZZ8k7ZN3HA0EQaMKJBCyF2tCsqLkKhBxWicKdBBTsLIaioEPSdmGTZRIUFyC\/M900F+cgTlCfQiojlQfl5yLMoF3n5QSgvF3mhUrA2rf4bxmIfo89zc17SsTAfeYoUDx6CNeAtr5RhT7+oKecFlHsTAxowQWBDcaEHZrTbkZcDL8rNwY4Gys7NQXbujvApZweyG0XZQnWi+hQeNbL\/ppi7aiP89aN42GI8NLHAOtowwyvEaw\/fhHS+IxvbHxayhbZDmqe61yMtoE3z7mFZ7+Y4m2HttntohN5kgjo+PECtnlWbeFb\/B1nIlgQSx5AhAAAAAElFTkSuQmCC' alt='' \/><\/p>\n<p style='text-align: center;'>\n<p style='text-align: left;'>\n<div class='row'>\n<div class='col-sm-4'>\n<div style='border-left: 5px solid #FD1F22; border-radius: 5px; padding: 5px; box-shadow: 2px 2px 10px #d8d8d8; -webkit-box-shadow: 2px 2px 10px #d8d8d8;'>\n<p><span style='font-family: helvetica&comma; arial&comma; sans-serif; font-size: 12pt;'><strong style='box-sizing: border-box; color: #595959; text-indent: -18pt;'><span style='box-sizing: border-box; color: #2880b9;'><span lang='ES' style='box-sizing: border-box; line-height: 19.2px;'>Descripcion<\/span><\/span><\/strong><\/span><\/p>\n<ul>\n<li class='MsoNormal'><span style='font-family: helvetica&comma; arial&comma; sans-serif;'>La Tijera o Pinza Cortadora de Tubos y Mangueras de Pl\u00e1stico es la herramienta esencial para cualquier proyecto que requiera cortes r\u00e1pidos y precisos en materiales pl\u00e1sticos. <\/span><\/li>\n<li class='MsoNormal'><span style='font-family: helvetica&comma; arial&comma; sans-serif;'>Dise\u00f1ada para ofrecer un rendimiento superior&comma; esta herramienta se destaca por su robustez&comma; facilidad de uso y precisi\u00f3n&comma; asegurando que cada corte se realice de manera limpia y eficiente. <\/span><\/li>\n<li class='MsoNormal'><span style='font-family: helvetica&comma; arial&comma; sans-serif;'>Con capacidad para cortar tubos de hasta 42 mm (1-5\/8&#8242;)&comma; es la elecci\u00f3n ideal para aplicaciones tanto profesionales como dom\u00e9sticas.<\/span><\/li>\n<\/ul><\/div>\n<\/p><\/div>\n<div class='col-sm-4'>\n<div style='border-left: 5px solid #FD1F22; border-radius: 5px; padding: 5px; box-shadow: 2px 2px 10px #d8d8d8; -webkit-box-shadow: 2px 2px 10px #d8d8d8;'>\n<p><span style='box-sizing: border-box; font-family: helvetica&comma; arial&comma; sans-serif; font-size: 12pt;'><strong style='box-sizing: border-box;'><span lang='ES' style='box-sizing: border-box; line-height: 17.12px; color: #2880b9;'><span lang='ES' style='box-sizing: border-box; line-height: 19.2px;'>Aplicaciones<\/span><\/span><\/strong><\/span><\/p>\n<ul>\n<li><span style='font-family: helvetica&comma; arial&comma; sans-serif;'>Instalaci\u00f3n y mantenimiento de sistemas de plomer\u00eda en hogares&comma; oficinas o industrias.<\/span><\/li>\n<li><span style='font-family: helvetica&comma; arial&comma; sans-serif;'>Corte de mangueras para sistemas de riego&comma; jardiner\u00eda y proyectos agr\u00edcolas.<\/span><\/li>\n<li><span style='font-family: helvetica&comma; arial&comma; sans-serif;'>Trabajos de bricolaje&comma; reparaciones y proyectos personalizados.<\/span><\/li>\n<li><span style='font-family: helvetica&comma; arial&comma; sans-serif;'>Preparaci\u00f3n de conexiones precisas en sistemas de calefacci\u00f3n&comma; aire acondicionado y m\u00e1s.<\/span><\/li>\n<li><span style='font-family: helvetica&comma; arial&comma; sans-serif;'><span style='font-family: helvetica&comma; arial&comma; sans-serif;'>Util en instalaciones de tuberias para sistemas el\u00e9ctricos&comma; de comunicaciones y datos.<\/span><\/span><\/li>\n<li><span style='font-family: helvetica&comma; arial&comma; sans-serif;'><span style='font-family: helvetica&comma; arial&comma; sans-serif;'><span style='font-family: helvetica&comma; arial&comma; sans-serif; font-size: 12pt;'>Cortar f\u00e1cilmente las tuber\u00edas de<strong> PVC&comma; CPVC&comma; PP&comma; PEX&comma; PE&comma; Mangueras de Goma&comma; Tubos Multicapa y Canaletas de Plastico.<\/strong><\/span><\/span><\/span><\/li>\n<\/ul><\/div>\n<\/p><\/div>\n<div class='col-sm-4'>\n<div style='border-left: 5px solid #FD1F22; border-radius: 5px; padding: 5px; box-shadow: 2px 2px 10px #d8d8d8; -webkit-box-shadow: 2px 2px 10px #d8d8d8;'>\n<p><span style='box-sizing: border-box; font-family: helvetica&comma; arial&comma; sans-serif; font-size: 12pt;'><strong style='box-sizing: border-box; color: #595959; text-indent: -18pt;'><span style='box-sizing: border-box; color: #2880b9;'><span lang='ES' style='box-sizing: border-box; line-height: 19.2px;'>Caracterisicas<\/span><\/span><\/strong><\/span><\/p>\n<ul>\n<li><span style='font-family: helvetica&comma; arial&comma; sans-serif;'>Cortes f\u00e1ciles y r\u00e1pidos en tubos de hasta 42 mm (1-5\/8&#8242;) de di\u00e1metro.<\/span><\/li>\n<li><span style='font-family: helvetica&comma; arial&comma; sans-serif;'>Cuchilla de acero inoxidable y alta resistencia a la corrosi\u00f3n y al desgaste&comma; garantizando un corte limpio y duradero.<\/span><\/li>\n<li><span style='font-family: helvetica&comma; arial&comma; sans-serif;'>Su Sistema de trinquete&comma; permite cortes sin esfuerzo adicional&comma; ideal para materiales m\u00e1s gruesos o resistentes.<\/span><\/li>\n<li><span style='font-family: helvetica&comma; arial&comma; sans-serif;'>Mango de dise\u00f1o c\u00f3modo y antideslizante que proporciona un control firme&comma; incluso con las manos h\u00famedas o en condiciones de trabajo dif\u00edciles.<\/span><\/li>\n<li><span style='font-family: helvetica&comma; arial&comma; sans-serif;'>El Sistema de bloqueo es idela para almacenamiento seguro y evitar accidentes.<\/span><\/li>\n<li><span style='font-family: helvetica&comma; arial&comma; sans-serif;'> Su dise\u00f1o compacto y ligero permite transportarla f\u00e1cilmente a cualquier lugar de trabajo.<\/span><\/li>\n<\/ul><\/div>\n<\/p><\/div>\n<\/p><\/div>\n<\/p>\n<p style='text-align: center;'><img src='https:\/\/ftp3.syscom.mx\/usuarios\/fotos\/PSTH01009\/220594-maok.jpg' alt='' width='402' height='368' \/><\/p>\n","protected":false},"excerpt":{"rendered":"<p>Tijeras Cortadora de Tubos y Mangueras de Pl\u00e1stico de hasta (42mm) 1-5\/8&#8243;<\/p>\n","protected":false},"featured_media":17066,"comment_status":"open","ping_status":"closed","template":"","meta":[],"product_brand":[],"product_cat":[648],"product_tag":[572,248,649],"class_list":{"0":"post-17067","1":"product","2":"type-product","3":"status-publish","4":"has-post-thumbnail","6":"product_cat-tuberia-pvc-registros-pvc","7":"product_tag-canalizacion","8":"product_tag-precision","9":"product_tag-tuberia-pvc-registros-pvc","11":"first","12":"instock","13":"sale","14":"shipping-taxable","15":"purchasable","16":"product-type-simple"},"_links":{"self":[{"href":"https:\/\/soydeaqui.ddns.net\/pachuca\/index.php\/wp-json\/wp\/v2\/product\/17067","targetHints":{"allow":["GET"]}}],"collection":[{"href":"https:\/\/soydeaqui.ddns.net\/pachuca\/index.php\/wp-json\/wp\/v2\/product"}],"about":[{"href":"https:\/\/soydeaqui.ddns.net\/pachuca\/index.php\/wp-json\/wp\/v2\/types\/product"}],"replies":[{"embeddable":true,"href":"https:\/\/soydeaqui.ddns.net\/pachuca\/index.php\/wp-json\/wp\/v2\/comments?post=17067"}],"wp:featuredmedia":[{"embeddable":true,"href":"https:\/\/soydeaqui.ddns.net\/pachuca\/index.php\/wp-json\/wp\/v2\/media\/17066"}],"wp:attachment":[{"href":"https:\/\/soydeaqui.ddns.net\/pachuca\/index.php\/wp-json\/wp\/v2\/media?parent=17067"}],"wp:term":[{"taxonomy":"product_brand","embeddable":true,"href":"https:\/\/soydeaqui.ddns.net\/pachuca\/index.php\/wp-json\/wp\/v2\/product_brand?post=17067"},{"taxonomy":"product_cat","embeddable":true,"href":"https:\/\/soydeaqui.ddns.net\/pachuca\/index.php\/wp-json\/wp\/v2\/product_cat?post=17067"},{"taxonomy":"product_tag","embeddable":true,"href":"https:\/\/soydeaqui.ddns.net\/pachuca\/index.php\/wp-json\/wp\/v2\/product_tag?post=17067"}],"curies":[{"name":"wp","href":"https:\/\/api.w.org\/{rel}","templated":true}]}}