{"id":1703,"date":"2026-03-18T05:48:59","date_gmt":"2026-03-18T05:48:59","guid":{"rendered":"https:\/\/soydeaqui.ddns.net\/pachuca\/index.php\/producto\/ax-pro-detector-de-humo-fotoelectrico-inalambrico-para-panel-de-alarma-hikvision-interior-soporta-funcionalidad-autonoma-no-compatible-con-el-panel-ds-pha64-lp\/"},"modified":"2026-03-18T05:48:59","modified_gmt":"2026-03-18T05:48:59","slug":"ax-pro-detector-de-humo-fotoelectrico-inalambrico-para-panel-de-alarma-hikvision-interior-soporta-funcionalidad-autonoma-no-compatible-con-el-panel-ds-pha64-lp","status":"publish","type":"product","link":"https:\/\/soydeaqui.ddns.net\/pachuca\/index.php\/producto\/ax-pro-detector-de-humo-fotoelectrico-inalambrico-para-panel-de-alarma-hikvision-interior-soporta-funcionalidad-autonoma-no-compatible-con-el-panel-ds-pha64-lp\/","title":{"rendered":"(AX PRO) Detector de Humo Fotoel\u00e9ctrico Inal\u00e1mbrico para Panel de Alarma HIKVISION \/ Interior \/ Soporta Funcionalidad Aut\u00f3noma \/ No compatible con el panel DS-PHA64-LP"},"content":{"rendered":"<div style='width: 100%; max-width: 1200px; margin: 0 auto; font-family: sans-serif; line-height: 1.6; color: inherit; background-color: transparent;'> <!-- Logo --> <\/p>\n<div style='text-align: center; margin: 30px 0;'> <img style='width: 45%; height: auto; border: 1px solid rgba(150&comma;150&comma;150&comma;0.3); border-radius: 8px;' src='https:\/\/ftp3.syscom.mx\/usuarios\/jsosa\/HIKVISION\/imagenes\/logo\/hikvision%20see%20far.png' alt='Logo Hikvision'> <\/div>\n<p> <!-- Video Principal --> <\/p>\n<div style='position: relative; padding-bottom: 56.25%; height: 0; overflow: hidden; margin: 30px 0;'>   <\/div>\n<p> <!-- Consideraciones --> <\/p>\n<div style='margin: 30px 0;'>\n<div style='border-left: 5px solid #ff0000; border-radius: 5px; padding: 15px; box-shadow: 2px 2px 10px rgba(216&comma;216&comma;216&comma;0.5);'> <strong style='font-size: 16px; color: inherit; display: block; margin-bottom: 10px;'>Consideraciones:<\/strong> <\/p>\n<ul style='padding-left: 20px; font-size: 14px; color: inherit;'>\n<li style='margin-bottom: 8px;'>Las distancias de comunicaci\u00f3n entre los sensores y el panel pueden variar en cada instalaci\u00f3n por cuestiones como: ruido ambiental&comma; materiales y grosor de los muros&comma; ruido digital&comma; etc.<\/li>\n<\/ul><\/div>\n<\/p><\/div>\n<p> <!-- Videos Secundarios --> <\/p>\n<div style='display: flex; flex-wrap: wrap; gap: 20px; margin: 30px 0;'>\n<div style='flex: 1 1 300px; min-width: 280px;'>\n<h4 style='text-align: center; font-size: 18px; margin-top: 0; color: inherit;'> <strong>Configuraci\u00f3n de la alarma AX PRO de Hikvision<\/strong> <\/h4>\n<div style='position: relative; padding-bottom: 56.25%; height: 0; overflow: hidden;'>   <\/div>\n<\/p><\/div>\n<div style='flex: 1 1 300px; min-width: 280px;'>\n<h4 style='text-align: center; font-size: 18px; margin-top: 0; color: inherit;'> <strong>Bienvenido al futuro con AX PRO Hikvision<\/strong> <\/h4>\n<div style='position: relative; padding-bottom: 56.25%; height: 0; overflow: hidden;'>   <\/div>\n<\/p><\/div>\n<div style='flex: 1 1 300px; min-width: 280px;'>\n<h4 style='text-align: center; font-size: 18px; margin-top: 0; color: inherit;'> <strong>Sistema Robusto contra Intrusiones AX PRO<\/strong> <\/h4>\n<div style='position: relative; padding-bottom: 56.25%; height: 0; overflow: hidden;'>   <\/div>\n<\/p><\/div>\n<\/p><\/div>\n<p> <!-- Caracter\u00edsticas --> <\/p>\n<div style='display: flex; flex-wrap: wrap; gap: 20px; margin: 30px 0;'>\n<div style='flex: 1 1 300px; min-width: 280px;'>\n<div style='border-left: 5px solid #ff0000; border-radius: 5px; padding: 15px; box-shadow: 2px 2px 10px rgba(216&comma;216&comma;216&comma;0.5);'> <strong style='font-size: 16px; color: inherit; display: block; margin-bottom: 10px;'>Caracter\u00edsticas principales:<\/strong> <\/p>\n<ul style='padding-left: 20px; font-size: 14px; color: inherit;'>\n<li style='margin-bottom: 8px;'>Comunicaci\u00f3n inal\u00e1mbrica con el panel de alarma.<\/li>\n<li style='margin-bottom: 8px;'>Los datos inal\u00e1mbricos est\u00e1n protegidos por el cifrado AES-128.<\/li>\n<\/ul><\/div>\n<\/p><\/div>\n<div style='flex: 1 1 300px; min-width: 280px;'>\n<div style='border-left: 5px solid #ff0000; border-radius: 5px; padding: 15px; box-shadow: 2px 2px 10px rgba(216&comma;216&comma;216&comma;0.5);'> <strong style='font-size: 16px; color: inherit; display: block; margin-bottom: 10px;'>Caracter\u00edsticas F\u00edsicas y El\u00e9ctricas:<\/strong> <\/p>\n<ul style='padding-left: 20px; font-size: 14px; color: inherit;'>\n<li style='margin-bottom: 8px;'>Alimentaci\u00f3n: Bater\u00eda de 3V \/ 1 x CR17450 (Bater\u00eda incluida \/ Tiempo de vida 10 a\u00f1os).<\/li>\n<li style='margin-bottom: 8px;'>Temperatura de operaci\u00f3n: -10 \u00b0C to 60 \u00b0C.<\/li>\n<\/ul>\n<p style='margin: 15px 0 5px;'> <a href='https:\/\/soporte.syscom.mx\/es\/articles\/5117840-hikvision-alarmas-ax-pro-configuraciones-ax-pro' target='_blank' rel='noopener' style='color: inherit; text-decoration: underline; font-size: 14px;'>Configuraciones b\u00e1sicas<\/a> <\/p>\n<\/p><\/div>\n<\/p><\/div>\n<div style='flex: 1 1 300px; min-width: 280px;'>\n<div style='border-left: 5px solid #ff0000; border-radius: 5px; padding: 15px; box-shadow: 2px 2px 10px rgba(216&comma;216&comma;216&comma;0.5);'> <strong style='font-size: 16px; color: inherit; display: block; margin-bottom: 10px;'>Caracter\u00edsticas Destacadas:<\/strong> <\/p>\n<p style='font-size: 14px; color: inherit; margin: 8px 0;'>Detector de humo&comma; env\u00eda la se\u00f1al inal\u00e1mbrica al panel de alarma AXPRO.<\/p>\n<p style='margin: 15px 0 5px;'> <a href='https:\/\/www.syscom.mx\/principal\/listadoproductosazul\/intrusion-hikvision-paneles-de-alarma-y-accesorios-ax-pro-series-66286.html?ordenar=Precio_de_Menor_a_Mayor&#038;pag=1' target='_blank' rel='noopener' style='color: inherit; text-decoration: underline; font-size: 14px;'>Conozca todos los dispositivos que pueden integrar en la Serie AX PRO<\/a> <\/p>\n<\/p><\/div>\n<\/p><\/div>\n<\/p><\/div>\n<p> <!-- Diagrama Familia AX PRO --> <\/p>\n<h2 style='text-align: center; font-size: 20px; margin: 30px 0 15px; color: inherit;'> <strong>Linea de Productos AX PRO<\/strong> <\/h2>\n<div style='margin: 15px 0;'> <a href='https:\/\/www.syscom.mx\/principal\/listadoproductosazul\/intrusion-hikvision-paneles-de-alarma-y-accesorios-ax-pro-series-66286.html?ordenar=Precio_de_Menor_a_Mayor&#038;pag=1' target='_blank' rel='noopener'> <img style='width: 100%; height: auto; border: 1px solid rgba(150&comma;150&comma;150&comma;0.3); border-radius: 8px;' src='https:\/\/ftp3.syscom.mx\/usuarios\/jsosa\/HIKVISION\/alarmas\/AXPPRO\/banner\/AX%20PRO%20disgramas-hikvision.jpg' alt='Diagrama Familia AX PRO'> <\/a> <\/div>\n<p> <!-- Serie AX PRO --> <\/p>\n<div style='display: flex; flex-wrap: wrap; gap: 20px; margin: 30px 0;'>\n<div style='flex: 1 1 300px; min-width: 280px;'> <a href='https:\/\/www.syscom.mx\/principal\/listadoproductosazul\/intrusion-hikvision-paneles-de-alarma-y-accesorios-ax-pro-series-66286.html?ordenar=Precio_de_Menor_a_Mayor&#038;pag=1' target='_blank' rel='noopener'> <img style='width: 100%; height: auto; border: 1px solid rgba(150&comma;150&comma;150&comma;0.3); border-radius: 8px;' src='https:\/\/ftp3.syscom.mx\/usuarios\/jsosa\/HIKVISION\/alarmas\/AXPPRO\/Serie%20AXPRO.png' alt='Serie AX PRO'> <\/a> <\/div>\n<div style='flex: 1 1 300px; min-width: 280px;'>\n<h2 style='font-size: 20px; margin-top: 0; color: inherit;'> Serie AX PRO <\/h2>\n<p style='font-size: 14px; color: inherit; margin: 8px 0;'>\u00bfNecesita proteger su hogar&comma; oficina o tienda?<\/p>\n<p style='font-size: 14px; color: inherit; margin: 8px 0;'>\u00bfCansado de tantos cables y mucho tiempo de instalaci\u00f3n?<\/p>\n<p style='font-size: 14px; color: inherit; margin: 8px 0;'>\u00a1Utilice una soluci\u00f3n de alarma inal\u00e1mbrica profesional!<\/p>\n<p style='margin: 15px 0 5px;'> <a href='https:\/\/www.syscom.mx\/principal\/listadoproductosazul\/intrusion-hikvision-paneles-de-alarma-y-accesorios-ax-pro-series-66286.html?ordenar=Precio_de_Menor_a_Mayor&#038;pag=1' target='_blank' rel='noopener' style='color: inherit; text-decoration: underline; font-size: 14px;'>Conozca todos los dispositivos que pueden integrar en la Serie AX PRO<\/a> <\/p>\n<\/p><\/div>\n<\/p><\/div>\n<p> <!-- Banner Final --> <\/p>\n<div style='margin: 30px 0;'> <a href='https:\/\/www.syscom.mx\/principal\/promociones\/serie_ax_pro_alarmas_hikvision-5416.html?ordenar=Relevancia&#038;pag=1' target='_blank' rel='noopener'> <img style='width: 100%; height: auto; border: 1px solid rgba(150&comma;150&comma;150&comma;0.3); border-radius: 8px;' src='https:\/\/ftp3.syscom.mx\/usuarios\/jsosa\/HIKVISION\/alarmas\/AXPPRO\/banner\/HIKVISION-AXPRO-SERIES.jpg' alt='Banner Serie AX PRO'> <\/a> <\/div>\n<\/p><\/div>\n","protected":false},"excerpt":{"rendered":"<p>(AX PRO) Detector de Humo Fotoel\u00e9ctrico Inal\u00e1mbrico para Panel de Alarma HIKVISION \/ Interior \/ Soporta Funcionalidad Aut\u00f3noma \/ No compatible con el panel DS-PHA64-LP<\/p>\n","protected":false},"featured_media":1702,"comment_status":"open","ping_status":"closed","template":"","meta":[],"product_brand":[],"product_cat":[64],"product_tag":[19,54,65],"class_list":{"0":"post-1703","1":"product","2":"type-product","3":"status-publish","4":"has-post-thumbnail","6":"product_cat-humo-inalambricos","7":"product_tag-detectores-sensores","8":"product_tag-hikvision","9":"product_tag-humo-inalambricos","11":"first","12":"outofstock","13":"sale","14":"shipping-taxable","15":"purchasable","16":"product-type-simple"},"_links":{"self":[{"href":"https:\/\/soydeaqui.ddns.net\/pachuca\/index.php\/wp-json\/wp\/v2\/product\/1703","targetHints":{"allow":["GET"]}}],"collection":[{"href":"https:\/\/soydeaqui.ddns.net\/pachuca\/index.php\/wp-json\/wp\/v2\/product"}],"about":[{"href":"https:\/\/soydeaqui.ddns.net\/pachuca\/index.php\/wp-json\/wp\/v2\/types\/product"}],"replies":[{"embeddable":true,"href":"https:\/\/soydeaqui.ddns.net\/pachuca\/index.php\/wp-json\/wp\/v2\/comments?post=1703"}],"wp:featuredmedia":[{"embeddable":true,"href":"https:\/\/soydeaqui.ddns.net\/pachuca\/index.php\/wp-json\/wp\/v2\/media\/1702"}],"wp:attachment":[{"href":"https:\/\/soydeaqui.ddns.net\/pachuca\/index.php\/wp-json\/wp\/v2\/media?parent=1703"}],"wp:term":[{"taxonomy":"product_brand","embeddable":true,"href":"https:\/\/soydeaqui.ddns.net\/pachuca\/index.php\/wp-json\/wp\/v2\/product_brand?post=1703"},{"taxonomy":"product_cat","embeddable":true,"href":"https:\/\/soydeaqui.ddns.net\/pachuca\/index.php\/wp-json\/wp\/v2\/product_cat?post=1703"},{"taxonomy":"product_tag","embeddable":true,"href":"https:\/\/soydeaqui.ddns.net\/pachuca\/index.php\/wp-json\/wp\/v2\/product_tag?post=1703"}],"curies":[{"name":"wp","href":"https:\/\/api.w.org\/{rel}","templated":true}]}}