{"id":1697,"date":"2026-03-18T05:48:55","date_gmt":"2026-03-18T05:48:55","guid":{"rendered":"https:\/\/soydeaqui.ddns.net\/pachuca\/index.php\/producto\/detector-de-humo-fotoelectrico-no-direccionable-de-4-hilos-ideal-para-cualquier-panel-de-alarma-cableado-indicadores-led\/"},"modified":"2026-03-18T05:48:56","modified_gmt":"2026-03-18T05:48:56","slug":"detector-de-humo-fotoelectrico-no-direccionable-de-4-hilos-ideal-para-cualquier-panel-de-alarma-cableado-indicadores-led","status":"publish","type":"product","link":"https:\/\/soydeaqui.ddns.net\/pachuca\/index.php\/producto\/detector-de-humo-fotoelectrico-no-direccionable-de-4-hilos-ideal-para-cualquier-panel-de-alarma-cableado-indicadores-led\/","title":{"rendered":"Detector de Humo Fotoel\u00e9ctrico No Direccionable de 4 Hilos \/ Ideal para Cualquier Panel de Alarma Cableado \/ Indicadores LED"},"content":{"rendered":"<div style='width: 100%; max-width: 1200px; margin: 0 auto; font-family: sans-serif; line-height: 1.6; color: inherit; background-color: transparent;'> <!-- Logo --> <\/p>\n<div style='width: 100%; text-align: center; margin: 20px 0;'> <img style='width: 45%; height: auto; border: 1px solid rgba(150&comma;150&comma;150&comma;0.3); border-radius: 8px; max-width: 300px;' src='https:\/\/ftp3.syscom.mx\/usuarios\/jsosa\/HIKVISION\/imagenes\/logo\/hikvision%20see%20far.png' alt='Logo Hikvision'> <\/div>\n<p> <!-- Video --> <\/p>\n<div style='margin: 30px 0;'>\n<h3 style='text-align: center; font-size: 22px; margin-bottom: 20px; color: inherit; opacity: 0.8;'>Demostraci\u00f3n Detectores de Humo Hikvision<\/h3>\n<div style='position: relative; padding-bottom: 56.25%; height: 0; overflow: hidden; margin-bottom: 30px;'>   <\/div>\n<\/p><\/div>\n<p> <!-- Caracter\u00edsticas --> <\/p>\n<div style='margin: 30px 0;'>\n<div style='display: flex; flex-wrap: wrap; gap: 30px;'>\n<div style='flex: 1 1 300px; min-width: 280px;'>\n<h3 style='font-size: 22px; border-bottom: 2px solid currentColor; padding-bottom: 5px; margin-top: 0; color: inherit; opacity: 0.8;'>Caracter\u00edsticas principales:<\/h3>\n<ul style='padding-left: 20px; font-size: 15px; color: inherit;'>\n<li style='margin-bottom: 5px;'>Dise\u00f1o de carcasa elegante y de perfil bajo<\/li>\n<li style='margin-bottom: 5px;'>Voltaje de funcionamiento DC 12 V<\/li>\n<li style='margin-bottom: 5px;'>Los algoritmos avanzados proporcionan discriminaci\u00f3n de detecci\u00f3n avanzada<\/li>\n<li style='margin-bottom: 5px;'>F\u00e1cil instalaci\u00f3n y bajo mantenimiento&comma; no requiere programaci\u00f3n<\/li>\n<li style='margin-bottom: 5px;'>C\u00e1mara de detecci\u00f3n de humo fotoel\u00e9ctrica estable<\/li>\n<li style='margin-bottom: 5px;'>Dise\u00f1o de placa de circuito de dispositivo de montaje en superficie<\/li>\n<li style='margin-bottom: 5px;'>LED duales para una visibilidad de 360 \u00b0<\/li>\n<li style='margin-bottom: 5px;'>Una salida de rel\u00e9 de alarma N\/C o N\/A<\/li>\n<\/ul><\/div>\n<\/p><\/div>\n<\/p><\/div>\n<p> <!-- Banner --> <\/p>\n<div style='width: 100%; margin: 30px 0;'> <a href='https:\/\/www.syscom.mx\/principal\/listadoproductosazul\/intrusion-hikvision-paneles-de-alarma-y-accesorios-hybrid-series-66287.html?ordenar=Precio_de_Menor_a_Mayor&#038;pag=1' target='_blank' rel='noopener' style='display: block;'> <img style='width: 100%; height: auto; border: 1px solid rgba(150&comma;150&comma;150&comma;0.3); border-radius: 8px;' src='https:\/\/ftp3.syscom.mx\/usuarios\/jsosa\/banners\/hikvision-integracion.jpg' alt='Banner Hikvision'> <\/a> <\/div>\n<\/p><\/div>\n","protected":false},"excerpt":{"rendered":"<p>Detector de Humo Fotoel\u00e9ctrico No Direccionable de 4 Hilos \/ Ideal para Cualquier Panel de Alarma Cableado \/ Indicadores LED<\/p>\n","protected":false},"featured_media":1696,"comment_status":"open","ping_status":"closed","template":"","meta":[],"product_brand":[],"product_cat":[382],"product_tag":[19,54,383],"class_list":{"0":"post-1697","1":"product","2":"type-product","3":"status-publish","4":"has-post-thumbnail","6":"product_cat-humo","7":"product_tag-detectores-sensores","8":"product_tag-hikvision","9":"product_tag-humo","11":"first","12":"instock","13":"sale","14":"shipping-taxable","15":"purchasable","16":"product-type-simple"},"_links":{"self":[{"href":"https:\/\/soydeaqui.ddns.net\/pachuca\/index.php\/wp-json\/wp\/v2\/product\/1697","targetHints":{"allow":["GET"]}}],"collection":[{"href":"https:\/\/soydeaqui.ddns.net\/pachuca\/index.php\/wp-json\/wp\/v2\/product"}],"about":[{"href":"https:\/\/soydeaqui.ddns.net\/pachuca\/index.php\/wp-json\/wp\/v2\/types\/product"}],"replies":[{"embeddable":true,"href":"https:\/\/soydeaqui.ddns.net\/pachuca\/index.php\/wp-json\/wp\/v2\/comments?post=1697"}],"wp:featuredmedia":[{"embeddable":true,"href":"https:\/\/soydeaqui.ddns.net\/pachuca\/index.php\/wp-json\/wp\/v2\/media\/1696"}],"wp:attachment":[{"href":"https:\/\/soydeaqui.ddns.net\/pachuca\/index.php\/wp-json\/wp\/v2\/media?parent=1697"}],"wp:term":[{"taxonomy":"product_brand","embeddable":true,"href":"https:\/\/soydeaqui.ddns.net\/pachuca\/index.php\/wp-json\/wp\/v2\/product_brand?post=1697"},{"taxonomy":"product_cat","embeddable":true,"href":"https:\/\/soydeaqui.ddns.net\/pachuca\/index.php\/wp-json\/wp\/v2\/product_cat?post=1697"},{"taxonomy":"product_tag","embeddable":true,"href":"https:\/\/soydeaqui.ddns.net\/pachuca\/index.php\/wp-json\/wp\/v2\/product_tag?post=1697"}],"curies":[{"name":"wp","href":"https:\/\/api.w.org\/{rel}","templated":true}]}}