{"id":16843,"date":"2026-03-18T09:15:16","date_gmt":"2026-03-18T09:15:16","guid":{"rendered":"https:\/\/soydeaqui.ddns.net\/pachuca\/index.php\/producto\/jack-ultramax-cat5e-utp-montaje-hbrido-en-placa-de-pared-plano-y-angulado-color-azul-punch-down\/"},"modified":"2026-03-18T09:15:17","modified_gmt":"2026-03-18T09:15:17","slug":"jack-ultramax-cat5e-utp-montaje-hbrido-en-placa-de-pared-plano-y-angulado-color-azul-punch-down","status":"publish","type":"product","link":"https:\/\/soydeaqui.ddns.net\/pachuca\/index.php\/producto\/jack-ultramax-cat5e-utp-montaje-hbrido-en-placa-de-pared-plano-y-angulado-color-azul-punch-down\/","title":{"rendered":"Jack Ultramax Cat5e, UTP, Montaje H?brido en Placa de Pared (Plano y Angulado), Color Azul, Punch Down"},"content":{"rendered":"<div style='width: 100%; max-width: 1200px; margin: 0 auto; font-family: sans-serif; line-height: 1.6; color: inherit; background-color: transparent;'>\n<div style='display: flex; flex-wrap: wrap; gap: 30px; margin-bottom: 30px;'>\n<div style='flex: 1 1 300px; min-width: 280px;'>\n<h3 style='font-size: 22px; border-bottom: 2px solid currentColor; padding-bottom: 5px; margin-top: 0; color: inherit; opacity: 0.8;'>Descripci\u00f3n<\/h3>\n<p style='font-size: 15px; color: inherit;'> El sistema de conectividad de cobre SIEMON UltraMAX utiliza una \u00fanica plataforma de salidas innovadoras para sus requisitos UTP Categor\u00eda 5e&comma; 6 y 6A. Las salidas UltraMAX est\u00e1n dise\u00f1adas para maximizar la usabilidad&comma; la calidad y el rendimiento en un espacio elegante que es ideal para que los usuarios obtengan terminaciones r\u00e1pidas y confiables desde el principio&comma; siempre. <\/p>\n<\/p><\/div>\n<\/p><\/div>\n<div style='display: flex; flex-wrap: wrap; gap: 30px; margin-bottom: 30px;'>\n<div style='flex: 1 1 300px; min-width: 280px;'>\n<h3 style='font-size: 22px; border-bottom: 2px solid currentColor; padding-bottom: 5px; margin-top: 0; color: inherit; opacity: 0.8;'>Caracter\u00edsticas<\/h3>\n<ul style='padding-left: 20px; font-size: 15px; color: inherit;'>\n<li style='margin-bottom: 5px;'><strong>M\u00f3dulo Jack de cobre<\/strong><\/li>\n<li style='margin-bottom: 5px;'><strong>Se instala en Faceplate<\/strong><\/li>\n<li style='margin-bottom: 5px;'><strong>Color:<\/strong> Azul<\/li>\n<li style='margin-bottom: 5px;'><strong>Nivel de desempe\u00f1o:<\/strong> Categor\u00eda 5E\/Clase D<\/li>\n<li style='margin-bottom: 5px;'><strong>Tipo de terminaci\u00f3n:<\/strong> se utiliza pinza de impacto (110)<\/li>\n<li style='margin-bottom: 5px;'><strong>Acepta tipo de Ponchado:<\/strong> T568A \u00f3 T568B<\/li>\n<li style='margin-bottom: 5px;'><strong>Aplicaci\u00f3n:<\/strong> UTP (Sin blindaje)<\/li>\n<li style='margin-bottom: 5px;'><strong>No. de espacios modulares:<\/strong> 1<\/li>\n<li style='margin-bottom: 5px;'><strong>No. de puertos:<\/strong> 1<\/li>\n<li style='margin-bottom: 5px;'><strong>Tipo de m\u00f3dulo:<\/strong> H\u00edbrido (Se puede colocar Plano o Angulado)<\/li>\n<li style='margin-bottom: 5px;'><strong>Tipo de jack:<\/strong> RJ45<\/li>\n<li style='margin-bottom: 5px;'><strong>Tama\u00f1o de conductor recomendado:<\/strong> 24-22 AWG s\u00f3lido y 26-24 AWG Multifilar<\/li>\n<li style='margin-bottom: 5px;'><strong>Temperatura de operaci\u00f3n:<\/strong> -10 a 60 \u00b0C (14 a 140 \u00b0F)<\/li>\n<li style='margin-bottom: 5px;'><strong>Clasificaci\u00f3n de Flamabilidad:<\/strong> UL 94 V-0<\/li>\n<li style='margin-bottom: 5px;'><strong>Cumple con RoHS<\/strong><\/li>\n<\/ul><\/div>\n<\/p><\/div>\n<div style='display: flex; flex-wrap: wrap; gap: 30px; margin-bottom: 30px;'>\n<div style='flex: 1 1 300px; min-width: 280px;'>\n<h3 style='font-size: 22px; border-bottom: 2px solid currentColor; padding-bottom: 5px; margin-top: 0; color: inherit; opacity: 0.8;'>Recomendaciones<\/h3>\n<ul style='padding-left: 20px; font-size: 15px; color: inherit;'>\n<li style='margin-bottom: 5px;'>Se recomienda utilizar la Pinza de impacto <a href='https:\/\/www.syscom.mx\/principal\/searchcont?route=UMAX-PD-SIEMON-217093&#038;autodetect=UMAX-PD' style='color: inherit; text-decoration: underline; font-weight: bold;'>UMAX-PD<\/a> para un trabajo m\u00e1s r\u00e1pido y eficiente<\/li>\n<li style='margin-bottom: 5px;'>Puede usar el protector de palma <a href='https:\/\/www.syscom.mx\/principal\/searchcont?route=PG2-SIEMON-217091&#038;autodetect=pg2' style='color: inherit; text-decoration: underline; font-weight: bold;'>PG2<\/a> si desea trabajar en la comodidad de la mano<\/li>\n<li style='margin-bottom: 5px;'>Inserto <a href='https:\/\/www.syscom.mx\/principal\/searchcont?route=PG2-U-SIEMON-217092&#038;autodetect=PG2' style='color: inherit; text-decoration: underline; font-weight: bold;'>PG2-U<\/a> para colocar jack en el protector de palma <a href='https:\/\/www.syscom.mx\/principal\/searchcont?route=PG2-SIEMON-217091&#038;autodetect=pg2' style='color: inherit; text-decoration: underline; font-weight: bold;'>PG2<\/a><\/li>\n<\/ul><\/div>\n<\/p><\/div>\n<div style='display: flex; flex-wrap: wrap; gap: 30px; margin-bottom: 30px;'>\n<div style='flex: 1 1 300px; min-width: 280px;'>\n<h3 style='font-size: 22px; border-bottom: 2px solid currentColor; padding-bottom: 5px; margin-top: 0; color: inherit; opacity: 0.8;'>Dise\u00f1o<\/h3>\n<p style='font-size: 15px; color: inherit;'> Cada salida UltraMAX cuenta con un dise\u00f1o de lazado lineal \u00fanico que permite a los usuarios terminar sus conexiones desde cualquier lado y obtener una terminaci\u00f3n r\u00e1pida y consistente. <\/p>\n<\/p><\/div>\n<\/p><\/div>\n<div style='display: flex; flex-wrap: wrap; gap: 30px; margin-bottom: 30px;'>\n<div style='flex: 1 1 100%;'> <img style='width: 100%; height: auto; border: 1px solid rgba(150&comma;150&comma;150&comma;0.3); border-radius: 8px;' src='https:\/\/ftp3.syscom.mx\/usuarios\/fotos\/U5H01NS\/216905-siemonarriba.jpg' alt=''> <\/div>\n<\/p><\/div>\n<div style='display: flex; flex-wrap: wrap; gap: 30px; margin-bottom: 30px;'>\n<div style='flex: 1 1 100%;'> <img style='width: 100%; height: auto; border: 1px solid rgba(150&comma;150&comma;150&comma;0.3); border-radius: 8px;' src='https:\/\/ftp3.syscom.mx\/usuarios\/fotos\/U5H01NS\/216905-siemonabajo.png' alt=''> <\/div>\n<\/p><\/div>\n<\/p><\/div>\n","protected":false},"excerpt":{"rendered":"<p>Jack Ultramax Cat5e, UTP, Montaje H?brido en Placa de Pared (Plano y Angulado), Color Azul, Punch Down<\/p>\n","protected":false},"featured_media":16842,"comment_status":"open","ping_status":"closed","template":"","meta":[],"product_brand":[],"product_cat":[595],"product_tag":[586,596,600],"class_list":{"0":"post-16843","1":"product","2":"type-product","3":"status-publish","4":"has-post-thumbnail","6":"product_cat-jacks-plugs","7":"product_tag-cableado-de-cobre","8":"product_tag-jacks-plugs","9":"product_tag-siemon","11":"first","12":"instock","13":"sale","14":"shipping-taxable","15":"purchasable","16":"product-type-simple"},"_links":{"self":[{"href":"https:\/\/soydeaqui.ddns.net\/pachuca\/index.php\/wp-json\/wp\/v2\/product\/16843","targetHints":{"allow":["GET"]}}],"collection":[{"href":"https:\/\/soydeaqui.ddns.net\/pachuca\/index.php\/wp-json\/wp\/v2\/product"}],"about":[{"href":"https:\/\/soydeaqui.ddns.net\/pachuca\/index.php\/wp-json\/wp\/v2\/types\/product"}],"replies":[{"embeddable":true,"href":"https:\/\/soydeaqui.ddns.net\/pachuca\/index.php\/wp-json\/wp\/v2\/comments?post=16843"}],"wp:featuredmedia":[{"embeddable":true,"href":"https:\/\/soydeaqui.ddns.net\/pachuca\/index.php\/wp-json\/wp\/v2\/media\/16842"}],"wp:attachment":[{"href":"https:\/\/soydeaqui.ddns.net\/pachuca\/index.php\/wp-json\/wp\/v2\/media?parent=16843"}],"wp:term":[{"taxonomy":"product_brand","embeddable":true,"href":"https:\/\/soydeaqui.ddns.net\/pachuca\/index.php\/wp-json\/wp\/v2\/product_brand?post=16843"},{"taxonomy":"product_cat","embeddable":true,"href":"https:\/\/soydeaqui.ddns.net\/pachuca\/index.php\/wp-json\/wp\/v2\/product_cat?post=16843"},{"taxonomy":"product_tag","embeddable":true,"href":"https:\/\/soydeaqui.ddns.net\/pachuca\/index.php\/wp-json\/wp\/v2\/product_tag?post=16843"}],"curies":[{"name":"wp","href":"https:\/\/api.w.org\/{rel}","templated":true}]}}