{"id":16760,"date":"2026-03-18T09:13:42","date_gmt":"2026-03-18T09:13:42","guid":{"rendered":"https:\/\/soydeaqui.ddns.net\/pachuca\/index.php\/producto\/jack-ultramax-cat6-utp-montaje-hbrido-en-placa-de-pared-plano-y-angulado-color-azul-punch-down\/"},"modified":"2026-03-18T09:13:46","modified_gmt":"2026-03-18T09:13:46","slug":"jack-ultramax-cat6-utp-montaje-hbrido-en-placa-de-pared-plano-y-angulado-color-azul-punch-down","status":"publish","type":"product","link":"https:\/\/soydeaqui.ddns.net\/pachuca\/index.php\/producto\/jack-ultramax-cat6-utp-montaje-hbrido-en-placa-de-pared-plano-y-angulado-color-azul-punch-down\/","title":{"rendered":"Jack UltraMAX Cat6, UTP, Montaje H?brido en Placa de Pared (Plano y Angulado), Color Azul, Punch Down"},"content":{"rendered":"<div style='width: 100%; max-width: 1200px; margin: 0 auto; font-family: sans-serif; line-height: 1.6; color: inherit; background-color: transparent;'>\n<div style='display: flex; flex-direction: column; gap: 30px;'>\n<div> <img style='width: 100%; height: auto; border: 1px solid rgba(150&comma;150&comma;150&comma;0.3); border-radius: 8px;' src='https:\/\/ftp3.syscom.mx\/usuarios\/fotos\/U5H01NS\/216905-siemonarriba.jpg' alt=''> <\/div>\n<div style='font-size: 14px;'>\n<p style='margin-top: 0;'> <strong style='font-size: 18px; color: inherit;'>El sistema de conectividad de cobre SIEMON UltraMAX<\/strong> <span style='font-size: 14px; color: inherit;'> utiliza una \u00fanica plataforma de salidas innovadoras para sus requisitos <strong style='color: inherit;'>UTP Categor\u00eda 5e&comma; 6 y 6A<\/strong>. Las salidas UltraMAX est\u00e1n dise\u00f1adas para maximizar la usabilidad&comma; la calidad y el rendimiento en un espacio elegante que es ideal para que los usuarios obtengan terminaciones r\u00e1pidas y confiables desde el principio&comma; siempre. <\/span> <\/p>\n<\/p><\/div>\n<div style='display: flex; flex-wrap: wrap; gap: 20px;'>\n<div style='flex: 1 1 300px; min-width: 280px;'>\n<div style='border: 1px solid rgba(150&comma; 150&comma; 150&comma; 0.4); border-radius: 8px; overflow: hidden; display: flex; flex-direction: column;'>\n<div style='padding: 15px; border-bottom: 1px solid rgba(150&comma; 150&comma; 150&comma; 0.2); font-weight: bold; font-size: 16px; color: inherit; background-color: rgba(150&comma; 150&comma; 150&comma; 0.1);'>Caracter\u00edsticas<\/div>\n<div style='padding: 15px; color: inherit;'>\n<ul style='padding-left: 20px; margin: 0; list-style-type: disc; font-size: 14px; color: inherit;'>\n<li style='margin-bottom: 8px;'><span style='color: inherit;'>M\u00f3dulo Jack de cobre<\/span><\/li>\n<li style='margin-bottom: 8px;'><strong style='color: inherit;'>Se instala en Faceplate<\/strong><\/li>\n<li style='margin-bottom: 8px;'><span style='color: inherit;'>Color: <strong style='color: inherit;'>Azul<\/strong><\/span><\/li>\n<li style='margin-bottom: 8px;'><span style='color: inherit;'>Nivel de desempe\u00f1o: <strong style='color: inherit;'>Categor\u00eda 6\/Clase E<\/strong><\/span><\/li>\n<li style='margin-bottom: 8px;'><span style='color: inherit;'>Tipo de terminaci\u00f3n: <strong style='color: inherit;'>se utiliza pinza de impacto (110)<\/strong><\/span><\/li>\n<li style='margin-bottom: 8px;'><span style='color: inherit;'>Acepta tipo de Ponchado: <strong style='color: inherit;'>T568A \u00f3 T568B<\/strong><\/span><\/li>\n<li style='margin-bottom: 8px;'><span style='color: inherit;'>Aplicaci\u00f3n: <strong style='color: inherit;'>UTP (Sin blindaje)<\/strong><\/span><\/li>\n<li style='margin-bottom: 8px;'><span style='color: inherit;'>No. de espacios modulares: 1<\/span><\/li>\n<li style='margin-bottom: 8px;'><span style='color: inherit;'>No. de puertos: 1<\/span><\/li>\n<li style='margin-bottom: 8px;'><span style='color: inherit;'>Tipo de m\u00f3dulo: <strong style='color: inherit;'>H\u00edbrido<\/strong> (Se puede colocar Plano o Angulado)<\/span><\/li>\n<li style='margin-bottom: 8px;'><span style='color: inherit;'>Tipo de jack: <strong style='color: inherit;'>RJ45<\/strong><\/span><\/li>\n<\/ul><\/div>\n<\/p><\/div>\n<\/p><\/div>\n<div style='flex: 1 1 300px; min-width: 280px;'>\n<div style='border: 1px solid rgba(150&comma; 150&comma; 150&comma; 0.4); border-radius: 8px; overflow: hidden; display: flex; flex-direction: column;'>\n<div style='padding: 15px; border-bottom: 1px solid rgba(150&comma; 150&comma; 150&comma; 0.2); font-weight: bold; font-size: 16px; color: inherit; background-color: rgba(150&comma; 150&comma; 150&comma; 0.1);'>Especificaciones T\u00e9cnicas<\/div>\n<div style='padding: 15px; color: inherit;'>\n<ul style='padding-left: 20px; margin: 0; list-style-type: disc; font-size: 14px; color: inherit;'>\n<li style='margin-bottom: 8px;'><span style='color: inherit;'>Tama\u00f1o de conductor recomendado: <strong style='color: inherit;'>24-22 AWG s\u00f3lido y 26-24 AWG Multifilar<\/strong><\/span><\/li>\n<li style='margin-bottom: 8px;'><span style='color: inherit;'>Temperatura de operaci\u00f3n: <strong style='color: inherit;'>-10 a 60 \u00b0C (14 a 140 \u00b0F)<\/strong><\/span><\/li>\n<li style='margin-bottom: 8px;'><span style='color: inherit;'>Clasificaci\u00f3n de Flamabilidad: <strong style='color: inherit;'>UL 94 V-0<\/strong><\/span><\/li>\n<li style='margin-bottom: 8px;'><span style='color: inherit;'><strong style='color: inherit;'>Cumple con RoHS<\/strong><\/span><\/li>\n<\/ul><\/div>\n<\/p><\/div>\n<\/p><\/div>\n<\/p><\/div>\n<div style='display: flex; flex-direction: column; gap: 15px;'>\n<div style='font-size: 14px; color: inherit;'>\n<p style='margin: 0;'> <strong style='font-size: 16px; color: inherit;'>Cada salida UltraMAX<\/strong> <span style='color: inherit;'> cuenta con un dise\u00f1o de lazado lineal \u00fanico que permite a los usuarios terminar sus conexiones desde cualquier lado y obtener una terminaci\u00f3n r\u00e1pida y consistente. <\/span> <\/p>\n<\/p><\/div>\n<div> <img style='width: 100%; height: auto; border: 1px solid rgba(150&comma;150&comma;150&comma;0.3); border-radius: 8px;' src='https:\/\/ftp3.syscom.mx\/usuarios\/fotos\/U5H01NS\/216905-siemonabajo.png' alt=''> <\/div>\n<\/p><\/div>\n<div style='border: 1px solid rgba(150&comma; 150&comma; 150&comma; 0.4); border-radius: 8px; padding: 15px; background-color: rgba(150&comma; 150&comma; 150&comma; 0.05);'>\n<div style='font-size: 14px; color: inherit;'>\n<p style='margin: 0 0 15px 0; color: inherit;'> <span style='color: inherit;'> Se recomienda utilizar la <strong style='color: inherit;'>Pinza de impacto <\/strong> <a style='color: #005cb9; text-decoration: none; font-weight: 600;' href='https:\/\/www.syscom.mx\/principal\/searchcont?route=UMAX-PD-SIEMON-217093&#038;autodetect=UMAX-PD'> UMAX-PD <\/a> para un trabajo m\u00e1s r\u00e1pido y eficiente. <\/span> <\/p>\n<p style='margin: 0 0 15px 0; color: inherit;'> <span style='color: inherit;'> Puede usar el protector de palma <a style='color: #005cb9; text-decoration: none; font-weight: 600;' href='https:\/\/www.syscom.mx\/principal\/searchcont?route=PG2-SIEMON-217091&#038;autodetect=pg2'> PG2 <\/a> si desea trabajar en la comodidad de la mano. <\/span> <\/p>\n<p style='margin: 0; color: inherit;'> <span style='color: inherit;'> Inserto <a style='color: #005cb9; text-decoration: none; font-weight: 600;' href='https:\/\/www.syscom.mx\/principal\/searchcont?route=PG2-U-SIEMON-217092&#038;autodetect=PG2'> PG2-U <\/a> para colocar jack en el protector de palma <a style='color: #005cb9; text-decoration: none; font-weight: 600;' href='https:\/\/www.syscom.mx\/principal\/searchcont?route=PG2-SIEMON-217091&#038;autodetect=pg2'> PG2 <\/a> <\/span> <\/p>\n<\/p><\/div>\n<\/p><\/div>\n<\/p><\/div>\n<\/p><\/div>\n","protected":false},"excerpt":{"rendered":"<p>Jack UltraMAX Cat6, UTP, Montaje H?brido en Placa de Pared (Plano y Angulado), Color Azul, Punch Down<\/p>\n","protected":false},"featured_media":16759,"comment_status":"open","ping_status":"closed","template":"","meta":[],"product_brand":[],"product_cat":[595],"product_tag":[586,596,600],"class_list":{"0":"post-16760","1":"product","2":"type-product","3":"status-publish","4":"has-post-thumbnail","6":"product_cat-jacks-plugs","7":"product_tag-cableado-de-cobre","8":"product_tag-jacks-plugs","9":"product_tag-siemon","11":"first","12":"instock","13":"sale","14":"shipping-taxable","15":"purchasable","16":"product-type-simple"},"_links":{"self":[{"href":"https:\/\/soydeaqui.ddns.net\/pachuca\/index.php\/wp-json\/wp\/v2\/product\/16760","targetHints":{"allow":["GET"]}}],"collection":[{"href":"https:\/\/soydeaqui.ddns.net\/pachuca\/index.php\/wp-json\/wp\/v2\/product"}],"about":[{"href":"https:\/\/soydeaqui.ddns.net\/pachuca\/index.php\/wp-json\/wp\/v2\/types\/product"}],"replies":[{"embeddable":true,"href":"https:\/\/soydeaqui.ddns.net\/pachuca\/index.php\/wp-json\/wp\/v2\/comments?post=16760"}],"wp:featuredmedia":[{"embeddable":true,"href":"https:\/\/soydeaqui.ddns.net\/pachuca\/index.php\/wp-json\/wp\/v2\/media\/16759"}],"wp:attachment":[{"href":"https:\/\/soydeaqui.ddns.net\/pachuca\/index.php\/wp-json\/wp\/v2\/media?parent=16760"}],"wp:term":[{"taxonomy":"product_brand","embeddable":true,"href":"https:\/\/soydeaqui.ddns.net\/pachuca\/index.php\/wp-json\/wp\/v2\/product_brand?post=16760"},{"taxonomy":"product_cat","embeddable":true,"href":"https:\/\/soydeaqui.ddns.net\/pachuca\/index.php\/wp-json\/wp\/v2\/product_cat?post=16760"},{"taxonomy":"product_tag","embeddable":true,"href":"https:\/\/soydeaqui.ddns.net\/pachuca\/index.php\/wp-json\/wp\/v2\/product_tag?post=16760"}],"curies":[{"name":"wp","href":"https:\/\/api.w.org\/{rel}","templated":true}]}}