{"id":16750,"date":"2026-03-18T09:13:31","date_gmt":"2026-03-18T09:13:31","guid":{"rendered":"https:\/\/soydeaqui.ddns.net\/pachuca\/index.php\/producto\/jack-ultramax-cat6-utp-montaje-hbrido-en-placa-de-pared-plano-y-angulado-color-rojo-punch-down\/"},"modified":"2026-03-18T09:13:36","modified_gmt":"2026-03-18T09:13:36","slug":"jack-ultramax-cat6-utp-montaje-hbrido-en-placa-de-pared-plano-y-angulado-color-rojo-punch-down","status":"publish","type":"product","link":"https:\/\/soydeaqui.ddns.net\/pachuca\/index.php\/producto\/jack-ultramax-cat6-utp-montaje-hbrido-en-placa-de-pared-plano-y-angulado-color-rojo-punch-down\/","title":{"rendered":"Jack Ultramax Cat6, UTP, Montaje H?brido en Placa de Pared (Plano y Angulado), Color Rojo, Punch Down"},"content":{"rendered":"<div style='width: 100%; max-width: 1200px; margin: 0 auto; font-family: sans-serif; line-height: 1.6; color: inherit; background-color: transparent;'> <!-- Imagen principal --> <\/p>\n<div style='width: 100%; margin-bottom: 30px;'> <img style='width: 100%; height: auto; border: 1px solid rgba(150&comma;150&comma;150&comma;0.3); border-radius: 8px;' src='https:\/\/ftp3.syscom.mx\/usuarios\/fotos\/U5H01NS\/216905-siemonarriba.jpg' alt=''> <\/div>\n<p> <!-- Descripci\u00f3n principal --> <\/p>\n<div style='margin-bottom: 30px; font-size: 15px;'>\n<p style='margin: 0 0 15px 0; font-size: 15px; color: inherit;'> <strong style='color: inherit;'>El sistema de conectividad de cobre SIEMON UltraMAX<\/strong> utiliza una \u00fanica plataforma de salidas innovadoras para sus requisitos <strong style='color: inherit;'>UTP Categor\u00eda 5e&comma; 6 y 6A<\/strong>. Las salidas UltraMAX est\u00e1n dise\u00f1adas para maximizar la usabilidad&comma; la calidad y el rendimiento en un espacio elegante que es ideal para que los usuarios obtengan terminaciones r\u00e1pidas y confiables desde el principio&comma; siempre. <\/p>\n<\/p><\/div>\n<p> <!-- Especificaciones principales --> <\/p>\n<div style='display: flex; flex-wrap: wrap; gap: 20px; margin-bottom: 30px;'>\n<div style='flex: 1 1 300px; min-width: 280px;'>\n<h3 style='font-size: 22px; border-bottom: 2px solid currentColor; padding-bottom: 5px; margin-top: 0; color: inherit; opacity: 0.8;'>Caracter\u00edsticas Principales<\/h3>\n<ul style='padding-left: 20px; font-size: 15px; color: inherit; list-style-type: disc;'>\n<li style='margin-bottom: 5px; color: inherit;'><strong style='color: inherit;'>M\u00f3dulo Jack de cobre<\/strong><\/li>\n<li style='margin-bottom: 5px; color: inherit;'><strong style='color: inherit;'>Se instala en Faceplate<\/strong><\/li>\n<li style='margin-bottom: 5px; color: inherit;'><strong style='color: inherit;'>Color:<\/strong> Rojo<\/li>\n<li style='margin-bottom: 5px; color: inherit;'><strong style='color: inherit;'>Nivel de desempe\u00f1o:<\/strong> Categor\u00eda 6\/Clase E<\/li>\n<li style='margin-bottom: 5px; color: inherit;'><strong style='color: inherit;'>Tipo de terminaci\u00f3n:<\/strong> se utiliza pinza de impacto (110)<\/li>\n<li style='margin-bottom: 5px; color: inherit;'><strong style='color: inherit;'>Acepta tipo de Ponchado:<\/strong> T568A \u00f3 T568B<\/li>\n<li style='margin-bottom: 5px; color: inherit;'><strong style='color: inherit;'>Aplicaci\u00f3n:<\/strong> UTP (Sin blindaje)<\/li>\n<\/ul><\/div>\n<div style='flex: 1 1 300px; min-width: 280px;'>\n<h3 style='font-size: 22px; border-bottom: 2px solid currentColor; padding-bottom: 5px; margin-top: 0; color: inherit; opacity: 0.8;'>Especificaciones T\u00e9cnicas<\/h3>\n<ul style='padding-left: 20px; font-size: 15px; color: inherit; list-style-type: disc;'>\n<li style='margin-bottom: 5px; color: inherit;'><strong style='color: inherit;'>No. de espacios modulares:<\/strong> 1<\/li>\n<li style='margin-bottom: 5px; color: inherit;'><strong style='color: inherit;'>No. de puertos:<\/strong> 1<\/li>\n<li style='margin-bottom: 5px; color: inherit;'><strong style='color: inherit;'>Tipo de m\u00f3dulo:<\/strong> H\u00edbrido (Se puede colocar Plano o Angulado)<\/li>\n<li style='margin-bottom: 5px; color: inherit;'><strong style='color: inherit;'>Tipo de jack:<\/strong> RJ45<\/li>\n<li style='margin-bottom: 5px; color: inherit;'><strong style='color: inherit;'>Tama\u00f1o de conductor recomendado:<\/strong> 24-22 AWG s\u00f3lido y 26-24 AWG Multifilar<\/li>\n<li style='margin-bottom: 5px; color: inherit;'><strong style='color: inherit;'>Temperatura de operaci\u00f3n:<\/strong> -10 a 60 \u00b0C (14 a 140 \u00b0F)<\/li>\n<li style='margin-bottom: 5px; color: inherit;'><strong style='color: inherit;'>Clasificaci\u00f3n de Flamabilidad:<\/strong> UL 94 V-0<\/li>\n<li style='margin-bottom: 5px; color: inherit;'><strong style='color: inherit;'>Cumple con:<\/strong> RoHS<\/li>\n<\/ul><\/div>\n<\/p><\/div>\n<p> <!-- Recomendaciones --> <\/p>\n<div style='margin-bottom: 30px; font-size: 15px; color: inherit;'>\n<h3 style='font-size: 22px; border-bottom: 2px solid currentColor; padding-bottom: 5px; margin-top: 0; margin-bottom: 15px; color: inherit; opacity: 0.8;'>Recomendaciones<\/h3>\n<ul style='padding-left: 20px; font-size: 15px; color: inherit; list-style-type: disc;'>\n<li style='margin-bottom: 5px; color: inherit;'>Se recomienda utilizar la <strong style='color: inherit;'>Pinza de impacto <a style='color: inherit; text-decoration: none; font-weight: 600;' href='https:\/\/www.syscom.mx\/principal\/searchcont?route=UMAX-PD-SIEMON-217093&#038;autodetect=UMAX-PD'>UMAX-PD<\/a><\/strong> para un trabajo m\u00e1s r\u00e1pido y eficiente.<\/li>\n<li style='margin-bottom: 5px; color: inherit;'>Puede usar el protector de palma <a style='color: inherit; text-decoration: none; font-weight: 600;' href='https:\/\/www.syscom.mx\/principal\/searchcont?route=PG2-SIEMON-217091&#038;autodetect=pg2'>PG2<\/a> si desea trabajar en la comodidad de la mano.<\/li>\n<li style='margin-bottom: 5px; color: inherit;'>Inserto <a style='color: inherit; text-decoration: none; font-weight: 600;' href='https:\/\/www.syscom.mx\/principal\/searchcont?route=PG2-U-SIEMON-217092&#038;autodetect=PG2'>PG2-U<\/a> para colocar jack en el protector de palma <a style='color: inherit; text-decoration: none; font-weight: 600;' href='https:\/\/www.syscom.mx\/principal\/searchcont?route=PG2-SIEMON-217091&#038;autodetect=pg2'>PG2<\/a><\/li>\n<\/ul><\/div>\n<p> <!-- Descripci\u00f3n adicional --> <\/p>\n<div style='margin-bottom: 30px; font-size: 15px; color: inherit;'>\n<p style='margin: 0 0 15px 0; color: inherit;'> <strong style='color: inherit;'>Cada salida UltraMAX<\/strong> cuenta con un dise\u00f1o de lazado lineal \u00fanico que permite a los usuarios terminar sus conexiones desde cualquier lado y obtener una terminaci\u00f3n r\u00e1pida y consistente. <\/p>\n<\/p><\/div>\n<p> <!-- Imagen secundaria --> <\/p>\n<div style='width: 100%; margin-bottom: 30px;'> <img style='width: 100%; height: auto; border: 1px solid rgba(150&comma;150&comma;150&comma;0.3); border-radius: 8px;' src='https:\/\/ftp3.syscom.mx\/usuarios\/fotos\/U5H01NS\/216905-siemonabajo.png' alt=''> <\/div>\n<\/p><\/div>\n","protected":false},"excerpt":{"rendered":"<p>Jack Ultramax Cat6, UTP, Montaje H?brido en Placa de Pared (Plano y Angulado), Color Rojo, Punch Down<\/p>\n","protected":false},"featured_media":16749,"comment_status":"open","ping_status":"closed","template":"","meta":[],"product_brand":[],"product_cat":[595],"product_tag":[586,596,600],"class_list":{"0":"post-16750","1":"product","2":"type-product","3":"status-publish","4":"has-post-thumbnail","6":"product_cat-jacks-plugs","7":"product_tag-cableado-de-cobre","8":"product_tag-jacks-plugs","9":"product_tag-siemon","11":"first","12":"instock","13":"sale","14":"shipping-taxable","15":"purchasable","16":"product-type-simple"},"_links":{"self":[{"href":"https:\/\/soydeaqui.ddns.net\/pachuca\/index.php\/wp-json\/wp\/v2\/product\/16750","targetHints":{"allow":["GET"]}}],"collection":[{"href":"https:\/\/soydeaqui.ddns.net\/pachuca\/index.php\/wp-json\/wp\/v2\/product"}],"about":[{"href":"https:\/\/soydeaqui.ddns.net\/pachuca\/index.php\/wp-json\/wp\/v2\/types\/product"}],"replies":[{"embeddable":true,"href":"https:\/\/soydeaqui.ddns.net\/pachuca\/index.php\/wp-json\/wp\/v2\/comments?post=16750"}],"wp:featuredmedia":[{"embeddable":true,"href":"https:\/\/soydeaqui.ddns.net\/pachuca\/index.php\/wp-json\/wp\/v2\/media\/16749"}],"wp:attachment":[{"href":"https:\/\/soydeaqui.ddns.net\/pachuca\/index.php\/wp-json\/wp\/v2\/media?parent=16750"}],"wp:term":[{"taxonomy":"product_brand","embeddable":true,"href":"https:\/\/soydeaqui.ddns.net\/pachuca\/index.php\/wp-json\/wp\/v2\/product_brand?post=16750"},{"taxonomy":"product_cat","embeddable":true,"href":"https:\/\/soydeaqui.ddns.net\/pachuca\/index.php\/wp-json\/wp\/v2\/product_cat?post=16750"},{"taxonomy":"product_tag","embeddable":true,"href":"https:\/\/soydeaqui.ddns.net\/pachuca\/index.php\/wp-json\/wp\/v2\/product_tag?post=16750"}],"curies":[{"name":"wp","href":"https:\/\/api.w.org\/{rel}","templated":true}]}}