{"id":16726,"date":"2026-03-18T09:13:08","date_gmt":"2026-03-18T09:13:08","guid":{"rendered":"https:\/\/soydeaqui.ddns.net\/pachuca\/index.php\/producto\/icono-ultramax-para-identificacin-de-jacks-color-negro-bolsa-con-100-piezas\/"},"modified":"2026-03-18T09:13:08","modified_gmt":"2026-03-18T09:13:08","slug":"icono-ultramax-para-identificacin-de-jacks-color-negro-bolsa-con-100-piezas","status":"publish","type":"product","link":"https:\/\/soydeaqui.ddns.net\/pachuca\/index.php\/producto\/icono-ultramax-para-identificacin-de-jacks-color-negro-bolsa-con-100-piezas\/","title":{"rendered":"Icono Ultramax para Identificaci?n de Jacks, Color Negro, Bolsa con 100 Piezas"},"content":{"rendered":"<div style='width: 100%; max-width: 1200px; margin: 0 auto; font-family: sans-serif; line-height: 1.6; color: inherit; background-color: transparent;'> <!-- Secci\u00f3n de caracter\u00edsticas principales --> <\/p>\n<div style='display: flex; flex-wrap: wrap; gap: 30px; margin-bottom: 30px;'>\n<div style='flex: 1 1 300px; min-width: 280px;'>\n<h3 style='font-size: 22px; border-bottom: 2px solid currentColor; padding-bottom: 5px; margin-top: 0; color: inherit; opacity: 0.8;'>Caracter\u00edsticas Generales<\/h3>\n<ul style='padding-left: 20px; font-size: 15px; color: inherit;'>\n<li style='margin-bottom: 5px;'>Sistema de conectividad para redes de cobre UltraMAX<\/li>\n<li style='margin-bottom: 5px;'>Dise\u00f1o h\u00edbrido para montaje plano o en \u00e1ngulo<\/li>\n<li style='margin-bottom: 5px;'>Compatibilidad con categor\u00edas 5e&comma; 6 y 6A<\/li>\n<li style='margin-bottom: 5px;'>Dise\u00f1o de lazado lineal para terminaci\u00f3n r\u00e1pida y consistente<\/li>\n<li style='margin-bottom: 5px;'>Compatibilidad con Power over Ethernet (PoE) y Power over HDBaseT (PoH)<\/li>\n<\/ul><\/div>\n<div style='flex: 1 1 300px; min-width: 280px;'>\n<h3 style='font-size: 22px; border-bottom: 2px solid currentColor; padding-bottom: 5px; margin-top: 0; color: inherit; opacity: 0.8;'>Dise\u00f1o y Funcionalidad<\/h3>\n<ul style='padding-left: 20px; font-size: 15px; color: inherit;'>\n<li style='margin-bottom: 5px;'>Dise\u00f1o compacto para alta densidad<\/li>\n<li style='margin-bottom: 5px;'>Funci\u00f3n de &#8216;paso a trav\u00e9s&#8217; para montaje frontal o trasero<\/li>\n<li style='margin-bottom: 5px;'>Biseles de colores para codificaci\u00f3n visual<\/li>\n<li style='margin-bottom: 5px;'>Canales de lazado lineal para colocaci\u00f3n correcta del conductor<\/li>\n<li style='margin-bottom: 5px;'>Codificaci\u00f3n de colores de dos lados para verificaci\u00f3n T568A o B<\/li>\n<\/ul><\/div>\n<\/p><\/div>\n<p> <!-- Secci\u00f3n de especificaciones t\u00e9cnicas --> <\/p>\n<div style='display: flex; flex-wrap: wrap; gap: 20px; margin-bottom: 30px;'>\n<div style='flex: 1 1 250px; border: 1px solid rgba(150&comma; 150&comma; 150&comma; 0.4); border-radius: 8px; overflow: hidden; display: flex; flex-direction: column;'>\n<div style='padding: 15px; border-bottom: 1px solid rgba(150&comma; 150&comma; 150&comma; 0.2); font-weight: bold; font-size: 18px; color: inherit;'>Espec. El\u00e9ctricas<\/div>\n<div style='padding: 15px; color: inherit;'>\n<ul style='padding-left: 20px; margin: 0; font-size: 14px; list-style-type: disc;'>\n<li style='margin-bottom: 5px;'><strong>Resistencia de contacto:<\/strong> 20 m\u03a9<\/li>\n<li style='margin-bottom: 5px;'><strong>Resistencia entrada\/salida:<\/strong> 20 m\u03a9<\/li>\n<li style='margin-bottom: 5px;'><strong>Tensi\u00f3n m\u00ednima diel\u00e9ctrica:<\/strong> 1000 V DC o pico AC<\/li>\n<li style='margin-bottom: 5px;'><strong>Resistencia de aislamiento:<\/strong> 500 m\u03a9<\/li>\n<li style='margin-bottom: 5px;'><strong>Corriente m\u00e1xima:<\/strong> 1.5 A<\/li>\n<\/ul><\/div>\n<\/p><\/div>\n<div style='flex: 1 1 250px; border: 1px solid rgba(150&comma; 150&comma; 150&comma; 0.4); border-radius: 8px; overflow: hidden; display: flex; flex-direction: column;'>\n<div style='padding: 15px; border-bottom: 1px solid rgba(150&comma; 150&comma; 150&comma; 0.2); font-weight: bold; font-size: 18px; color: inherit;'>Espec. Mec\u00e1nicas<\/div>\n<div style='padding: 15px; color: inherit;'>\n<ul style='padding-left: 20px; margin: 0; font-size: 14px; list-style-type: disc;'>\n<li style='margin-bottom: 5px;'><strong>Tama\u00f1o conductor:<\/strong> 24-22 AWG s\u00f3lido y 26-24 AWG multifilar<\/li>\n<li style='margin-bottom: 5px;'><strong>Di\u00e1metro m\u00e1ximo aislamiento:<\/strong> 1.38 mm (0.054&#8242;)<\/li>\n<li style='margin-bottom: 5px;'><strong>Di\u00e1metro m\u00e1ximo conductor:<\/strong> 0.6 mm (0.023&#8242;)<\/li>\n<li style='margin-bottom: 5px;'><strong>Temperatura operaci\u00f3n:<\/strong> -10 a 60 \u00b0C (14 a 140 \u00b0F)<\/li>\n<li style='margin-bottom: 5px;'><strong>Ciclos de inserci\u00f3n:<\/strong> 2&comma;500<\/li>\n<\/ul><\/div>\n<\/p><\/div>\n<div style='flex: 1 1 250px; border: 1px solid rgba(150&comma; 150&comma; 150&comma; 0.4); border-radius: 8px; overflow: hidden; display: flex; flex-direction: column;'>\n<div style='padding: 15px; border-bottom: 1px solid rgba(150&comma; 150&comma; 150&comma; 0.2); font-weight: bold; font-size: 18px; color: inherit;'>Compatibilidad<\/div>\n<div style='padding: 15px; color: inherit;'>\n<ul style='padding-left: 20px; margin: 0; font-size: 14px; list-style-type: disc;'>\n<li style='margin-bottom: 5px;'><strong>Compatibilidad:<\/strong> Categor\u00eda 5e&comma; 6 y 6A<\/li>\n<li style='margin-bottom: 5px;'><strong>Alambrado:<\/strong> T568A\/B<\/li>\n<li style='margin-bottom: 5px;'><strong>Compatibilidad de plug:<\/strong> RJ45 (8 posiciones) o RJ11 (6 posiciones)<\/li>\n<li style='margin-bottom: 5px;'><strong>Conformidad:<\/strong> ISO\/IEC 11801-1 Ed. 1.0&comma; ANSI\/TIA-568.2-D<\/li>\n<li style='margin-bottom: 5px;'><strong>RoHS:<\/strong> Libre de plomo&comma; libre de hal\u00f3genos&comma; libre de PVC<\/li>\n<\/ul><\/div>\n<\/p><\/div>\n<\/p><\/div>\n<p> <!-- Secci\u00f3n de materiales --> <\/p>\n<div style='display: flex; flex-wrap: wrap; gap: 20px; margin-bottom: 30px;'>\n<div style='flex: 1 1 250px; border: 1px solid rgba(150&comma; 150&comma; 150&comma; 0.4); border-radius: 8px; overflow: hidden; display: flex; flex-direction: column;'>\n<div style='padding: 15px; border-bottom: 1px solid rgba(150&comma; 150&comma; 150&comma; 0.2); font-weight: bold; font-size: 18px; color: inherit;'>Materiales<\/div>\n<div style='padding: 15px; color: inherit;'>\n<ul style='padding-left: 20px; margin: 0; font-size: 14px; list-style-type: disc;'>\n<li style='margin-bottom: 5px;'><strong>Contactos:<\/strong> Aleaci\u00f3n de cobre con chapa de oro de m\u00ednimo 1.25 micras<\/li>\n<li style='margin-bottom: 5px;'><strong>Pl\u00e1sticos:<\/strong> Termopl\u00e1stico retardante a la llama<\/li>\n<li style='margin-bottom: 5px;'><strong>Clasificaci\u00f3n UL 94:<\/strong> V-0<\/li>\n<\/ul><\/div>\n<\/p><\/div>\n<div style='flex: 1 1 250px; border: 1px solid rgba(150&comma; 150&comma; 150&comma; 0.4); border-radius: 8px; overflow: hidden; display: flex; flex-direction: column;'>\n<div style='padding: 15px; border-bottom: 1px solid rgba(150&comma; 150&comma; 150&comma; 0.2); font-weight: bold; font-size: 18px; color: inherit;'>Dimensiones<\/div>\n<div style='padding: 15px; color: inherit;'>\n<ul style='padding-left: 20px; margin: 0; font-size: 14px; list-style-type: disc;'>\n<li style='margin-bottom: 5px;'><strong>Salida h\u00edbrida:<\/strong> 33 mm x 15 mm x 21 mm<\/li>\n<li style='margin-bottom: 5px;'><strong>Salida Keystone:<\/strong> 33 mm x 15 mm x 21 mm<\/li>\n<li style='margin-bottom: 5px;'><strong>Salida para panel:<\/strong> 31 mm x 15 mm x 20 mm<\/li>\n<\/ul><\/div>\n<\/p><\/div>\n<\/p><\/div>\n<p> <!-- Secci\u00f3n de accesorios --> <\/p>\n<div style='display: flex; flex-wrap: wrap; gap: 20px; margin-bottom: 30px;'>\n<div style='flex: 1 1 250px; border: 1px solid rgba(150&comma; 150&comma; 150&comma; 0.4); border-radius: 8px; overflow: hidden; display: flex; flex-direction: column;'>\n<div style='padding: 15px; border-bottom: 1px solid rgba(150&comma; 150&comma; 150&comma; 0.2); font-weight: bold; font-size: 18px; color: inherit;'>Accesorios<\/div>\n<div style='padding: 15px; color: inherit;'>\n<ul style='padding-left: 20px; margin: 0; font-size: 14px; list-style-type: disc;'>\n<li style='margin-bottom: 5px;'><strong>Tapa de terminaci\u00f3n:<\/strong> Incluida con las salidas<\/li>\n<li style='margin-bottom: 5px;'><strong>Iconos:<\/strong> Vendidos por separado<\/li>\n<li style='margin-bottom: 5px;'><strong>Inserto ciego:<\/strong> Compatible con puertos vac\u00edos<\/li>\n<li style='margin-bottom: 5px;'><strong>Protector de palma:<\/strong> Incluido en paquetes de 20 y 100 salidas<\/li>\n<\/ul><\/div>\n<\/p><\/div>\n<div style='flex: 1 1 250px; border: 1px solid rgba(150&comma; 150&comma; 150&comma; 0.4); border-radius: 8px; overflow: hidden; display: flex; flex-direction: column;'>\n<div style='padding: 15px; border-bottom: 1px solid rgba(150&comma; 150&comma; 150&comma; 0.2); font-weight: bold; font-size: 18px; color: inherit;'>Opciones de Empaque<\/div>\n<div style='padding: 15px; color: inherit;'>\n<ul style='padding-left: 20px; margin: 0; font-size: 14px; list-style-type: disc;'>\n<li style='margin-bottom: 5px;'><strong>Empaque est\u00e1ndar:<\/strong> 20 unidades<\/li>\n<li style='margin-bottom: 5px;'><strong>Empaque a granel:<\/strong> 100 unidades (MoQ de 100 unidades)<\/li>\n<\/ul><\/div>\n<\/p><\/div>\n<\/p><\/div>\n<p> <!-- Secci\u00f3n de opciones de color --> <\/p>\n<div style='display: flex; flex-wrap: wrap; gap: 20px; margin-bottom: 30px;'>\n<div style='flex: 1 1 250px; border: 1px solid rgba(150&comma; 150&comma; 150&comma; 0.4); border-radius: 8px; overflow: hidden; display: flex; flex-direction: column;'>\n<div style='padding: 15px; border-bottom: 1px solid rgba(150&comma; 150&comma; 150&comma; 0.2); font-weight: bold; font-size: 18px; color: inherit;'>Opciones de Color<\/div>\n<div style='padding: 15px; color: inherit;'>\n<ul style='padding-left: 20px; margin: 0; font-size: 14px; list-style-type: disc;'>\n<li style='margin-bottom: 5px;'>01 = Negro<\/li>\n<li style='margin-bottom: 5px;'>02 = Blanco<\/li>\n<li style='margin-bottom: 5px;'>03 = Rojo<\/li>\n<li style='margin-bottom: 5px;'>04 = Gris<\/li>\n<li style='margin-bottom: 5px;'>05 = Amarillo<\/li>\n<li style='margin-bottom: 5px;'>06 = Azul<\/li>\n<li style='margin-bottom: 5px;'>07 = Verde<\/li>\n<li style='margin-bottom: 5px;'>09 = Naranja<\/li>\n<li style='margin-bottom: 5px;'>20 = Marfil<\/li>\n<li style='margin-bottom: 5px;'>80 = Marfil claro<\/li>\n<\/ul><\/div>\n<\/p><\/div>\n<\/p><\/div>\n<p> <!-- Separador --> <\/p>\n<hr style='border: 0; border-top: 1px solid rgba(150&comma; 150&comma; 150&comma; 0.3); margin: 30px 0;'> <\/div>\n","protected":false},"excerpt":{"rendered":"<p>Icono Ultramax para Identificaci?n de Jacks, Color Negro, Bolsa con 100 Piezas<\/p>\n","protected":false},"featured_media":16725,"comment_status":"open","ping_status":"closed","template":"","meta":[],"product_brand":[],"product_cat":[595],"product_tag":[586,596,600],"class_list":{"0":"post-16726","1":"product","2":"type-product","3":"status-publish","4":"has-post-thumbnail","6":"product_cat-jacks-plugs","7":"product_tag-cableado-de-cobre","8":"product_tag-jacks-plugs","9":"product_tag-siemon","11":"first","12":"instock","13":"sale","14":"shipping-taxable","15":"purchasable","16":"product-type-simple"},"_links":{"self":[{"href":"https:\/\/soydeaqui.ddns.net\/pachuca\/index.php\/wp-json\/wp\/v2\/product\/16726","targetHints":{"allow":["GET"]}}],"collection":[{"href":"https:\/\/soydeaqui.ddns.net\/pachuca\/index.php\/wp-json\/wp\/v2\/product"}],"about":[{"href":"https:\/\/soydeaqui.ddns.net\/pachuca\/index.php\/wp-json\/wp\/v2\/types\/product"}],"replies":[{"embeddable":true,"href":"https:\/\/soydeaqui.ddns.net\/pachuca\/index.php\/wp-json\/wp\/v2\/comments?post=16726"}],"wp:featuredmedia":[{"embeddable":true,"href":"https:\/\/soydeaqui.ddns.net\/pachuca\/index.php\/wp-json\/wp\/v2\/media\/16725"}],"wp:attachment":[{"href":"https:\/\/soydeaqui.ddns.net\/pachuca\/index.php\/wp-json\/wp\/v2\/media?parent=16726"}],"wp:term":[{"taxonomy":"product_brand","embeddable":true,"href":"https:\/\/soydeaqui.ddns.net\/pachuca\/index.php\/wp-json\/wp\/v2\/product_brand?post=16726"},{"taxonomy":"product_cat","embeddable":true,"href":"https:\/\/soydeaqui.ddns.net\/pachuca\/index.php\/wp-json\/wp\/v2\/product_cat?post=16726"},{"taxonomy":"product_tag","embeddable":true,"href":"https:\/\/soydeaqui.ddns.net\/pachuca\/index.php\/wp-json\/wp\/v2\/product_tag?post=16726"}],"curies":[{"name":"wp","href":"https:\/\/api.w.org\/{rel}","templated":true}]}}