{"id":16716,"date":"2026-03-18T09:13:00","date_gmt":"2026-03-18T09:13:00","guid":{"rendered":"https:\/\/soydeaqui.ddns.net\/pachuca\/index.php\/producto\/patch-panel-ultramax-utp-precargado-con-jacks-cat6a-24-puertos-plano-1u\/"},"modified":"2026-03-18T09:13:01","modified_gmt":"2026-03-18T09:13:01","slug":"patch-panel-ultramax-utp-precargado-con-jacks-cat6a-24-puertos-plano-1u","status":"publish","type":"product","link":"https:\/\/soydeaqui.ddns.net\/pachuca\/index.php\/producto\/patch-panel-ultramax-utp-precargado-con-jacks-cat6a-24-puertos-plano-1u\/","title":{"rendered":"Patch Panel Ultramax. UTP, Precargado con Jacks Cat6A, 24 Puertos, Plano, 1U"},"content":{"rendered":"<div style='width: 100%; max-width: 1200px; margin: 0 auto; font-family: sans-serif; line-height: 1.6; color: inherit; background-color: transparent;'> <!-- Imagen principal --> <\/p>\n<div style='width: 100%; margin-bottom: 30px;'> <img style='width: 100%; height: auto; border: 1px solid rgba(150&comma;150&comma;150&comma;0.3); border-radius: 8px;' src='https:\/\/ftp3.syscom.mx\/usuarios\/fotos\/UP5F124LRS\/216952-siemonarriba.jpg' alt=''> <\/div>\n<p> <!-- Descripci\u00f3n principal --> <\/p>\n<div style='margin-bottom: 30px;'>\n<p style='font-size: 15px; color: inherit; margin: 0 0 15px;'> El sistema de conectividad de cobre Siemon UltraMAX utiliza una plataforma \u00fanica de paneles de conexi\u00f3n innovadores para sus requisitos UTP de categor\u00eda 5e&comma; 6 y 6A. Los paneles UltraMAX se han dise\u00f1ado pensando en nuestros usuarios&comma; maximizando la funcionalidad&comma; la est\u00e9tica y el rendimiento l\u00edder en la industria en un formato que le permitir\u00e1 configurar su sistema ideal. <\/p>\n<\/p><\/div>\n<p> <!-- Caracter\u00edsticas principales --> <\/p>\n<div style='display: flex; flex-wrap: wrap; gap: 20px; margin-bottom: 30px;'>\n<div style='flex: 1 1 300px; min-width: 280px;'>\n<h3 style='font-size: 22px; border-bottom: 2px solid currentColor; padding-bottom: 5px; margin-top: 0; color: inherit; opacity: 0.8;'>Caracter\u00edsticas principales<\/h3>\n<ul style='padding-left: 20px; font-size: 15px; color: inherit;'>\n<li style='margin-bottom: 5px;'><strong>Patch panel:<\/strong> 24 puertos con jacks precargados Cat6A<\/li>\n<li style='margin-bottom: 5px;'><strong>Color:<\/strong> Negro<\/li>\n<li style='margin-bottom: 5px;'><strong>Nivel de desempe\u00f1o:<\/strong> Categor\u00eda 6A\/Clase EA<\/li>\n<li style='margin-bottom: 5px;'><strong>Tama\u00f1o:<\/strong> 1 Unidad de rack<\/li>\n<li style='margin-bottom: 5px;'><strong>Montaje:<\/strong> Rack (19&#8242;)<\/li>\n<li style='margin-bottom: 5px;'><strong>Estilo:<\/strong> Plano<\/li>\n<li style='margin-bottom: 5px;'><strong>Aplicaci\u00f3n:<\/strong> UTP (Sin blindaje)<\/li>\n<li style='margin-bottom: 5px;'><strong>Tipo de terminaci\u00f3n:<\/strong> Se utiliza pinza de impacto (110)<\/li>\n<li style='margin-bottom: 5px;'><strong>Recomendado:<\/strong> Pinza de impacto UMAX-PD para trabajo m\u00e1s r\u00e1pido y eficiente<\/li>\n<li style='margin-bottom: 5px;'><strong>Tipo de ponchado:<\/strong> T568A \u00f3 T568B<\/li>\n<li style='margin-bottom: 5px;'><strong>Clasificaci\u00f3n de flamabilidad:<\/strong> UL94 V-0<\/li>\n<li style='margin-bottom: 5px;'><strong>Temperatura:<\/strong> -10 a 60 \u00b0C<\/li>\n<li style='margin-bottom: 5px;'><strong>Aplicaciones:<\/strong> Soporta PoE<\/li>\n<li style='margin-bottom: 5px;'><strong>Cumple con:<\/strong> ANSI\/TIA-568.2-D&comma; ANSI\/TIA 1096-A&comma; ISO\/IEC 11801-1 Ed. 1.0&comma; IEC 60603-7-41&comma; ETL Prueba de Canal&comma; UL 1863<\/li>\n<li style='margin-bottom: 5px;'><strong>Accesorio incluido:<\/strong> Organizador de cables trasero para liberar tensi\u00f3n del cable<\/li>\n<li style='margin-bottom: 5px;'><strong>Material:<\/strong> Acero de alta calidad con revestimiento resistente a los rayones<\/li>\n<li style='margin-bottom: 5px;'><strong>Ecol\u00f3gico:<\/strong> Empaque sin pl\u00e1stico&comma; elementos de cart\u00f3n o papel (SSP SIEMON SUSTANTIBILITY PLEDGE)<\/li>\n<\/ul><\/div>\n<\/p><\/div>\n<p> <!-- Informaci\u00f3n adicional --> <\/p>\n<div style='margin-bottom: 30px;'>\n<p style='font-size: 15px; color: inherit; margin: 0 0 15px;'> El dise\u00f1o \u00fanico de UltraMAX permite a los usuarios terminar los cuatro pares en una sola acci\u00f3n utilizando la herramienta de impacto de 4 pares del sistema. Esto permite a los usuarios terminar sus salidas un 20 % m\u00e1s r\u00e1pido que los m\u00e9todos de terminaci\u00f3n tradicionales. <\/p>\n<\/p><\/div>\n<p> <!-- Imagen secundaria --> <\/p>\n<div style='width: 100%; margin-bottom: 30px;'> <img style='width: 100%; height: auto; border: 1px solid rgba(150&comma;150&comma;150&comma;0.3); border-radius: 8px;' src='https:\/\/ftp3.syscom.mx\/usuarios\/fotos\/UP5F124LRS\/216952-siemonabajo.png' alt=''> <\/div>\n<\/p><\/div>\n","protected":false},"excerpt":{"rendered":"<p>Patch Panel Ultramax. UTP, Precargado con Jacks Cat6A, 24 Puertos, Plano, 1U<\/p>\n","protected":false},"featured_media":16715,"comment_status":"open","ping_status":"closed","template":"","meta":[],"product_brand":[],"product_cat":[613],"product_tag":[586,614,600],"class_list":{"0":"post-16716","1":"product","2":"type-product","3":"status-publish","4":"has-post-thumbnail","6":"product_cat-patch-panels","7":"product_tag-cableado-de-cobre","8":"product_tag-patch-panels","9":"product_tag-siemon","11":"first","12":"instock","13":"sale","14":"shipping-taxable","15":"purchasable","16":"product-type-simple"},"_links":{"self":[{"href":"https:\/\/soydeaqui.ddns.net\/pachuca\/index.php\/wp-json\/wp\/v2\/product\/16716","targetHints":{"allow":["GET"]}}],"collection":[{"href":"https:\/\/soydeaqui.ddns.net\/pachuca\/index.php\/wp-json\/wp\/v2\/product"}],"about":[{"href":"https:\/\/soydeaqui.ddns.net\/pachuca\/index.php\/wp-json\/wp\/v2\/types\/product"}],"replies":[{"embeddable":true,"href":"https:\/\/soydeaqui.ddns.net\/pachuca\/index.php\/wp-json\/wp\/v2\/comments?post=16716"}],"wp:featuredmedia":[{"embeddable":true,"href":"https:\/\/soydeaqui.ddns.net\/pachuca\/index.php\/wp-json\/wp\/v2\/media\/16715"}],"wp:attachment":[{"href":"https:\/\/soydeaqui.ddns.net\/pachuca\/index.php\/wp-json\/wp\/v2\/media?parent=16716"}],"wp:term":[{"taxonomy":"product_brand","embeddable":true,"href":"https:\/\/soydeaqui.ddns.net\/pachuca\/index.php\/wp-json\/wp\/v2\/product_brand?post=16716"},{"taxonomy":"product_cat","embeddable":true,"href":"https:\/\/soydeaqui.ddns.net\/pachuca\/index.php\/wp-json\/wp\/v2\/product_cat?post=16716"},{"taxonomy":"product_tag","embeddable":true,"href":"https:\/\/soydeaqui.ddns.net\/pachuca\/index.php\/wp-json\/wp\/v2\/product_tag?post=16716"}],"curies":[{"name":"wp","href":"https:\/\/api.w.org\/{rel}","templated":true}]}}