{"id":16666,"date":"2026-03-18T09:12:11","date_gmt":"2026-03-18T09:12:11","guid":{"rendered":"https:\/\/soydeaqui.ddns.net\/pachuca\/index.php\/producto\/jack-ultramax-cat6a-utp-montaje-hbrido-en-placa-de-pared-plano-y-angulado-color-amarillo-punch-down\/"},"modified":"2026-03-18T09:12:12","modified_gmt":"2026-03-18T09:12:12","slug":"jack-ultramax-cat6a-utp-montaje-hbrido-en-placa-de-pared-plano-y-angulado-color-amarillo-punch-down","status":"publish","type":"product","link":"https:\/\/soydeaqui.ddns.net\/pachuca\/index.php\/producto\/jack-ultramax-cat6a-utp-montaje-hbrido-en-placa-de-pared-plano-y-angulado-color-amarillo-punch-down\/","title":{"rendered":"Jack Ultramax Cat6a, Utp, Montaje H?brido en Placa de Pared (Plano y Angulado), Color Amarillo, Punch Down"},"content":{"rendered":"<div style='width: 100%; max-width: 1200px; margin: 0 auto; font-family: sans-serif; line-height: 1.6; color: inherit; background-color: transparent;'>\n<div style='display: flex; flex-wrap: wrap; gap: 30px; margin-bottom: 30px;'>\n<div style='flex: 1 1 300px; min-width: 280px;'>\n<p style='margin: 0;'><img style='width: 100%; height: auto; border: 1px solid rgba(150&comma;150&comma;150&comma;0.3); border-radius: 8px;' src='https:\/\/ftp3.syscom.mx\/usuarios\/fotos\/U5H01NS\/216905-siemonarriba.jpg' alt=''><\/p>\n<\/p><\/div>\n<\/p><\/div>\n<div style='display: flex; flex-wrap: wrap; gap: 30px; margin-bottom: 30px;'>\n<div style='flex: 1 1 300px; min-width: 280px;'>\n<p style='font-size: 15px; color: inherit; margin: 0 0 15px 0;'>El sistema de conectividad de cobre SIEMON UltraMAX utiliza una \u00fanica plataforma de salidas innovadoras para sus requisitos UTP Categor\u00eda 5e&comma; 6 y 6A. Las salidas UltraMAX est\u00e1n dise\u00f1adas para maximizar la usabilidad&comma; la calidad y el rendimiento en un espacio elegante que es ideal para que los usuarios obtengan terminaciones r\u00e1pidas y confiables desde el principio&comma; siempre.<\/p>\n<\/p><\/div>\n<\/p><\/div>\n<div style='display: flex; flex-wrap: wrap; gap: 20px; margin-bottom: 30px;'>\n<div style='flex: 1 1 250px; border: 1px solid rgba(150&comma; 150&comma; 150&comma; 0.4); border-radius: 8px; overflow: hidden; display: flex; flex-direction: column;'>\n<div style='padding: 15px; border-bottom: 1px solid rgba(150&comma; 150&comma; 150&comma; 0.2); font-weight: bold; font-size: 18px; color: inherit;'>Caracter\u00edsticas<\/div>\n<div style='padding: 15px; color: inherit;'>\n<ul style='padding-left: 20px; margin: 0; font-size: 14px; list-style-type: disc; color: inherit;'>\n<li style='margin-bottom: 5px;'>M\u00f3dulo Jack de cobre<\/li>\n<li style='margin-bottom: 5px;'><strong>Se instala en Faceplate<\/strong><\/li>\n<li style='margin-bottom: 5px;'>Color: <strong>Amarillo<\/strong><\/li>\n<li style='margin-bottom: 5px;'>Nivel de desempe\u00f1o: <strong>Categor\u00eda 6A\/Clase EA<\/strong><\/li>\n<li style='margin-bottom: 5px;'>Tipo de terminaci\u00f3n: <strong>Se utiliza pinza de impacto (110)<\/strong><\/li>\n<li style='margin-bottom: 5px;'>Acepta tipo de Ponchado: <strong>T568A \u00f3 T568B<\/strong><\/li>\n<li style='margin-bottom: 5px;'>Aplicaci\u00f3n: <strong>UTP (Sin blindaje)<\/strong><\/li>\n<li style='margin-bottom: 5px;'>No. de espacios modulares: 1<\/li>\n<li style='margin-bottom: 5px;'>No. de puertos: 1<\/li>\n<li style='margin-bottom: 5px;'>Tipo de m\u00f3dulo: <strong>H\u00edbrido<\/strong> (Se puede colocar Plano o Angulado)<\/li>\n<li style='margin-bottom: 5px;'>Tipo de jack: <strong>RJ45<\/strong><\/li>\n<\/ul><\/div>\n<\/p><\/div>\n<div style='flex: 1 1 250px; border: 1px solid rgba(150&comma; 150&comma; 150&comma; 0.4); border-radius: 8px; overflow: hidden; display: flex; flex-direction: column;'>\n<div style='padding: 15px; border-bottom: 1px solid rgba(150&comma; 150&comma; 150&comma; 0.2); font-weight: bold; font-size: 18px; color: inherit;'>Especificaciones T\u00e9cnicas<\/div>\n<div style='padding: 15px; color: inherit;'>\n<ul style='padding-left: 20px; margin: 0; font-size: 14px; list-style-type: disc; color: inherit;'>\n<li style='margin-bottom: 5px;'>Tama\u00f1o de conductor recomendado: <strong>24-22 AWG s\u00f3lido y 26-24 AWG Multifilar<\/strong><\/li>\n<li style='margin-bottom: 5px;'>Temperatura de operaci\u00f3n: <strong>-10 a 60 \u00b0C (14 a 140 \u00b0F)<\/strong><\/li>\n<li style='margin-bottom: 5px;'>Clasificaci\u00f3n de Flamabilidad: <strong>UL 94 V-0<\/strong><\/li>\n<li style='margin-bottom: 5px;'><strong>Cumple con RoHS<\/strong><\/li>\n<\/ul><\/div>\n<\/p><\/div>\n<div style='flex: 1 1 250px; border: 1px solid rgba(150&comma; 150&comma; 150&comma; 0.4); border-radius: 8px; overflow: hidden; display: flex; flex-direction: column;'>\n<div style='padding: 15px; border-bottom: 1px solid rgba(150&comma; 150&comma; 150&comma; 0.2); font-weight: bold; font-size: 18px; color: inherit;'>Accesorios Recomendados<\/div>\n<div style='padding: 15px; color: inherit;'>\n<ul style='padding-left: 20px; margin: 0; font-size: 14px; list-style-type: disc; color: inherit;'>\n<li style='margin-bottom: 5px;'>Se recomienda utilizar la <strong>Pinza de impacto <a style='color: inherit; text-decoration: underline; font-weight: 600;' href='https:\/\/www.syscom.mx\/principal\/searchcont?route=UMAX-PD-SIEMON-217093&#038;autodetect=UMAX-PD' target='_blank'>UMAX-PD<\/a><\/strong> para un trabajo m\u00e1s r\u00e1pido y eficiente<\/li>\n<li style='margin-bottom: 5px;'>Puede usar el protector de palma <a style='color: inherit; text-decoration: underline; font-weight: 600;' href='https:\/\/www.syscom.mx\/principal\/searchcont?route=PG2-SIEMON-217091&#038;autodetect=pg2' target='_blank'>PG2<\/a> si desea trabajar en la comodidad de la mano<\/li>\n<li style='margin-bottom: 5px;'>Inserto <a style='color: inherit; text-decoration: underline; font-weight: 600;' href='https:\/\/www.syscom.mx\/principal\/searchcont?route=PG2-U-SIEMON-217092&#038;autodetect=PG2' target='_blank'>PG2-U<\/a> para colocar jack en el protector de palma <a style='color: inherit; text-decoration: underline; font-weight: 600;' href='https:\/\/www.syscom.mx\/principal\/searchcont?route=PG2-SIEMON-217091&#038;autodetect=pg2' target='_blank'>PG2<\/a><\/li>\n<\/ul><\/div>\n<\/p><\/div>\n<\/p><\/div>\n<div style='display: flex; flex-wrap: wrap; gap: 30px; margin-bottom: 30px;'>\n<div style='flex: 1 1 300px; min-width: 280px;'>\n<p style='font-size: 15px; color: inherit; margin: 0 0 15px 0;'>Cada salida UltraMAX cuenta con un dise\u00f1o de lazado lineal \u00fanico que permite a los usuarios terminar sus conexiones desde cualquier lado y obtener una terminaci\u00f3n r\u00e1pida y consistente.<\/p>\n<\/p><\/div>\n<\/p><\/div>\n<div style='display: flex; flex-wrap: wrap; gap: 30px; margin-bottom: 30px;'>\n<div style='flex: 1 1 300px; min-width: 280px;'>\n<p style='margin: 0;'><img style='width: 100%; height: auto; border: 1px solid rgba(150&comma;150&comma;150&comma;0.3); border-radius: 8px;' src='https:\/\/ftp3.syscom.mx\/usuarios\/fotos\/U5H01NS\/216905-siemonabajo.png' alt=''><\/p>\n<\/p><\/div>\n<\/p><\/div>\n<\/p><\/div>\n","protected":false},"excerpt":{"rendered":"<p>Jack Ultramax Cat6a, Utp, Montaje H?brido en Placa de Pared (Plano y Angulado), Color Amarillo, Punch Down<\/p>\n","protected":false},"featured_media":16665,"comment_status":"open","ping_status":"closed","template":"","meta":[],"product_brand":[],"product_cat":[595],"product_tag":[586,596,600],"class_list":{"0":"post-16666","1":"product","2":"type-product","3":"status-publish","4":"has-post-thumbnail","6":"product_cat-jacks-plugs","7":"product_tag-cableado-de-cobre","8":"product_tag-jacks-plugs","9":"product_tag-siemon","11":"first","12":"instock","13":"sale","14":"shipping-taxable","15":"purchasable","16":"product-type-simple"},"_links":{"self":[{"href":"https:\/\/soydeaqui.ddns.net\/pachuca\/index.php\/wp-json\/wp\/v2\/product\/16666","targetHints":{"allow":["GET"]}}],"collection":[{"href":"https:\/\/soydeaqui.ddns.net\/pachuca\/index.php\/wp-json\/wp\/v2\/product"}],"about":[{"href":"https:\/\/soydeaqui.ddns.net\/pachuca\/index.php\/wp-json\/wp\/v2\/types\/product"}],"replies":[{"embeddable":true,"href":"https:\/\/soydeaqui.ddns.net\/pachuca\/index.php\/wp-json\/wp\/v2\/comments?post=16666"}],"wp:featuredmedia":[{"embeddable":true,"href":"https:\/\/soydeaqui.ddns.net\/pachuca\/index.php\/wp-json\/wp\/v2\/media\/16665"}],"wp:attachment":[{"href":"https:\/\/soydeaqui.ddns.net\/pachuca\/index.php\/wp-json\/wp\/v2\/media?parent=16666"}],"wp:term":[{"taxonomy":"product_brand","embeddable":true,"href":"https:\/\/soydeaqui.ddns.net\/pachuca\/index.php\/wp-json\/wp\/v2\/product_brand?post=16666"},{"taxonomy":"product_cat","embeddable":true,"href":"https:\/\/soydeaqui.ddns.net\/pachuca\/index.php\/wp-json\/wp\/v2\/product_cat?post=16666"},{"taxonomy":"product_tag","embeddable":true,"href":"https:\/\/soydeaqui.ddns.net\/pachuca\/index.php\/wp-json\/wp\/v2\/product_tag?post=16666"}],"curies":[{"name":"wp","href":"https:\/\/api.w.org\/{rel}","templated":true}]}}