{"id":16640,"date":"2026-03-18T09:11:45","date_gmt":"2026-03-18T09:11:45","guid":{"rendered":"https:\/\/soydeaqui.ddns.net\/pachuca\/index.php\/producto\/distribuidor-de-fibra-ptica-de-alta-densidad-ligthverse-pro-para-rack-de-48-26-cm-19-pulgadas-acepta-16-placas-plug-and-play-hasta-384-fibras-4-ur\/"},"modified":"2026-03-18T09:11:46","modified_gmt":"2026-03-18T09:11:46","slug":"distribuidor-de-fibra-ptica-de-alta-densidad-ligthverse-pro-para-rack-de-48-26-cm-19-pulgadas-acepta-16-placas-plug-and-play-hasta-384-fibras-4-ur","status":"publish","type":"product","link":"https:\/\/soydeaqui.ddns.net\/pachuca\/index.php\/producto\/distribuidor-de-fibra-ptica-de-alta-densidad-ligthverse-pro-para-rack-de-48-26-cm-19-pulgadas-acepta-16-placas-plug-and-play-hasta-384-fibras-4-ur\/","title":{"rendered":"Distribuidor de Fibra ?ptica de Alta Densidad LigthVerse *Pro* Para Rack de 48.26 cm (19 Pulgadas), Acepta 16 Placas Plug and Play, Hasta 384 Fibras, 4 UR"},"content":{"rendered":"<div style='width: 100%; max-width: 1200px; margin: 0 auto; font-family: sans-serif; line-height: 1.6; color: inherit; background-color: transparent;'>\n<div style='display: flex; flex-wrap: wrap; gap: 30px; margin-bottom: 30px;'>\n<div style='flex: 1 1 300px; min-width: 280px;'>\n<h3 style='font-size: 22px; border-bottom: 2px solid currentColor; padding-bottom: 5px; margin-top: 0; color: inherit; opacity: 0.8;'>Descripci\u00f3n<\/h3>\n<p style='font-size: 15px; color: inherit; line-height: 1.6; margin-top: 0; margin-bottom: 1.6em;'> Los gabinetes LightVerse Pro son una soluci\u00f3n completa ideal para centros de datos y aplicaciones LAN exigentes. Se ofrecen en configuraciones de 1U&comma; 2U y 4U&comma; y admiten 96 fibras por 1U de espacio de rack. La apariencia excepcional&comma; la modularidad&comma; la gesti\u00f3n de cables y el etiquetado lo hacen ideal para resolver sus desaf\u00edos m\u00e1s complejos. La bandeja deslizante blanca de alto contraste ayuda con la visibilidad en espacios oscuros y admite 2 ubicaciones de parada. Los administradores de cables frontales y los clips traseros opcionales permiten a los usuarios administrar f\u00e1cilmente sus cables y puentes de fibra desde una variedad de puntos de acceso. El gabinete LightVerse incluye una cubierta superior removible y un portaetiquetas integrado al que se puede acceder incluso cuando la puerta est\u00e1 cerrada&comma; brindando a los usuarios m\u00e1s opciones de acceso para la instalaci\u00f3n&comma; as\u00ed como para los movimientos&comma; adiciones y cambios diarios. <\/p>\n<\/p><\/div>\n<\/p><\/div>\n<\/p><\/div>\n","protected":false},"excerpt":{"rendered":"<p>Distribuidor de Fibra ?ptica de Alta Densidad LigthVerse *Pro* Para Rack de 48.26 cm (19 Pulgadas), Acepta 16 Placas Plug and Play, Hasta 384 Fibras, 4 UR<\/p>\n","protected":false},"featured_media":16639,"comment_status":"open","ping_status":"closed","template":"","meta":[],"product_brand":[],"product_cat":[621],"product_tag":[622,611,600],"class_list":{"0":"post-16640","1":"product","2":"type-product","3":"status-publish","4":"has-post-thumbnail","6":"product_cat-distribuidores-de-fibra-optica","7":"product_tag-distribuidores-de-fibra-optica","8":"product_tag-fibra-optica","9":"product_tag-siemon","11":"first","12":"instock","13":"sale","14":"shipping-taxable","15":"purchasable","16":"product-type-simple"},"_links":{"self":[{"href":"https:\/\/soydeaqui.ddns.net\/pachuca\/index.php\/wp-json\/wp\/v2\/product\/16640","targetHints":{"allow":["GET"]}}],"collection":[{"href":"https:\/\/soydeaqui.ddns.net\/pachuca\/index.php\/wp-json\/wp\/v2\/product"}],"about":[{"href":"https:\/\/soydeaqui.ddns.net\/pachuca\/index.php\/wp-json\/wp\/v2\/types\/product"}],"replies":[{"embeddable":true,"href":"https:\/\/soydeaqui.ddns.net\/pachuca\/index.php\/wp-json\/wp\/v2\/comments?post=16640"}],"wp:featuredmedia":[{"embeddable":true,"href":"https:\/\/soydeaqui.ddns.net\/pachuca\/index.php\/wp-json\/wp\/v2\/media\/16639"}],"wp:attachment":[{"href":"https:\/\/soydeaqui.ddns.net\/pachuca\/index.php\/wp-json\/wp\/v2\/media?parent=16640"}],"wp:term":[{"taxonomy":"product_brand","embeddable":true,"href":"https:\/\/soydeaqui.ddns.net\/pachuca\/index.php\/wp-json\/wp\/v2\/product_brand?post=16640"},{"taxonomy":"product_cat","embeddable":true,"href":"https:\/\/soydeaqui.ddns.net\/pachuca\/index.php\/wp-json\/wp\/v2\/product_cat?post=16640"},{"taxonomy":"product_tag","embeddable":true,"href":"https:\/\/soydeaqui.ddns.net\/pachuca\/index.php\/wp-json\/wp\/v2\/product_tag?post=16640"}],"curies":[{"name":"wp","href":"https:\/\/api.w.org\/{rel}","templated":true}]}}