{"id":16623,"date":"2026-03-18T09:11:29","date_gmt":"2026-03-18T09:11:29","guid":{"rendered":"https:\/\/soydeaqui.ddns.net\/pachuca\/index.php\/producto\/caja-derivacion-conexion-de-plastico-circular-con-4-glandulas-de-goma-70-diametro-x-48-alto-mm-para-instalaciones-comerciales-residenciales-e-industriales-cerrado-a-presion\/"},"modified":"2026-03-18T09:11:35","modified_gmt":"2026-03-18T09:11:35","slug":"caja-derivacion-conexion-de-plastico-circular-con-4-glandulas-de-goma-70-diametro-x-48-alto-mm-para-instalaciones-comerciales-residenciales-e-industriales-cerrado-a-presion","status":"publish","type":"product","link":"https:\/\/soydeaqui.ddns.net\/pachuca\/index.php\/producto\/caja-derivacion-conexion-de-plastico-circular-con-4-glandulas-de-goma-70-diametro-x-48-alto-mm-para-instalaciones-comerciales-residenciales-e-industriales-cerrado-a-presion\/","title":{"rendered":"Caja Derivaci\u00f3n-Conexi\u00f3n de Pl\u00e1stico Circular con 4 Gl\u00e1ndulas de Goma (70 di\u00e1metro X 48 alto mm). Para Instalaciones Comerciales,  Residenciales e Industriales. Cerrado a Presi\u00f3n."},"content":{"rendered":"<div style='width: 100%; max-width: 1200px; margin: 0 auto; font-family: sans-serif; line-height: 1.6; color: inherit; background-color: transparent;'> <!-- Imagen logo --> <\/p>\n<div style='text-align: center; margin: 20px 0;'> <img style='width: 100%; max-width: 300px; height: auto; border: 1px solid rgba(150&comma;150&comma;150&comma;0.3); border-radius: 8px;' src='https:\/\/ftp3.syscom.mx\/usuarios\/fotos\/logotipos\/precision.png' alt='Logo Precision'> <\/div>\n<p> <!-- Secci\u00f3n de caracter\u00edsticas --> <\/p>\n<div style='display: flex; flex-wrap: wrap; gap: 30px; margin-bottom: 30px;'>\n<div style='flex: 1 1 300px; min-width: 280px;'>\n<h3 style='font-size: 22px; border-bottom: 2px solid currentColor; padding-bottom: 5px; margin-top: 0; color: inherit; opacity: 0.8;'>Caracter\u00edsticas Generales<\/h3>\n<ul style='padding-left: 20px; font-size: 15px; color: inherit;'>\n<li>Caja derivaci\u00f3n de pl\u00e1stico circular<\/li>\n<li>N\u00famero de entradas: 4 gl\u00e1ndulas de goma.<\/li>\n<li>Gl\u00e1ndulas recortables a la medida requerida.<\/li>\n<\/ul><\/div>\n<div style='flex: 1 1 300px; min-width: 280px;'>\n<h3 style='font-size: 22px; border-bottom: 2px solid currentColor; padding-bottom: 5px; margin-top: 0; color: inherit; opacity: 0.8;'>Aplicaciones<\/h3>\n<ul style='padding-left: 20px; font-size: 15px; color: inherit;'>\n<li>Energ\u00eda solar.<\/li>\n<li>Instalaciones el\u00e9ctricas.<\/li>\n<li>Instalaciones de telecomunicaciones (v\u00eddeo&comma; voz&comma; datos).<\/li>\n<li>Instalaciones de seguridad y control (automatizaci\u00f3n&comma; alarmas).<\/li>\n<\/ul><\/div>\n<div style='flex: 1 1 300px; min-width: 280px;'>\n<h3 style='font-size: 22px; border-bottom: 2px solid currentColor; padding-bottom: 5px; margin-top: 0; color: inherit; opacity: 0.8;'>Caracter\u00edsticas F\u00edsicas y El\u00e9ctricas<\/h3>\n<ul style='padding-left: 20px; font-size: 15px; color: inherit;'>\n<li>Dimensiones externas 70 Di\u00e1metro x 48 Alto mm.<\/li>\n<li>Di\u00e1metro de los orificios de gl\u00e1ndulas 23 mm<\/li>\n<li>Di\u00e1metro de las gl\u00e1ndulas 3 cm&comma; y se pueden cortar en decrecientes de 3 mm<\/li>\n<li>Temperatura de operaci\u00f3n: -40 a 120\u00b0C<\/li>\n<li>Protecci\u00f3n EMI y prevenci\u00f3n de electricidad est\u00e1tica.<\/li>\n<li>Grado de protecci\u00f3n: IP55<\/li>\n<\/ul><\/div>\n<\/p><\/div>\n<p> <!-- Secci\u00f3n de imagen adicional --> <\/p>\n<div style='display: flex; flex-wrap: wrap; gap: 30px; margin-bottom: 30px;'>\n<div style='flex: 1 1 300px; min-width: 280px;'>\n<h3 style='font-size: 22px; border-bottom: 2px solid currentColor; padding-bottom: 5px; margin-top: 0; color: inherit; opacity: 0.8;'>Cord\u00f3n de Hule Transparente para Sujetar Tapa Abierta<\/h3>\n<div style='display: flex; flex-direction: column; gap: 15px;'> <img style='width: 100%; height: auto; border: 1px solid rgba(150&comma;150&comma;150&comma;0.3); border-radius: 8px;' src='https:\/\/ftp3.syscom.mx\/usuarios\/fotos\/PSTC70ER\/220190-pstc70er-ad-1-l.png' alt=''> <\/div>\n<\/p><\/div>\n<\/p><\/div>\n<\/p><\/div>\n","protected":false},"excerpt":{"rendered":"<p>Caja Derivaci\u00f3n-Conexi\u00f3n de Pl\u00e1stico Circular con 4 Gl\u00e1ndulas de Goma (70 di\u00e1metro X 48 alto mm). Para Instalaciones Comerciales,  Residenciales e Industriales. Cerrado a Presi\u00f3n.<\/p>\n","protected":false},"featured_media":16622,"comment_status":"open","ping_status":"closed","template":"","meta":[],"product_brand":[],"product_cat":[688],"product_tag":[417,689,248],"class_list":{"0":"post-16623","1":"product","2":"type-product","3":"status-publish","4":"has-post-thumbnail","6":"product_cat-cajas-de-interconexion","7":"product_tag-accesorios-generales","8":"product_tag-cajas-de-interconexion","9":"product_tag-precision","11":"first","12":"instock","13":"sale","14":"shipping-taxable","15":"purchasable","16":"product-type-simple"},"_links":{"self":[{"href":"https:\/\/soydeaqui.ddns.net\/pachuca\/index.php\/wp-json\/wp\/v2\/product\/16623","targetHints":{"allow":["GET"]}}],"collection":[{"href":"https:\/\/soydeaqui.ddns.net\/pachuca\/index.php\/wp-json\/wp\/v2\/product"}],"about":[{"href":"https:\/\/soydeaqui.ddns.net\/pachuca\/index.php\/wp-json\/wp\/v2\/types\/product"}],"replies":[{"embeddable":true,"href":"https:\/\/soydeaqui.ddns.net\/pachuca\/index.php\/wp-json\/wp\/v2\/comments?post=16623"}],"wp:featuredmedia":[{"embeddable":true,"href":"https:\/\/soydeaqui.ddns.net\/pachuca\/index.php\/wp-json\/wp\/v2\/media\/16622"}],"wp:attachment":[{"href":"https:\/\/soydeaqui.ddns.net\/pachuca\/index.php\/wp-json\/wp\/v2\/media?parent=16623"}],"wp:term":[{"taxonomy":"product_brand","embeddable":true,"href":"https:\/\/soydeaqui.ddns.net\/pachuca\/index.php\/wp-json\/wp\/v2\/product_brand?post=16623"},{"taxonomy":"product_cat","embeddable":true,"href":"https:\/\/soydeaqui.ddns.net\/pachuca\/index.php\/wp-json\/wp\/v2\/product_cat?post=16623"},{"taxonomy":"product_tag","embeddable":true,"href":"https:\/\/soydeaqui.ddns.net\/pachuca\/index.php\/wp-json\/wp\/v2\/product_tag?post=16623"}],"curies":[{"name":"wp","href":"https:\/\/api.w.org\/{rel}","templated":true}]}}