{"id":1662,"date":"2026-03-18T05:48:34","date_gmt":"2026-03-18T05:48:34","guid":{"rendered":"https:\/\/soydeaqui.ddns.net\/pachuca\/index.php\/producto\/ax-pro-kit-de-alarma-ax-pro-con-gsm-3g-4g-incluye-1-hub-con-bateria-de-respaldo-1-sensor-pir-1-contacto-magnetico-slim-1-control-remoto-wi-fi-compatible-con-hik-connect-p2p\/"},"modified":"2026-03-18T05:48:35","modified_gmt":"2026-03-18T05:48:35","slug":"ax-pro-kit-de-alarma-ax-pro-con-gsm-3g-4g-incluye-1-hub-con-bateria-de-respaldo-1-sensor-pir-1-contacto-magnetico-slim-1-control-remoto-wi-fi-compatible-con-hik-connect-p2p","status":"publish","type":"product","link":"https:\/\/soydeaqui.ddns.net\/pachuca\/index.php\/producto\/ax-pro-kit-de-alarma-ax-pro-con-gsm-3g-4g-incluye-1-hub-con-bateria-de-respaldo-1-sensor-pir-1-contacto-magnetico-slim-1-control-remoto-wi-fi-compatible-con-hik-connect-p2p\/","title":{"rendered":"(AX PRO) KIT de Alarma AX PRO con GSM (3G\/4G) \/ Incluye: 1 Hub con bateria de respaldo \/ 1 Sensor PIR \/ 1 Contacto Magn\u00e9tico Slim \/ 1 Control Remoto \/ Wi-Fi \/ Compatible con Hik-Connect P2P"},"content":{"rendered":"<div style='width: 100%; max-width: 1200px; margin: 0 auto; font-family: sans-serif; line-height: 1.6; color: inherit; background-color: transparent;'> <!-- LOGO --> <\/p>\n<div style='text-align: center; margin: 30px 0;'> <img style='width: 45%; height: auto; border: 1px solid rgba(150&comma;150&comma;150&comma;0.3); border-radius: 8px;' src='https:\/\/ftp3.syscom.mx\/usuarios\/jsosa\/HIKVISION\/imagenes\/logo\/hikvision%20see%20far.png' alt='Hikvision Logo'> <\/div>\n<p> <!-- Video AX PRO --> <\/p>\n<div style='position: relative; padding-bottom: 56.25%; height: 0; overflow: hidden; margin: 30px 0;'>   <\/div>\n<p> <!-- Consideraciones --> <\/p>\n<div style='margin: 30px 0;'>\n<div style='border-left: 5px solid #ff0000; border-radius: 8px; padding: 15px; background-color: rgba(200&comma;200&comma;200&comma;0.1);'>\n<h3 style='margin-top: 0; font-size: 18px; color: inherit;'><strong>Consideraciones:<\/strong><\/h3>\n<ul style='padding-left: 20px; font-size: 14px; color: inherit;'>\n<li>Las distancias de comunicaci\u00f3n entre los sensores y el panel pueden variar en cada instalaci\u00f3n por cuestiones como: ruido ambiental&comma; materiales y grosor de los muros&comma; ruido digital&comma; etc.<\/li>\n<\/ul><\/div>\n<\/p><\/div>\n<p> <!-- Videos Secundarios --> <\/p>\n<div style='display: grid; grid-template-columns: repeat(auto-fill&comma; minmax(280px&comma; 1fr)); gap: 20px; margin: 30px 0;'>\n<div style='border: 1px solid rgba(150&comma;150&comma;150&comma;0.3); border-radius: 8px; overflow: hidden;'>\n<div style='position: relative; padding-bottom: 56.25%; height: 0; overflow: hidden;'>   <\/div>\n<div style='padding: 15px;'>\n<h4 style='margin: 0 0 10px 0; font-size: 16px; text-align: center; color: inherit;'>Configuraci\u00f3n de la alarma AX PRO de Hikvision<\/h4>\n<\/p><\/div>\n<\/p><\/div>\n<div style='border: 1px solid rgba(150&comma;150&comma;150&comma;0.3); border-radius: 8px; overflow: hidden;'>\n<div style='position: relative; padding-bottom: 56.25%; height: 0; overflow: hidden;'>   <\/div>\n<div style='padding: 15px;'>\n<h4 style='margin: 0 0 10px 0; font-size: 16px; text-align: center; color: inherit;'>Bienvenido al futuro con AX PRO Hikvision<\/h4>\n<\/p><\/div>\n<\/p><\/div>\n<div style='border: 1px solid rgba(150&comma;150&comma;150&comma;0.3); border-radius: 8px; overflow: hidden;'>\n<div style='position: relative; padding-bottom: 56.25%; height: 0; overflow: hidden;'>   <\/div>\n<div style='padding: 15px;'>\n<h4 style='margin: 0 0 10px 0; font-size: 16px; text-align: center; color: inherit;'>Sistema Robusto contra Intrusiones AX PRO<\/h4>\n<\/p><\/div>\n<\/p><\/div>\n<\/p><\/div>\n<p> <!-- Contenido del Kit --> <\/p>\n<div style='text-align: center; margin: 30px 0;'>\n<h1 style='margin: 0 0 10px 0; font-size: 24px; color: inherit;'>DS-PWA48-KS<\/h1>\n<h3 style='margin: 0 0 20px 0; font-size: 20px; color: inherit;'>KIT Alarma Hikvision&comma; Incluye:<\/h3>\n<div style='display: flex; flex-wrap: wrap; justify-content: center; gap: 10px;'>\n<p style='flex: 1 1 200px; max-width: 300px; margin: 5px 0;'><a href='https:\/\/www.syscom.mx\/producto\/DS-PWA48-M-WB-HIKVISION-196110.html' target='_blank' rel='noopener' style='color: inherit; text-decoration: underline;'>1 x DS-PWA48-M-WB<\/a><\/p>\n<p style='flex: 1 1 200px; max-width: 300px; margin: 5px 0;'><a href='https:\/\/www.syscom.pro\/products\/239547' target='_blank' rel='noopener' style='color: inherit; text-decoration: underline;'>1 x DS-PKF1-WB(B)<\/a><\/p>\n<p style='flex: 1 1 200px; max-width: 300px; margin: 5px 0;'><a href='https:\/\/www.syscom.mx\/producto\/DS-PDP15P-EG2-WBB-HIKVISION-219775.html' target='_blank' rel='noopener' style='color: inherit; text-decoration: underline;'>1 x DS-PDP15P-EG2-WB(B)<\/a><\/p>\n<p style='flex: 1 1 200px; max-width: 300px; margin: 5px 0;'><a href='https:\/\/www.syscom.pro\/products\/239546' target='_blank' rel='noopener' style='color: inherit; text-decoration: underline;'>1 x DS-PDMCS-EG2-WB(B)<\/a><\/p>\n<\/p><\/div>\n<\/p><\/div>\n<p> <!-- Panel Principal --> <\/p>\n<div style='margin: 30px 0;'>\n<div style='text-align: center; margin-bottom: 20px;'> <a href='https:\/\/www.syscom.mx\/producto\/DS-PWA48-M-WB-HIKVISION-196110.html' target='_blank' rel='noopener'> <img style='width: 100%; max-width: 400px; height: auto; border: 1px solid rgba(150&comma;150&comma;150&comma;0.3); border-radius: 8px;' src='https:\/\/ftp3.syscom.mx\/usuarios\/fotos\/BancoFotografiasSyscom\/HIKVISION\/DSPWA48EWB\/DSPWA48EWB-p.PNG' alt='Panel DS-PWA48-M-WB'> <\/a> <\/div>\n<div style='border-top: 5px solid #DF001D; padding: 15px; background-color: rgba(238&comma;238&comma;238&comma;0.8);'>\n<h3 style='margin: 0 0 10px 0; font-size: 18px; color: inherit;'><a href='https:\/\/www.syscom.mx\/producto\/DS-PWA48-M-WB-HIKVISION-196110.html' target='_blank' rel='noopener' style='color: inherit; text-decoration: underline;'>DS-PWA48-M-WB<\/a><\/h3>\n<h4 style='margin: 0 0 10px 0; font-size: 16px; color: inherit;'>Caracter\u00edsticas:<\/h4>\n<ul style='padding-left: 20px; font-size: 14px; color: inherit;'>\n<li>Soporta conexi\u00f3n GSM (Soporta 3G \/ 4G) \/ <strong>2 Ranuras para tarjeta MICROSIM<\/strong>&comma; LAN \/ Wi-Fi (2.4 GHz)&comma; <strong>Incluye bateria de respaldo<\/strong><\/li>\n<li>48 Zonas o Salidas de Alarma<\/li>\n<li>Soporta 4 Sirenas<\/li>\n<li>Soporta 8 Lectores o Teclados<\/li>\n<li>Soporta 16 controles<\/li>\n<li>Soporta 2 Repetidores<\/li>\n<\/ul><\/div>\n<\/p><\/div>\n<p> <!-- Componentes Secundarios --> <\/p>\n<div style='display: grid; grid-template-columns: repeat(auto-fill&comma; minmax(280px&comma; 1fr)); gap: 30px; margin: 30px 0;'> <!-- Control Remoto --> <\/p>\n<div style='border: 1px solid rgba(150&comma;150&comma;150&comma;0.3); border-radius: 8px; overflow: hidden;'>\n<div style='text-align: center; padding: 15px; background-color: rgba(238&comma;238&comma;238&comma;0.8);'> <a href='https:\/\/www.syscom.pro\/products\/239547' target='_blank' rel='noopener'> <img style='width: 100%; max-width: 400px; height: auto; border-radius: 8px;' src='https:\/\/ftp3.syscom.mx\/usuarios\/fotos\/BancoFotografiasSyscom\/HIKVISION\/DSPKF1WB\/DSPKF1WB-p.PNG' alt='Control Remoto DS-PKF1-WB(B)'> <\/a> <\/div>\n<div style='border-top: 5px solid #DF001D; padding: 15px;'>\n<h4 style='margin: 0 0 10px 0; font-size: 16px; color: inherit;'><a href='https:\/\/www.syscom.pro\/products\/239547' target='_blank' rel='noopener' style='color: inherit; text-decoration: underline;'>DS-PKF1-WB(B)<\/a><\/h4>\n<h4 style='margin: 0 0 10px 0; font-size: 14px; color: inherit;'>Caracter\u00edsticas:<\/h4>\n<ul style='padding-left: 20px; font-size: 14px; color: inherit;'>\n<li>Permite realizar operaciones de armado&comma; desarmado.<\/li>\n<li>Voltaje de Operaci\u00f3n: 1 x CR2032 (Incluida).<\/li>\n<li>Tiempo util de la bater\u00eda: 3 a\u00f1os.<\/li>\n<\/ul><\/div>\n<\/p><\/div>\n<p> <!-- PIR --> <\/p>\n<div style='border: 1px solid rgba(150&comma;150&comma;150&comma;0.3); border-radius: 8px; overflow: hidden;'>\n<div style='text-align: center; padding: 15px; background-color: rgba(238&comma;238&comma;238&comma;0.8);'> <a href='https:\/\/www.syscom.mx\/producto\/DS-PDP15P-EG2-WBB-HIKVISION-219775.html' target='_blank' rel='noopener'> <img style='width: 100%; max-width: 400px; height: auto; border-radius: 8px;' src='https:\/\/ftp3.syscom.mx\/usuarios\/fotos\/BancoFotografiasSyscom\/HIKVISION\/DSPDP15PEG2WB(B)\/DSPDP15PEG2WB(B)-p.PNG' alt='Detector PIR DS-PDP15P-EG2-WB(B)'> <\/a> <\/div>\n<div style='border-top: 5px solid #DF001D; padding: 15px;'>\n<h4 style='margin: 0 0 10px 0; font-size: 16px; color: inherit;'><a href='https:\/\/www.syscom.mx\/producto\/DS-PDP15P-EG2-WBB-HIKVISION-219775.html' target='_blank' rel='noopener' style='color: inherit; text-decoration: underline;'>DS-PDP15P-EG2-WB(B)<\/a><\/h4>\n<h4 style='margin: 0 0 10px 0; font-size: 14px; color: inherit;'>Caracter\u00edsticas:<\/h4>\n<ul style='padding-left: 20px; font-size: 14px; color: inherit;'>\n<li>Rango de detecci\u00f3n: 15 m.<\/li>\n<li>\u00c1ngulo de detecci\u00f3n: 85.9\u00b0.<\/li>\n<li>Voltaje de Operaci\u00f3n: 1 x CR123A (Incluida).<\/li>\n<\/ul><\/div>\n<\/p><\/div>\n<p> <!-- Sensor Magn\u00e9tico --> <\/p>\n<div style='border: 1px solid rgba(150&comma;150&comma;150&comma;0.3); border-radius: 8px; overflow: hidden;'>\n<div style='text-align: center; padding: 15px; background-color: rgba(238&comma;238&comma;238&comma;0.8);'> <a href='https:\/\/www.syscom.pro\/products\/239546' target='_blank' rel='noopener'> <img style='width: 100%; max-width: 400px; height: auto; border-radius: 8px;' src='https:\/\/ftp3.syscom.mx\/usuarios\/fotos\/BancoFotografiasSyscom\/HIKVISION\/DSPDMCSEG2WB\/DSPDMCSEG2WB-p.PNG' alt='Sensor Magn\u00e9tico DS-PDMCS-EG2-WB(B)'> <\/a> <\/div>\n<div style='border-top: 5px solid #DF001D; padding: 15px;'>\n<h4 style='margin: 0 0 10px 0; font-size: 16px; color: inherit;'><a href='https:\/\/www.syscom.pro\/products\/239546' target='_blank' rel='noopener' style='color: inherit; text-decoration: underline;'>DS-PDMCS-EG2-WB(B)<\/a><\/h4>\n<h4 style='margin: 0 0 10px 0; font-size: 14px; color: inherit;'>Caracter\u00edsticas:<\/h4>\n<ul style='padding-left: 20px; font-size: 14px; color: inherit;'>\n<li>Contiene un led indicador.<\/li>\n<li>Tamper: soportado en carcasa frontal y tapa trasera.<\/li>\n<li>Alimentaci\u00f3n: 1 x CR2450.<\/li>\n<\/ul><\/div>\n<\/p><\/div>\n<\/p><\/div>\n<p> <!-- Linea de Productos AX PRO --> <\/p>\n<div style='text-align: center; margin: 40px 0 20px 0;'>\n<h2 style='margin: 0 0 20px 0; font-size: 20px; color: inherit;'><strong>Linea de Productos AX PRO<\/strong><\/h2>\n<p> <a href='https:\/\/www.syscom.mx\/principal\/listadoproductosazul\/intrusion-hikvision-paneles-de-alarma-y-accesorios-ax-pro-series-66286.html?ordenar=Precio_de_Menor_a_Mayor&#038;pag=1' target='_blank' rel='noopener'> <img style='width: 100%; max-width: 1200px; height: auto; border: 1px solid rgba(150&comma;150&comma;150&comma;0.3); border-radius: 8px;' src='https:\/\/ftp3.syscom.mx\/usuarios\/jsosa\/HIKVISION\/alarmas\/AXPPRO\/banner\/AX%20PRO%20disgramas-hikvision.jpg' alt='Linea de Productos AX PRO'> <\/a> <\/div>\n<p> <!-- Serie AX PRO --> <\/p>\n<div style='display: grid; grid-template-columns: 1fr 1fr; gap: 30px; margin: 30px 0;'>\n<div> <a href='https:\/\/www.syscom.mx\/principal\/listadoproductosazul\/intrusion-hikvision-paneles-de-alarma-y-accesorios-ax-pro-series-66286.html?ordenar=Precio_de_Menor_a_Mayor&#038;pag=1' target='_blank' rel='noopener'> <img style='width: 100%; max-width: 600px; height: auto; border: 1px solid rgba(150&comma;150&comma;150&comma;0.3); border-radius: 8px;' src='https:\/\/ftp3.syscom.mx\/usuarios\/jsosa\/HIKVISION\/alarmas\/AXPPRO\/Serie%20AXPRO.png' alt='Serie AX PRO'> <\/a> <\/div>\n<div>\n<h2 style='margin-top: 0; font-size: 18px; color: inherit;'>Serie AX PRO<\/h2>\n<p style='font-size: 14px; color: inherit;'>\u00bfNecesita proteger su hogar&comma; oficina o tienda?<\/p>\n<p style='font-size: 14px; color: inherit;'>\u00bfCansado de tantos cables y mucho tiempo de instalaci\u00f3n?<\/p>\n<p style='font-size: 14px; color: inherit;'>\u00a1Utilice una soluci\u00f3n de alarma inal\u00e1mbrica profesional!<\/p>\n<p style='font-size: 14px; color: inherit;'>Conozca todos los dispositivos que pueden integrar en la Serie AX PRO dando clic <a href='https:\/\/www.syscom.mx\/principal\/listadoproductosazul\/intrusion-hikvision-paneles-de-alarma-y-accesorios-ax-pro-series-66286.html?ordenar=Precio_de_Menor_a_Mayor&#038;pag=1' target='_blank' rel='noopener' style='color: inherit; text-decoration: underline;'><strong>aqu\u00ed<\/strong><\/a>.<\/p>\n<\/p><\/div>\n<\/p><\/div>\n<p> <!-- Videos de Configuraci\u00f3n --> <\/p>\n<div style='display: grid; grid-template-columns: repeat(auto-fill&comma; minmax(280px&comma; 1fr)); gap: 30px; margin: 30px 0;'>\n<div style='border: 1px solid rgba(150&comma;150&comma;150&comma;0.3); border-radius: 8px; overflow: hidden;'>\n<div style='position: relative; padding-bottom: 56.25%; height: 0; overflow: hidden;'>   <\/div>\n<div style='padding: 15px;'>\n<h3 style='margin: 0 0 10px 0; font-size: 16px; text-align: center; color: inherit;'>Configuraci\u00f3n de la alarma AX PRO en Hik-Connect<\/h3>\n<\/p><\/div>\n<\/p><\/div>\n<div style='border: 1px solid rgba(150&comma;150&comma;150&comma;0.3); border-radius: 8px; overflow: hidden;'>\n<div style='position: relative; padding-bottom: 56.25%; height: 0; overflow: hidden;'>   <\/div>\n<div style='padding: 15px;'>\n<h3 style='margin: 0 0 10px 0; font-size: 16px; text-align: center; color: inherit;'>Reset del panel AX PRO por medio de bot\u00f3n<\/h3>\n<\/p><\/div>\n<\/p><\/div>\n<\/p><\/div>\n<p> <!-- Videos de Aplicaciones --> <\/p>\n<div style='display: grid; grid-template-columns: repeat(auto-fill&comma; minmax(280px&comma; 1fr)); gap: 30px; margin: 30px 0;'>\n<div style='border: 1px solid rgba(150&comma;150&comma;150&comma;0.3); border-radius: 8px; overflow: hidden;'>\n<div style='position: relative; padding-bottom: 56.25%; height: 0; overflow: hidden;'>   <\/div>\n<div style='padding: 15px;'>\n<h3 style='margin: 0 0 10px 0; font-size: 16px; text-align: center; color: inherit;'>Video Verificaci\u00f3n con PIR con C\u00e1mara<\/h3>\n<\/p><\/div>\n<\/p><\/div>\n<div style='border: 1px solid rgba(150&comma;150&comma;150&comma;0.3); border-radius: 8px; overflow: hidden;'>\n<div style='position: relative; padding-bottom: 56.25%; height: 0; overflow: hidden;'>   <\/div>\n<div style='padding: 15px;'>\n<h3 style='margin: 0 0 10px 0; font-size: 16px; text-align: center; color: inherit;'>Vinculo de Sensor Magn\u00e9tico con C\u00e1mara IP<\/h3>\n<\/p><\/div>\n<\/p><\/div>\n<\/p><\/div>\n<p> <!-- Diagrama de Aplicaci\u00f3n --> <\/p>\n<div style='text-align: center; margin: 40px 0 20px 0;'>\n<h2 style='margin: 0 0 20px 0; font-size: 20px; color: inherit;'><strong>DIAGRAMA DE APLICACI\u00d3N<\/strong><\/h2>\n<p> <img style='width: 100%; max-width: 1200px; height: auto; border: 1px solid rgba(150&comma;150&comma;150&comma;0.3); border-radius: 8px;' src='https:\/\/ftp3.syscom.mx\/usuarios\/jsosa\/HIKVISION\/alarmas\/AXPPRO\/banner\/diagrama%20AX%20Pro.png' alt='Diagrama de Aplicaci\u00f3n AX PRO'> <\/div>\n<p> <!-- Novedades --> <\/p>\n<div style='text-align: center; margin: 40px 0 20px 0;'>\n<h2 style='margin: 0 0 20px 0; font-size: 20px; color: inherit;'><strong>NOVEDADES DE LA SERIE AX-PRO<\/strong><\/h2>\n<\/p><\/div>\n<p> <!-- Repetidor --> <\/p>\n<div style='display: grid; grid-template-columns: 1fr 1fr; gap: 30px; margin: 30px 0;'>\n<div>\n<div style='text-align: center; margin-bottom: 15px;'> <a href='https:\/\/www.syscom.mx\/producto\/DS-PR1-WB-HIKVISION-191817.html' target='_blank' rel='noopener'> <img style='width: 100%; max-width: 400px; height: auto; border: 1px solid rgba(150&comma;150&comma;150&comma;0.3); border-radius: 8px;' src='https:\/\/ftp3.syscom.mx\/usuarios\/fotos\/BancoFotografiasSyscom\/HIKVISION\/DSPR1WB\/DSPR1WB-p.PNG' alt='Repetidor DS-PR1-WB'> <\/a> <\/div>\n<\/p><\/div>\n<div>\n<h2 style='margin: 0 0 10px 0; font-size: 18px; color: inherit;'><a href='https:\/\/www.syscom.mx\/producto\/DS-PR1-WB-HIKVISION-191817.html' target='_blank' rel='noopener' style='color: inherit; text-decoration: underline;'>DS-PR1-WB &#8211; REPETIDOR DE SE\u00d1AL<\/a><\/h2>\n<p style='font-size: 14px; color: inherit;'><strong>Aumenta la cobertura de tus dispositivos<\/strong><\/p>\n<p style='font-size: 14px; color: inherit;'>Extiende la se\u00f1al de los dispositivos de la serie AXPRO&comma; recibe mensajes de alarma&comma; estado y control de los dispositivos y repite estos mensajes al panel de control.<\/p>\n<ul style='padding-left: 20px; font-size: 14px; color: inherit;'>\n<li style='margin-bottom: 5px;'>Comunicaci\u00f3n inal\u00e1mbrica bidireccional de 433 MHz estable y segura.<\/li>\n<li style='margin-bottom: 5px;'>Indicador LED&comma; muestra los diferentes estatus del dispositivo con f\u00e1cil comprensi\u00f3n.<\/li>\n<li style='margin-bottom: 5px;'>Hasta 12 horas de respaldo de bater\u00eda despu\u00e9s de la p\u00e9rdida energ\u00eda principal.<\/li>\n<li style='margin-bottom: 5px;'>Encuentra y conecta detectores autom\u00e1ticamente&comma; emparejamiento autom\u00e1tico inteligente.<\/li>\n<li style='margin-bottom: 5px;'>F\u00e1cil instalaci\u00f3n debido nuevo dise\u00f1ado.<\/li>\n<\/ul><\/div>\n<\/p><\/div>\n<p> <!-- PIR con C\u00e1mara --> <\/p>\n<div style='display: grid; grid-template-columns: 1fr 1fr; gap: 30px; margin: 30px 0;'>\n<div>\n<h2 style='margin: 0 0 10px 0; font-size: 18px; color: inherit;'><a href='https:\/\/www.syscom.mx\/producto\/DS-PDPC12P-EG2-WB-HIKVISION-189862.html' target='_blank' rel='noopener' style='color: inherit; text-decoration: underline;'>DS-PDPC12P-EG2-WB &#8211; DETECTOR PIR CON CAMARA INALAMBRICO<\/a><\/h2>\n<p style='font-size: 14px; color: inherit;'>Detector inal\u00e1mbrico bidireccional totalmente supervisado con c\u00e1mara incorporada de alta calidad que puede proporcionar una soluci\u00f3n ideal para la verificaci\u00f3n de video.<\/p>\n<ul style='padding-left: 20px; font-size: 14px; color: inherit;'>\n<li style='margin-bottom: 5px;'>Rango de detecci\u00f3n: 12 m.<\/li>\n<li style='margin-bottom: 5px;'>Angulo de detecci\u00f3n: 85.9\u00b0.<\/li>\n<li style='margin-bottom: 5px;'>Inmunidad contra mascotas: 30Kg.<\/li>\n<li style='margin-bottom: 5px;'>Resoluci\u00f3n m\u00e1xima de la c\u00e1mara: 640 x 480.<\/li>\n<li style='margin-bottom: 5px;'>Voltaje de Operaci\u00f3n: 3 x CR123A (Incluida).<\/li>\n<li style='margin-bottom: 5px;'>Tiempo util de la bater\u00eda: 6 a\u00f1os<\/li>\n<li style='margin-bottom: 5px;'>Tamper antisabotaje.<\/li>\n<\/ul><\/div>\n<div style='text-align: center;'> <a href='https:\/\/www.syscom.mx\/producto\/DS-PDPC12P-EG2-WB-HIKVISION-189862.html' target='_blank' rel='noopener'> <img style='width: 100%; max-width: 400px; height: auto; border: 1px solid rgba(150&comma;150&comma;150&comma;0.3); border-radius: 8px;' src='https:\/\/ftp3.syscom.mx\/usuarios\/fotos\/BancoFotografiasSyscom\/HIKVISION\/DSPDPC12PEG2WB\/DSPDPC12PEG2WB-p.PNG' alt='Detector PIR con C\u00e1mara DS-PDPC12P-EG2-WB'> <\/a> <\/div>\n<\/p><\/div>\n<p> <!-- Accesorios de Automatizaci\u00f3n --> <\/p>\n<div style='text-align: center; margin: 40px 0 20px 0;'>\n<h2 style='margin: 0 0 20px 0; font-size: 20px; color: inherit;'><strong>ACCESORIOS PARA AUTOMATIZAR:<\/strong><\/h2>\n<\/p><\/div>\n<p> <!-- Accesorios --> <\/p>\n<div style='display: grid; grid-template-columns: repeat(auto-fill&comma; minmax(280px&comma; 1fr)); gap: 30px; margin: 30px 0;'> <!-- Accesorio 1 --> <\/p>\n<div style='border: 1px solid rgba(150&comma;150&comma;150&comma;0.3); border-radius: 8px; overflow: hidden;'>\n<div style='text-align: center; padding: 15px; background-color: rgba(238&comma;238&comma;238&comma;0.5);'> <a href='https:\/\/www.syscom.mx\/producto\/DS-PM1-O1H-WB-HIKVISION-191822.html' target='_blank' rel='noopener'> <img style='width: 100%; max-width: 400px; height: auto; border-radius: 8px;' src='https:\/\/ftp3.syscom.mx\/usuarios\/fotos\/BancoFotografiasSyscom\/HIKVISION\/DSPM1O1HWB\/DSPM1O1HWB-p.PNG' alt='DS-PM1-O1H-WB'> <\/a> <\/div>\n<div style='padding: 15px;'>\n<h3 style='margin: 0 0 10px 0; font-size: 16px; color: inherit;'><a href='https:\/\/www.syscom.mx\/producto\/DS-PM1-O1H-WB-HIKVISION-191822.html' target='_blank' rel='noopener' style='color: inherit; text-decoration: underline;'>DS-PM1-O1H-WB<\/a><\/h3>\n<ul style='padding-left: 20px; font-size: 14px; color: inherit;'>\n<li style='margin-bottom: 5px;'>Comunicaci\u00f3n inal\u00e1mbrica bidireccional de 433 MHz \/ Cifrado AES-128.<\/li>\n<li style='margin-bottom: 5px;'>Pantalla LED&comma; muestra el estado del dispositivo: encendido \/ apagado.<\/li>\n<li style='margin-bottom: 5px;'>Dise\u00f1o de caja peque\u00f1a&comma; que se puede esconder f\u00e1cilmente.<\/li>\n<li style='margin-bottom: 5px;'>Operaci\u00f3n de automatizaci\u00f3n&comma; bot\u00f3n de encendido\/apagado desde: aplicaci\u00f3n \/ control \/ teclado<\/li>\n<li style='margin-bottom: 5px;'>Configuraci\u00f3n de escenarios por diferentes eventos.<\/li>\n<li style='margin-bottom: 5px;'>1 Salida de relevador: NO\/NC (100 a 240 VAC \/ Max. 13 A)<\/li>\n<li style='margin-bottom: 5px;'>Voltaje de Operaci\u00f3n: 100 VCA a 240 VCA.<\/li>\n<li style='margin-bottom: 5px;'>Temperatura de operaci\u00f3n: -10\u00b0 a 55\u00b0C.<\/li>\n<\/ul><\/div>\n<\/p><\/div>\n<p> <!-- Accesorio 2 --> <\/p>\n<div style='border: 1px solid rgba(150&comma;150&comma;150&comma;0.3); border-radius: 8px; overflow: hidden;'>\n<div style='text-align: center; padding: 15px; background-color: rgba(238&comma;238&comma;238&comma;0.5);'> <a href='https:\/\/www.syscom.mx\/producto\/DS-PM1-O1L-WB-HIKVISION-191819.html' target='_blank' rel='noopener'> <img style='width: 100%; max-width: 400px; height: auto; border-radius: 8px;' src='https:\/\/ftp3.syscom.mx\/usuarios\/fotos\/BancoFotografiasSyscom\/HIKVISION\/DSPM1O1LWB\/DSPM1O1LWB-p.PNG' alt='DS-PM1-O1L-WB'> <\/a> <\/div>\n<div style='padding: 15px;'>\n<h3 style='margin: 0 0 10px 0; font-size: 16px; color: inherit;'><a href='https:\/\/www.syscom.mx\/producto\/DS-PM1-O1L-WB-HIKVISION-191819.html' target='_blank' rel='noopener' style='color: inherit; text-decoration: underline;'>DS-PM1-O1L-WB<\/a><\/h3>\n<ul style='padding-left: 20px; font-size: 14px; color: inherit;'>\n<li style='margin-bottom: 5px;'>Comunicaci\u00f3n inal\u00e1mbrica bidireccional de 433 MHz \/ Cifrado AES-128.<\/li>\n<li style='margin-bottom: 5px;'>Pantalla LED&comma; muestra el estado del dispositivo: encendido \/ apagado.<\/li>\n<li style='margin-bottom: 5px;'>Dise\u00f1o de caja peque\u00f1a&comma; que se puede esconder f\u00e1cilmente.<\/li>\n<li style='margin-bottom: 5px;'>Operaci\u00f3n de automatizaci\u00f3n&comma; bot\u00f3n de encendido\/apagado desde: aplicaci\u00f3n \/ control \/ teclado<\/li>\n<li style='margin-bottom: 5px;'>Configuraci\u00f3n de escenarios por diferentes eventos<\/li>\n<li style='margin-bottom: 5px;'>Usando la entrada de alarma&comma; se puede utilizar como entrada de zona para el panel.<\/li>\n<li style='margin-bottom: 5px;'>1 Salida de relevador: NO\/NC (0 a 36Vcc \/ Max. 5 A).<\/li>\n<li style='margin-bottom: 5px;'>1 Entrada de alarma: NO\/NC.<\/li>\n<li style='margin-bottom: 5px;'>Voltaje de Operaci\u00f3n: 7Vcc a 24 Vcc.<\/li>\n<li style='margin-bottom: 5px;'>Temperatura de operaci\u00f3n: -10\u00b0 a 55\u00b0C.<\/li>\n<\/ul><\/div>\n<\/p><\/div>\n<\/p><\/div>\n<p> <!-- Recursos --> <\/p>\n<div style='text-align: center; margin: 40px 0 20px 0;'>\n<h2 style='margin: 0 0 20px 0; font-size: 20px; color: inherit;'><strong>Recursos<\/strong><\/h2>\n<\/p><\/div>\n<div style='display: grid; grid-template-columns: repeat(auto-fill&comma; minmax(280px&comma; 1fr)); gap: 20px; margin: 30px 0;'>\n<div style='text-align: center;'> <a href='https:\/\/www.hikvision.com\/es-la\/support\/download\/software\/ivms4200-series\/?q=serie%20ivms4200&#038;position=1' target='_blank' rel='noopener'> <img style='width: 100%; max-width: 400px; height: auto; border: 1px solid rgba(150&comma;150&comma;150&comma;0.3); border-radius: 8px;' src='https:\/\/ftp3.syscom.mx\/usuarios\/gmagos\/HIK\/IP\/IPC\/Imagenes%20pagina\/Descargas%20IVMS4200.jpg' alt='IVMS 4200'> <\/a> <\/div>\n<div style='text-align: center;'> <a href='https:\/\/appstore.hikvision.com\/' target='_blank' rel='noopener'> <img style='width: 100%; max-width: 400px; height: auto; border: 1px solid rgba(150&comma;150&comma;150&comma;0.3); border-radius: 8px;' src='https:\/\/ftp3.syscom.mx\/usuarios\/gmagos\/HIK\/IP\/IPC\/Imagenes%20pagina\/Descargas%20de%20app.jpg' alt='App Hikvision'> <\/a> <\/div>\n<div style='text-align: center;'> <a href='https:\/\/ftp3.syscom.mx\/usuarios\/jsosa\/HIKVISION\/alarmas\/AXPPRO\/DSPWA48MWB\/DS-PWA48-M-WB.pdf' target='_blank' rel='noopener'> <img style='width: 100%; max-width: 400px; height: auto; border: 1px solid rgba(150&comma;150&comma;150&comma;0.3); border-radius: 8px;' src='https:\/\/ftp3.syscom.mx\/usuarios\/gmagos\/HIK\/IP\/IPC\/Imagenes%20pagina\/Descarga%20de%20PDF.jpg' alt='Manual DS-PWA48-M-WB'> <\/a> <\/div>\n<\/p><\/div>\n<p> <!-- Banner Final --> <\/p>\n<div style='margin: 40px 0;'> <a href='https:\/\/www.syscom.mx\/principal\/promociones\/serie_ax_pro_alarmas_hikvision-5416.html?ordenar=Relevancia&#038;pag=1' target='_blank' rel='noopener'> <img style='width: 100%; max-width: 1200px; height: auto; border: 1px solid rgba(150&comma;150&comma;150&comma;0.3); border-radius: 8px;' src='https:\/\/ftp3.syscom.mx\/usuarios\/jsosa\/HIKVISION\/alarmas\/AXPPRO\/banner\/HIKVISION-AXPRO-SERIES.jpg' alt='Serie AX PRO'> <\/a> <\/div>\n<\/p><\/div>\n","protected":false},"excerpt":{"rendered":"<p>(AX PRO) KIT de Alarma AX PRO con GSM (3G\/4G) \/ Incluye: 1 Hub con bateria de respaldo \/ 1 Sensor PIR \/ 1 Contacto Magn\u00e9tico Slim \/ 1 Control Remoto \/ Wi-Fi \/ Compatible con Hik-Connect P2P<\/p>\n","protected":false},"featured_media":1661,"comment_status":"open","ping_status":"closed","template":"","meta":[],"product_brand":[],"product_cat":[60],"product_tag":[54,61,62],"class_list":{"0":"post-1662","1":"product","2":"type-product","3":"status-publish","4":"has-post-thumbnail","6":"product_cat-todos","7":"product_tag-hikvision","8":"product_tag-paneles-de-alarma","9":"product_tag-todos","11":"first","12":"outofstock","13":"sale","14":"shipping-taxable","15":"purchasable","16":"product-type-simple"},"_links":{"self":[{"href":"https:\/\/soydeaqui.ddns.net\/pachuca\/index.php\/wp-json\/wp\/v2\/product\/1662","targetHints":{"allow":["GET"]}}],"collection":[{"href":"https:\/\/soydeaqui.ddns.net\/pachuca\/index.php\/wp-json\/wp\/v2\/product"}],"about":[{"href":"https:\/\/soydeaqui.ddns.net\/pachuca\/index.php\/wp-json\/wp\/v2\/types\/product"}],"replies":[{"embeddable":true,"href":"https:\/\/soydeaqui.ddns.net\/pachuca\/index.php\/wp-json\/wp\/v2\/comments?post=1662"}],"wp:featuredmedia":[{"embeddable":true,"href":"https:\/\/soydeaqui.ddns.net\/pachuca\/index.php\/wp-json\/wp\/v2\/media\/1661"}],"wp:attachment":[{"href":"https:\/\/soydeaqui.ddns.net\/pachuca\/index.php\/wp-json\/wp\/v2\/media?parent=1662"}],"wp:term":[{"taxonomy":"product_brand","embeddable":true,"href":"https:\/\/soydeaqui.ddns.net\/pachuca\/index.php\/wp-json\/wp\/v2\/product_brand?post=1662"},{"taxonomy":"product_cat","embeddable":true,"href":"https:\/\/soydeaqui.ddns.net\/pachuca\/index.php\/wp-json\/wp\/v2\/product_cat?post=1662"},{"taxonomy":"product_tag","embeddable":true,"href":"https:\/\/soydeaqui.ddns.net\/pachuca\/index.php\/wp-json\/wp\/v2\/product_tag?post=1662"}],"curies":[{"name":"wp","href":"https:\/\/api.w.org\/{rel}","templated":true}]}}