{"id":1656,"date":"2026-03-18T05:48:31","date_gmt":"2026-03-18T05:48:31","guid":{"rendered":"https:\/\/soydeaqui.ddns.net\/pachuca\/index.php\/producto\/inteo-hub-controlador-se-senal-inalambrica-rts-de-somfy-control-de-sus-persianas-por-medio-de-su-celular-o-control-de-voz-alexa-y-google-home\/"},"modified":"2026-03-18T05:48:34","modified_gmt":"2026-03-18T05:48:34","slug":"inteo-hub-controlador-se-senal-inalambrica-rts-de-somfy-control-de-sus-persianas-por-medio-de-su-celular-o-control-de-voz-alexa-y-google-home","status":"publish","type":"product","link":"https:\/\/soydeaqui.ddns.net\/pachuca\/index.php\/producto\/inteo-hub-controlador-se-senal-inalambrica-rts-de-somfy-control-de-sus-persianas-por-medio-de-su-celular-o-control-de-voz-alexa-y-google-home\/","title":{"rendered":"INTEO HUB controlador se se\u00f1al inalambrica RTS de Somfy. Control de sus persianas por medio de su celular o control de voz Alexa y Google Home"},"content":{"rendered":"<div style='width: 100%; max-width: 1200px; margin: 0 auto; font-family: sans-serif; line-height: 1.6; color: inherit; background-color: transparent;'>\n<div style='display: flex; flex-wrap: wrap; gap: 30px; margin-bottom: 30px;'>\n<div style='flex: 1 1 300px; min-width: 280px;'>\n<h3 style='font-size: 22px; border-bottom: 2px solid currentColor; padding-bottom: 5px; margin-top: 0; color: inherit; opacity: 0.8;'>Descripci\u00f3n<\/h3>\n<p style='margin-top: 0; text-align: justify; color: inherit;'>Con este nuevo y novedoso sistema podr\u00e1s programar de forma din\u00e1mica todos tus productos motorizados y automatizados con Somfy; es tan f\u00e1cil de programar que hasta t\u00fa mismo podr\u00e1s crear escenarios que se activen con un simple clic.<\/p>\n<ul style='padding-left: 20px; font-size: 15px; color: inherit;'>\n<li style='margin-bottom: 5px;'>La interfaz Inteo Station Wi-Fi a RTS\/RTN es un dispositivo que permite controlar hasta 32 productos motorizados con Somfy y hasta 64 dispositivos RTN (cubo&comma; sensores de apertura y microdimmers) a trav\u00e9s de la aplicaci\u00f3n Inteo en tu celular.<\/li>\n<li style='margin-bottom: 5px;'>App disponible para iOS y Android. Por medio de la aplicaci\u00f3n&comma; los usuarios pueden enviar comandos inmediatos RTS\/RTN&comma; crear escenarios (hacer que un grupo de productos funcionen al mismo tiempo) y eventos (temporizados).<\/li>\n<li style='margin-bottom: 5px;'>Los usuarios podr\u00e1n tener control desde cualquier lugar con acceso a Internet gracias a la funci\u00f3n remota.<\/li>\n<\/ul><\/div>\n<\/p><\/div>\n<div style='display: flex; flex-wrap: wrap; gap: 30px; margin-bottom: 30px;'>\n<div style='flex: 1 1 300px; min-width: 280px;'>\n<h3 style='font-size: 22px; border-bottom: 2px solid currentColor; padding-bottom: 5px; margin-top: 0; color: inherit; opacity: 0.8;'>Crea escenarios<\/h3>\n<ul style='padding-left: 20px; font-size: 15px; color: inherit;'>\n<li style='margin-bottom: 5px;'>Abre y cierra tus dispositivos motorizados.<\/li>\n<li style='margin-bottom: 5px;'>Monitoreo el estatus de los sensores de apertura.<\/li>\n<li style='margin-bottom: 5px;'>Combina el control de tu hogar.<\/li>\n<li style='margin-bottom: 5px;'>Simulacion de presencia.<\/li>\n<\/ul><\/div>\n<div style='flex: 1 1 300px; min-width: 280px;'>\n<h3 style='font-size: 22px; border-bottom: 2px solid currentColor; padding-bottom: 5px; margin-top: 0; color: inherit; opacity: 0.8;'>Interiores<\/h3>\n<p style='margin-top: 0; margin-bottom: 15px; color: inherit;'>Conecta tus cortinas y persianas. sincroniza la apertura y cierre de persianas y cortinas al ritmo de tu rutina diaria.<\/p>\n<ul style='padding-left: 20px; font-size: 15px; color: inherit;'>\n<li style='margin-bottom: 5px;'>Facil instalaci\u00f3n y programaci\u00f3n<\/li>\n<li style='margin-bottom: 5px;'>Maximiza el confort al controlar desde cualquier Smartphone o tabler.<\/li>\n<\/ul><\/div>\n<\/p><\/div>\n<div style='display: flex; flex-wrap: wrap; gap: 20px; margin-bottom: 30px;'>\n<div style='flex: 1 1 250px; border: 1px solid rgba(150&comma; 150&comma; 150&comma; 0.4); border-radius: 8px; overflow: hidden; display: flex; flex-direction: column;'>\n<div style='padding: 15px; border-bottom: 1px solid rgba(150&comma; 150&comma; 150&comma; 0.2); font-weight: bold; font-size: 18px; color: inherit;'>Especificaciones El\u00e9ctricas<\/div>\n<div style='padding: 15px; color: inherit;'>\n<ul style='padding-left: 20px; margin: 0; font-size: 14px; list-style-type: disc;'>\n<li style='margin-bottom: 5px;'><strong>Voltaje nominal:<\/strong> 5Vcc \/ 1A<\/li>\n<li style='margin-bottom: 5px;'><strong>Versi\u00f3n iOS m\u00ednima:<\/strong> 9 o superior<\/li>\n<li style='margin-bottom: 5px;'><strong>Versi\u00f3n Android m\u00ednima:<\/strong> 7 o superior<\/li>\n<li style='margin-bottom: 5px;'><strong>Radiofrecuencia:<\/strong> RTS &#8211; 433.42 MHz; Hasta 20 m atravesando dos muros de concreto. RTN &#8211; 434 MHz; Hasta 20 m atravesando dos muros de concreto. Wi-Fi \u2013 2.4 GHz<\/li>\n<\/ul><\/div>\n<\/p><\/div>\n<div style='flex: 1 1 250px; border: 1px solid rgba(150&comma; 150&comma; 150&comma; 0.4); border-radius: 8px; overflow: hidden; display: flex; flex-direction: column;'>\n<div style='padding: 15px; border-bottom: 1px solid rgba(150&comma; 150&comma; 150&comma; 0.2); font-weight: bold; font-size: 18px; color: inherit;'>Dispositivos Conectados<\/div>\n<div style='padding: 15px; color: inherit;'>\n<ul style='padding-left: 20px; margin: 0; font-size: 14px; list-style-type: disc;'>\n<li style='margin-bottom: 5px;'><strong>M\u00e1ximo de escenarios:<\/strong> 160<\/li>\n<li style='margin-bottom: 5px;'><strong>M\u00e1ximo de eventos:<\/strong> 256<\/li>\n<li style='margin-bottom: 5px;'><strong>Comandos por escenario:<\/strong> 128<\/li>\n<li style='margin-bottom: 5px;'><strong>M\u00e1ximo de dispositivos RTS:<\/strong> 32<\/li>\n<li style='margin-bottom: 5px;'><strong>M\u00e1ximo de dispositivos RTN:<\/strong> 64<\/li>\n<li style='margin-bottom: 5px;'><strong>Modalidad Multicasa:<\/strong> ilimitado<\/li>\n<li style='margin-bottom: 5px;'><strong>Modalidad Multibox:<\/strong> 4<\/li>\n<\/ul><\/div>\n<\/p><\/div>\n<\/p><\/div>\n<div style='display: flex; flex-wrap: wrap; gap: 30px; margin-bottom: 30px;'>\n<div style='flex: 1 1 300px; min-width: 280px;'>\n<h3 style='font-size: 22px; border-bottom: 2px solid currentColor; padding-bottom: 5px; margin-top: 0; color: inherit; opacity: 0.8;'>Tecnolog\u00eda<\/h3>\n<p style='margin-top: 0; color: inherit;'>La tecnolog\u00eda RTS (Radio Technology Somfy) permite el control individual o en grupo de motores de automatizaci\u00f3n&comma; con la posibilidad de programar escenarios y temporizaciones. La tecnolog\u00eda RTN (Radio Technology Network) permite la creaci\u00f3n de una red de dispositivos inteligentes que pueden comunicarse entre s\u00ed y con el controlador&comma; permitiendo un control m\u00e1s avanzado y personalizado.<\/p>\n<\/p><\/div>\n<\/p><\/div>\n<div style='display: flex; flex-wrap: wrap; gap: 30px; margin-bottom: 30px;'>\n<div style='flex: 1 1 300px; min-width: 280px;'>\n<h3 style='font-size: 22px; border-bottom: 2px solid currentColor; padding-bottom: 5px; margin-top: 0; color: inherit; opacity: 0.8;'>Control por voz<\/h3>\n<p style='margin-top: 0; color: inherit;'>El controlador es compatible con asistentes de voz como Amazon Alexa y Google Home&comma; permitiendo el control de los dispositivos mediante comandos de voz&comma; lo que ofrece una experiencia m\u00e1s c\u00f3moda e intuitiva para el usuario.<\/p>\n<\/p><\/div>\n<\/p><\/div>\n<div style='display: flex; flex-wrap: wrap; gap: 30px; margin-bottom: 30px;'>\n<div style='flex: 1 1 300px; min-width: 280px;'>\n<h3 style='font-size: 22px; border-bottom: 2px solid currentColor; padding-bottom: 5px; margin-top: 0; color: inherit; opacity: 0.8;'>Video<\/h3>\n<div style='position: relative; padding-bottom: 56.25%; height: 0; overflow: hidden; margin-bottom: 30px;'>   <\/div>\n<\/p><\/div>\n<\/p><\/div>\n<hr style='border: 0; border-top: 1px solid rgba(150&comma; 150&comma; 150&comma; 0.3); margin: 30px 0;'> <\/div>\n","protected":false},"excerpt":{"rendered":"<p>INTEO HUB controlador se se\u00f1al inalambrica RTS de Somfy. Control de sus persianas por medio de su celular o control de voz Alexa y Google Home<\/p>\n","protected":false},"featured_media":1655,"comment_status":"open","ping_status":"closed","template":"","meta":[],"product_brand":[],"product_cat":[29],"product_tag":[30,31,46],"class_list":{"0":"post-1656","1":"product","2":"type-product","3":"status-publish","4":"has-post-thumbnail","6":"product_cat-persianas-y-cortineros","7":"product_tag-automatizacion-casa-inteligente","8":"product_tag-persianas-y-cortineros","9":"product_tag-somfy","11":"first","12":"instock","13":"sale","14":"shipping-taxable","15":"purchasable","16":"product-type-simple"},"_links":{"self":[{"href":"https:\/\/soydeaqui.ddns.net\/pachuca\/index.php\/wp-json\/wp\/v2\/product\/1656","targetHints":{"allow":["GET"]}}],"collection":[{"href":"https:\/\/soydeaqui.ddns.net\/pachuca\/index.php\/wp-json\/wp\/v2\/product"}],"about":[{"href":"https:\/\/soydeaqui.ddns.net\/pachuca\/index.php\/wp-json\/wp\/v2\/types\/product"}],"replies":[{"embeddable":true,"href":"https:\/\/soydeaqui.ddns.net\/pachuca\/index.php\/wp-json\/wp\/v2\/comments?post=1656"}],"wp:featuredmedia":[{"embeddable":true,"href":"https:\/\/soydeaqui.ddns.net\/pachuca\/index.php\/wp-json\/wp\/v2\/media\/1655"}],"wp:attachment":[{"href":"https:\/\/soydeaqui.ddns.net\/pachuca\/index.php\/wp-json\/wp\/v2\/media?parent=1656"}],"wp:term":[{"taxonomy":"product_brand","embeddable":true,"href":"https:\/\/soydeaqui.ddns.net\/pachuca\/index.php\/wp-json\/wp\/v2\/product_brand?post=1656"},{"taxonomy":"product_cat","embeddable":true,"href":"https:\/\/soydeaqui.ddns.net\/pachuca\/index.php\/wp-json\/wp\/v2\/product_cat?post=1656"},{"taxonomy":"product_tag","embeddable":true,"href":"https:\/\/soydeaqui.ddns.net\/pachuca\/index.php\/wp-json\/wp\/v2\/product_tag?post=1656"}],"curies":[{"name":"wp","href":"https:\/\/api.w.org\/{rel}","templated":true}]}}