{"id":16546,"date":"2026-03-18T09:10:09","date_gmt":"2026-03-18T09:10:09","guid":{"rendered":"https:\/\/soydeaqui.ddns.net\/pachuca\/index.php\/producto\/conector-de-fibra-ptica-pre-pulido-re-terminable-monomodo-sc-upc-900um-2-0-mm-3-0-mm-paquete-10-piezas\/"},"modified":"2026-03-18T09:10:15","modified_gmt":"2026-03-18T09:10:15","slug":"conector-de-fibra-ptica-pre-pulido-re-terminable-monomodo-sc-upc-900um-2-0-mm-3-0-mm-paquete-10-piezas","status":"publish","type":"product","link":"https:\/\/soydeaqui.ddns.net\/pachuca\/index.php\/producto\/conector-de-fibra-ptica-pre-pulido-re-terminable-monomodo-sc-upc-900um-2-0-mm-3-0-mm-paquete-10-piezas\/","title":{"rendered":"Conector de Fibra ?ptica Pre-pulido Re-terminable Monomodo SC\/UPC 900um, 2.0 mm, 3.0 mm (Paquete 10 Piezas)"},"content":{"rendered":"<div style='width: 100%; max-width: 1200px; margin: 0 auto; font-family: sans-serif; line-height: 1.6; color: inherit; background-color: transparent;'> <!-- Logo --> <\/p>\n<div style='text-align: center; margin-bottom: 30px;'> <img style='width: 100%; max-width: 432px; height: auto; border: 1px solid rgba(150&comma;150&comma;150&comma;0.3); border-radius: 8px;' src='https:\/\/ftp3.syscom.mx\/usuarios\/orobles\/LinkedPro\/linkedpro_logo.png' alt=''> <\/div>\n<p> <!-- Descripci\u00f3n principal --> <\/p>\n<div style='margin-bottom: 30px;'>\n<p style='font-size: 15px; margin: 0 0 15px; color: inherit; text-align: justify;'> El conector mec\u00e1nico <strong>LP-SM-SCUPC10<\/strong> est\u00e1 dise\u00f1ado para una terminaci\u00f3n de campo&comma; especial para redes FTTx y enlaces P2P&comma; instalaci\u00f3n r\u00e1pida y sencilla de cables de fibra \u00f3ptica <strong style='text-decoration: underline;'>monomodo<\/strong> sin necesidad de usar herramientas especiales para abrir o cerrar el conector. <\/p>\n<\/p><\/div>\n<p> <!-- Especificaciones --> <\/p>\n<div style='display: flex; flex-wrap: wrap; gap: 30px; margin-bottom: 30px;'>\n<div style='flex: 1 1 300px; min-width: 280px;'>\n<h3 style='font-size: 22px; border-bottom: 2px solid currentColor; padding-bottom: 5px; margin-top: 0; color: inherit; opacity: 0.8;'>Especificaciones<\/h3>\n<ul style='padding-left: 20px; font-size: 15px; color: inherit;'>\n<li style='margin-bottom: 5px;'><strong>Paquete:<\/strong> 10 piezas<\/li>\n<li style='margin-bottom: 5px;'><strong>Tipo de conector:<\/strong> SC\/UPC<\/li>\n<li style='margin-bottom: 5px;'><strong>Compatibilidad:<\/strong> Fibra Tight Buffer (900\u00b5m) o fibra Drop Plana y Redonda<\/li>\n<li style='margin-bottom: 5px;'><strong>Reusabilidad:<\/strong> Reteterminable (hasta 3 veces)<\/li>\n<li style='margin-bottom: 5px;'><strong>P\u00e9rdida de inserci\u00f3n:<\/strong><\/li>\n<ul style='padding-left: 30px; margin-top: 5px; margin-bottom: 5px; font-size: 14px;'>\n<li style='margin-bottom: 3px;'>M\u00e1ximo \u2264 0.50 dB<\/li>\n<li style='margin-bottom: 3px;'>T\u00edpico \u2264 0.30 dB<\/li>\n<\/ul>\n<li style='margin-bottom: 5px;'><strong>P\u00e9rdida de retorno:<\/strong><\/li>\n<ul style='padding-left: 30px; margin-top: 5px; margin-bottom: 5px; font-size: 14px;'>\n<li style='margin-bottom: 3px;'>UPC \u2264 50 dB<\/li>\n<li style='margin-bottom: 3px;'>APC \u2264 55 dB<\/li>\n<\/ul>\n<li style='margin-bottom: 5px;'><strong>Temperatura de operaci\u00f3n:<\/strong> -40 a 70\u00baC<\/li>\n<\/ul><\/div>\n<\/p><\/div>\n<p> <!-- Im\u00e1genes de terminaci\u00f3n --> <\/p>\n<div style='display: flex; flex-wrap: wrap; gap: 30px; margin-bottom: 30px;'>\n<div style='flex: 1 1 300px; min-width: 280px;'>\n<h3 style='font-size: 22px; border-bottom: 2px solid currentColor; padding-bottom: 5px; margin-top: 0; color: inherit; opacity: 0.8;'>Terminaci\u00f3n del conector<\/h3>\n<div style='text-align: center; margin: 15px 0;'> <img style='width: 100%; max-width: 350px; height: auto; border: 1px solid rgba(150&comma;150&comma;150&comma;0.3); border-radius: 8px;' src='https:\/\/ftp3.syscom.mx\/usuarios\/fotos\/LPSMSCUPC\/209734-lp-sm-scupc.png' alt='LP-SM-SCUPC'> <\/div>\n<\/p><\/div>\n<div style='flex: 1 1 300px; min-width: 280px;'>\n<h3 style='font-size: 22px; border-bottom: 2px solid currentColor; padding-bottom: 5px; margin-top: 0; color: inherit; opacity: 0.8;'>Fibra Drop con buffer de 250 um<\/h3>\n<p style='margin: 15px 0; font-weight: bold; color: inherit;'> NOTA: Al usar fibra drop&comma; realizar la conectorizaci\u00f3n usando el buffer de 250 um: <\/p>\n<div style='text-align: center; margin: 15px 0;'> <img style='width: 100%; max-width: 500px; height: auto; border: 1px solid rgba(150&comma;150&comma;150&comma;0.3); border-radius: 8px;' src='https:\/\/ftp3.syscom.mx\/usuarios\/fotos\/LPSMSCAPC\/224476-captura_de_pantalla_2024-08-28_a_la(s)_12.07.01 p.m..png' alt='LP-SMSCAPC'> <\/div>\n<div style='text-align: center; margin-top: 15px;'> <img style='width: 100%; max-width: 300px; height: auto; border: 1px solid rgba(150&comma;150&comma;150&comma;0.3); border-radius: 8px;' src='https:\/\/ftp3.syscom.mx\/usuarios\/fotos\/LPSMSCAPC\/224476-224476-image_20240828_114308_796.jpeg' alt='Fibra drop 250 um'> <\/div>\n<\/p><\/div>\n<\/p><\/div>\n<p> <!-- Separador --> <\/p>\n<hr style='border: 0; border-top: 1px solid rgba(150&comma; 150&comma; 150&comma; 0.3); margin: 30px 0;'> <\/div>\n","protected":false},"excerpt":{"rendered":"<p>Conector de Fibra ?ptica Pre-pulido Re-terminable Monomodo SC\/UPC 900um, 2.0 mm, 3.0 mm (Paquete 10 Piezas)<\/p>\n","protected":false},"featured_media":16545,"comment_status":"open","ping_status":"closed","template":"","meta":[],"product_brand":[],"product_cat":[615],"product_tag":[616,611,435],"class_list":{"0":"post-16546","1":"product","2":"type-product","3":"status-publish","4":"has-post-thumbnail","6":"product_cat-conectores","7":"product_tag-conectores","8":"product_tag-fibra-optica","9":"product_tag-linkedpro-by-epcom","11":"first","12":"instock","13":"sale","14":"shipping-taxable","15":"purchasable","16":"product-type-simple"},"_links":{"self":[{"href":"https:\/\/soydeaqui.ddns.net\/pachuca\/index.php\/wp-json\/wp\/v2\/product\/16546","targetHints":{"allow":["GET"]}}],"collection":[{"href":"https:\/\/soydeaqui.ddns.net\/pachuca\/index.php\/wp-json\/wp\/v2\/product"}],"about":[{"href":"https:\/\/soydeaqui.ddns.net\/pachuca\/index.php\/wp-json\/wp\/v2\/types\/product"}],"replies":[{"embeddable":true,"href":"https:\/\/soydeaqui.ddns.net\/pachuca\/index.php\/wp-json\/wp\/v2\/comments?post=16546"}],"wp:featuredmedia":[{"embeddable":true,"href":"https:\/\/soydeaqui.ddns.net\/pachuca\/index.php\/wp-json\/wp\/v2\/media\/16545"}],"wp:attachment":[{"href":"https:\/\/soydeaqui.ddns.net\/pachuca\/index.php\/wp-json\/wp\/v2\/media?parent=16546"}],"wp:term":[{"taxonomy":"product_brand","embeddable":true,"href":"https:\/\/soydeaqui.ddns.net\/pachuca\/index.php\/wp-json\/wp\/v2\/product_brand?post=16546"},{"taxonomy":"product_cat","embeddable":true,"href":"https:\/\/soydeaqui.ddns.net\/pachuca\/index.php\/wp-json\/wp\/v2\/product_cat?post=16546"},{"taxonomy":"product_tag","embeddable":true,"href":"https:\/\/soydeaqui.ddns.net\/pachuca\/index.php\/wp-json\/wp\/v2\/product_tag?post=16546"}],"curies":[{"name":"wp","href":"https:\/\/api.w.org\/{rel}","templated":true}]}}